{"id":10457,"date":"2025-01-30T22:27:16","date_gmt":"2025-01-30T20:27:16","guid":{"rendered":"https:\/\/www.innovation-academy.de\/fachbesuche-zu-nachhaltigkeit\/"},"modified":"2025-03-11T16:01:04","modified_gmt":"2025-03-11T14:01:04","slug":"fachbesuche-zu-nachhaltigkeit","status":"publish","type":"page","link":"https:\/\/www.innovation-academy.de\/pl\/","title":{"rendered":"Home"},"content":{"rendered":"<div class=\"wpb-content-wrapper\"><p>[vc_row][vc_column][vc_row_inner][vc_column_inner width=&#8221;1\/12&#8243;][vc_single_image image=&#8221;10459&#8243; css=&#8221;&#8221;][\/vc_column_inner][vc_column_inner width=&#8221;11\/12&#8243;][vc_column_text css=&#8221;&#8221;]<\/p>\n<h1 style=\"text-align: center;\">Innovation Academy &#8211; Dzi\u015b w przysz\u0142o\u015b\u0107<\/h1>\n<p>[\/vc_column_text][\/vc_column_inner][\/vc_row_inner][vc_row_inner][vc_column_inner]<div class=\"ult-spacer spacer-69ec94ed3c005\" data-id=\"69ec94ed3c005\" data-height=\"15\" data-height-mobile=\"15\" data-height-tab=\"15\" data-height-tab-portrait=\"\" data-height-mobile-landscape=\"\" style=\"clear:both;display:block;\"><\/div>[\/vc_column_inner][\/vc_row_inner][vc_row_inner][vc_column_inner width=&#8221;1\/3&#8243;][vc_column_text css=&#8221;.vc_custom_1741701159268{background-color: #eaeaea !important;}&#8221;]<\/p>\n<h2 style=\"text-align: center;\"><span style=\"color: #dd9933;\">Wycieczki<\/span><\/h2>\n<h4 style=\"text-align: center;\"><span style=\"color: #dd9933;\">Planowanie urbanistyczne &#8211; architektura<\/span><\/h4>\n<h3 style=\"text-align: center;\"><span style=\"color: #dd9933;\">Transformacja energetyczna <\/span><\/h3>\n<h4 style=\"text-align: center;\"><span style=\"color: #dd9933;\">Wirtualne wycieczki <\/span><\/h4>\n<h3 style=\"text-align: center;\"><span style=\"color: #dd9933;\">Zr\u00f3wnowa\u017cona mobilno\u015b\u0107 <\/span><\/h3>\n<h2 style=\"text-align: center;\"><span style=\"color: #dd9933;\">Seminaria <\/span><\/h2>\n<h4 style=\"text-align: center;\"><span style=\"color: #dd9933;\">Ochrona przyrody &#8211; rolnictwo <\/span><\/h4>\n<h2 style=\"text-align: center;\"><span style=\"color: #dd9933;\">Wyk\u0142ady <\/span><\/h2>\n<h3 style=\"text-align: center;\"><span style=\"color: #dd9933;\">Gospodarka odpadami i wod\u0105 <\/span><\/h3>\n<h4 style=\"text-align: center;\"><span style=\"color: #dd9933;\">Edukacja dla zr\u00f3wnowa\u017conego rozwoju <\/span><\/h4>\n<h3 style=\"text-align: center;\"><span style=\"color: #dd9933;\">Ochrona klimatu <\/span><\/h3>\n<h4 style=\"text-align: center;\"><span style=\"color: #dd9933;\">Projekty<\/span><\/h4>\n<p>[\/vc_column_text][\/vc_column_inner][vc_column_inner width=&#8221;1\/3&#8243;][layerslider_vc id=&#8221;14&#8243;][\/vc_column_inner][vc_column_inner width=&#8221;1\/3&#8243;][vc_column_text css=&#8221;&#8221;]<\/p>\n<h2><span style=\"color: #5c5c5c;\">O nas<\/span><\/h2>\n<h4><span style=\"color: #5c5c5c;\">Nasza organizacja non-profit, Innovation Academy e.V., organizuje wycieczki, ekskursje, podr\u00f3\u017ce zawodowe i seminaria, koncentruj\u0105c si\u0119 na tematach zwi\u0105zanych z innowacjami i zr\u00f3wnowa\u017conym rozwojem. Nasze tematy obejmuj\u0105 mi\u0119dzy innymi:<span style=\"color: #dd9933;\"><strong> <a style=\"color: #dd9933;\" href=\"https:\/\/www.innovation-academy.de\/en\/stadtplanung-mobilitaet\/\">mobilno\u015b\u0107 i planowanie urbanistyczne<\/a><\/strong><\/span>, <strong><span style=\"color: #dd9933;\"><a style=\"color: #dd9933;\" href=\"https:\/\/www.innovation-academy.de\/en\/architecture-and-building-renovation\/\">architektur\u0119 i renowacj\u0119 budynk\u00f3w<\/a><\/span><\/strong>, <span style=\"color: #dd9933;\"><strong><a style=\"color: #dd9933;\" href=\"https:\/\/www.innovation-academy.de\/en\/energy\/\">transformacj\u0119 energetyczn\u0105 i odnawialne \u017ar\u00f3d\u0142a energii<\/a><\/strong><\/span>, ochron\u0119 klimatu i \u015brodowiska, ekologiczne rolnictwo, gospodark\u0119 wodn\u0105 i odpadow\u0105 itd.<\/span><\/h4>\n<h4><span style=\"color: #5c5c5c;\">Ponadto, poprzez samodzielnie inicjowane <span style=\"color: #dd9933;\"><strong><a style=\"color: #dd9933;\" href=\"https:\/\/www.innovation-academy.de\/en\/projects\/\">projekty<\/a><\/strong><\/span>, przyczyniamy si\u0119 do ochrony klimatu i zr\u00f3wnowa\u017conego rozwoju. <\/span><\/h4>\n<p>[\/vc_column_text][\/vc_column_inner][\/vc_row_inner][\/vc_column][\/vc_row][vc_row][vc_column]<div class=\"ult-spacer spacer-69ec94ed3c03a\" data-id=\"69ec94ed3c03a\" data-height=\"30\" data-height-mobile=\"30\" data-height-tab=\"30\" data-height-tab-portrait=\"\" data-height-mobile-landscape=\"\" style=\"clear:both;display:block;\"><\/div>[vc_separator color=&#8221;orange&#8221; css=&#8221;&#8221;]<div class=\"ult-spacer spacer-69ec94ed3c05a\" data-id=\"69ec94ed3c05a\" data-height=\"30\" data-height-mobile=\"30\" data-height-tab=\"30\" data-height-tab-portrait=\"\" data-height-mobile-landscape=\"\" style=\"clear:both;display:block;\"><\/div>[\/vc_column][\/vc_row][vc_row][vc_column width=&#8221;1\/3&#8243;][vc_column_text css=&#8221;&#8221;]<\/p>\n<h2><span style=\"color: #5c5c5c;\">Nasze oferty<\/span><\/h2>\n<h4><span style=\"color: #5c5c5c;\">Dla <span style=\"color: #dd9933;\"><a style=\"color: #dd9933;\" href=\"https:\/\/www.innovation-academy.de\/en\/schools\/\"><strong>klas szkolnych<\/strong><\/a><\/span> opracowujemy interaktywne oferty, kt\u00f3re nie tylko informuj\u0105, ale tak\u017ce umo\u017cliwiaj\u0105 aktywne uczestnictwo dzi\u0119ki interaktywnym elementom i rajdom. Dla <span style=\"color: #dd9933;\"><a style=\"color: #dd9933;\" href=\"https:\/\/www.innovation-academy.de\/en\/professionals-universities\/\"><strong>uniwersytet\u00f3w<\/strong><\/a><\/span> oferujemy kompleksowe wsparcie dla wyjazd\u00f3w studenckich prowadzonych przez nauczycieli. Dla <strong><span style=\"color: #dd9933;\"><a style=\"color: #dd9933;\" href=\"https:\/\/www.innovation-academy.de\/en\/professionals-universities\/\">grup zawodowych<\/a><\/span><\/strong> przygotowujemy indiwidualnie dostosowane programy i ch\u0119tnie pomagamy w szczeg\u00f3\u0142ach logistycznych. Dzi\u0119ki interaktywnym <a href=\"https:\/\/www.innovation-academy.de\/en\/virtual-offers\/\"><strong><span style=\"color: #dd9933;\">programom online<\/span><\/strong><\/a>, nasze tematy docieraj\u0105 do tych, dla kt\u00f3rych podr\u00f3\u017c jest zbyt kosztowna lub zbyt skomplikowana.<\/span><\/h4>\n<p>[\/vc_column_text][\/vc_column][vc_column width=&#8221;2\/3&#8243;][vc_video link=&#8221;https:\/\/vimeo.com\/1049275119?share=copy#t=0&#8243; css=&#8221;&#8221;][\/vc_column][\/vc_row][vc_row][vc_column]<div class=\"ult-spacer spacer-69ec94ed3c075\" data-id=\"69ec94ed3c075\" data-height=\"30\" data-height-mobile=\"30\" data-height-tab=\"30\" data-height-tab-portrait=\"\" data-height-mobile-landscape=\"\" style=\"clear:both;display:block;\"><\/div>[vc_separator color=&#8221;custom&#8221; css=&#8221;&#8221; accent_color=&#8221;#F2C623&#8243;]<div class=\"ult-spacer spacer-69ec94ed3c08f\" data-id=\"69ec94ed3c08f\" data-height=\"30\" data-height-mobile=\"30\" data-height-tab=\"30\" data-height-tab-portrait=\"\" data-height-mobile-landscape=\"\" style=\"clear:both;display:block;\"><\/div>[\/vc_column][\/vc_row][vc_row][vc_column width=&#8221;2\/3&#8243;][vc_single_image image=&#8221;9888&#8243; img_size=&#8221;full&#8221; css=&#8221;&#8221;][\/vc_column][vc_column width=&#8221;1\/3&#8243;][vc_column_text css=&#8221;&#8221;]<\/p>\n<h2><span style=\"color: #5c5c5c;\">Gdzie dzia\u0142amy<br \/>\n<\/span><\/h2>\n<h4><span style=\"color: #5c5c5c;\">G\u0142\u00f3wny obszar naszej dzia\u0142alno\u015bci znajduje si\u0119 w tr\u00f3jstronnym regionie nad Renem, obejmuj\u0105cym <a href=\"https:\/\/www.innovation-academy.de\/en\/greencity-freiburg\/\"><span style=\"color: #dd9933;\"><strong>Greencity <span style=\"color: #dd9933;\">Freiburg<\/span><\/strong><\/span><\/a> w <a href=\"https:\/\/www.innovation-academy.de\/en\/black-forest-rhine-valley\/\"><strong><span style=\"color: #dd9933;\">Schwarzwaldzie<\/span><\/strong><\/a>, <a href=\"https:\/\/www.innovation-academy.de\/en\/basel-and-zurich\/\"><strong><span style=\"color: #dd9933;\">Bazyle\u0119 i Zurych<\/span><\/strong><\/a> w p\u00f3\u0142nocno-zachodniej Szwajcarii oraz francuskie miasta Mulhouse i Strasburg w Alzacji. Oferujemy zar\u00f3wno kr\u00f3tkie wycieczki trwaj\u0105ce od 3 godzin, jak i rozbudowane, wielodniowe programy. Dzi\u0119ki naszej sieci organizujemy wyjazdy studenckie do <span style=\"color: #dd9933;\"><a style=\"color: #dd9933;\" href=\"https:\/\/www.innovation-academy.de\/en\/hamburg\/\"><strong>Hamburga<\/strong><\/a><\/span> i <strong><span style=\"color: #dd9933;\"><a style=\"color: #dd9933;\" href=\"https:\/\/www.innovation-academy.de\/en\/munich\/\">Monachium<\/a> <\/span><\/strong>lub do europejskich metropolii, takich jak <strong><span style=\"color: #dd9933;\"><a style=\"color: #dd9933;\" href=\"https:\/\/www.innovation-academy.de\/en\/barcelona\/\">Barcelona<\/a><\/span><\/strong>, <strong><span style=\"color: #dd9933;\"><a style=\"color: #dd9933;\" href=\"https:\/\/www.innovation-academy.de\/en\/copenhagen\/\">Kopenhaga<\/a><\/span><\/strong> czy <span style=\"color: #dd9933;\"><a style=\"color: #dd9933;\" href=\"https:\/\/www.innovation-academy.de\/en\/paris\/\"><strong>Pary\u017c<\/strong><\/a><\/span>. Rzu\u0107 okiem na nasze <span style=\"color: #dd9933;\"><a style=\"color: #dd9933;\" href=\"https:\/\/www.innovation-academy.de\/en\/destinations\/\"><strong>destynacje<\/strong><\/a><\/span> i pozw\u00f3l si\u0119 zainspirowa\u0107.<\/span><\/h4>\n<p>[\/vc_column_text][\/vc_column][\/vc_row][vc_row][vc_column]<div class=\"ult-spacer spacer-69ec94ed3c0a6\" data-id=\"69ec94ed3c0a6\" data-height=\"30\" data-height-mobile=\"30\" data-height-tab=\"30\" data-height-tab-portrait=\"\" data-height-mobile-landscape=\"\" style=\"clear:both;display:block;\"><\/div>[vc_separator color=&#8221;custom&#8221; css=&#8221;&#8221; accent_color=&#8221;#F2C623&#8243;]<div class=\"ult-spacer spacer-69ec94ed3c0bc\" data-id=\"69ec94ed3c0bc\" data-height=\"30\" data-height-mobile=\"30\" data-height-tab=\"30\" data-height-tab-portrait=\"\" data-height-mobile-landscape=\"\" style=\"clear:both;display:block;\"><\/div>[\/vc_column][\/vc_row][vc_row][vc_column][vc_column_text css=&#8221;&#8221;]<\/p>\n<h4><span style=\"color: #5c5c5c;\">Ch\u0119tnie zorganizujemy dla Ciebie indywidualny i kompleksowy program, kt\u00f3ry mo\u017ce obejmowa\u0107 <strong><a href=\"https:\/\/www.innovation-academy.de\/en\/service\/\"><span style=\"color: #dd9933;\">t\u0142umaczenie<\/span><\/a><\/strong>,<span style=\"color: #dd9933;\"> <strong><a style=\"color: #dd9933;\" href=\"https:\/\/www.innovation-academy.de\/en\/service\/\">zakwaterowanie<\/a><\/strong><\/span>, <span style=\"color: #dd9933;\"><strong><a style=\"color: #dd9933;\" href=\"https:\/\/www.innovation-academy.de\/en\/service\/\">wy\u017cywienie<\/a><\/strong><\/span>,<strong><span style=\"color: #dd9933;\"><a style=\"color: #dd9933;\" href=\"https:\/\/www.innovation-academy.de\/en\/service\/\"> transfery<\/a><\/span> <\/strong>i <strong><a href=\"https:\/\/www.innovation-academy.de\/en\/free-time-culture\/\"><span style=\"color: #dd9933;\">program towarzysz\u0105cy<\/span><\/a><\/strong>. Niezale\u017cnie od tego, czy jeste\u015b profesjonaln\u0105 delegacj\u0105, grup\u0105 akademick\u0105 czy klas\u0105 szkoln\u0105, <span style=\"color: #dd9933;\"><strong><a style=\"color: #dd9933;\" href=\"https:\/\/www.innovation-academy.de\/en\/contact\/\">skontaktuj si\u0119 z nami<\/a><\/strong><\/span>, aby\u015bmy mogli przedstawi\u0107 Ci ofert\u0119 dostosowan\u0105 do Twoich zainteresowa\u0144.<\/span><\/h4>\n<p>&nbsp;<\/p>\n<p>[\/vc_column_text][\/vc_column][\/vc_row][vc_row][vc_column width=&#8221;1\/3&#8243;][vc_column_text css=&#8221;&#8221;]Oficjalny partner:<\/p>\n<p>[\/vc_column_text][vc_single_image image=&#8221;899&#8243; img_size=&#8221;full&#8221; onclick=&#8221;custom_link&#8221; img_link_target=&#8221;_blank&#8221; css=&#8221;&#8221; link=&#8221;https:\/\/greencity.freiburg.de\/pb\/1450158.html&#8221;][vc_single_image image=&#8221;901&#8243; img_size=&#8221;full&#8221;][\/vc_column][vc_column width=&#8221;1\/3&#8243;][vc_column_text css=&#8221;&#8221;]Cz\u0142onek:<\/p>\n<p>[\/vc_column_text][vc_single_image image=&#8221;7319&#8243; onclick=&#8221;custom_link&#8221; img_link_target=&#8221;_blank&#8221; css=&#8221;&#8221; link=&#8221;https:\/\/www.kulturforum-freiburg.de\/&#8221;][\/vc_column][\/vc_row]<\/p>\n<\/div>","protected":false},"excerpt":{"rendered":"<p>[vc_row][vc_column][vc_row_inner][vc_column_inner width=&#8221;1\/12&#8243;][vc_single_image image=&#8221;10459&#8243; css=&#8221;&#8221;][\/vc_column_inner][vc_column_inner width=&#8221;11\/12&#8243;][vc_column_text css=&#8221;&#8221;] Innovation Academy &#8211; Dzi\u015b w przysz\u0142o\u015b\u0107 [\/vc_column_text][\/vc_column_inner][\/vc_row_inner][vc_row_inner][vc_column_inner][\/vc_column_inner][\/vc_row_inner][vc_row_inner][vc_column_inner width=&#8221;1\/3&#8243;][vc_column_text css=&#8221;.vc_custom_1741701159268{background-color: #eaeaea !important;}&#8221;] Wycieczki Planowanie urbanistyczne &#8211; architektura Transformacja energetyczna Wirtualne wycieczki Zr\u00f3wnowa\u017cona mobilno\u015b\u0107 Seminaria Ochrona przyrody &#8211; rolnictwo Wyk\u0142ady Gospodarka odpadami i wod\u0105 Edukacja dla zr\u00f3wnowa\u017conego rozwoju Ochrona klimatu Projekty [\/vc_column_text][\/vc_column_inner][vc_column_inner width=&#8221;1\/3&#8243;][layerslider_vc id=&#8221;14&#8243;][\/vc_column_inner][vc_column_inner width=&#8221;1\/3&#8243;][vc_column_text css=&#8221;&#8221;] O nas Nasza organizacja non-profit,&hellip;<\/p>\n","protected":false},"author":1,"featured_media":0,"parent":0,"menu_order":0,"comment_status":"closed","ping_status":"closed","template":"","meta":{"footnotes":""},"class_list":["post-10457","page","type-page","status-publish","hentry","description-off"],"yoast_head":"<!-- This site is optimized with the Yoast SEO plugin v26.2 - https:\/\/yoast.com\/wordpress\/plugins\/seo\/ -->\n<title>Home - Innovation Academy<\/title>\n<meta name=\"description\" content=\"Die Innovation Academy e.V. organisiert als gemeinn\u00fctziger Verein Fachreisen, Exkursionen und Seminare zu Themen der nachhaltigen Entwicklung wie Mobilit\u00e4t, Stadtplanung, Architektur, Energiewende, Klima- und Umweltschutz sowie \u00f6kologische Landwirtschaft. Unsere interaktiven Angebote richten sich an Schulklassen, Universit\u00e4ten und Fachgruppen und erm\u00f6glichen praxisnahe Einblicke in innovative Projekte. Wir sind haupts\u00e4chlich in der Green City Freiburg und der umliegenden Region aktiv, bieten jedoch auch Programme in anderen europ\u00e4ischen Metropolen an. Kontaktieren Sie uns f\u00fcr ein individuelles Angebot.\" \/>\n<meta name=\"robots\" content=\"index, follow, max-snippet:-1, max-image-preview:large, max-video-preview:-1\" \/>\n<link rel=\"canonical\" href=\"https:\/\/www.innovation-academy.de\/pl\/\" \/>\n<meta property=\"og:locale\" content=\"pl_PL\" \/>\n<meta property=\"og:type\" content=\"article\" \/>\n<meta property=\"og:title\" content=\"Home - Innovation Academy\" \/>\n<meta property=\"og:description\" content=\"Die Innovation Academy e.V. organisiert als gemeinn\u00fctziger Verein Fachreisen, Exkursionen und Seminare zu Themen der nachhaltigen Entwicklung wie Mobilit\u00e4t, Stadtplanung, Architektur, Energiewende, Klima- und Umweltschutz sowie \u00f6kologische Landwirtschaft. Unsere interaktiven Angebote richten sich an Schulklassen, Universit\u00e4ten und Fachgruppen und erm\u00f6glichen praxisnahe Einblicke in innovative Projekte. Wir sind haupts\u00e4chlich in der Green City Freiburg und der umliegenden Region aktiv, bieten jedoch auch Programme in anderen europ\u00e4ischen Metropolen an. Kontaktieren Sie uns f\u00fcr ein individuelles Angebot.\" \/>\n<meta property=\"og:url\" content=\"https:\/\/www.innovation-academy.de\/pl\/\" \/>\n<meta property=\"og:site_name\" content=\"Innovation Academy\" \/>\n<meta property=\"article:modified_time\" content=\"2025-03-11T14:01:04+00:00\" \/>\n<meta name=\"twitter:card\" content=\"summary_large_image\" \/>\n<meta name=\"twitter:label1\" content=\"Szacowany czas czytania\" \/>\n\t<meta name=\"twitter:data1\" content=\"2 minuty\" \/>\n<script type=\"application\/ld+json\" class=\"yoast-schema-graph\">{\"@context\":\"https:\/\/schema.org\",\"@graph\":[{\"@type\":\"WebPage\",\"@id\":\"https:\/\/www.innovation-academy.de\/pl\/\",\"url\":\"https:\/\/www.innovation-academy.de\/pl\/\",\"name\":\"Home - Innovation Academy\",\"isPartOf\":{\"@id\":\"https:\/\/www.innovation-academy.de\/pl\/#website\"},\"datePublished\":\"2025-01-30T20:27:16+00:00\",\"dateModified\":\"2025-03-11T14:01:04+00:00\",\"description\":\"Die Innovation Academy e.V. organisiert als gemeinn\u00fctziger Verein Fachreisen, Exkursionen und Seminare zu Themen der nachhaltigen Entwicklung wie Mobilit\u00e4t, Stadtplanung, Architektur, Energiewende, Klima- und Umweltschutz sowie \u00f6kologische Landwirtschaft. Unsere interaktiven Angebote richten sich an Schulklassen, Universit\u00e4ten und Fachgruppen und erm\u00f6glichen praxisnahe Einblicke in innovative Projekte. Wir sind haupts\u00e4chlich in der Green City Freiburg und der umliegenden Region aktiv, bieten jedoch auch Programme in anderen europ\u00e4ischen Metropolen an. Kontaktieren Sie uns f\u00fcr ein individuelles Angebot.\",\"breadcrumb\":{\"@id\":\"https:\/\/www.innovation-academy.de\/pl\/#breadcrumb\"},\"inLanguage\":\"pl-PL\",\"potentialAction\":[{\"@type\":\"ReadAction\",\"target\":[\"https:\/\/www.innovation-academy.de\/pl\/\"]}]},{\"@type\":\"BreadcrumbList\",\"@id\":\"https:\/\/www.innovation-academy.de\/pl\/#breadcrumb\",\"itemListElement\":[{\"@type\":\"ListItem\",\"position\":1,\"name\":\"Home\",\"item\":\"https:\/\/www.innovation-academy.de\/pl\/\"},{\"@type\":\"ListItem\",\"position\":2,\"name\":\"Home\"}]},{\"@type\":\"WebSite\",\"@id\":\"https:\/\/www.innovation-academy.de\/pl\/#website\",\"url\":\"https:\/\/www.innovation-academy.de\/pl\/\",\"name\":\"Innovation Academy\",\"description\":\"Innovation Academy\",\"potentialAction\":[{\"@type\":\"SearchAction\",\"target\":{\"@type\":\"EntryPoint\",\"urlTemplate\":\"https:\/\/www.innovation-academy.de\/pl\/?s={search_term_string}\"},\"query-input\":{\"@type\":\"PropertyValueSpecification\",\"valueRequired\":true,\"valueName\":\"search_term_string\"}}],\"inLanguage\":\"pl-PL\"}]}<\/script>\n<!-- \/ Yoast SEO plugin. -->","yoast_head_json":{"title":"Home - Innovation Academy","description":"Die Innovation Academy e.V. organisiert als gemeinn\u00fctziger Verein Fachreisen, Exkursionen und Seminare zu Themen der nachhaltigen Entwicklung wie Mobilit\u00e4t, Stadtplanung, Architektur, Energiewende, Klima- und Umweltschutz sowie \u00f6kologische Landwirtschaft. Unsere interaktiven Angebote richten sich an Schulklassen, Universit\u00e4ten und Fachgruppen und erm\u00f6glichen praxisnahe Einblicke in innovative Projekte. Wir sind haupts\u00e4chlich in der Green City Freiburg und der umliegenden Region aktiv, bieten jedoch auch Programme in anderen europ\u00e4ischen Metropolen an. Kontaktieren Sie uns f\u00fcr ein individuelles Angebot.","robots":{"index":"index","follow":"follow","max-snippet":"max-snippet:-1","max-image-preview":"max-image-preview:large","max-video-preview":"max-video-preview:-1"},"canonical":"https:\/\/www.innovation-academy.de\/pl\/","og_locale":"pl_PL","og_type":"article","og_title":"Home - Innovation Academy","og_description":"Die Innovation Academy e.V. organisiert als gemeinn\u00fctziger Verein Fachreisen, Exkursionen und Seminare zu Themen der nachhaltigen Entwicklung wie Mobilit\u00e4t, Stadtplanung, Architektur, Energiewende, Klima- und Umweltschutz sowie \u00f6kologische Landwirtschaft. Unsere interaktiven Angebote richten sich an Schulklassen, Universit\u00e4ten und Fachgruppen und erm\u00f6glichen praxisnahe Einblicke in innovative Projekte. Wir sind haupts\u00e4chlich in der Green City Freiburg und der umliegenden Region aktiv, bieten jedoch auch Programme in anderen europ\u00e4ischen Metropolen an. Kontaktieren Sie uns f\u00fcr ein individuelles Angebot.","og_url":"https:\/\/www.innovation-academy.de\/pl\/","og_site_name":"Innovation Academy","article_modified_time":"2025-03-11T14:01:04+00:00","twitter_card":"summary_large_image","twitter_misc":{"Szacowany czas czytania":"2 minuty"},"schema":{"@context":"https:\/\/schema.org","@graph":[{"@type":"WebPage","@id":"https:\/\/www.innovation-academy.de\/pl\/","url":"https:\/\/www.innovation-academy.de\/pl\/","name":"Home - Innovation Academy","isPartOf":{"@id":"https:\/\/www.innovation-academy.de\/pl\/#website"},"datePublished":"2025-01-30T20:27:16+00:00","dateModified":"2025-03-11T14:01:04+00:00","description":"Die Innovation Academy e.V. organisiert als gemeinn\u00fctziger Verein Fachreisen, Exkursionen und Seminare zu Themen der nachhaltigen Entwicklung wie Mobilit\u00e4t, Stadtplanung, Architektur, Energiewende, Klima- und Umweltschutz sowie \u00f6kologische Landwirtschaft. Unsere interaktiven Angebote richten sich an Schulklassen, Universit\u00e4ten und Fachgruppen und erm\u00f6glichen praxisnahe Einblicke in innovative Projekte. Wir sind haupts\u00e4chlich in der Green City Freiburg und der umliegenden Region aktiv, bieten jedoch auch Programme in anderen europ\u00e4ischen Metropolen an. Kontaktieren Sie uns f\u00fcr ein individuelles Angebot.","breadcrumb":{"@id":"https:\/\/www.innovation-academy.de\/pl\/#breadcrumb"},"inLanguage":"pl-PL","potentialAction":[{"@type":"ReadAction","target":["https:\/\/www.innovation-academy.de\/pl\/"]}]},{"@type":"BreadcrumbList","@id":"https:\/\/www.innovation-academy.de\/pl\/#breadcrumb","itemListElement":[{"@type":"ListItem","position":1,"name":"Home","item":"https:\/\/www.innovation-academy.de\/pl\/"},{"@type":"ListItem","position":2,"name":"Home"}]},{"@type":"WebSite","@id":"https:\/\/www.innovation-academy.de\/pl\/#website","url":"https:\/\/www.innovation-academy.de\/pl\/","name":"Innovation Academy","description":"Innovation Academy","potentialAction":[{"@type":"SearchAction","target":{"@type":"EntryPoint","urlTemplate":"https:\/\/www.innovation-academy.de\/pl\/?s={search_term_string}"},"query-input":{"@type":"PropertyValueSpecification","valueRequired":true,"valueName":"search_term_string"}}],"inLanguage":"pl-PL"}]}},"_links":{"self":[{"href":"https:\/\/www.innovation-academy.de\/pl\/wp-json\/wp\/v2\/pages\/10457","targetHints":{"allow":["GET"]}}],"collection":[{"href":"https:\/\/www.innovation-academy.de\/pl\/wp-json\/wp\/v2\/pages"}],"about":[{"href":"https:\/\/www.innovation-academy.de\/pl\/wp-json\/wp\/v2\/types\/page"}],"author":[{"embeddable":true,"href":"https:\/\/www.innovation-academy.de\/pl\/wp-json\/wp\/v2\/users\/1"}],"replies":[{"embeddable":true,"href":"https:\/\/www.innovation-academy.de\/pl\/wp-json\/wp\/v2\/comments?post=10457"}],"version-history":[{"count":7,"href":"https:\/\/www.innovation-academy.de\/pl\/wp-json\/wp\/v2\/pages\/10457\/revisions"}],"predecessor-version":[{"id":10473,"href":"https:\/\/www.innovation-academy.de\/pl\/wp-json\/wp\/v2\/pages\/10457\/revisions\/10473"}],"wp:attachment":[{"href":"https:\/\/www.innovation-academy.de\/pl\/wp-json\/wp\/v2\/media?parent=10457"}],"curies":[{"name":"wp","href":"https:\/\/api.w.org\/{rel}","templated":true}]}}