{"id":9707,"date":"2015-09-22T13:16:13","date_gmt":"2015-09-22T11:16:13","guid":{"rendered":"https:\/\/www.innovation-academy.de\/projekte\/"},"modified":"2025-02-10T17:19:51","modified_gmt":"2025-02-10T15:19:51","slug":"projets","status":"publish","type":"page","link":"https:\/\/www.innovation-academy.de\/fr\/projets\/","title":{"rendered":"Projets"},"content":{"rendered":"<div class=\"wpb-content-wrapper\"><p>[vc_row][vc_column][vc_column_text css=\u00a0\u00bb\u00a0\u00bb]<\/p>\n<h1>Projets p\u00e9dagogiques<\/h1>\n<p>[\/vc_column_text][\/vc_column][\/vc_row][vc_row][vc_column][vc_column_text css=\u00a0\u00bb\u00a0\u00bb]Outre notre travail de formation et de sensibilisation avec diff\u00e9rentes d\u00e9l\u00e9gations internationales, Innovation Academy a pour vocation de r\u00e9aliser ses propres projets innovants et \u00e9ducatifs dans la r\u00e9gion.<\/p>\n<p>De mani\u00e8re g\u00e9n\u00e9rale, il s&rsquo;agit de projets \u00e0 long terme qui nous permettent d&rsquo;acqu\u00e9rir une exp\u00e9rience pr\u00e9cieuse pour notre travail de formation au quotidien.\u00a0 Nous coop\u00e9rons avec des partenaires locaux et sommes \u00e9galement pr\u00eats \u00e0 devenir partenaire dans le cadre de projets \u00e0 l\u2019\u00e9chelle r\u00e9gionale, nationale ou europ\u00e9enne.<\/p>\n<p>[\/vc_column_text][\/vc_column][\/vc_row][vc_row][vc_column]<div class=\"ult-spacer spacer-69ddf7523bf1b\" data-id=\"69ddf7523bf1b\" data-height=\"30\" data-height-mobile=\"30\" data-height-tab=\"30\" data-height-tab-portrait=\"\" data-height-mobile-landscape=\"\" style=\"clear:both;display:block;\"><\/div><div class=\"dt-fancy-separator title-left h4-size\" style=\"width: 100%;\"><div class=\"dt-fancy-title\"><span class=\"separator-holder separator-left\"><\/span>Aktuelle Projekte<span class=\"separator-holder separator-right\"><\/span><\/div><\/div><div class=\"ult-spacer spacer-69ddf7523c064\" data-id=\"69ddf7523c064\" data-height=\"30\" data-height-mobile=\"30\" data-height-tab=\"30\" data-height-tab-portrait=\"\" data-height-mobile-landscape=\"\" style=\"clear:both;display:block;\"><\/div><div class=\"dt-shortcode with-isotope\"><div class=\"wf-container dt-blog-shortcode loading-effect-none iso-container description-under-image content-align-left\" data-padding=\"20px\" data-cur-page=\"1\" data-posts-per-page=\"-1\" data-width=\"370px\" data-columns=\"3\">\n<div class=\"wf-cell iso-item\" data-post-id=\"11131\" data-date=\"2026-04-09T08:47:33+02:00\" data-name=\"KLIMA\u00b2\">\n\t<article class=\"post post-11131 type-post status-publish format-standard has-post-thumbnail hentry category-projekte-aktuell category-116 description-off\">\n\n\t\t\n\t\t\t<div class=\"blog-media wf-td\">\n\n\t\t\t\t<p><a href=\"https:\/\/www.innovation-academy.de\/fr\/klima%c2%b2\/\" class=\"alignnone rollover layzr-bg\" ><img fetchpriority=\"high\" decoding=\"async\" class=\"preload-me iso-lazy-load aspect\" src=\"data:image\/svg+xml,%3Csvg%20xmlns%3D&#39;http%3A%2F%2Fwww.w3.org%2F2000%2Fsvg&#39;%20viewBox%3D&#39;0%200%20400%20300&#39;%2F%3E\" data-src=\"https:\/\/www.innovation-academy.de\/wp-content\/uploads\/Projektbild.jpg\" data-srcset=\"https:\/\/www.innovation-academy.de\/wp-content\/uploads\/Projektbild.jpg 400w\" loading=\"eager\" style=\"--ratio: 400 \/ 300\" sizes=\"(max-width: 400px) 100vw, 400px\" alt=\"\" title=\"Projektbild\" width=\"400\" height=\"300\"  \/><\/a><\/p>\n\t\t\t<\/div>\n\n\t\t\n\t\t<div class=\"blog-content wf-td\">\n\t\t\t<h3 class=\"entry-title\"><a href=\"https:\/\/www.innovation-academy.de\/fr\/klima%c2%b2\/\" title=\"KLIMA\u00b2\" rel=\"bookmark\">KLIMA\u00b2<\/a><\/h3>\n\n\t\t\t\n\t\t<\/div>\n\n\t<\/article>\n\n<\/div><\/div><\/div>[\/vc_column][\/vc_row][vc_row][vc_column]<div class=\"ult-spacer spacer-69ddf752414dd\" data-id=\"69ddf752414dd\" data-height=\"30\" data-height-mobile=\"30\" data-height-tab=\"30\" data-height-tab-portrait=\"\" data-height-mobile-landscape=\"\" style=\"clear:both;display:block;\"><\/div><div class=\"dt-fancy-separator title-left h4-size\" style=\"width: 100%;\"><div class=\"dt-fancy-title\"><span class=\"separator-holder separator-left\"><\/span>Abgeschlossene Projekte<span class=\"separator-holder separator-right\"><\/span><\/div><\/div><div class=\"ult-spacer spacer-69ddf75241559\" data-id=\"69ddf75241559\" data-height=\"30\" data-height-mobile=\"30\" data-height-tab=\"30\" data-height-tab-portrait=\"\" data-height-mobile-landscape=\"\" style=\"clear:both;display:block;\"><\/div><div class=\"dt-shortcode with-isotope\"><div class=\"wf-container dt-blog-shortcode loading-effect-none iso-container description-under-image content-align-left\" data-padding=\"20px\" data-cur-page=\"1\" data-posts-per-page=\"-1\" data-width=\"370px\" data-columns=\"3\">\n<div class=\"wf-cell iso-item\" data-post-id=\"9584\" data-date=\"2023-12-28T12:30:51+02:00\" data-name=\"Klimax Parcours\">\n\t<article class=\"post post-9584 type-post status-publish format-standard has-post-thumbnail hentry category-projekte-abgeschlossen category-117 description-off\">\n\n\t\t\n\t\t\t<div class=\"blog-media wf-td\">\n\n\t\t\t\t<p><a href=\"https:\/\/www.innovation-academy.de\/fr\/klimax-parcours\/\" class=\"alignnone rollover layzr-bg\" ><img decoding=\"async\" class=\"preload-me iso-lazy-load aspect\" src=\"data:image\/svg+xml,%3Csvg%20xmlns%3D&#39;http%3A%2F%2Fwww.w3.org%2F2000%2Fsvg&#39;%20viewBox%3D&#39;0%200%20555%20416&#39;%2F%3E\" data-src=\"https:\/\/www.innovation-academy.de\/wp-content\/uploads\/Dominique-Makulinski_02_Beitrag_Klein-555x416.jpg\" data-srcset=\"https:\/\/www.innovation-academy.de\/wp-content\/uploads\/Dominique-Makulinski_02_Beitrag_Klein-555x416.jpg 555w, https:\/\/www.innovation-academy.de\/wp-content\/uploads\/Dominique-Makulinski_02_Beitrag_Klein.jpg 600w\" loading=\"eager\" style=\"--ratio: 555 \/ 416\" sizes=\"(max-width: 555px) 100vw, 555px\" alt=\"\" title=\"Dominique Makulinski_02_Beitrag_Klein\" width=\"555\" height=\"416\"  \/><\/a><\/p>\n\t\t\t<\/div>\n\n\t\t\n\t\t<div class=\"blog-content wf-td\">\n\t\t\t<h3 class=\"entry-title\"><a href=\"https:\/\/www.innovation-academy.de\/fr\/klimax-parcours\/\" title=\"Klimax Parcours\" rel=\"bookmark\">Klimax Parcours<\/a><\/h3>\n\n\t\t\t\n\t\t<\/div>\n\n\t<\/article>\n\n<\/div>\n<div class=\"wf-cell iso-item\" data-post-id=\"9703\" data-date=\"2023-11-27T13:48:02+02:00\" data-name=\"Attention, plastique !\">\n\t<article class=\"post post-9703 type-post status-publish format-standard has-post-thumbnail hentry category-projekte-abgeschlossen-fr category-336 description-off\">\n\n\t\t\n\t\t\t<div class=\"blog-media wf-td\">\n\n\t\t\t\t<p><a href=\"https:\/\/www.innovation-academy.de\/fr\/attention-plastique\/\" class=\"alignnone rollover layzr-bg\" ><img decoding=\"async\" class=\"preload-me iso-lazy-load aspect\" src=\"data:image\/svg+xml,%3Csvg%20xmlns%3D&#39;http%3A%2F%2Fwww.w3.org%2F2000%2Fsvg&#39;%20viewBox%3D&#39;0%200%20400%20300&#39;%2F%3E\" data-src=\"https:\/\/www.innovation-academy.de\/wp-content\/uploads\/Beitragsbild-Vorsicht-Plastik.jpg\" data-srcset=\"https:\/\/www.innovation-academy.de\/wp-content\/uploads\/Beitragsbild-Vorsicht-Plastik.jpg 400w\" loading=\"eager\" style=\"--ratio: 400 \/ 300\" sizes=\"(max-width: 400px) 100vw, 400px\" alt=\"\" title=\"Beitragsbild Vorsicht Plastik\" width=\"400\" height=\"300\"  \/><\/a><\/p>\n\t\t\t<\/div>\n\n\t\t\n\t\t<div class=\"blog-content wf-td\">\n\t\t\t<h3 class=\"entry-title\"><a href=\"https:\/\/www.innovation-academy.de\/fr\/attention-plastique\/\" title=\"Attention, plastique !\" rel=\"bookmark\">Attention, plastique !<\/a><\/h3>\n\n\t\t\t\n\t\t<\/div>\n\n\t<\/article>\n\n<\/div>\n<div class=\"wf-cell iso-item\" data-post-id=\"3963\" data-date=\"2018-03-02T16:43:19+02:00\" data-name=\"Treffpunkt Vauban\">\n\t<article class=\"post post-3963 type-post status-publish format-standard has-post-thumbnail hentry category-projekte-abgeschlossen category-117 description-off\">\n\n\t\t\n\t\t\t<div class=\"blog-media wf-td\">\n\n\t\t\t\t<p><a href=\"https:\/\/www.innovation-academy.de\/fr\/treffpunkt-vauban\/\" class=\"alignnone rollover layzr-bg\" ><img decoding=\"async\" class=\"preload-me iso-lazy-load aspect\" src=\"data:image\/svg+xml,%3Csvg%20xmlns%3D&#39;http%3A%2F%2Fwww.w3.org%2F2000%2Fsvg&#39;%20viewBox%3D&#39;0%200%20300%20225&#39;%2F%3E\" data-src=\"https:\/\/www.innovation-academy.de\/wp-content\/uploads\/Schulen.jpg\" data-srcset=\"https:\/\/www.innovation-academy.de\/wp-content\/uploads\/Schulen.jpg 300w\" loading=\"eager\" style=\"--ratio: 300 \/ 225\" sizes=\"(max-width: 300px) 100vw, 300px\" alt=\"\" title=\"Schulen\" width=\"300\" height=\"225\"  \/><\/a><\/p>\n\t\t\t<\/div>\n\n\t\t\n\t\t<div class=\"blog-content wf-td\">\n\t\t\t<h3 class=\"entry-title\"><a href=\"https:\/\/www.innovation-academy.de\/fr\/treffpunkt-vauban\/\" title=\"Treffpunkt Vauban\" rel=\"bookmark\">Treffpunkt Vauban<\/a><\/h3>\n\n\t\t\t\n\t\t<\/div>\n\n\t<\/article>\n\n<\/div>\n<div class=\"wf-cell iso-item\" data-post-id=\"9715\" data-date=\"2017-02-03T12:20:36+02:00\" data-name=\"Zones industrielles en fleurs\">\n\t<article class=\"post post-9715 type-post status-publish format-standard has-post-thumbnail hentry category-projekte-abgeschlossen-fr category-336 description-off\">\n\n\t\t\n\t\t\t<div class=\"blog-media wf-td\">\n\n\t\t\t\t<p><a href=\"https:\/\/www.innovation-academy.de\/fr\/zones-industrielles-en-fleurs\/\" class=\"alignnone rollover layzr-bg\" ><img decoding=\"async\" class=\"preload-me iso-lazy-load aspect\" src=\"data:image\/svg+xml,%3Csvg%20xmlns%3D&#39;http%3A%2F%2Fwww.w3.org%2F2000%2Fsvg&#39;%20viewBox%3D&#39;0%200%20400%20300&#39;%2F%3E\" data-src=\"https:\/\/www.innovation-academy.de\/wp-content\/uploads\/blumen.jpg\" data-srcset=\"https:\/\/www.innovation-academy.de\/wp-content\/uploads\/blumen.jpg 400w\" loading=\"eager\" style=\"--ratio: 400 \/ 300\" sizes=\"(max-width: 400px) 100vw, 400px\" alt=\"\" title=\"blumen\" width=\"400\" height=\"300\"  \/><\/a><\/p>\n\t\t\t<\/div>\n\n\t\t\n\t\t<div class=\"blog-content wf-td\">\n\t\t\t<h3 class=\"entry-title\"><a href=\"https:\/\/www.innovation-academy.de\/fr\/zones-industrielles-en-fleurs\/\" title=\"Zones industrielles en fleurs\" rel=\"bookmark\">Zones industrielles en fleurs<\/a><\/h3>\n\n\t\t\t\n\t\t<\/div>\n\n\t<\/article>\n\n<\/div>\n<div class=\"wf-cell iso-item\" data-post-id=\"2487\" data-date=\"2017-02-02T20:55:36+02:00\" data-name=\"Klimaschutz Konkret\">\n\t<article class=\"post post-2487 type-post status-publish format-standard has-post-thumbnail hentry category-projekte-abgeschlossen category-117 description-off\">\n\n\t\t\n\t\t\t<div class=\"blog-media wf-td\">\n\n\t\t\t\t<p><a href=\"https:\/\/www.innovation-academy.de\/fr\/klimaschutz-konkret\/\" class=\"alignnone rollover layzr-bg\" ><img decoding=\"async\" class=\"preload-me iso-lazy-load aspect\" src=\"data:image\/svg+xml,%3Csvg%20xmlns%3D&#39;http%3A%2F%2Fwww.w3.org%2F2000%2Fsvg&#39;%20viewBox%3D&#39;0%200%20400%20300&#39;%2F%3E\" data-src=\"https:\/\/www.innovation-academy.de\/wp-content\/uploads\/klimaschutz_beitrag.jpg\" data-srcset=\"https:\/\/www.innovation-academy.de\/wp-content\/uploads\/klimaschutz_beitrag.jpg 400w\" loading=\"eager\" style=\"--ratio: 400 \/ 300\" sizes=\"(max-width: 400px) 100vw, 400px\" alt=\"\" title=\"klimaschutz_beitrag\" width=\"400\" height=\"300\"  \/><\/a><\/p>\n\t\t\t<\/div>\n\n\t\t\n\t\t<div class=\"blog-content wf-td\">\n\t\t\t<h3 class=\"entry-title\"><a href=\"https:\/\/www.innovation-academy.de\/fr\/klimaschutz-konkret\/\" title=\"Klimaschutz Konkret\" rel=\"bookmark\">Klimaschutz Konkret<\/a><\/h3>\n\n\t\t\t\n\t\t<\/div>\n\n\t<\/article>\n\n<\/div>\n<div class=\"wf-cell iso-item\" data-post-id=\"2480\" data-date=\"2017-02-02T20:44:39+02:00\" data-name=\"Paprika statt Parkpl\u00e4tze\">\n\t<article class=\"post post-2480 type-post status-publish format-standard has-post-thumbnail hentry category-projekte-abgeschlossen category-117 description-off\">\n\n\t\t\n\t\t\t<div class=\"blog-media wf-td\">\n\n\t\t\t\t<p><a href=\"https:\/\/www.innovation-academy.de\/fr\/paprika-statt-parkplaetze\/\" class=\"alignnone rollover layzr-bg\" ><img decoding=\"async\" class=\"preload-me iso-lazy-load aspect\" src=\"data:image\/svg+xml,%3Csvg%20xmlns%3D&#39;http%3A%2F%2Fwww.w3.org%2F2000%2Fsvg&#39;%20viewBox%3D&#39;0%200%20400%20300&#39;%2F%3E\" data-src=\"https:\/\/www.innovation-academy.de\/wp-content\/uploads\/Paprika_Beitrag-1.jpg\" data-srcset=\"https:\/\/www.innovation-academy.de\/wp-content\/uploads\/Paprika_Beitrag-1.jpg 400w\" loading=\"eager\" style=\"--ratio: 400 \/ 300\" sizes=\"(max-width: 400px) 100vw, 400px\" alt=\"\" title=\"Paprika_Beitrag\" width=\"400\" height=\"300\"  \/><\/a><\/p>\n\t\t\t<\/div>\n\n\t\t\n\t\t<div class=\"blog-content wf-td\">\n\t\t\t<h3 class=\"entry-title\"><a href=\"https:\/\/www.innovation-academy.de\/fr\/paprika-statt-parkplaetze\/\" title=\"Paprika statt Parkpl\u00e4tze\" rel=\"bookmark\">Paprika statt Parkpl\u00e4tze<\/a><\/h3>\n\n\t\t\t\n\t\t<\/div>\n\n\t<\/article>\n\n<\/div><\/div><\/div>[\/vc_column][\/vc_row]<\/p>\n<\/div>","protected":false},"excerpt":{"rendered":"<p>[vc_row][vc_column][vc_column_text css=\u00a0\u00bb\u00a0\u00bb] Projets p\u00e9dagogiques [\/vc_column_text][\/vc_column][\/vc_row][vc_row][vc_column][vc_column_text css=\u00a0\u00bb\u00a0\u00bb]Outre notre travail de formation et de sensibilisation avec diff\u00e9rentes d\u00e9l\u00e9gations internationales, Innovation Academy a pour vocation de r\u00e9aliser ses propres projets innovants et \u00e9ducatifs dans la r\u00e9gion. De mani\u00e8re g\u00e9n\u00e9rale, il s&rsquo;agit de projets \u00e0 long terme qui nous permettent d&rsquo;acqu\u00e9rir une exp\u00e9rience pr\u00e9cieuse pour notre travail de formation&hellip;<\/p>\n","protected":false},"author":1,"featured_media":0,"parent":0,"menu_order":0,"comment_status":"closed","ping_status":"closed","template":"","meta":{"footnotes":""},"class_list":["post-9707","page","type-page","status-publish","hentry","description-off"],"yoast_head":"<!-- This site is optimized with the Yoast SEO plugin v26.2 - https:\/\/yoast.com\/wordpress\/plugins\/seo\/ -->\n<title>Projets - Innovation Academy<\/title>\n<meta name=\"robots\" content=\"index, follow, max-snippet:-1, max-image-preview:large, max-video-preview:-1\" \/>\n<link rel=\"canonical\" href=\"https:\/\/www.innovation-academy.de\/fr\/projets\/\" \/>\n<meta property=\"og:locale\" content=\"fr_FR\" \/>\n<meta property=\"og:type\" content=\"article\" \/>\n<meta property=\"og:title\" content=\"Projets - Innovation Academy\" \/>\n<meta property=\"og:description\" content=\"[vc_row][vc_column][vc_column_text css=\u00a0\u00bb\u00a0\u00bb] Projets p\u00e9dagogiques [\/vc_column_text][\/vc_column][\/vc_row][vc_row][vc_column][vc_column_text css=\u00a0\u00bb\u00a0\u00bb]Outre notre travail de formation et de sensibilisation avec diff\u00e9rentes d\u00e9l\u00e9gations internationales, Innovation Academy a pour vocation de r\u00e9aliser ses propres projets innovants et \u00e9ducatifs dans la r\u00e9gion. De mani\u00e8re g\u00e9n\u00e9rale, il s&rsquo;agit de projets \u00e0 long terme qui nous permettent d&rsquo;acqu\u00e9rir une exp\u00e9rience pr\u00e9cieuse pour notre travail de formation&hellip;\" \/>\n<meta property=\"og:url\" content=\"https:\/\/www.innovation-academy.de\/fr\/projets\/\" \/>\n<meta property=\"og:site_name\" content=\"Innovation Academy\" \/>\n<meta property=\"article:modified_time\" content=\"2025-02-10T15:19:51+00:00\" \/>\n<meta name=\"twitter:card\" content=\"summary_large_image\" \/>\n<meta name=\"twitter:label1\" content=\"Dur\u00e9e de lecture estim\u00e9e\" \/>\n\t<meta name=\"twitter:data1\" content=\"1 minute\" \/>\n<script type=\"application\/ld+json\" class=\"yoast-schema-graph\">{\"@context\":\"https:\/\/schema.org\",\"@graph\":[{\"@type\":\"WebPage\",\"@id\":\"https:\/\/www.innovation-academy.de\/fr\/projets\/\",\"url\":\"https:\/\/www.innovation-academy.de\/fr\/projets\/\",\"name\":\"Projets - Innovation Academy\",\"isPartOf\":{\"@id\":\"https:\/\/www.innovation-academy.de\/fr\/#website\"},\"datePublished\":\"2015-09-22T11:16:13+00:00\",\"dateModified\":\"2025-02-10T15:19:51+00:00\",\"breadcrumb\":{\"@id\":\"https:\/\/www.innovation-academy.de\/fr\/projets\/#breadcrumb\"},\"inLanguage\":\"fr-FR\",\"potentialAction\":[{\"@type\":\"ReadAction\",\"target\":[\"https:\/\/www.innovation-academy.de\/fr\/projets\/\"]}]},{\"@type\":\"BreadcrumbList\",\"@id\":\"https:\/\/www.innovation-academy.de\/fr\/projets\/#breadcrumb\",\"itemListElement\":[{\"@type\":\"ListItem\",\"position\":1,\"name\":\"Home\",\"item\":\"https:\/\/www.innovation-academy.de\/fr\/\"},{\"@type\":\"ListItem\",\"position\":2,\"name\":\"Projets\"}]},{\"@type\":\"WebSite\",\"@id\":\"https:\/\/www.innovation-academy.de\/fr\/#website\",\"url\":\"https:\/\/www.innovation-academy.de\/fr\/\",\"name\":\"Innovation Academy\",\"description\":\"Innovation Academy\",\"potentialAction\":[{\"@type\":\"SearchAction\",\"target\":{\"@type\":\"EntryPoint\",\"urlTemplate\":\"https:\/\/www.innovation-academy.de\/fr\/?s={search_term_string}\"},\"query-input\":{\"@type\":\"PropertyValueSpecification\",\"valueRequired\":true,\"valueName\":\"search_term_string\"}}],\"inLanguage\":\"fr-FR\"}]}<\/script>\n<!-- \/ Yoast SEO plugin. -->","yoast_head_json":{"title":"Projets - Innovation Academy","robots":{"index":"index","follow":"follow","max-snippet":"max-snippet:-1","max-image-preview":"max-image-preview:large","max-video-preview":"max-video-preview:-1"},"canonical":"https:\/\/www.innovation-academy.de\/fr\/projets\/","og_locale":"fr_FR","og_type":"article","og_title":"Projets - Innovation Academy","og_description":"[vc_row][vc_column][vc_column_text css=\u00a0\u00bb\u00a0\u00bb] Projets p\u00e9dagogiques [\/vc_column_text][\/vc_column][\/vc_row][vc_row][vc_column][vc_column_text css=\u00a0\u00bb\u00a0\u00bb]Outre notre travail de formation et de sensibilisation avec diff\u00e9rentes d\u00e9l\u00e9gations internationales, Innovation Academy a pour vocation de r\u00e9aliser ses propres projets innovants et \u00e9ducatifs dans la r\u00e9gion. De mani\u00e8re g\u00e9n\u00e9rale, il s&rsquo;agit de projets \u00e0 long terme qui nous permettent d&rsquo;acqu\u00e9rir une exp\u00e9rience pr\u00e9cieuse pour notre travail de formation&hellip;","og_url":"https:\/\/www.innovation-academy.de\/fr\/projets\/","og_site_name":"Innovation Academy","article_modified_time":"2025-02-10T15:19:51+00:00","twitter_card":"summary_large_image","twitter_misc":{"Dur\u00e9e de lecture estim\u00e9e":"1 minute"},"schema":{"@context":"https:\/\/schema.org","@graph":[{"@type":"WebPage","@id":"https:\/\/www.innovation-academy.de\/fr\/projets\/","url":"https:\/\/www.innovation-academy.de\/fr\/projets\/","name":"Projets - Innovation Academy","isPartOf":{"@id":"https:\/\/www.innovation-academy.de\/fr\/#website"},"datePublished":"2015-09-22T11:16:13+00:00","dateModified":"2025-02-10T15:19:51+00:00","breadcrumb":{"@id":"https:\/\/www.innovation-academy.de\/fr\/projets\/#breadcrumb"},"inLanguage":"fr-FR","potentialAction":[{"@type":"ReadAction","target":["https:\/\/www.innovation-academy.de\/fr\/projets\/"]}]},{"@type":"BreadcrumbList","@id":"https:\/\/www.innovation-academy.de\/fr\/projets\/#breadcrumb","itemListElement":[{"@type":"ListItem","position":1,"name":"Home","item":"https:\/\/www.innovation-academy.de\/fr\/"},{"@type":"ListItem","position":2,"name":"Projets"}]},{"@type":"WebSite","@id":"https:\/\/www.innovation-academy.de\/fr\/#website","url":"https:\/\/www.innovation-academy.de\/fr\/","name":"Innovation Academy","description":"Innovation Academy","potentialAction":[{"@type":"SearchAction","target":{"@type":"EntryPoint","urlTemplate":"https:\/\/www.innovation-academy.de\/fr\/?s={search_term_string}"},"query-input":{"@type":"PropertyValueSpecification","valueRequired":true,"valueName":"search_term_string"}}],"inLanguage":"fr-FR"}]}},"_links":{"self":[{"href":"https:\/\/www.innovation-academy.de\/fr\/wp-json\/wp\/v2\/pages\/9707","targetHints":{"allow":["GET"]}}],"collection":[{"href":"https:\/\/www.innovation-academy.de\/fr\/wp-json\/wp\/v2\/pages"}],"about":[{"href":"https:\/\/www.innovation-academy.de\/fr\/wp-json\/wp\/v2\/types\/page"}],"author":[{"embeddable":true,"href":"https:\/\/www.innovation-academy.de\/fr\/wp-json\/wp\/v2\/users\/1"}],"replies":[{"embeddable":true,"href":"https:\/\/www.innovation-academy.de\/fr\/wp-json\/wp\/v2\/comments?post=9707"}],"version-history":[{"count":3,"href":"https:\/\/www.innovation-academy.de\/fr\/wp-json\/wp\/v2\/pages\/9707\/revisions"}],"predecessor-version":[{"id":10147,"href":"https:\/\/www.innovation-academy.de\/fr\/wp-json\/wp\/v2\/pages\/9707\/revisions\/10147"}],"wp:attachment":[{"href":"https:\/\/www.innovation-academy.de\/fr\/wp-json\/wp\/v2\/media?parent=9707"}],"curies":[{"name":"wp","href":"https:\/\/api.w.org\/{rel}","templated":true}]}}