{"id":3466,"date":"2015-11-09T18:27:32","date_gmt":"2015-11-09T16:27:32","guid":{"rendered":"http:\/\/www.innovation-academy.de\/agb\/"},"modified":"2021-07-15T15:49:23","modified_gmt":"2021-07-15T13:49:23","slug":"conditions-generales-des-offres","status":"publish","type":"page","link":"https:\/\/www.innovation-academy.de\/fr\/conditions-generales-des-offres\/","title":{"rendered":"Conditions g\u00e9n\u00e9rales des offres"},"content":{"rendered":"<div class=\"wpb-content-wrapper\"><p>[vc_row][vc_column][vc_column_text]<\/p>\n<h1 style=\"text-align: center;\"><strong>Conditions g\u00e9n\u00e9rales des offres<\/strong><\/h1>\n<h1><strong>\u00a0<\/strong><\/h1>\n<p>[\/vc_column_text]<div class=\"ult-spacer spacer-69de1cd0ef73a\" data-id=\"69de1cd0ef73a\" data-height=\"30\" data-height-mobile=\"30\" data-height-tab=\"30\" data-height-tab-portrait=\"\" data-height-mobile-landscape=\"\" style=\"clear:both;display:block;\"><\/div><div class=\"hr-thin style-line\" style=\"width: 100%;border-top-width: 1px;\"><\/div><div class=\"ult-spacer spacer-69de1cd0ef7c6\" data-id=\"69de1cd0ef7c6\" data-height=\"30\" data-height-mobile=\"30\" data-height-tab=\"30\" data-height-tab-portrait=\"\" data-height-mobile-landscape=\"\" style=\"clear:both;display:block;\"><\/div>[\/vc_column][\/vc_row][vc_row][vc_column][vc_column_text]<\/p>\n<h4>1. Inscription et confirmation<\/h4>\n<p>En confirmant l\u2019acceptation de l\u2019offre par \u00e9crit, le client engage formellement son inscription aux activit\u00e9s qu\u2019il a s\u00e9lectionn\u00e9es aupr\u00e8s de l\u2019association Innovation Academy e.V., par exemple \u00e0 une excursion, un voyage d\u2019\u00e9tude, un s\u00e9minaire, un atelier. Les clauses accessoires, souhaits, conventions et modifications de la r\u00e9servation arr\u00eat\u00e9e sont possibles, mais n\u00e9cessitent notre confirmation \u00e9crite par fax ou par e-mail.<\/p>\n<p>&nbsp;<\/p>\n<h4>2. \u00a0R\u00e8glement<\/h4>\n<p>Apr\u00e8s confirmation de l\u2019inscription, un acompte de 50\u00a0% par participant doit \u00eatre vers\u00e9. Le reste de la somme doit \u00eatre r\u00e9gl\u00e9 deux semaines avant la visite, au plus tard. Le client recevra les documents d\u00e9taill\u00e9s apr\u00e8s r\u00e9ception du reste de la somme. En cas de non-respect des accords de r\u00e8glement, Innovation Academy e.V. se r\u00e9serve le droit de rompre le contrat et d\u2019exiger le r\u00e8glement des frais d\u2019annulation (cf. \u00a73).<\/p>\n<p>&nbsp;<\/p>\n<h4>3. R\u00e9tractation<\/h4>\n<p>Le client peut, \u00e0 tout moment, se retirer du contrat. Il est fortement conseill\u00e9 de prendre l\u2019assurance annulation et d\u2019informer Innovation Academy e.V. de la r\u00e9traction par \u00e9crit. En vertu des d\u00e9penses et obligations de l\u2019association envers des tiers collaborateurs (h\u00f4tels, restaurants, entreprises de transport, etc.), les frais d\u2019annulation s\u2019\u00e9l\u00e8vent \u00e0\u00a0:<\/p>\n<p>Jusqu\u2019\u00e0 30 jours avant la visite\u00a0: 10 %, min. 50 euros<\/p>\n<p>29 \u00e0 20 jours\u00a0: 25 %<\/p>\n<p>19 \u00e0 10 jours\u00a0: 50 %<\/p>\n<p>9 \u00e0 4 jours\u00a0: 75 %<\/p>\n<p>Si le client ne se r\u00e9tracte pas dans les 3 jours avant la visite ou ne se pr\u00e9sente pas le jour de la visite, il devra s\u2019acquitter de l\u2019ensemble de la somme initiale.<\/p>\n<p>&nbsp;<\/p>\n<p><strong>Des conditions sp\u00e9ciales s&rsquo;appliquent aux \u00e9v\u00e9nements en ligne :<br \/>\n<\/strong><\/p>\n<p>Jusqu&rsquo;\u00e0 15 jours avant le d\u00e9but de l\u2019\u00e9v\u00e8nement : gratuit<\/p>\n<p>14<sup>\u00a0<\/sup> \u00e0 10 jours : 25 %<\/p>\n<p>9 \u00e0 5 jours : 50%<\/p>\n<p>4 \u00e0 2 jours : 75%<\/p>\n<p>Si le client ne se r\u00e9tracte pas dans les 2 jours avant la session en ligne ou ne se pr\u00e9sente pas le jour dit, il devra s\u2019acquitter de l\u2019ensemble de la somme initiale.<\/p>\n<p>&nbsp;<\/p>\n<h4>4. Modifications de la r\u00e9servation<\/h4>\n<p>Le client peut modifier la r\u00e9servation sous r\u00e9serve de l\u2019accord d\u2019Innovation Academy e.V.. Toute modification de r\u00e9servation entra\u00eene des frais suppl\u00e9mentaires d\u2019un minimum de 50 euros, \u00e9tablis selon le surcro\u00eet de travail.<\/p>\n<p>&nbsp;<\/p>\n<h4>5. R\u00e9tractation de la part d\u2019Innovation Academy e.V.<\/h4>\n<p>Si le nombre minimum pr\u00e9vu de participants n\u2019est pas atteint, Innovation Academy e.V. se r\u00e9serve le droit d\u2019annuler jusqu\u2019\u00e0 deux semaines avant la visite. Le client sera imm\u00e9diatement rembours\u00e9. Aucun autre d\u00e9dommagement n\u2019est admis.<\/p>\n<p>&nbsp;<\/p>\n<h4>6. Responsabilit\u00e9<\/h4>\n<p>La participation \u00e0 nos circuits se fait \u00e0 vos propres risques et responsabilit\u00e9, sauf s\u2019il est prouv\u00e9 qu\u2019il s\u2019agit d\u2019une faute lourde de la part d\u2019Innovation Academy e.V.. Chaque participant est seul responsable du respect du code de la route. La participation de mineurs est autoris\u00e9e si les mineurs en question sont accompagn\u00e9s de personnes exer\u00e7ant l\u2019autorit\u00e9 parentale ou pouvant pr\u00e9senter une procuration \u00e9crite. Les participants s\u2019engagent \u00e0 respecter les consignes du personnel accompagnant durant la visite. Chaque participant est seul responsable de ses aptitudes physiques \u00e0 suivre le circuit. Veillez \u00e9galement \u00e0 v\u00e9rifier que vos assurances sont \u00e0 jour\u00a0: assurance maladie, assurance accident et assurance responsabilit\u00e9 civile. Dans l\u2019interm\u00e9diation de prestations externes comme l\u2019h\u00f4tel, les visites touristiques, les transports, les restaurants, etc., Innovation Academy e.V. assume uniquement la responsabilit\u00e9 de l\u2019interm\u00e9diation r\u00e9glementaire, et en aucun cas la responsabilit\u00e9 de l\u2019apport de la prestation.<\/p>\n<p>&nbsp;<\/p>\n<h4>7. Conditions m\u00e9t\u00e9orologiques<\/h4>\n<p>Etant donn\u00e9 que chacun a sa propre id\u00e9e de ce qu\u2019est un mauvais temps, nos circuits ne peuvent \u00eatre annul\u00e9s pour cette raison, sauf en cas de conditions m\u00e9t\u00e9orologiques dangereuses comme des ouragans, des inondations, etc. En pareil cas, Innovation Academy e.V. am\u00e9nagerait un nouveau programme, si le client le souhaite. Si les co\u00fbts du nouveau programme devaient exc\u00e9der la somme initiale, le client serait dans l\u2019obligation de s\u2019acquitter de la diff\u00e9rence.<\/p>\n<p>&nbsp;<\/p>\n<h4>8. Modifications des tarifs<\/h4>\n<p>Certains cas exceptionnels (modifications des tarifs des entreprises de transports, etc.) peuvent entra\u00eener une augmentation des prix indiqu\u00e9s. Le client sera inform\u00e9 des modifications tarifaires au minimum deux semaines avant la date du circuit. Si le nouveau montant exc\u00e8de de plus de 10\u00a0% le montant initial, le client peut annuler le voyage dans un d\u00e9lai de 5 jours apr\u00e8s r\u00e9ception de la notification mentionn\u00e9e, sans s\u2019acquitter des frais d\u2019annulation. Les sommes d\u00e9j\u00e0 vers\u00e9es seront rembours\u00e9es. Aucun autre d\u00e9dommagement n\u2019est admis.[\/vc_column_text][\/vc_column][\/vc_row]<\/p>\n<\/div>","protected":false},"excerpt":{"rendered":"<p>[vc_row][vc_column][vc_column_text] Conditions g\u00e9n\u00e9rales des offres \u00a0 [\/vc_column_text][\/vc_column][\/vc_row][vc_row][vc_column][vc_column_text] 1. Inscription et confirmation En confirmant l\u2019acceptation de l\u2019offre par \u00e9crit, le client engage formellement son inscription aux activit\u00e9s qu\u2019il a s\u00e9lectionn\u00e9es aupr\u00e8s de l\u2019association Innovation Academy e.V., par exemple \u00e0 une excursion, un voyage d\u2019\u00e9tude, un s\u00e9minaire, un atelier. Les clauses accessoires, souhaits, conventions et modifications de&hellip;<\/p>\n","protected":false},"author":1,"featured_media":0,"parent":0,"menu_order":0,"comment_status":"closed","ping_status":"closed","template":"","meta":{"footnotes":""},"class_list":["post-3466","page","type-page","status-publish","hentry","description-off"],"yoast_head":"<!-- This site is optimized with the Yoast SEO plugin v26.2 - https:\/\/yoast.com\/wordpress\/plugins\/seo\/ -->\n<title>Conditions g\u00e9n\u00e9rales des offres - Innovation Academy<\/title>\n<meta name=\"robots\" content=\"index, follow, max-snippet:-1, max-image-preview:large, max-video-preview:-1\" \/>\n<link rel=\"canonical\" href=\"https:\/\/www.innovation-academy.de\/fr\/conditions-generales-des-offres\/\" \/>\n<meta property=\"og:locale\" content=\"fr_FR\" \/>\n<meta property=\"og:type\" content=\"article\" \/>\n<meta property=\"og:title\" content=\"Conditions g\u00e9n\u00e9rales des offres - Innovation Academy\" \/>\n<meta property=\"og:description\" content=\"[vc_row][vc_column][vc_column_text] Conditions g\u00e9n\u00e9rales des offres \u00a0 [\/vc_column_text][\/vc_column][\/vc_row][vc_row][vc_column][vc_column_text] 1. Inscription et confirmation En confirmant l\u2019acceptation de l\u2019offre par \u00e9crit, le client engage formellement son inscription aux activit\u00e9s qu\u2019il a s\u00e9lectionn\u00e9es aupr\u00e8s de l\u2019association Innovation Academy e.V., par exemple \u00e0 une excursion, un voyage d\u2019\u00e9tude, un s\u00e9minaire, un atelier. Les clauses accessoires, souhaits, conventions et modifications de&hellip;\" \/>\n<meta property=\"og:url\" content=\"https:\/\/www.innovation-academy.de\/fr\/conditions-generales-des-offres\/\" \/>\n<meta property=\"og:site_name\" content=\"Innovation Academy\" \/>\n<meta property=\"article:modified_time\" content=\"2021-07-15T13:49:23+00:00\" \/>\n<meta name=\"twitter:card\" content=\"summary_large_image\" \/>\n<meta name=\"twitter:label1\" content=\"Dur\u00e9e de lecture estim\u00e9e\" \/>\n\t<meta name=\"twitter:data1\" content=\"4 minutes\" \/>\n<script type=\"application\/ld+json\" class=\"yoast-schema-graph\">{\"@context\":\"https:\/\/schema.org\",\"@graph\":[{\"@type\":\"WebPage\",\"@id\":\"https:\/\/www.innovation-academy.de\/fr\/conditions-generales-des-offres\/\",\"url\":\"https:\/\/www.innovation-academy.de\/fr\/conditions-generales-des-offres\/\",\"name\":\"Conditions g\u00e9n\u00e9rales des offres - Innovation Academy\",\"isPartOf\":{\"@id\":\"https:\/\/www.innovation-academy.de\/fr\/#website\"},\"datePublished\":\"2015-11-09T16:27:32+00:00\",\"dateModified\":\"2021-07-15T13:49:23+00:00\",\"breadcrumb\":{\"@id\":\"https:\/\/www.innovation-academy.de\/fr\/conditions-generales-des-offres\/#breadcrumb\"},\"inLanguage\":\"fr-FR\",\"potentialAction\":[{\"@type\":\"ReadAction\",\"target\":[\"https:\/\/www.innovation-academy.de\/fr\/conditions-generales-des-offres\/\"]}]},{\"@type\":\"BreadcrumbList\",\"@id\":\"https:\/\/www.innovation-academy.de\/fr\/conditions-generales-des-offres\/#breadcrumb\",\"itemListElement\":[{\"@type\":\"ListItem\",\"position\":1,\"name\":\"Home\",\"item\":\"https:\/\/www.innovation-academy.de\/fr\/\"},{\"@type\":\"ListItem\",\"position\":2,\"name\":\"Conditions g\u00e9n\u00e9rales des offres\"}]},{\"@type\":\"WebSite\",\"@id\":\"https:\/\/www.innovation-academy.de\/fr\/#website\",\"url\":\"https:\/\/www.innovation-academy.de\/fr\/\",\"name\":\"Innovation Academy\",\"description\":\"Innovation Academy\",\"potentialAction\":[{\"@type\":\"SearchAction\",\"target\":{\"@type\":\"EntryPoint\",\"urlTemplate\":\"https:\/\/www.innovation-academy.de\/fr\/?s={search_term_string}\"},\"query-input\":{\"@type\":\"PropertyValueSpecification\",\"valueRequired\":true,\"valueName\":\"search_term_string\"}}],\"inLanguage\":\"fr-FR\"}]}<\/script>\n<!-- \/ Yoast SEO plugin. -->","yoast_head_json":{"title":"Conditions g\u00e9n\u00e9rales des offres - Innovation Academy","robots":{"index":"index","follow":"follow","max-snippet":"max-snippet:-1","max-image-preview":"max-image-preview:large","max-video-preview":"max-video-preview:-1"},"canonical":"https:\/\/www.innovation-academy.de\/fr\/conditions-generales-des-offres\/","og_locale":"fr_FR","og_type":"article","og_title":"Conditions g\u00e9n\u00e9rales des offres - Innovation Academy","og_description":"[vc_row][vc_column][vc_column_text] Conditions g\u00e9n\u00e9rales des offres \u00a0 [\/vc_column_text][\/vc_column][\/vc_row][vc_row][vc_column][vc_column_text] 1. Inscription et confirmation En confirmant l\u2019acceptation de l\u2019offre par \u00e9crit, le client engage formellement son inscription aux activit\u00e9s qu\u2019il a s\u00e9lectionn\u00e9es aupr\u00e8s de l\u2019association Innovation Academy e.V., par exemple \u00e0 une excursion, un voyage d\u2019\u00e9tude, un s\u00e9minaire, un atelier. Les clauses accessoires, souhaits, conventions et modifications de&hellip;","og_url":"https:\/\/www.innovation-academy.de\/fr\/conditions-generales-des-offres\/","og_site_name":"Innovation Academy","article_modified_time":"2021-07-15T13:49:23+00:00","twitter_card":"summary_large_image","twitter_misc":{"Dur\u00e9e de lecture estim\u00e9e":"4 minutes"},"schema":{"@context":"https:\/\/schema.org","@graph":[{"@type":"WebPage","@id":"https:\/\/www.innovation-academy.de\/fr\/conditions-generales-des-offres\/","url":"https:\/\/www.innovation-academy.de\/fr\/conditions-generales-des-offres\/","name":"Conditions g\u00e9n\u00e9rales des offres - Innovation Academy","isPartOf":{"@id":"https:\/\/www.innovation-academy.de\/fr\/#website"},"datePublished":"2015-11-09T16:27:32+00:00","dateModified":"2021-07-15T13:49:23+00:00","breadcrumb":{"@id":"https:\/\/www.innovation-academy.de\/fr\/conditions-generales-des-offres\/#breadcrumb"},"inLanguage":"fr-FR","potentialAction":[{"@type":"ReadAction","target":["https:\/\/www.innovation-academy.de\/fr\/conditions-generales-des-offres\/"]}]},{"@type":"BreadcrumbList","@id":"https:\/\/www.innovation-academy.de\/fr\/conditions-generales-des-offres\/#breadcrumb","itemListElement":[{"@type":"ListItem","position":1,"name":"Home","item":"https:\/\/www.innovation-academy.de\/fr\/"},{"@type":"ListItem","position":2,"name":"Conditions g\u00e9n\u00e9rales des offres"}]},{"@type":"WebSite","@id":"https:\/\/www.innovation-academy.de\/fr\/#website","url":"https:\/\/www.innovation-academy.de\/fr\/","name":"Innovation Academy","description":"Innovation Academy","potentialAction":[{"@type":"SearchAction","target":{"@type":"EntryPoint","urlTemplate":"https:\/\/www.innovation-academy.de\/fr\/?s={search_term_string}"},"query-input":{"@type":"PropertyValueSpecification","valueRequired":true,"valueName":"search_term_string"}}],"inLanguage":"fr-FR"}]}},"_links":{"self":[{"href":"https:\/\/www.innovation-academy.de\/fr\/wp-json\/wp\/v2\/pages\/3466","targetHints":{"allow":["GET"]}}],"collection":[{"href":"https:\/\/www.innovation-academy.de\/fr\/wp-json\/wp\/v2\/pages"}],"about":[{"href":"https:\/\/www.innovation-academy.de\/fr\/wp-json\/wp\/v2\/types\/page"}],"author":[{"embeddable":true,"href":"https:\/\/www.innovation-academy.de\/fr\/wp-json\/wp\/v2\/users\/1"}],"replies":[{"embeddable":true,"href":"https:\/\/www.innovation-academy.de\/fr\/wp-json\/wp\/v2\/comments?post=3466"}],"version-history":[{"count":10,"href":"https:\/\/www.innovation-academy.de\/fr\/wp-json\/wp\/v2\/pages\/3466\/revisions"}],"predecessor-version":[{"id":8743,"href":"https:\/\/www.innovation-academy.de\/fr\/wp-json\/wp\/v2\/pages\/3466\/revisions\/8743"}],"wp:attachment":[{"href":"https:\/\/www.innovation-academy.de\/fr\/wp-json\/wp\/v2\/media?parent=3466"}],"curies":[{"name":"wp","href":"https:\/\/api.w.org\/{rel}","templated":true}]}}