{"id":3107,"date":"2015-09-22T13:16:27","date_gmt":"2015-09-22T11:16:27","guid":{"rendered":"http:\/\/www.innovation-academy.de\/kontakt\/"},"modified":"2022-11-21T15:46:55","modified_gmt":"2022-11-21T13:46:55","slug":"contact","status":"publish","type":"page","link":"https:\/\/www.innovation-academy.de\/fr\/contact\/","title":{"rendered":"Contact"},"content":{"rendered":"<div class=\"wpb-content-wrapper\"><p>[vc_row][vc_column][vc_column_text]<\/p>\n<h1 style=\"text-align: center;\"><strong>Contact et demande de visite<\/strong><\/h1>\n<p>[\/vc_column_text]<div class=\"ult-spacer spacer-69d9a5e77555b\" data-id=\"69d9a5e77555b\" data-height=\"30\" data-height-mobile=\"30\" data-height-tab=\"30\" data-height-tab-portrait=\"\" data-height-mobile-landscape=\"\" style=\"clear:both;display:block;\"><\/div>[vc_column_text]Nos programmes sont adapt\u00e9s aux besoins et int\u00e9r\u00eats de nos groupes. Nous \u00e9tablissons volontiers des programmes de visite sur mesure, sans aucune obligation.[\/vc_column_text]<div class=\"ult-spacer spacer-69d9a5e775593\" data-id=\"69d9a5e775593\" data-height=\"50\" data-height-mobile=\"30\" data-height-tab=\"\" data-height-tab-portrait=\"\" data-height-mobile-landscape=\"30\" style=\"clear:both;display:block;\"><\/div><div class=\"dt-fancy-separator h5-size\" style=\"width: 100%;\"><div class=\"dt-fancy-title\"><span class=\"separator-holder separator-left\"><\/span>Bref formulaire de demande<span class=\"separator-holder separator-right\"><\/span><\/div><\/div><div class=\"ult-spacer spacer-69d9a5e7755f8\" data-id=\"69d9a5e7755f8\" data-height=\"30\" data-height-mobile=\"30\" data-height-tab=\"30\" data-height-tab-portrait=\"\" data-height-mobile-landscape=\"\" style=\"clear:both;display:block;\"><\/div>[\/vc_column][\/vc_row][vc_row css=\u00a0\u00bb.vc_custom_1411477992738{background-color: #cecece !important;}\u00a0\u00bb][vc_column][vc_row_inner][vc_column_inner width=\u00a0\u00bb1\/12&Prime;][\/vc_column_inner][vc_column_inner width=\u00a0\u00bb1\/2&Prime;]\n<div class=\"wpcf7 no-js\" id=\"wpcf7-f3757-o1\" lang=\"de-DE\" dir=\"ltr\" data-wpcf7-id=\"3757\">\n<div class=\"screen-reader-response\"><p role=\"status\" aria-live=\"polite\" aria-atomic=\"true\"><\/p> <ul><\/ul><\/div>\n<form action=\"\/fr\/wp-json\/wp\/v2\/pages\/3107#wpcf7-f3757-o1\" method=\"post\" class=\"wpcf7-form init\" aria-label=\"Kontaktformular\" novalidate=\"novalidate\" data-status=\"init\">\n<fieldset class=\"hidden-fields-container\"><input type=\"hidden\" name=\"_wpcf7\" value=\"3757\" \/><input type=\"hidden\" name=\"_wpcf7_version\" value=\"6.1.3\" \/><input type=\"hidden\" name=\"_wpcf7_locale\" value=\"de_DE\" \/><input type=\"hidden\" name=\"_wpcf7_unit_tag\" value=\"wpcf7-f3757-o1\" \/><input type=\"hidden\" name=\"_wpcf7_container_post\" value=\"0\" \/><input type=\"hidden\" name=\"_wpcf7_posted_data_hash\" value=\"\" \/>\n<\/fieldset>\n<p><span class=\"wpcf7-form-control-wrap\" data-name=\"your-name\"><input size=\"40\" maxlength=\"400\" class=\"wpcf7-form-control wpcf7-text wpcf7-validates-as-required\" aria-required=\"true\" aria-invalid=\"false\" placeholder=\"Nom, Pr\u00e9nom *\" value=\"\" type=\"text\" name=\"your-name\" \/><\/span><br \/>\n<span class=\"wpcf7-form-control-wrap\" data-name=\"your-email\"><input size=\"40\" maxlength=\"400\" class=\"wpcf7-form-control wpcf7-email wpcf7-validates-as-required wpcf7-text wpcf7-validates-as-email\" aria-required=\"true\" aria-invalid=\"false\" placeholder=\"Votre adresse Email *\" value=\"\" type=\"email\" name=\"your-email\" \/><\/span><br \/>\n<span class=\"wpcf7-form-control-wrap\" data-name=\"your-tel\"><input size=\"40\" maxlength=\"400\" class=\"wpcf7-form-control wpcf7-tel wpcf7-validates-as-required wpcf7-text wpcf7-validates-as-tel\" aria-required=\"true\" aria-invalid=\"false\" placeholder=\"Votre num\u00e9ro de t\u00e9l\u00e9phone *\" value=\"\" type=\"tel\" name=\"your-tel\" \/><\/span><br \/>\n<span class=\"wpcf7-form-control-wrap\" data-name=\"your-subject\"><input size=\"40\" maxlength=\"400\" class=\"wpcf7-form-control wpcf7-text\" aria-invalid=\"false\" placeholder=\"Objet\" value=\"\" type=\"text\" name=\"your-subject\" \/><\/span><br \/>\n<span class=\"wpcf7-form-control-wrap\" data-name=\"your-message\"><textarea cols=\"40\" rows=\"10\" maxlength=\"2000\" class=\"wpcf7-form-control wpcf7-textarea\" aria-invalid=\"false\" placeholder=\"Votre demande\" name=\"your-message\"><\/textarea><\/span><br \/>\n<span id=\"wpcf7-69d9a5e77791b-wrapper\" class=\"wpcf7-form-control-wrap contact-wrap\" style=\"display:none !important; visibility:hidden !important;\"><label for=\"wpcf7-69d9a5e77791b-field\" class=\"hp-message\">Bitte lasse dieses Feld leer.<\/label><input id=\"wpcf7-69d9a5e77791b-field\"  class=\"wpcf7-form-control wpcf7-text\" type=\"text\" name=\"contact\" value=\"\" size=\"40\" tabindex=\"-1\" autocomplete=\"new-password\" \/><\/span>\n<\/p>\n<p><input class=\"wpcf7-form-control wpcf7-submit has-spinner\" type=\"submit\" value=\"Envoyer\" \/>\n<\/p><div class=\"wpcf7-response-output\" aria-hidden=\"true\"><\/div>\n<\/form>\n<\/div>\n<div class=\"ult-spacer spacer-69d9a5e7780b3\" data-id=\"69d9a5e7780b3\" data-height=\"30\" data-height-mobile=\"30\" data-height-tab=\"30\" data-height-tab-portrait=\"\" data-height-mobile-landscape=\"\" style=\"clear:both;display:block;\"><\/div>[\/vc_column_inner][vc_column_inner width=\u00a0\u00bb1\/12&Prime;][\/vc_column_inner][vc_column_inner width=\u00a0\u00bb3\/12&Prime;][vc_column_text]<\/p>\n<div id=\"text-11\" class=\"widget widget_text\">\n<h3>Informations\/contact<\/h3>\n<div class=\"textwidget\">\n<p>Pour tout compl\u00e9ment d\u2018information, vous pouvez bien s\u00fbr vous adresser \u00e0<\/p>\n<h3 style=\"color: #ffcc33;\">Innovation Academy<\/h3>\n<p>Bertoldstra\u00dfe 45<br \/>\nD &#8211; 79098 Freiburg<\/p>\n<p>Tel.: 00 49 761 400 44 81<br \/>\nFax.: 00 49 761 400 26 30<br \/>\n<a href=\"mailto:info@innovation-academy.de\">info@innovation-academy.de<\/a><\/p>\n<\/div>\n<\/div>\n<p>[\/vc_column_text]<div class=\"ult-spacer spacer-69d9a5e7780d7\" data-id=\"69d9a5e7780d7\" data-height=\"50\" data-height-mobile=\"30\" data-height-tab=\"\" data-height-tab-portrait=\"\" data-height-mobile-landscape=\"30\" style=\"clear:both;display:block;\"><\/div>[\/vc_column_inner][\/vc_row_inner][\/vc_column][\/vc_row]<\/p>\n<\/div>","protected":false},"excerpt":{"rendered":"<p>[vc_row][vc_column][vc_column_text] Contact et demande de visite [\/vc_column_text][vc_column_text]Nos programmes sont adapt\u00e9s aux besoins et int\u00e9r\u00eats de nos groupes. Nous \u00e9tablissons volontiers des programmes de visite sur mesure, sans aucune obligation.[\/vc_column_text][\/vc_column][\/vc_row][vc_row css=\u00a0\u00bb.vc_custom_1411477992738{background-color: #cecece !important;}\u00a0\u00bb][vc_column][vc_row_inner][vc_column_inner width=\u00a0\u00bb1\/12&Prime;][\/vc_column_inner][vc_column_inner width=\u00a0\u00bb1\/2&Prime;][\/vc_column_inner][vc_column_inner width=\u00a0\u00bb1\/12&Prime;][\/vc_column_inner][vc_column_inner width=\u00a0\u00bb3\/12&Prime;][vc_column_text] Informations\/contact Pour tout compl\u00e9ment d\u2018information, vous pouvez bien s\u00fbr vous adresser \u00e0 Innovation Academy Bertoldstra\u00dfe 45 D &#8211; 79098&hellip;<\/p>\n","protected":false},"author":1,"featured_media":0,"parent":0,"menu_order":0,"comment_status":"closed","ping_status":"closed","template":"","meta":{"footnotes":""},"class_list":["post-3107","page","type-page","status-publish","hentry","description-off"],"yoast_head":"<!-- This site is optimized with the Yoast SEO plugin v26.2 - https:\/\/yoast.com\/wordpress\/plugins\/seo\/ -->\n<title>Contact - Innovation Academy<\/title>\n<meta name=\"description\" content=\"Nos programmes sont adapt\u00e9s aux besoins et int\u00e9r\u00eats de nos visiteurs. Nous \u00e9tablissons volontiers un projet de programme de visite sur mesure!\" \/>\n<meta name=\"robots\" content=\"index, follow, max-snippet:-1, max-image-preview:large, max-video-preview:-1\" \/>\n<link rel=\"canonical\" href=\"https:\/\/www.innovation-academy.de\/fr\/contact\/\" \/>\n<meta property=\"og:locale\" content=\"fr_FR\" \/>\n<meta property=\"og:type\" content=\"article\" \/>\n<meta property=\"og:title\" content=\"Contact - Innovation Academy\" \/>\n<meta property=\"og:description\" content=\"Nos programmes sont adapt\u00e9s aux besoins et int\u00e9r\u00eats de nos visiteurs. Nous \u00e9tablissons volontiers un projet de programme de visite sur mesure!\" \/>\n<meta property=\"og:url\" content=\"https:\/\/www.innovation-academy.de\/fr\/contact\/\" \/>\n<meta property=\"og:site_name\" content=\"Innovation Academy\" \/>\n<meta property=\"article:modified_time\" content=\"2022-11-21T13:46:55+00:00\" \/>\n<meta name=\"twitter:card\" content=\"summary_large_image\" \/>\n<meta name=\"twitter:label1\" content=\"Dur\u00e9e de lecture estim\u00e9e\" \/>\n\t<meta name=\"twitter:data1\" content=\"1 minute\" \/>\n<script type=\"application\/ld+json\" class=\"yoast-schema-graph\">{\"@context\":\"https:\/\/schema.org\",\"@graph\":[{\"@type\":\"WebPage\",\"@id\":\"https:\/\/www.innovation-academy.de\/fr\/contact\/\",\"url\":\"https:\/\/www.innovation-academy.de\/fr\/contact\/\",\"name\":\"Contact - Innovation Academy\",\"isPartOf\":{\"@id\":\"https:\/\/www.innovation-academy.de\/fr\/#website\"},\"datePublished\":\"2015-09-22T11:16:27+00:00\",\"dateModified\":\"2022-11-21T13:46:55+00:00\",\"description\":\"Nos programmes sont adapt\u00e9s aux besoins et int\u00e9r\u00eats de nos visiteurs. Nous \u00e9tablissons volontiers un projet de programme de visite sur mesure!\",\"breadcrumb\":{\"@id\":\"https:\/\/www.innovation-academy.de\/fr\/contact\/#breadcrumb\"},\"inLanguage\":\"fr-FR\",\"potentialAction\":[{\"@type\":\"ReadAction\",\"target\":[\"https:\/\/www.innovation-academy.de\/fr\/contact\/\"]}]},{\"@type\":\"BreadcrumbList\",\"@id\":\"https:\/\/www.innovation-academy.de\/fr\/contact\/#breadcrumb\",\"itemListElement\":[{\"@type\":\"ListItem\",\"position\":1,\"name\":\"Home\",\"item\":\"https:\/\/www.innovation-academy.de\/fr\/\"},{\"@type\":\"ListItem\",\"position\":2,\"name\":\"Contact\"}]},{\"@type\":\"WebSite\",\"@id\":\"https:\/\/www.innovation-academy.de\/fr\/#website\",\"url\":\"https:\/\/www.innovation-academy.de\/fr\/\",\"name\":\"Innovation Academy\",\"description\":\"Innovation Academy\",\"potentialAction\":[{\"@type\":\"SearchAction\",\"target\":{\"@type\":\"EntryPoint\",\"urlTemplate\":\"https:\/\/www.innovation-academy.de\/fr\/?s={search_term_string}\"},\"query-input\":{\"@type\":\"PropertyValueSpecification\",\"valueRequired\":true,\"valueName\":\"search_term_string\"}}],\"inLanguage\":\"fr-FR\"}]}<\/script>\n<!-- \/ Yoast SEO plugin. -->","yoast_head_json":{"title":"Contact - Innovation Academy","description":"Nos programmes sont adapt\u00e9s aux besoins et int\u00e9r\u00eats de nos visiteurs. Nous \u00e9tablissons volontiers un projet de programme de visite sur mesure!","robots":{"index":"index","follow":"follow","max-snippet":"max-snippet:-1","max-image-preview":"max-image-preview:large","max-video-preview":"max-video-preview:-1"},"canonical":"https:\/\/www.innovation-academy.de\/fr\/contact\/","og_locale":"fr_FR","og_type":"article","og_title":"Contact - Innovation Academy","og_description":"Nos programmes sont adapt\u00e9s aux besoins et int\u00e9r\u00eats de nos visiteurs. Nous \u00e9tablissons volontiers un projet de programme de visite sur mesure!","og_url":"https:\/\/www.innovation-academy.de\/fr\/contact\/","og_site_name":"Innovation Academy","article_modified_time":"2022-11-21T13:46:55+00:00","twitter_card":"summary_large_image","twitter_misc":{"Dur\u00e9e de lecture estim\u00e9e":"1 minute"},"schema":{"@context":"https:\/\/schema.org","@graph":[{"@type":"WebPage","@id":"https:\/\/www.innovation-academy.de\/fr\/contact\/","url":"https:\/\/www.innovation-academy.de\/fr\/contact\/","name":"Contact - Innovation Academy","isPartOf":{"@id":"https:\/\/www.innovation-academy.de\/fr\/#website"},"datePublished":"2015-09-22T11:16:27+00:00","dateModified":"2022-11-21T13:46:55+00:00","description":"Nos programmes sont adapt\u00e9s aux besoins et int\u00e9r\u00eats de nos visiteurs. Nous \u00e9tablissons volontiers un projet de programme de visite sur mesure!","breadcrumb":{"@id":"https:\/\/www.innovation-academy.de\/fr\/contact\/#breadcrumb"},"inLanguage":"fr-FR","potentialAction":[{"@type":"ReadAction","target":["https:\/\/www.innovation-academy.de\/fr\/contact\/"]}]},{"@type":"BreadcrumbList","@id":"https:\/\/www.innovation-academy.de\/fr\/contact\/#breadcrumb","itemListElement":[{"@type":"ListItem","position":1,"name":"Home","item":"https:\/\/www.innovation-academy.de\/fr\/"},{"@type":"ListItem","position":2,"name":"Contact"}]},{"@type":"WebSite","@id":"https:\/\/www.innovation-academy.de\/fr\/#website","url":"https:\/\/www.innovation-academy.de\/fr\/","name":"Innovation Academy","description":"Innovation Academy","potentialAction":[{"@type":"SearchAction","target":{"@type":"EntryPoint","urlTemplate":"https:\/\/www.innovation-academy.de\/fr\/?s={search_term_string}"},"query-input":{"@type":"PropertyValueSpecification","valueRequired":true,"valueName":"search_term_string"}}],"inLanguage":"fr-FR"}]}},"_links":{"self":[{"href":"https:\/\/www.innovation-academy.de\/fr\/wp-json\/wp\/v2\/pages\/3107","targetHints":{"allow":["GET"]}}],"collection":[{"href":"https:\/\/www.innovation-academy.de\/fr\/wp-json\/wp\/v2\/pages"}],"about":[{"href":"https:\/\/www.innovation-academy.de\/fr\/wp-json\/wp\/v2\/types\/page"}],"author":[{"embeddable":true,"href":"https:\/\/www.innovation-academy.de\/fr\/wp-json\/wp\/v2\/users\/1"}],"replies":[{"embeddable":true,"href":"https:\/\/www.innovation-academy.de\/fr\/wp-json\/wp\/v2\/comments?post=3107"}],"version-history":[{"count":11,"href":"https:\/\/www.innovation-academy.de\/fr\/wp-json\/wp\/v2\/pages\/3107\/revisions"}],"predecessor-version":[{"id":9297,"href":"https:\/\/www.innovation-academy.de\/fr\/wp-json\/wp\/v2\/pages\/3107\/revisions\/9297"}],"wp:attachment":[{"href":"https:\/\/www.innovation-academy.de\/fr\/wp-json\/wp\/v2\/media?parent=3107"}],"curies":[{"name":"wp","href":"https:\/\/api.w.org\/{rel}","templated":true}]}}