{"id":3084,"date":"2015-11-06T19:57:54","date_gmt":"2015-11-06T17:57:54","guid":{"rendered":"http:\/\/www.innovation-academy.de\/muenchen\/"},"modified":"2025-02-28T20:12:43","modified_gmt":"2025-02-28T18:12:43","slug":"visites-guidees-munich","status":"publish","type":"page","link":"https:\/\/www.innovation-academy.de\/fr\/visites-guidees-munich\/","title":{"rendered":"Munich"},"content":{"rendered":"<div class=\"wpb-content-wrapper\"><p>[vc_row][vc_column]<div class=\"ult-spacer spacer-69e9f55526cef\" data-id=\"69e9f55526cef\" data-height=\"30\" data-height-mobile=\"30\" data-height-tab=\"30\" data-height-tab-portrait=\"\" data-height-mobile-landscape=\"\" style=\"clear:both;display:block;\"><\/div>[vc_column_text]<\/p>\n<h1 style=\"text-align: center;\">Munich<\/h1>\n<p>[\/vc_column_text]<div class=\"ult-spacer spacer-69e9f55526d24\" data-id=\"69e9f55526d24\" data-height=\"15\" data-height-mobile=\"15\" data-height-tab=\"15\" data-height-tab-portrait=\"\" data-height-mobile-landscape=\"\" style=\"clear:both;display:block;\"><\/div>[\/vc_column][\/vc_row][vc_row][vc_column width=\u00a0\u00bb1\/3&Prime;][vc_custom_heading text=\u00a0\u00bbSalon Intersolar<\/p>\n<p>G\u00e9othermie<\/p>\n<p>Renaturation de l\u2018Isar<\/p>\n<p>Munich-Riem<\/p>\n<p>M\u00e9tropole \u00e9conomique\u00a0\u00bb font_container=\u00a0\u00bbtag:h2|text_align:center|color:%23dd9933|line_height:2.75&Prime; use_theme_fonts=\u00a0\u00bbyes\u00a0\u00bb css=\u00a0\u00bb.vc_custom_1493983614163{background-color: #dddddd !important;}\u00a0\u00bb][\/vc_column][vc_column width=\u00a0\u00bb2\/3&Prime;][layerslider_vc id=\u00a0\u00bb26&Prime;][\/vc_column][\/vc_row][vc_row][vc_column][vc_column_text css=\u00a0\u00bb\u00a0\u00bb]<strong>Munich, la m\u00e9tropole \u00e9conomique aux pieds des Alpes! <\/strong>Munich est connue dans le monde entier pour son \u00e9quipe de football, le \u00ab\u00a0Bayern de Munich\u00a0\u00bb, la f\u00eate de la bi\u00e8re, l\u2019\u201eOktoberfest\u201c, et en tant que capitale de la Bavi\u00e8re. Avec une population de 1,4 million d&rsquo;habitants et de 6 millions dans l&rsquo;agglom\u00e9ration, Munich est un moteur \u00e9conomique et occupe r\u00e9guli\u00e8rement les premi\u00e8res places dans les classements nationaux et internationaux.<\/p>\n<p>Mais il se passe aussi beaucoup de choses en mati\u00e8re de d\u00e9veloppement durable. Ainsi, les r\u00e9gies municipales de Munich produisent suffisamment d&rsquo;\u00e9lectricit\u00e9 \u00e0 partir des \u00e9nergies renouvelables pour alimenter tous les foyers munichois. La foire de Munich accueille le plus grand salon solaire mondial, Intersolar. De nouveaux quartiers, enti\u00e8rement aliment\u00e9s en chaleur par la g\u00e9othermie, sont planifi\u00e9s et construits pour accueillir une population en croissance de 20.000 habitants par an. L&rsquo;un des points forts de la construction en s\u00e9rie est le plus grand lotissement d\u2019habitations en bois d\u2019Allemagne dans le parc Prinz-Eugen. Par ailleurs, le r\u00e9am\u00e9nagement de la rivi\u00e8re Isar sur une longueur de 8 km est consid\u00e9r\u00e9 \u00e0 l\u2019international comme un exemple remarquable de renaturation des rivi\u00e8res en milieu urbain.[\/vc_column_text][\/vc_column][\/vc_row][vc_row][vc_column][vc_column_text css=\u00a0\u00bb\u00a0\u00bb]<strong>Venez d\u00e9couvrir la<\/strong> <strong>m\u00e9tropole \u00e9conomique bavaroise. Nous nous r\u00e9jouissons d\u2019organiser votre voyage d\u2019\u00e9tudes. Merci d\u2019adresser votre demande \u00e0\u00a0: <\/strong><a href=\"mailto:info@innovation-academy.de\"><strong>info@innovation-academy.de<\/strong><\/a><\/p>\n<p>[\/vc_column_text][\/vc_column][\/vc_row][vc_row][vc_column]<div class=\"ult-spacer spacer-69e9f55526d42\" data-id=\"69e9f55526d42\" data-height=\"30\" data-height-mobile=\"30\" data-height-tab=\"30\" data-height-tab-portrait=\"\" data-height-mobile-landscape=\"\" style=\"clear:both;display:block;\"><\/div><div class=\"dt-fancy-separator title-left h1-size\" style=\"width: 100%;\"><div class=\"dt-fancy-title\"><span class=\"separator-holder separator-left\"><\/span>Munich pour les d\u00e9l\u00e9gations professionnelles et les universit\u00e9s<span class=\"separator-holder separator-right\"><\/span><\/div><\/div><div class=\"ult-spacer spacer-69e9f55526db0\" data-id=\"69e9f55526db0\" data-height=\"30\" data-height-mobile=\"30\" data-height-tab=\"30\" data-height-tab-portrait=\"\" data-height-mobile-landscape=\"\" style=\"clear:both;display:block;\"><\/div><div class=\"dt-shortcode with-isotope\"><div class=\"wf-container dt-blog-shortcode loading-effect-none iso-grid description-under-image content-align-left\" data-padding=\"20px\" data-cur-page=\"1\" data-posts-per-page=\"-1\" data-width=\"370px\" data-columns=\"3\">\n<div class=\"wf-cell\" data-post-id=\"2903\" data-date=\"2017-01-09T20:23:59+02:00\" data-name=\"Mesures de renaturation de l\u2019Isar\">\n\t<article class=\"post post-2903 type-post status-publish format-standard has-post-thumbnail hentry category-munich-delegations-professionnelles-protection-de-la-nature category-149 description-off\">\n\n\t\t\n\t\t\t<div class=\"blog-media wf-td\">\n\n\t\t\t\t<p><a href=\"https:\/\/www.innovation-academy.de\/fr\/mesures-renaturation-de-l-isar\/\" class=\"alignnone rollover layzr-bg\" ><img fetchpriority=\"high\" decoding=\"async\" class=\"preload-me iso-lazy-load aspect\" src=\"data:image\/svg+xml,%3Csvg%20xmlns%3D&#39;http%3A%2F%2Fwww.w3.org%2F2000%2Fsvg&#39;%20viewBox%3D&#39;0%200%20400%20299&#39;%2F%3E\" data-src=\"https:\/\/www.innovation-academy.de\/wp-content\/uploads\/Munich_Isar.jpg\" data-srcset=\"https:\/\/www.innovation-academy.de\/wp-content\/uploads\/Munich_Isar.jpg 400w\" loading=\"eager\" style=\"--ratio: 400 \/ 299\" sizes=\"(max-width: 400px) 100vw, 400px\" alt=\"\" title=\"Munich_Isar\" width=\"400\" height=\"299\"  \/><\/a><\/p>\n\t\t\t<\/div>\n\n\t\t\n\t\t<div class=\"blog-content wf-td\">\n\t\t\t<h3 class=\"entry-title\"><a href=\"https:\/\/www.innovation-academy.de\/fr\/mesures-renaturation-de-l-isar\/\" title=\"Mesures de renaturation de l\u2019Isar\" rel=\"bookmark\">Mesures de renaturation de l\u2019Isar<\/a><\/h3>\n\n\t\t\t\n\t\t<\/div>\n\n\t<\/article>\n\n<\/div>\n<div class=\"wf-cell\" data-post-id=\"2910\" data-date=\"2017-01-08T19:55:02+02:00\" data-name=\"L\u2019urbanisation \u00e0 Munich\">\n\t<article class=\"post post-2910 type-post status-publish format-standard has-post-thumbnail hentry category-munich-delegations-professionnelles-urbanismemobilite category-150 description-off\">\n\n\t\t\n\t\t\t<div class=\"blog-media wf-td\">\n\n\t\t\t\t<p><a href=\"https:\/\/www.innovation-academy.de\/fr\/urbanisation-munich\/\" class=\"alignnone rollover layzr-bg\" ><img decoding=\"async\" class=\"preload-me iso-lazy-load aspect\" src=\"data:image\/svg+xml,%3Csvg%20xmlns%3D&#39;http%3A%2F%2Fwww.w3.org%2F2000%2Fsvg&#39;%20viewBox%3D&#39;0%200%20400%20299&#39;%2F%3E\" data-src=\"https:\/\/www.innovation-academy.de\/wp-content\/uploads\/Munich_Urban.jpg\" data-srcset=\"https:\/\/www.innovation-academy.de\/wp-content\/uploads\/Munich_Urban.jpg 400w\" loading=\"eager\" style=\"--ratio: 400 \/ 299\" sizes=\"(max-width: 400px) 100vw, 400px\" alt=\"\" title=\"Munich_Urban\" width=\"400\" height=\"299\"  \/><\/a><\/p>\n\t\t\t<\/div>\n\n\t\t\n\t\t<div class=\"blog-content wf-td\">\n\t\t\t<h3 class=\"entry-title\"><a href=\"https:\/\/www.innovation-academy.de\/fr\/urbanisation-munich\/\" title=\"L\u2019urbanisation \u00e0 Munich\" rel=\"bookmark\">L\u2019urbanisation \u00e0 Munich<\/a><\/h3>\n\n\t\t\t\n\t\t<\/div>\n\n\t<\/article>\n\n<\/div>\n<div class=\"wf-cell\" data-post-id=\"2913\" data-date=\"2017-01-08T19:46:57+02:00\" data-name=\"La mobilit\u00e9 \u00e0 Munich\">\n\t<article class=\"post post-2913 type-post status-publish format-standard has-post-thumbnail hentry category-munich-delegations-professionnelles-urbanismemobilite category-150 description-off\">\n\n\t\t\n\t\t\t<div class=\"blog-media wf-td\">\n\n\t\t\t\t<p><a href=\"https:\/\/www.innovation-academy.de\/fr\/mobilite-munich\/\" class=\"alignnone rollover layzr-bg\" ><img decoding=\"async\" class=\"preload-me iso-lazy-load aspect\" src=\"data:image\/svg+xml,%3Csvg%20xmlns%3D&#39;http%3A%2F%2Fwww.w3.org%2F2000%2Fsvg&#39;%20viewBox%3D&#39;0%200%20400%20299&#39;%2F%3E\" data-src=\"https:\/\/www.innovation-academy.de\/wp-content\/uploads\/Munich_Mobil.jpg\" data-srcset=\"https:\/\/www.innovation-academy.de\/wp-content\/uploads\/Munich_Mobil.jpg 400w\" loading=\"eager\" style=\"--ratio: 400 \/ 299\" sizes=\"(max-width: 400px) 100vw, 400px\" alt=\"\" title=\"Munich_Mobil\" width=\"400\" height=\"299\"  \/><\/a><\/p>\n\t\t\t<\/div>\n\n\t\t\n\t\t<div class=\"blog-content wf-td\">\n\t\t\t<h3 class=\"entry-title\"><a href=\"https:\/\/www.innovation-academy.de\/fr\/mobilite-munich\/\" title=\"La mobilit\u00e9 \u00e0 Munich\" rel=\"bookmark\">La mobilit\u00e9 \u00e0 Munich<\/a><\/h3>\n\n\t\t\t\n\t\t<\/div>\n\n\t<\/article>\n\n<\/div>\n<div class=\"wf-cell\" data-post-id=\"2916\" data-date=\"2017-01-08T19:25:41+02:00\" data-name=\"Munich et les \u00e9nergies renouvelables\">\n\t<article class=\"post post-2916 type-post status-publish format-standard has-post-thumbnail hentry category-munich-delegations-professionnelles-energie category-148 description-off\">\n\n\t\t\n\t\t\t<div class=\"blog-media wf-td\">\n\n\t\t\t\t<p><a href=\"https:\/\/www.innovation-academy.de\/fr\/munich-energies-renouvelables\/\" class=\"alignnone rollover layzr-bg\" ><img decoding=\"async\" class=\"preload-me iso-lazy-load aspect\" src=\"data:image\/svg+xml,%3Csvg%20xmlns%3D&#39;http%3A%2F%2Fwww.w3.org%2F2000%2Fsvg&#39;%20viewBox%3D&#39;0%200%20400%20299&#39;%2F%3E\" data-src=\"https:\/\/www.innovation-academy.de\/wp-content\/uploads\/Munich_Erneuerbar.jpg\" data-srcset=\"https:\/\/www.innovation-academy.de\/wp-content\/uploads\/Munich_Erneuerbar.jpg 400w\" loading=\"eager\" style=\"--ratio: 400 \/ 299\" sizes=\"(max-width: 400px) 100vw, 400px\" alt=\"\" title=\"Munich_Erneuerbar\" width=\"400\" height=\"299\"  \/><\/a><\/p>\n\t\t\t<\/div>\n\n\t\t\n\t\t<div class=\"blog-content wf-td\">\n\t\t\t<h3 class=\"entry-title\"><a href=\"https:\/\/www.innovation-academy.de\/fr\/munich-energies-renouvelables\/\" title=\"Munich et les \u00e9nergies renouvelables\" rel=\"bookmark\">Munich et les \u00e9nergies renouvelables<\/a><\/h3>\n\n\t\t\t\n\t\t<\/div>\n\n\t<\/article>\n\n<\/div><\/div><\/div><div class=\"ult-spacer spacer-69e9f5552d1f5\" data-id=\"69e9f5552d1f5\" data-height=\"30\" data-height-mobile=\"30\" data-height-tab=\"30\" data-height-tab-portrait=\"\" data-height-mobile-landscape=\"\" style=\"clear:both;display:block;\"><\/div>[\/vc_column][\/vc_row][vc_row][vc_column]<div class=\"ult-spacer spacer-69e9f5552d215\" data-id=\"69e9f5552d215\" data-height=\"30\" data-height-mobile=\"30\" data-height-tab=\"30\" data-height-tab-portrait=\"\" data-height-mobile-landscape=\"\" style=\"clear:both;display:block;\"><\/div>[\/vc_column][\/vc_row]<\/p>\n<\/div>","protected":false},"excerpt":{"rendered":"<p>[vc_row][vc_column][vc_column_text] Munich [\/vc_column_text][\/vc_column][\/vc_row][vc_row][vc_column width=\u00a0\u00bb1\/3&Prime;][vc_custom_heading text=\u00a0\u00bbSalon Intersolar G\u00e9othermie Renaturation de l\u2018Isar Munich-Riem M\u00e9tropole \u00e9conomique\u00a0\u00bb font_container=\u00a0\u00bbtag:h2|text_align:center|color:%23dd9933|line_height:2.75&Prime; use_theme_fonts=\u00a0\u00bbyes\u00a0\u00bb css=\u00a0\u00bb.vc_custom_1493983614163{background-color: #dddddd !important;}\u00a0\u00bb][\/vc_column][vc_column width=\u00a0\u00bb2\/3&Prime;][layerslider_vc id=\u00a0\u00bb26&Prime;][\/vc_column][\/vc_row][vc_row][vc_column][vc_column_text css=\u00a0\u00bb\u00a0\u00bb]Munich, la m\u00e9tropole \u00e9conomique aux pieds des Alpes! Munich est connue dans le monde entier pour son \u00e9quipe de football, le \u00ab\u00a0Bayern de Munich\u00a0\u00bb, la f\u00eate de la bi\u00e8re, l\u2019\u201eOktoberfest\u201c, et en tant que capitale&hellip;<\/p>\n","protected":false},"author":1,"featured_media":0,"parent":0,"menu_order":0,"comment_status":"closed","ping_status":"closed","template":"","meta":{"footnotes":""},"class_list":["post-3084","page","type-page","status-publish","hentry","description-off"],"yoast_head":"<!-- This site is optimized with the Yoast SEO plugin v26.2 - https:\/\/yoast.com\/wordpress\/plugins\/seo\/ -->\n<title>Munich - Innovation Academy<\/title>\n<meta name=\"robots\" content=\"index, follow, max-snippet:-1, max-image-preview:large, max-video-preview:-1\" \/>\n<link rel=\"canonical\" href=\"https:\/\/www.innovation-academy.de\/fr\/visites-guidees-munich\/\" \/>\n<meta property=\"og:locale\" content=\"fr_FR\" \/>\n<meta property=\"og:type\" content=\"article\" \/>\n<meta property=\"og:title\" content=\"Munich - Innovation Academy\" \/>\n<meta property=\"og:description\" content=\"[vc_row][vc_column][vc_column_text] Munich [\/vc_column_text][\/vc_column][\/vc_row][vc_row][vc_column width=\u00a0\u00bb1\/3&Prime;][vc_custom_heading text=\u00a0\u00bbSalon Intersolar G\u00e9othermie Renaturation de l\u2018Isar Munich-Riem M\u00e9tropole \u00e9conomique\u00a0\u00bb font_container=\u00a0\u00bbtag:h2|text_align:center|color:%23dd9933|line_height:2.75&Prime; use_theme_fonts=\u00a0\u00bbyes\u00a0\u00bb css=\u00a0\u00bb.vc_custom_1493983614163{background-color: #dddddd !important;}\u00a0\u00bb][\/vc_column][vc_column width=\u00a0\u00bb2\/3&Prime;][layerslider_vc id=\u00a0\u00bb26&Prime;][\/vc_column][\/vc_row][vc_row][vc_column][vc_column_text css=\u00a0\u00bb\u00a0\u00bb]Munich, la m\u00e9tropole \u00e9conomique aux pieds des Alpes! Munich est connue dans le monde entier pour son \u00e9quipe de football, le \u00ab\u00a0Bayern de Munich\u00a0\u00bb, la f\u00eate de la bi\u00e8re, l\u2019\u201eOktoberfest\u201c, et en tant que capitale&hellip;\" \/>\n<meta property=\"og:url\" content=\"https:\/\/www.innovation-academy.de\/fr\/visites-guidees-munich\/\" \/>\n<meta property=\"og:site_name\" content=\"Innovation Academy\" \/>\n<meta property=\"article:modified_time\" content=\"2025-02-28T18:12:43+00:00\" \/>\n<meta name=\"twitter:card\" content=\"summary_large_image\" \/>\n<meta name=\"twitter:label1\" content=\"Dur\u00e9e de lecture estim\u00e9e\" \/>\n\t<meta name=\"twitter:data1\" content=\"2 minutes\" \/>\n<script type=\"application\/ld+json\" class=\"yoast-schema-graph\">{\"@context\":\"https:\/\/schema.org\",\"@graph\":[{\"@type\":\"WebPage\",\"@id\":\"https:\/\/www.innovation-academy.de\/fr\/visites-guidees-munich\/\",\"url\":\"https:\/\/www.innovation-academy.de\/fr\/visites-guidees-munich\/\",\"name\":\"Munich - Innovation Academy\",\"isPartOf\":{\"@id\":\"https:\/\/www.innovation-academy.de\/fr\/#website\"},\"datePublished\":\"2015-11-06T17:57:54+00:00\",\"dateModified\":\"2025-02-28T18:12:43+00:00\",\"breadcrumb\":{\"@id\":\"https:\/\/www.innovation-academy.de\/fr\/visites-guidees-munich\/#breadcrumb\"},\"inLanguage\":\"fr-FR\",\"potentialAction\":[{\"@type\":\"ReadAction\",\"target\":[\"https:\/\/www.innovation-academy.de\/fr\/visites-guidees-munich\/\"]}]},{\"@type\":\"BreadcrumbList\",\"@id\":\"https:\/\/www.innovation-academy.de\/fr\/visites-guidees-munich\/#breadcrumb\",\"itemListElement\":[{\"@type\":\"ListItem\",\"position\":1,\"name\":\"Home\",\"item\":\"https:\/\/www.innovation-academy.de\/fr\/\"},{\"@type\":\"ListItem\",\"position\":2,\"name\":\"Munich\"}]},{\"@type\":\"WebSite\",\"@id\":\"https:\/\/www.innovation-academy.de\/fr\/#website\",\"url\":\"https:\/\/www.innovation-academy.de\/fr\/\",\"name\":\"Innovation Academy\",\"description\":\"Innovation Academy\",\"potentialAction\":[{\"@type\":\"SearchAction\",\"target\":{\"@type\":\"EntryPoint\",\"urlTemplate\":\"https:\/\/www.innovation-academy.de\/fr\/?s={search_term_string}\"},\"query-input\":{\"@type\":\"PropertyValueSpecification\",\"valueRequired\":true,\"valueName\":\"search_term_string\"}}],\"inLanguage\":\"fr-FR\"}]}<\/script>\n<!-- \/ Yoast SEO plugin. -->","yoast_head_json":{"title":"Munich - Innovation Academy","robots":{"index":"index","follow":"follow","max-snippet":"max-snippet:-1","max-image-preview":"max-image-preview:large","max-video-preview":"max-video-preview:-1"},"canonical":"https:\/\/www.innovation-academy.de\/fr\/visites-guidees-munich\/","og_locale":"fr_FR","og_type":"article","og_title":"Munich - Innovation Academy","og_description":"[vc_row][vc_column][vc_column_text] Munich [\/vc_column_text][\/vc_column][\/vc_row][vc_row][vc_column width=\u00a0\u00bb1\/3&Prime;][vc_custom_heading text=\u00a0\u00bbSalon Intersolar G\u00e9othermie Renaturation de l\u2018Isar Munich-Riem M\u00e9tropole \u00e9conomique\u00a0\u00bb font_container=\u00a0\u00bbtag:h2|text_align:center|color:%23dd9933|line_height:2.75&Prime; use_theme_fonts=\u00a0\u00bbyes\u00a0\u00bb css=\u00a0\u00bb.vc_custom_1493983614163{background-color: #dddddd !important;}\u00a0\u00bb][\/vc_column][vc_column width=\u00a0\u00bb2\/3&Prime;][layerslider_vc id=\u00a0\u00bb26&Prime;][\/vc_column][\/vc_row][vc_row][vc_column][vc_column_text css=\u00a0\u00bb\u00a0\u00bb]Munich, la m\u00e9tropole \u00e9conomique aux pieds des Alpes! Munich est connue dans le monde entier pour son \u00e9quipe de football, le \u00ab\u00a0Bayern de Munich\u00a0\u00bb, la f\u00eate de la bi\u00e8re, l\u2019\u201eOktoberfest\u201c, et en tant que capitale&hellip;","og_url":"https:\/\/www.innovation-academy.de\/fr\/visites-guidees-munich\/","og_site_name":"Innovation Academy","article_modified_time":"2025-02-28T18:12:43+00:00","twitter_card":"summary_large_image","twitter_misc":{"Dur\u00e9e de lecture estim\u00e9e":"2 minutes"},"schema":{"@context":"https:\/\/schema.org","@graph":[{"@type":"WebPage","@id":"https:\/\/www.innovation-academy.de\/fr\/visites-guidees-munich\/","url":"https:\/\/www.innovation-academy.de\/fr\/visites-guidees-munich\/","name":"Munich - Innovation Academy","isPartOf":{"@id":"https:\/\/www.innovation-academy.de\/fr\/#website"},"datePublished":"2015-11-06T17:57:54+00:00","dateModified":"2025-02-28T18:12:43+00:00","breadcrumb":{"@id":"https:\/\/www.innovation-academy.de\/fr\/visites-guidees-munich\/#breadcrumb"},"inLanguage":"fr-FR","potentialAction":[{"@type":"ReadAction","target":["https:\/\/www.innovation-academy.de\/fr\/visites-guidees-munich\/"]}]},{"@type":"BreadcrumbList","@id":"https:\/\/www.innovation-academy.de\/fr\/visites-guidees-munich\/#breadcrumb","itemListElement":[{"@type":"ListItem","position":1,"name":"Home","item":"https:\/\/www.innovation-academy.de\/fr\/"},{"@type":"ListItem","position":2,"name":"Munich"}]},{"@type":"WebSite","@id":"https:\/\/www.innovation-academy.de\/fr\/#website","url":"https:\/\/www.innovation-academy.de\/fr\/","name":"Innovation Academy","description":"Innovation Academy","potentialAction":[{"@type":"SearchAction","target":{"@type":"EntryPoint","urlTemplate":"https:\/\/www.innovation-academy.de\/fr\/?s={search_term_string}"},"query-input":{"@type":"PropertyValueSpecification","valueRequired":true,"valueName":"search_term_string"}}],"inLanguage":"fr-FR"}]}},"_links":{"self":[{"href":"https:\/\/www.innovation-academy.de\/fr\/wp-json\/wp\/v2\/pages\/3084","targetHints":{"allow":["GET"]}}],"collection":[{"href":"https:\/\/www.innovation-academy.de\/fr\/wp-json\/wp\/v2\/pages"}],"about":[{"href":"https:\/\/www.innovation-academy.de\/fr\/wp-json\/wp\/v2\/types\/page"}],"author":[{"embeddable":true,"href":"https:\/\/www.innovation-academy.de\/fr\/wp-json\/wp\/v2\/users\/1"}],"replies":[{"embeddable":true,"href":"https:\/\/www.innovation-academy.de\/fr\/wp-json\/wp\/v2\/comments?post=3084"}],"version-history":[{"count":6,"href":"https:\/\/www.innovation-academy.de\/fr\/wp-json\/wp\/v2\/pages\/3084\/revisions"}],"predecessor-version":[{"id":3085,"href":"https:\/\/www.innovation-academy.de\/fr\/wp-json\/wp\/v2\/pages\/3084\/revisions\/3085"}],"wp:attachment":[{"href":"https:\/\/www.innovation-academy.de\/fr\/wp-json\/wp\/v2\/media?parent=3084"}],"curies":[{"name":"wp","href":"https:\/\/api.w.org\/{rel}","templated":true}]}}