{"id":3081,"date":"2015-11-06T19:44:06","date_gmt":"2015-11-06T17:44:06","guid":{"rendered":"http:\/\/www.innovation-academy.de\/upper-rhine-valley\/"},"modified":"2022-12-26T18:44:44","modified_gmt":"2022-12-26T16:44:44","slug":"upper-rhine-valley-vallee-du-rhin-superieur","status":"publish","type":"page","link":"https:\/\/www.innovation-academy.de\/fr\/upper-rhine-valley-vallee-du-rhin-superieur\/","title":{"rendered":"Upper Rhine Valley &#8211; la vall\u00e9e du Rhin sup\u00e9rieur"},"content":{"rendered":"<div class=\"wpb-content-wrapper\"><p>[vc_row][vc_column]<div class=\"ult-spacer spacer-69e007b7d7df4\" data-id=\"69e007b7d7df4\" data-height=\"30\" data-height-mobile=\"30\" data-height-tab=\"30\" data-height-tab-portrait=\"\" data-height-mobile-landscape=\"\" style=\"clear:both;display:block;\"><\/div>[vc_column_text]<\/p>\n<h1 style=\"text-align: center;\">Upper Rhine Valley &#8211; la vall\u00e9e du Rhin sup\u00e9rieur<\/h1>\n<p>[\/vc_column_text]<div class=\"ult-spacer spacer-69e007b7d7e23\" data-id=\"69e007b7d7e23\" data-height=\"15\" data-height-mobile=\"15\" data-height-tab=\"15\" data-height-tab-portrait=\"\" data-height-mobile-landscape=\"\" style=\"clear:both;display:block;\"><\/div>[\/vc_column][\/vc_row][vc_row][vc_column width=\u00a0\u00bb1\/3&Prime;][vc_custom_heading text=\u00a0\u00bbFribourg, la \u201eGreencity\u201c,<\/p>\n<p>B\u00e2le &#8211; la ville des trois pays<\/p>\n<p>Mulhouse &#8211; ville en transition<\/p>\n<p>Karlsruhe &#8211; ville des techniques<\/p>\n<p>Strasbourg &#8211; ville europ\u00e9enne<\/p>\n<p>la protection contre les inondations sur le cours du Rhin\u00a0\u00bb font_container=\u00a0\u00bbtag:h3|text_align:center|color:%23dd9933|line_height:3&Prime; use_theme_fonts=\u00a0\u00bbyes\u00a0\u00bb css=\u00a0\u00bb.vc_custom_1493983298038{background-color: #dddddd !important;}\u00a0\u00bb][\/vc_column][vc_column width=\u00a0\u00bb1\/3&Prime;][vc_single_image image=\u00a0\u00bb1144&Prime; img_size=\u00a0\u00bbfull\u00a0\u00bb][\/vc_column][vc_column width=\u00a0\u00bb1\/3&Prime;][vc_column_text]Une r\u00e9gion transfrontali\u00e8re mod\u00e8le! La r\u00e9gion trinationale du Rhin sup\u00e9rieur comprend l\u2019Alsace, le sud et le centre du Pays de Bade, le sud du Palatinat c\u00f4t\u00e9 allemand ainsi que les cantons suisses de B\u00e2le, B\u00e2le-Campagne, Jura, Soleure et Argovie. Les paysages phares comme la For\u00eat-Noire, la r\u00e9gion volcanique du Kaiserstuhl ou les Vosges et les villes de B\u00e2le, Mulhouse, Fribourg en Brisgau, Strasbourg et Karlsruhe forment une r\u00e9gion unique de par sa diversit\u00e9 au coeur de l\u2019Europe. Depuis longtemps, la r\u00e9gion est aussi devenue un symbole de coop\u00e9ration europ\u00e9enne et s\u2019est d\u00e9velopp\u00e9e en un p\u00f4le de comp\u00e9tences pour un gestion d&rsquo;avenir.<\/p>\n<p>&nbsp;<\/p>\n<p>Innovation Academy vous montre les projets et solutions les plus innovants des trois pays.<\/p>\n<p>Informez-vous ici sur nos offres transfrontali\u00e8res ou contactez nous.[\/vc_column_text][\/vc_column][\/vc_row][vc_row][vc_column]<div class=\"ult-spacer spacer-69e007b7d7e3e\" data-id=\"69e007b7d7e3e\" data-height=\"30\" data-height-mobile=\"30\" data-height-tab=\"30\" data-height-tab-portrait=\"\" data-height-mobile-landscape=\"\" style=\"clear:both;display:block;\"><\/div>[\/vc_column][\/vc_row][vc_row][vc_column]<div class=\"ult-spacer spacer-69e007b7d7e56\" data-id=\"69e007b7d7e56\" data-height=\"30\" data-height-mobile=\"30\" data-height-tab=\"30\" data-height-tab-portrait=\"\" data-height-mobile-landscape=\"\" style=\"clear:both;display:block;\"><\/div><div class=\"dt-fancy-separator title-left h1-size\" style=\"width: 100%;\"><div class=\"dt-fancy-title\"><span class=\"separator-holder separator-left\"><\/span>Upper Rhine Valley pour les d\u00e9l\u00e9gations professionnelles et les universit\u00e9s<span class=\"separator-holder separator-right\"><\/span><\/div><\/div><div class=\"ult-spacer spacer-69e007b7d7e9d\" data-id=\"69e007b7d7e9d\" data-height=\"30\" data-height-mobile=\"30\" data-height-tab=\"30\" data-height-tab-portrait=\"\" data-height-mobile-landscape=\"\" style=\"clear:both;display:block;\"><\/div><div class=\"dt-shortcode with-isotope\"><div class=\"wf-container dt-blog-shortcode loading-effect-none iso-grid description-under-image content-align-left\" data-padding=\"20px\" data-cur-page=\"1\" data-posts-per-page=\"-1\" data-width=\"370px\" data-columns=\"3\">\n<div class=\"wf-cell\" data-post-id=\"3840\" data-date=\"2017-09-06T13:52:50+02:00\" data-name=\"Visites sur le th\u00e8me de l\u2019agriculture biologique\">\n\t<article class=\"post post-3840 type-post status-publish format-standard has-post-thumbnail hentry category-upper-rhine-valley-delegations-professionnelles-protection-de-la-nature category-166 description-off\">\n\n\t\t\n\t\t\t<div class=\"blog-media wf-td\">\n\n\t\t\t\t<p><a href=\"https:\/\/www.innovation-academy.de\/fr\/visites-agriculture-biologique\/\" class=\"alignnone rollover layzr-bg\" ><img fetchpriority=\"high\" decoding=\"async\" class=\"preload-me iso-lazy-load aspect\" src=\"data:image\/svg+xml,%3Csvg%20xmlns%3D&#39;http%3A%2F%2Fwww.w3.org%2F2000%2Fsvg&#39;%20viewBox%3D&#39;0%200%20400%20300&#39;%2F%3E\" data-src=\"https:\/\/www.innovation-academy.de\/wp-content\/uploads\/URV_Landwirtschaft.jpg\" data-srcset=\"https:\/\/www.innovation-academy.de\/wp-content\/uploads\/URV_Landwirtschaft.jpg 400w\" loading=\"eager\" style=\"--ratio: 400 \/ 300\" sizes=\"(max-width: 400px) 100vw, 400px\" alt=\"\" title=\"URV_Landwirtschaft\" width=\"400\" height=\"300\"  \/><\/a><\/p>\n\t\t\t<\/div>\n\n\t\t\n\t\t<div class=\"blog-content wf-td\">\n\t\t\t<h3 class=\"entry-title\"><a href=\"https:\/\/www.innovation-academy.de\/fr\/visites-agriculture-biologique\/\" title=\"Visites sur le th\u00e8me de l\u2019agriculture biologique\" rel=\"bookmark\">Visites sur le th\u00e8me de l\u2019agriculture biologique<\/a><\/h3>\n\n\t\t\t\n\t\t<\/div>\n\n\t<\/article>\n\n<\/div>\n<div class=\"wf-cell\" data-post-id=\"2840\" data-date=\"2017-02-03T15:37:31+02:00\" data-name=\"La protection contre les inondations et le g\u00e9nie biologique\">\n\t<article class=\"post post-2840 type-post status-publish format-standard has-post-thumbnail hentry category-upper-rhine-valley-delegations-professionnelles-protection-de-la-nature category-166 description-off\">\n\n\t\t\n\t\t\t<div class=\"blog-media wf-td\">\n\n\t\t\t\t<p><a href=\"https:\/\/www.innovation-academy.de\/fr\/protection-contre-inondations-genie-biologique\/\" class=\"alignnone rollover layzr-bg\" ><img decoding=\"async\" class=\"preload-me iso-lazy-load aspect\" src=\"data:image\/svg+xml,%3Csvg%20xmlns%3D&#39;http%3A%2F%2Fwww.w3.org%2F2000%2Fsvg&#39;%20viewBox%3D&#39;0%200%20400%20300&#39;%2F%3E\" data-src=\"https:\/\/www.innovation-academy.de\/wp-content\/uploads\/URV_Hochwasserschutzl.jpg\" data-srcset=\"https:\/\/www.innovation-academy.de\/wp-content\/uploads\/URV_Hochwasserschutzl.jpg 400w\" loading=\"eager\" style=\"--ratio: 400 \/ 300\" sizes=\"(max-width: 400px) 100vw, 400px\" alt=\"\" title=\"URV_Hochwasserschutzl\" width=\"400\" height=\"300\"  \/><\/a><\/p>\n\t\t\t<\/div>\n\n\t\t\n\t\t<div class=\"blog-content wf-td\">\n\t\t\t<h3 class=\"entry-title\"><a href=\"https:\/\/www.innovation-academy.de\/fr\/protection-contre-inondations-genie-biologique\/\" title=\"La protection contre les inondations et le g\u00e9nie biologique\" rel=\"bookmark\">La protection contre les inondations et le g\u00e9nie biologique<\/a><\/h3>\n\n\t\t\t\n\t\t<\/div>\n\n\t<\/article>\n\n<\/div>\n<div class=\"wf-cell\" data-post-id=\"2873\" data-date=\"2017-01-25T11:54:00+02:00\" data-name=\"Urbanisme dans la r\u00e9gion des Trois Pays\">\n\t<article class=\"post post-2873 type-post status-publish format-standard has-post-thumbnail hentry category-upper-rhine-valley-delegations-professionnelles-urbanismemobilite category-167 description-off\">\n\n\t\t\n\t\t\t<div class=\"blog-media wf-td\">\n\n\t\t\t\t<p><a href=\"https:\/\/www.innovation-academy.de\/fr\/urbanisme-durable\/\" class=\"alignnone rollover layzr-bg\" ><img decoding=\"async\" class=\"preload-me iso-lazy-load aspect\" src=\"data:image\/svg+xml,%3Csvg%20xmlns%3D&#39;http%3A%2F%2Fwww.w3.org%2F2000%2Fsvg&#39;%20viewBox%3D&#39;0%200%20400%20300&#39;%2F%3E\" data-src=\"https:\/\/www.innovation-academy.de\/wp-content\/uploads\/URV_Staedtetour.jpg\" data-srcset=\"https:\/\/www.innovation-academy.de\/wp-content\/uploads\/URV_Staedtetour.jpg 400w\" loading=\"eager\" style=\"--ratio: 400 \/ 300\" sizes=\"(max-width: 400px) 100vw, 400px\" alt=\"\" title=\"URV_Staedtetour\" width=\"400\" height=\"300\"  \/><\/a><\/p>\n\t\t\t<\/div>\n\n\t\t\n\t\t<div class=\"blog-content wf-td\">\n\t\t\t<h3 class=\"entry-title\"><a href=\"https:\/\/www.innovation-academy.de\/fr\/urbanisme-durable\/\" title=\"Urbanisme dans la r\u00e9gion des Trois Pays\" rel=\"bookmark\">Urbanisme dans la r\u00e9gion des Trois Pays<\/a><\/h3>\n\n\t\t\t\n\t\t<\/div>\n\n\t<\/article>\n\n<\/div>\n<div class=\"wf-cell\" data-post-id=\"2900\" data-date=\"2017-01-12T11:40:11+02:00\" data-name=\"S\u00e9minaire protection de la nature dans la vall\u00e9e du Rhin sup\u00e9rieur\">\n\t<article class=\"post post-2900 type-post status-publish format-standard has-post-thumbnail hentry category-upper-rhine-valley-delegations-professionnelles-protection-de-la-nature category-166 description-off\">\n\n\t\t\n\t\t\t<div class=\"blog-media wf-td\">\n\n\t\t\t\t<p><a href=\"https:\/\/www.innovation-academy.de\/fr\/seminaire-protection-nature-vallee-du-rhin\/\" class=\"alignnone rollover layzr-bg\" ><img decoding=\"async\" class=\"preload-me iso-lazy-load aspect\" src=\"data:image\/svg+xml,%3Csvg%20xmlns%3D&#39;http%3A%2F%2Fwww.w3.org%2F2000%2Fsvg&#39;%20viewBox%3D&#39;0%200%20400%20300&#39;%2F%3E\" data-src=\"https:\/\/www.innovation-academy.de\/wp-content\/uploads\/URV_Hochwasserschutzl.jpg\" data-srcset=\"https:\/\/www.innovation-academy.de\/wp-content\/uploads\/URV_Hochwasserschutzl.jpg 400w\" loading=\"eager\" style=\"--ratio: 400 \/ 300\" sizes=\"(max-width: 400px) 100vw, 400px\" alt=\"\" title=\"URV_Hochwasserschutzl\" width=\"400\" height=\"300\"  \/><\/a><\/p>\n\t\t\t<\/div>\n\n\t\t\n\t\t<div class=\"blog-content wf-td\">\n\t\t\t<h3 class=\"entry-title\"><a href=\"https:\/\/www.innovation-academy.de\/fr\/seminaire-protection-nature-vallee-du-rhin\/\" title=\"S\u00e9minaire protection de la nature dans la vall\u00e9e du Rhin sup\u00e9rieur\" rel=\"bookmark\">S\u00e9minaire protection de la nature dans la vall\u00e9e du Rhin sup\u00e9rieur<\/a><\/h3>\n\n\t\t\t\n\t\t<\/div>\n\n\t<\/article>\n\n<\/div>\n<div class=\"wf-cell\" data-post-id=\"2923\" data-date=\"2017-01-05T12:27:45+02:00\" data-name=\"L\u2019agglom\u00e9ration trinationale de B\u00e2le\">\n\t<article class=\"post post-2923 type-post status-publish format-standard has-post-thumbnail hentry category-upper-rhine-valley-delegations-professionnelles-urbanismemobilite category-167 description-off\">\n\n\t\t\n\t\t\t<div class=\"blog-media wf-td\">\n\n\t\t\t\t<p><a href=\"https:\/\/www.innovation-academy.de\/fr\/agglomeration-trinationale-bale\/\" class=\"alignnone rollover layzr-bg\" ><img decoding=\"async\" class=\"preload-me iso-lazy-load aspect\" src=\"data:image\/svg+xml,%3Csvg%20xmlns%3D&#39;http%3A%2F%2Fwww.w3.org%2F2000%2Fsvg&#39;%20viewBox%3D&#39;0%200%20400%20300&#39;%2F%3E\" data-src=\"https:\/\/www.innovation-academy.de\/wp-content\/uploads\/URV_Basel.jpg\" data-srcset=\"https:\/\/www.innovation-academy.de\/wp-content\/uploads\/URV_Basel.jpg 400w\" loading=\"eager\" style=\"--ratio: 400 \/ 300\" sizes=\"(max-width: 400px) 100vw, 400px\" alt=\"\" title=\"URV_Basel\" width=\"400\" height=\"300\"  \/><\/a><\/p>\n\t\t\t<\/div>\n\n\t\t\n\t\t<div class=\"blog-content wf-td\">\n\t\t\t<h3 class=\"entry-title\"><a href=\"https:\/\/www.innovation-academy.de\/fr\/agglomeration-trinationale-bale\/\" title=\"L\u2019agglom\u00e9ration trinationale de B\u00e2le\" rel=\"bookmark\">L\u2019agglom\u00e9ration trinationale de B\u00e2le<\/a><\/h3>\n\n\t\t\t\n\t\t<\/div>\n\n\t<\/article>\n\n<\/div>\n<div class=\"wf-cell\" data-post-id=\"2931\" data-date=\"2017-01-03T23:11:12+02:00\" data-name=\"Trois Pays, trois Solutions pour les d\u00e9chets\">\n\t<article class=\"post post-2931 type-post status-publish format-standard has-post-thumbnail hentry category-upper-rhine-valley-delegations-professionnelles-eaux-et-dechets category-168 description-off\">\n\n\t\t\n\t\t\t<div class=\"blog-media wf-td\">\n\n\t\t\t\t<p><a href=\"https:\/\/www.innovation-academy.de\/fr\/trois-pays-trois-solutions-pour-dechets\/\" class=\"alignnone rollover layzr-bg\" ><img decoding=\"async\" class=\"preload-me iso-lazy-load aspect\" src=\"data:image\/svg+xml,%3Csvg%20xmlns%3D&#39;http%3A%2F%2Fwww.w3.org%2F2000%2Fsvg&#39;%20viewBox%3D&#39;0%200%20400%20300&#39;%2F%3E\" data-src=\"https:\/\/www.innovation-academy.de\/wp-content\/uploads\/URV_Abfallmanagement.jpg\" data-srcset=\"https:\/\/www.innovation-academy.de\/wp-content\/uploads\/URV_Abfallmanagement.jpg 400w\" loading=\"eager\" style=\"--ratio: 400 \/ 300\" sizes=\"(max-width: 400px) 100vw, 400px\" alt=\"\" title=\"URV_Abfallmanagement\" width=\"400\" height=\"300\"  \/><\/a><\/p>\n\t\t\t<\/div>\n\n\t\t\n\t\t<div class=\"blog-content wf-td\">\n\t\t\t<h3 class=\"entry-title\"><a href=\"https:\/\/www.innovation-academy.de\/fr\/trois-pays-trois-solutions-pour-dechets\/\" title=\"Trois Pays, trois Solutions pour les d\u00e9chets\" rel=\"bookmark\">Trois Pays, trois Solutions pour les d\u00e9chets<\/a><\/h3>\n\n\t\t\t\n\t\t<\/div>\n\n\t<\/article>\n\n<\/div><\/div><\/div><div class=\"ult-spacer spacer-69e007b7dec58\" data-id=\"69e007b7dec58\" data-height=\"30\" data-height-mobile=\"30\" data-height-tab=\"30\" data-height-tab-portrait=\"\" data-height-mobile-landscape=\"\" style=\"clear:both;display:block;\"><\/div>[\/vc_column][\/vc_row][vc_row][vc_column]<div class=\"ult-spacer spacer-69e007b7dec79\" data-id=\"69e007b7dec79\" data-height=\"30\" data-height-mobile=\"30\" data-height-tab=\"30\" data-height-tab-portrait=\"\" data-height-mobile-landscape=\"\" style=\"clear:both;display:block;\"><\/div><div class=\"dt-fancy-separator title-left h1-size\" style=\"width: 100%;\"><div class=\"dt-fancy-title\"><span class=\"separator-holder separator-left\"><\/span>Upper Rhine Valley pour les groupes scolaires et lyc\u00e9es professionnels<span class=\"separator-holder separator-right\"><\/span><\/div><\/div><div class=\"ult-spacer spacer-69e007b7decda\" data-id=\"69e007b7decda\" data-height=\"30\" data-height-mobile=\"30\" data-height-tab=\"30\" data-height-tab-portrait=\"\" data-height-mobile-landscape=\"\" style=\"clear:both;display:block;\"><\/div><div class=\"dt-shortcode with-isotope\"><div class=\"wf-container dt-blog-shortcode loading-effect-none iso-grid description-under-image content-align-left\" data-padding=\"20px\" data-cur-page=\"1\" data-posts-per-page=\"-1\" data-width=\"370px\" data-columns=\"3\">\n<div class=\"wf-cell\" data-post-id=\"3833\" data-date=\"2017-09-06T11:40:21+02:00\" data-name=\"Visites p\u00e9dagogiques sur le th\u00e8me de l\u2019agriculture biologique\">\n\t<article class=\"post post-3833 type-post status-publish format-standard has-post-thumbnail hentry category-upper-rhine-valley-scolaires-protection-de-la-nature category-278 description-off\">\n\n\t\t\n\t\t\t<div class=\"blog-media wf-td\">\n\n\t\t\t\t<p><a href=\"https:\/\/www.innovation-academy.de\/fr\/visites-pedagogiques-agriculture-biologique\/\" class=\"alignnone rollover layzr-bg\" ><img decoding=\"async\" class=\"preload-me iso-lazy-load aspect\" src=\"data:image\/svg+xml,%3Csvg%20xmlns%3D&#39;http%3A%2F%2Fwww.w3.org%2F2000%2Fsvg&#39;%20viewBox%3D&#39;0%200%20400%20300&#39;%2F%3E\" data-src=\"https:\/\/www.innovation-academy.de\/wp-content\/uploads\/URV_Landwirtschaft_Schueler.jpg\" data-srcset=\"https:\/\/www.innovation-academy.de\/wp-content\/uploads\/URV_Landwirtschaft_Schueler.jpg 400w\" loading=\"eager\" style=\"--ratio: 400 \/ 300\" sizes=\"(max-width: 400px) 100vw, 400px\" alt=\"\" title=\"URV_Landwirtschaft_Schueler\" width=\"400\" height=\"300\"  \/><\/a><\/p>\n\t\t\t<\/div>\n\n\t\t\n\t\t<div class=\"blog-content wf-td\">\n\t\t\t<h3 class=\"entry-title\"><a href=\"https:\/\/www.innovation-academy.de\/fr\/visites-pedagogiques-agriculture-biologique\/\" title=\"Visites p\u00e9dagogiques sur le th\u00e8me de l\u2019agriculture biologique\" rel=\"bookmark\">Visites p\u00e9dagogiques sur le th\u00e8me de l\u2019agriculture biologique<\/a><\/h3>\n\n\t\t\t\n\t\t<\/div>\n\n\t<\/article>\n\n<\/div><\/div><\/div><div class=\"ult-spacer spacer-69e007b7e1578\" data-id=\"69e007b7e1578\" data-height=\"30\" data-height-mobile=\"30\" data-height-tab=\"30\" data-height-tab-portrait=\"\" data-height-mobile-landscape=\"\" style=\"clear:both;display:block;\"><\/div>[\/vc_column][\/vc_row]<\/p>\n<\/div>","protected":false},"excerpt":{"rendered":"<p>[vc_row][vc_column][vc_column_text] Upper Rhine Valley &#8211; la vall\u00e9e du Rhin sup\u00e9rieur [\/vc_column_text][\/vc_column][\/vc_row][vc_row][vc_column width=\u00a0\u00bb1\/3&Prime;][vc_custom_heading text=\u00a0\u00bbFribourg, la \u201eGreencity\u201c, B\u00e2le &#8211; la ville des trois pays Mulhouse &#8211; ville en transition Karlsruhe &#8211; ville des techniques Strasbourg &#8211; ville europ\u00e9enne la protection contre les inondations sur le cours du Rhin\u00a0\u00bb font_container=\u00a0\u00bbtag:h3|text_align:center|color:%23dd9933|line_height:3&Prime; use_theme_fonts=\u00a0\u00bbyes\u00a0\u00bb css=\u00a0\u00bb.vc_custom_1493983298038{background-color: #dddddd !important;}\u00a0\u00bb][\/vc_column][vc_column width=\u00a0\u00bb1\/3&Prime;][vc_single_image image=\u00a0\u00bb1144&Prime; img_size=\u00a0\u00bbfull\u00a0\u00bb][\/vc_column][vc_column width=\u00a0\u00bb1\/3&Prime;][vc_column_text]Une&hellip;<\/p>\n","protected":false},"author":1,"featured_media":0,"parent":0,"menu_order":0,"comment_status":"closed","ping_status":"closed","template":"","meta":{"footnotes":""},"class_list":["post-3081","page","type-page","status-publish","hentry","description-off"],"yoast_head":"<!-- This site is optimized with the Yoast SEO plugin v26.2 - https:\/\/yoast.com\/wordpress\/plugins\/seo\/ -->\n<title>Upper Rhine Valley - la vall\u00e9e du Rhin sup\u00e9rieur - Innovation Academy<\/title>\n<meta name=\"robots\" content=\"index, follow, max-snippet:-1, max-image-preview:large, max-video-preview:-1\" \/>\n<link rel=\"canonical\" href=\"https:\/\/www.innovation-academy.de\/fr\/upper-rhine-valley-vallee-du-rhin-superieur\/\" \/>\n<meta property=\"og:locale\" content=\"fr_FR\" \/>\n<meta property=\"og:type\" content=\"article\" \/>\n<meta property=\"og:title\" content=\"Upper Rhine Valley - la vall\u00e9e du Rhin sup\u00e9rieur - Innovation Academy\" \/>\n<meta property=\"og:description\" content=\"[vc_row][vc_column][vc_column_text] Upper Rhine Valley &#8211; la vall\u00e9e du Rhin sup\u00e9rieur [\/vc_column_text][\/vc_column][\/vc_row][vc_row][vc_column width=\u00a0\u00bb1\/3&Prime;][vc_custom_heading text=\u00a0\u00bbFribourg, la \u201eGreencity\u201c, B\u00e2le &#8211; la ville des trois pays Mulhouse &#8211; ville en transition Karlsruhe &#8211; ville des techniques Strasbourg &#8211; ville europ\u00e9enne la protection contre les inondations sur le cours du Rhin\u00a0\u00bb font_container=\u00a0\u00bbtag:h3|text_align:center|color:%23dd9933|line_height:3&Prime; use_theme_fonts=\u00a0\u00bbyes\u00a0\u00bb css=\u00a0\u00bb.vc_custom_1493983298038{background-color: #dddddd !important;}\u00a0\u00bb][\/vc_column][vc_column width=\u00a0\u00bb1\/3&Prime;][vc_single_image image=\u00a0\u00bb1144&Prime; img_size=\u00a0\u00bbfull\u00a0\u00bb][\/vc_column][vc_column width=\u00a0\u00bb1\/3&Prime;][vc_column_text]Une&hellip;\" \/>\n<meta property=\"og:url\" content=\"https:\/\/www.innovation-academy.de\/fr\/upper-rhine-valley-vallee-du-rhin-superieur\/\" \/>\n<meta property=\"og:site_name\" content=\"Innovation Academy\" \/>\n<meta property=\"article:modified_time\" content=\"2022-12-26T16:44:44+00:00\" \/>\n<meta name=\"twitter:card\" content=\"summary_large_image\" \/>\n<meta name=\"twitter:label1\" content=\"Dur\u00e9e de lecture estim\u00e9e\" \/>\n\t<meta name=\"twitter:data1\" content=\"2 minutes\" \/>\n<script type=\"application\/ld+json\" class=\"yoast-schema-graph\">{\"@context\":\"https:\/\/schema.org\",\"@graph\":[{\"@type\":\"WebPage\",\"@id\":\"https:\/\/www.innovation-academy.de\/fr\/upper-rhine-valley-vallee-du-rhin-superieur\/\",\"url\":\"https:\/\/www.innovation-academy.de\/fr\/upper-rhine-valley-vallee-du-rhin-superieur\/\",\"name\":\"Upper Rhine Valley - la vall\u00e9e du Rhin sup\u00e9rieur - Innovation Academy\",\"isPartOf\":{\"@id\":\"https:\/\/www.innovation-academy.de\/fr\/#website\"},\"datePublished\":\"2015-11-06T17:44:06+00:00\",\"dateModified\":\"2022-12-26T16:44:44+00:00\",\"breadcrumb\":{\"@id\":\"https:\/\/www.innovation-academy.de\/fr\/upper-rhine-valley-vallee-du-rhin-superieur\/#breadcrumb\"},\"inLanguage\":\"fr-FR\",\"potentialAction\":[{\"@type\":\"ReadAction\",\"target\":[\"https:\/\/www.innovation-academy.de\/fr\/upper-rhine-valley-vallee-du-rhin-superieur\/\"]}]},{\"@type\":\"BreadcrumbList\",\"@id\":\"https:\/\/www.innovation-academy.de\/fr\/upper-rhine-valley-vallee-du-rhin-superieur\/#breadcrumb\",\"itemListElement\":[{\"@type\":\"ListItem\",\"position\":1,\"name\":\"Home\",\"item\":\"https:\/\/www.innovation-academy.de\/fr\/\"},{\"@type\":\"ListItem\",\"position\":2,\"name\":\"Upper Rhine Valley &#8211; la vall\u00e9e du Rhin sup\u00e9rieur\"}]},{\"@type\":\"WebSite\",\"@id\":\"https:\/\/www.innovation-academy.de\/fr\/#website\",\"url\":\"https:\/\/www.innovation-academy.de\/fr\/\",\"name\":\"Innovation Academy\",\"description\":\"Innovation Academy\",\"potentialAction\":[{\"@type\":\"SearchAction\",\"target\":{\"@type\":\"EntryPoint\",\"urlTemplate\":\"https:\/\/www.innovation-academy.de\/fr\/?s={search_term_string}\"},\"query-input\":{\"@type\":\"PropertyValueSpecification\",\"valueRequired\":true,\"valueName\":\"search_term_string\"}}],\"inLanguage\":\"fr-FR\"}]}<\/script>\n<!-- \/ Yoast SEO plugin. -->","yoast_head_json":{"title":"Upper Rhine Valley - la vall\u00e9e du Rhin sup\u00e9rieur - Innovation Academy","robots":{"index":"index","follow":"follow","max-snippet":"max-snippet:-1","max-image-preview":"max-image-preview:large","max-video-preview":"max-video-preview:-1"},"canonical":"https:\/\/www.innovation-academy.de\/fr\/upper-rhine-valley-vallee-du-rhin-superieur\/","og_locale":"fr_FR","og_type":"article","og_title":"Upper Rhine Valley - la vall\u00e9e du Rhin sup\u00e9rieur - Innovation Academy","og_description":"[vc_row][vc_column][vc_column_text] Upper Rhine Valley &#8211; la vall\u00e9e du Rhin sup\u00e9rieur [\/vc_column_text][\/vc_column][\/vc_row][vc_row][vc_column width=\u00a0\u00bb1\/3&Prime;][vc_custom_heading text=\u00a0\u00bbFribourg, la \u201eGreencity\u201c, B\u00e2le &#8211; la ville des trois pays Mulhouse &#8211; ville en transition Karlsruhe &#8211; ville des techniques Strasbourg &#8211; ville europ\u00e9enne la protection contre les inondations sur le cours du Rhin\u00a0\u00bb font_container=\u00a0\u00bbtag:h3|text_align:center|color:%23dd9933|line_height:3&Prime; use_theme_fonts=\u00a0\u00bbyes\u00a0\u00bb css=\u00a0\u00bb.vc_custom_1493983298038{background-color: #dddddd !important;}\u00a0\u00bb][\/vc_column][vc_column width=\u00a0\u00bb1\/3&Prime;][vc_single_image image=\u00a0\u00bb1144&Prime; img_size=\u00a0\u00bbfull\u00a0\u00bb][\/vc_column][vc_column width=\u00a0\u00bb1\/3&Prime;][vc_column_text]Une&hellip;","og_url":"https:\/\/www.innovation-academy.de\/fr\/upper-rhine-valley-vallee-du-rhin-superieur\/","og_site_name":"Innovation Academy","article_modified_time":"2022-12-26T16:44:44+00:00","twitter_card":"summary_large_image","twitter_misc":{"Dur\u00e9e de lecture estim\u00e9e":"2 minutes"},"schema":{"@context":"https:\/\/schema.org","@graph":[{"@type":"WebPage","@id":"https:\/\/www.innovation-academy.de\/fr\/upper-rhine-valley-vallee-du-rhin-superieur\/","url":"https:\/\/www.innovation-academy.de\/fr\/upper-rhine-valley-vallee-du-rhin-superieur\/","name":"Upper Rhine Valley - la vall\u00e9e du Rhin sup\u00e9rieur - Innovation Academy","isPartOf":{"@id":"https:\/\/www.innovation-academy.de\/fr\/#website"},"datePublished":"2015-11-06T17:44:06+00:00","dateModified":"2022-12-26T16:44:44+00:00","breadcrumb":{"@id":"https:\/\/www.innovation-academy.de\/fr\/upper-rhine-valley-vallee-du-rhin-superieur\/#breadcrumb"},"inLanguage":"fr-FR","potentialAction":[{"@type":"ReadAction","target":["https:\/\/www.innovation-academy.de\/fr\/upper-rhine-valley-vallee-du-rhin-superieur\/"]}]},{"@type":"BreadcrumbList","@id":"https:\/\/www.innovation-academy.de\/fr\/upper-rhine-valley-vallee-du-rhin-superieur\/#breadcrumb","itemListElement":[{"@type":"ListItem","position":1,"name":"Home","item":"https:\/\/www.innovation-academy.de\/fr\/"},{"@type":"ListItem","position":2,"name":"Upper Rhine Valley &#8211; la vall\u00e9e du Rhin sup\u00e9rieur"}]},{"@type":"WebSite","@id":"https:\/\/www.innovation-academy.de\/fr\/#website","url":"https:\/\/www.innovation-academy.de\/fr\/","name":"Innovation Academy","description":"Innovation Academy","potentialAction":[{"@type":"SearchAction","target":{"@type":"EntryPoint","urlTemplate":"https:\/\/www.innovation-academy.de\/fr\/?s={search_term_string}"},"query-input":{"@type":"PropertyValueSpecification","valueRequired":true,"valueName":"search_term_string"}}],"inLanguage":"fr-FR"}]}},"_links":{"self":[{"href":"https:\/\/www.innovation-academy.de\/fr\/wp-json\/wp\/v2\/pages\/3081","targetHints":{"allow":["GET"]}}],"collection":[{"href":"https:\/\/www.innovation-academy.de\/fr\/wp-json\/wp\/v2\/pages"}],"about":[{"href":"https:\/\/www.innovation-academy.de\/fr\/wp-json\/wp\/v2\/types\/page"}],"author":[{"embeddable":true,"href":"https:\/\/www.innovation-academy.de\/fr\/wp-json\/wp\/v2\/users\/1"}],"replies":[{"embeddable":true,"href":"https:\/\/www.innovation-academy.de\/fr\/wp-json\/wp\/v2\/comments?post=3081"}],"version-history":[{"count":8,"href":"https:\/\/www.innovation-academy.de\/fr\/wp-json\/wp\/v2\/pages\/3081\/revisions"}],"predecessor-version":[{"id":9395,"href":"https:\/\/www.innovation-academy.de\/fr\/wp-json\/wp\/v2\/pages\/3081\/revisions\/9395"}],"wp:attachment":[{"href":"https:\/\/www.innovation-academy.de\/fr\/wp-json\/wp\/v2\/media?parent=3081"}],"curies":[{"name":"wp","href":"https:\/\/api.w.org\/{rel}","templated":true}]}}