{"id":3074,"date":"2015-11-06T19:37:43","date_gmt":"2015-11-06T17:37:43","guid":{"rendered":"http:\/\/www.innovation-academy.de\/schwarzwald\/"},"modified":"2022-11-21T13:03:59","modified_gmt":"2022-11-21T11:03:59","slug":"foret-noire","status":"publish","type":"page","link":"https:\/\/www.innovation-academy.de\/fr\/foret-noire\/","title":{"rendered":"La For\u00eat-Noire"},"content":{"rendered":"<div class=\"wpb-content-wrapper\"><p>[vc_row][vc_column]<div class=\"ult-spacer spacer-69e20e551e3b3\" data-id=\"69e20e551e3b3\" data-height=\"30\" data-height-mobile=\"30\" data-height-tab=\"30\" data-height-tab-portrait=\"\" data-height-mobile-landscape=\"\" style=\"clear:both;display:block;\"><\/div>[vc_column_text]<\/p>\n<h1 style=\"text-align: center;\"><strong>La For\u00eat-Noire<\/strong><\/h1>\n<p>[\/vc_column_text]<div class=\"ult-spacer spacer-69e20e551e3fc\" data-id=\"69e20e551e3fc\" data-height=\"15\" data-height-mobile=\"15\" data-height-tab=\"15\" data-height-tab-portrait=\"\" data-height-mobile-landscape=\"\" style=\"clear:both;display:block;\"><\/div>[\/vc_column][\/vc_row][vc_row][vc_column width=\u00a0\u00bb1\/3&Prime;][vc_custom_heading text=\u00a0\u00bbVillages bio\u00e9nerg\u00e9tiques<\/p>\n<p>Architecture bois<\/p>\n<p>Protection de la nature<\/p>\n<p>Tourisme durable<\/p>\n<p>R\u00e9novation de villages\u00a0\u00bb font_container=\u00a0\u00bbtag:h2|text_align:center|color:%23dd9933|line_height:2.5&Prime; use_theme_fonts=\u00a0\u00bbyes\u00a0\u00bb css=\u00a0\u00bb.vc_custom_1493982610183{background-color: #dddddd !important;}\u00a0\u00bb][\/vc_column][vc_column width=\u00a0\u00bb2\/3&Prime;][layerslider_vc id=\u00a0\u00bb11&Prime;][\/vc_column][\/vc_row][vc_row][vc_column][vc_column_text]<strong>La tradition rencontre l\u2019innovation!<\/strong> La For\u00eat-Noire est une des principales r\u00e9gions touristiques allemandes et on l&rsquo;associe souvent aux fameux coucous de l\u2019horlogerie, au g\u00e2teau For\u00eat Noire et \u00e0 la montagne idylique. Aujourd\u2019hui, la r\u00e9gion est aussi un espace \u00e9conomique dynamique comptant de nombreux si\u00e8ges sociaux de PME dont certaines sont des leaders mondiaux dans leur secteur respectif. Plusieurs communes sont des \u201cBioenergied\u00f6rfer\u201d, villages bio\u00e9nerg\u00e9tiques, qui\u00a0 contribuent \u00e0 la transition \u00e9nerg\u00e9tique. De plus de nouveaux concepts et un r\u00e9seau performant de transports publics ruraux permettent un tourisme durable. Les architectes et les artisans de la r\u00e9gion montrent les diverses possibilit\u00e9s d\u2019utilisation du bois comme mat\u00e9riaux de construction et comme ressource locale et durable. Par ailleurs, les parcs naturels nationaux et les r\u00e9serves de biosph\u00e8re \u00a0prot\u00e8gent le paysage et cr\u00e9ent des zones de repos pour la faune et la flore.[\/vc_column_text][\/vc_column][\/vc_row][vc_row][vc_column]<div class=\"ult-spacer spacer-69e20e551e427\" data-id=\"69e20e551e427\" data-height=\"30\" data-height-mobile=\"30\" data-height-tab=\"30\" data-height-tab-portrait=\"\" data-height-mobile-landscape=\"\" style=\"clear:both;display:block;\"><\/div>[\/vc_column][\/vc_row][vc_row][vc_column width=\u00a0\u00bb1\/2&Prime;]<div class=\" ubtn-ctn-center \"><a class=\"ubtn-link ult-adjust-bottom-margin ubtn-center ubtn-large \" href=\"#fachbesucher\" title=\"Schwarzwald f\u00fcr Fachbesucher und Universit\u00e4ten\" ><button type=\"button\" id=\"ubtn-9665\"  class=\"ubtn ult-adjust-bottom-margin ult-responsive ubtn-large ubtn-no-hover-bg  none  ubtn-center   tooltip-69e20e551e4a9\"  data-hover=\"#ffffff\" data-border-color=\"#ffbf00\" data-bg=\"#ffffff\" data-hover-bg=\"#ffbf00\" data-border-hover=\"#ffffff\" data-shadow-hover=\"\" data-shadow-click=\"none\" data-shadow=\"\" data-shd-shadow=\"\"  data-ultimate-target='#ubtn-9665'  data-responsive-json-new='{\"font-size\":\"desktop:20px;\",\"line-height\":\"\"}'  style=\"font-weight:bold;border-radius:6px;border-width:3px;border-color:#ffbf00;border-style:solid;background: #ffffff;color: #ffbf00;\"><span class=\"ubtn-hover\" style=\"background-color:#ffbf00\"><\/span><span class=\"ubtn-data ubtn-text \" >D\u00e9l\u00e9gations professionnelles et Universit\u00e9s<\/span><\/button><\/a><\/div><div class=\"ult-spacer spacer-69e20e551e547\" data-id=\"69e20e551e547\" data-height=\"30\" data-height-mobile=\"30\" data-height-tab=\"30\" data-height-tab-portrait=\"\" data-height-mobile-landscape=\"\" style=\"clear:both;display:block;\"><\/div>[\/vc_column][vc_column width=\u00a0\u00bb1\/2&Prime;]<div class=\" ubtn-ctn-center \"><a class=\"ubtn-link ult-adjust-bottom-margin ubtn-center ubtn-large \" href=\"#schulen\" title=\"Schwarzwald f\u00fcr Schulklassen und Jugendgruppen\" ><button type=\"button\" id=\"ubtn-2146\"  class=\"ubtn ult-adjust-bottom-margin ult-responsive ubtn-large ubtn-no-hover-bg  none  ubtn-center   tooltip-69e20e551e570\"  data-hover=\"#ffffff\" data-border-color=\"#ffbf00\" data-bg=\"#ffffff\" data-hover-bg=\"#ffbf00\" data-border-hover=\"#ffffff\" data-shadow-hover=\"\" data-shadow-click=\"none\" data-shadow=\"\" data-shd-shadow=\"\"  data-ultimate-target='#ubtn-2146'  data-responsive-json-new='{\"font-size\":\"desktop:20px;\",\"line-height\":\"\"}'  style=\"font-weight:bold;border-radius:6px;border-width:3px;border-color:#ffbf00;border-style:solid;background: #ffffff;color: #ffbf00;\"><span class=\"ubtn-hover\" style=\"background-color:#ffbf00\"><\/span><span class=\"ubtn-data ubtn-text \" >Groupes scolaires et lyc\u00e9es professionnels<\/span><\/button><\/a><\/div><div class=\"ult-spacer spacer-69e20e551e5af\" data-id=\"69e20e551e5af\" data-height=\"30\" data-height-mobile=\"30\" data-height-tab=\"30\" data-height-tab-portrait=\"\" data-height-mobile-landscape=\"\" style=\"clear:both;display:block;\"><\/div>[\/vc_column][\/vc_row][vc_row anchor=\u00a0\u00bb#fachbesucher\u00a0\u00bb][vc_column]<div class=\"ult-spacer spacer-69e20e551e5c5\" data-id=\"69e20e551e5c5\" data-height=\"30\" data-height-mobile=\"30\" data-height-tab=\"30\" data-height-tab-portrait=\"\" data-height-mobile-landscape=\"\" style=\"clear:both;display:block;\"><\/div><div class=\"dt-fancy-separator title-left h1-size\" style=\"width: 100%;\"><div class=\"dt-fancy-title\"><span class=\"separator-holder separator-left\"><\/span>For\u00eat-Noire pour les d\u00e9l\u00e9gations professionnelles et les universit\u00e9s<span class=\"separator-holder separator-right\"><\/span><\/div><\/div><div class=\"ult-spacer spacer-69e20e551e61f\" data-id=\"69e20e551e61f\" data-height=\"30\" data-height-mobile=\"30\" data-height-tab=\"30\" data-height-tab-portrait=\"\" data-height-mobile-landscape=\"\" style=\"clear:both;display:block;\"><\/div><div class=\"dt-shortcode with-isotope\"><div class=\"wf-container dt-blog-shortcode loading-effect-none iso-grid description-under-image content-align-left\" data-padding=\"20px\" data-cur-page=\"1\" data-posts-per-page=\"-1\" data-width=\"370px\" data-columns=\"3\">\n<div class=\"wf-cell\" data-post-id=\"2920\" data-date=\"2017-01-05T13:05:27+02:00\" data-name=\"Protection de la nature en For\u00eat-Noire\">\n\t<article class=\"post post-2920 type-post status-publish format-standard has-post-thumbnail hentry category-foret-noire-delegations-professionnelles-protection-de-la-nature category-153 description-off\">\n\n\t\t\n\t\t\t<div class=\"blog-media wf-td\">\n\n\t\t\t\t<p><a href=\"https:\/\/www.innovation-academy.de\/fr\/protection-nature-foret-noire\/\" class=\"alignnone rollover layzr-bg\" ><img fetchpriority=\"high\" decoding=\"async\" class=\"preload-me iso-lazy-load aspect\" src=\"data:image\/svg+xml,%3Csvg%20xmlns%3D&#39;http%3A%2F%2Fwww.w3.org%2F2000%2Fsvg&#39;%20viewBox%3D&#39;0%200%20400%20299&#39;%2F%3E\" data-src=\"https:\/\/www.innovation-academy.de\/wp-content\/uploads\/Schwarzwald_Naturschutz.jpg\" data-srcset=\"https:\/\/www.innovation-academy.de\/wp-content\/uploads\/Schwarzwald_Naturschutz.jpg 400w\" loading=\"eager\" style=\"--ratio: 400 \/ 299\" sizes=\"(max-width: 400px) 100vw, 400px\" alt=\"\" title=\"Schwarzwald_Naturschutz\" width=\"400\" height=\"299\"  \/><\/a><\/p>\n\t\t\t<\/div>\n\n\t\t\n\t\t<div class=\"blog-content wf-td\">\n\t\t\t<h3 class=\"entry-title\"><a href=\"https:\/\/www.innovation-academy.de\/fr\/protection-nature-foret-noire\/\" title=\"Protection de la nature en For\u00eat-Noire\" rel=\"bookmark\">Protection de la nature en For\u00eat-Noire<\/a><\/h3>\n\n\t\t\t\n\t\t<\/div>\n\n\t<\/article>\n\n<\/div>\n<div class=\"wf-cell\" data-post-id=\"2928\" data-date=\"2017-01-05T10:46:37+02:00\" data-name=\"D\u00e9veloppement durable en milieu rural\">\n\t<article class=\"post post-2928 type-post status-publish format-standard has-post-thumbnail hentry category-foret-noire-delegations-professionnelles-protection-de-la-nature category-153 description-off\">\n\n\t\t\n\t\t\t<div class=\"blog-media wf-td\">\n\n\t\t\t\t<p><a href=\"https:\/\/www.innovation-academy.de\/fr\/developpement-durable-milieu-rural\/\" class=\"alignnone rollover layzr-bg\" ><img decoding=\"async\" class=\"preload-me iso-lazy-load aspect\" src=\"data:image\/svg+xml,%3Csvg%20xmlns%3D&#39;http%3A%2F%2Fwww.w3.org%2F2000%2Fsvg&#39;%20viewBox%3D&#39;0%200%20400%20299&#39;%2F%3E\" data-src=\"https:\/\/www.innovation-academy.de\/wp-content\/uploads\/Schwarzwald_Laendlicher-Raum.jpg\" data-srcset=\"https:\/\/www.innovation-academy.de\/wp-content\/uploads\/Schwarzwald_Laendlicher-Raum.jpg 400w\" loading=\"eager\" style=\"--ratio: 400 \/ 299\" sizes=\"(max-width: 400px) 100vw, 400px\" alt=\"\" title=\"Schwarzwald_Laendlicher-Raum\" width=\"400\" height=\"299\"  \/><\/a><\/p>\n\t\t\t<\/div>\n\n\t\t\n\t\t<div class=\"blog-content wf-td\">\n\t\t\t<h3 class=\"entry-title\"><a href=\"https:\/\/www.innovation-academy.de\/fr\/developpement-durable-milieu-rural\/\" title=\"D\u00e9veloppement durable en milieu rural\" rel=\"bookmark\">D\u00e9veloppement durable en milieu rural<\/a><\/h3>\n\n\t\t\t\n\t\t<\/div>\n\n\t<\/article>\n\n<\/div>\n<div class=\"wf-cell\" data-post-id=\"2935\" data-date=\"2017-01-02T13:04:55+02:00\" data-name=\"Les villages bio\u00e9nerg\u00e9tiques en For\u00eat-Noire\">\n\t<article class=\"post post-2935 type-post status-publish format-standard has-post-thumbnail hentry category-foret-noire-delegations-professionnelles-energie category-152 description-off\">\n\n\t\t\n\t\t\t<div class=\"blog-media wf-td\">\n\n\t\t\t\t<p><a href=\"https:\/\/www.innovation-academy.de\/fr\/villages-bioenergetiques-foret-noire\/\" class=\"alignnone rollover layzr-bg\" ><img decoding=\"async\" class=\"preload-me iso-lazy-load aspect\" src=\"data:image\/svg+xml,%3Csvg%20xmlns%3D&#39;http%3A%2F%2Fwww.w3.org%2F2000%2Fsvg&#39;%20viewBox%3D&#39;0%200%20400%20299&#39;%2F%3E\" data-src=\"https:\/\/www.innovation-academy.de\/wp-content\/uploads\/Schwarzwald_Freiamt.jpg\" data-srcset=\"https:\/\/www.innovation-academy.de\/wp-content\/uploads\/Schwarzwald_Freiamt.jpg 400w\" loading=\"eager\" style=\"--ratio: 400 \/ 299\" sizes=\"(max-width: 400px) 100vw, 400px\" alt=\"\" title=\"Schwarzwald_Freiamt\" width=\"400\" height=\"299\"  \/><\/a><\/p>\n\t\t\t<\/div>\n\n\t\t\n\t\t<div class=\"blog-content wf-td\">\n\t\t\t<h3 class=\"entry-title\"><a href=\"https:\/\/www.innovation-academy.de\/fr\/villages-bioenergetiques-foret-noire\/\" title=\"Les villages bio\u00e9nerg\u00e9tiques en For\u00eat-Noire\" rel=\"bookmark\">Les villages bio\u00e9nerg\u00e9tiques en For\u00eat-Noire<\/a><\/h3>\n\n\t\t\t\n\t\t<\/div>\n\n\t<\/article>\n\n<\/div>\n<div class=\"wf-cell\" data-post-id=\"2938\" data-date=\"2016-12-29T11:44:37+02:00\" data-name=\"L&#039;architecture bois en For\u00eat-Noire\">\n\t<article class=\"post post-2938 type-post status-publish format-standard has-post-thumbnail hentry category-foret-noire-delegations-professionnelles-architecture category-151 description-off\">\n\n\t\t\n\t\t\t<div class=\"blog-media wf-td\">\n\n\t\t\t\t<p><a href=\"https:\/\/www.innovation-academy.de\/fr\/architecture-bois-foret-noire\/\" class=\"alignnone rollover layzr-bg\" ><img decoding=\"async\" class=\"preload-me iso-lazy-load aspect\" src=\"data:image\/svg+xml,%3Csvg%20xmlns%3D&#39;http%3A%2F%2Fwww.w3.org%2F2000%2Fsvg&#39;%20viewBox%3D&#39;0%200%20400%20299&#39;%2F%3E\" data-src=\"https:\/\/www.innovation-academy.de\/wp-content\/uploads\/Schwarzwald_Holzarchitektur.jpg\" data-srcset=\"https:\/\/www.innovation-academy.de\/wp-content\/uploads\/Schwarzwald_Holzarchitektur.jpg 400w\" loading=\"eager\" style=\"--ratio: 400 \/ 299\" sizes=\"(max-width: 400px) 100vw, 400px\" alt=\"\" title=\"Schwarzwald_Holzarchitektur\" width=\"400\" height=\"299\"  \/><\/a><\/p>\n\t\t\t<\/div>\n\n\t\t\n\t\t<div class=\"blog-content wf-td\">\n\t\t\t<h3 class=\"entry-title\"><a href=\"https:\/\/www.innovation-academy.de\/fr\/architecture-bois-foret-noire\/\" title=\"L&rsquo;architecture bois en For\u00eat-Noire\" rel=\"bookmark\">L&rsquo;architecture bois en For\u00eat-Noire<\/a><\/h3>\n\n\t\t\t\n\t\t<\/div>\n\n\t<\/article>\n\n<\/div><\/div><\/div><div class=\"ult-spacer spacer-69e20e5525095\" data-id=\"69e20e5525095\" data-height=\"30\" data-height-mobile=\"30\" data-height-tab=\"30\" data-height-tab-portrait=\"\" data-height-mobile-landscape=\"\" style=\"clear:both;display:block;\"><\/div>[\/vc_column][\/vc_row][vc_row][vc_column]<div class=\"ult-spacer spacer-69e20e55250b5\" data-id=\"69e20e55250b5\" data-height=\"50\" data-height-mobile=\"50\" data-height-tab=\"50\" data-height-tab-portrait=\"\" data-height-mobile-landscape=\"\" style=\"clear:both;display:block;\"><\/div>[\/vc_column][\/vc_row][vc_row anchor=\u00a0\u00bb#schulen\u00a0\u00bb][vc_column]<div class=\"ult-spacer spacer-69e20e55250ca\" data-id=\"69e20e55250ca\" data-height=\"30\" data-height-mobile=\"30\" data-height-tab=\"30\" data-height-tab-portrait=\"\" data-height-mobile-landscape=\"\" style=\"clear:both;display:block;\"><\/div><div class=\"dt-fancy-separator title-left h1-size\" style=\"width: 100%;\"><div class=\"dt-fancy-title\"><span class=\"separator-holder separator-left\"><\/span>For\u00eat-Noire pour les groupes scolaires et les lyc\u00e9es professionnels<span class=\"separator-holder separator-right\"><\/span><\/div><\/div><div class=\"ult-spacer spacer-69e20e5525114\" data-id=\"69e20e5525114\" data-height=\"30\" data-height-mobile=\"30\" data-height-tab=\"30\" data-height-tab-portrait=\"\" data-height-mobile-landscape=\"\" style=\"clear:both;display:block;\"><\/div><div class=\"dt-shortcode with-isotope\"><div class=\"wf-container dt-blog-shortcode loading-effect-none iso-container description-under-image content-align-left\" data-padding=\"20px\" data-cur-page=\"1\" data-posts-per-page=\"-1\" data-width=\"370px\" data-columns=\"3\">\n<div class=\"wf-cell iso-item\" data-post-id=\"2783\" data-date=\"2016-02-23T14:13:54+02:00\" data-name=\"Exp\u00e9dition au Schauinsland\">\n\t<article class=\"post post-2783 type-post status-publish format-standard has-post-thumbnail hentry category-foret-noire-scolaires-protection-de-la-nature category-157 description-off\">\n\n\t\t\n\t\t\t<div class=\"blog-media wf-td\">\n\n\t\t\t\t<p><a href=\"https:\/\/www.innovation-academy.de\/fr\/randonnee-protection-du-climat\/\" class=\"alignnone rollover layzr-bg\" ><img decoding=\"async\" class=\"preload-me iso-lazy-load aspect\" src=\"data:image\/svg+xml,%3Csvg%20xmlns%3D&#39;http%3A%2F%2Fwww.w3.org%2F2000%2Fsvg&#39;%20viewBox%3D&#39;0%200%20400%20300&#39;%2F%3E\" data-src=\"https:\/\/www.innovation-academy.de\/wp-content\/uploads\/Schwarzwald_Schulen_Klimawanderung.jpg\" data-srcset=\"https:\/\/www.innovation-academy.de\/wp-content\/uploads\/Schwarzwald_Schulen_Klimawanderung.jpg 400w\" loading=\"eager\" style=\"--ratio: 400 \/ 300\" sizes=\"(max-width: 400px) 100vw, 400px\" alt=\"Klimaschutz\" title=\"Schwarzwald_Schulen_Klimawanderung\" width=\"400\" height=\"300\"  \/><\/a><\/p>\n\t\t\t<\/div>\n\n\t\t\n\t\t<div class=\"blog-content wf-td\">\n\t\t\t<h3 class=\"entry-title\"><a href=\"https:\/\/www.innovation-academy.de\/fr\/randonnee-protection-du-climat\/\" title=\"Exp\u00e9dition au Schauinsland\" rel=\"bookmark\">Exp\u00e9dition au Schauinsland<\/a><\/h3>\n\n\t\t\t\n\t\t<\/div>\n\n\t<\/article>\n\n<\/div>\n<div class=\"wf-cell iso-item\" data-post-id=\"2780\" data-date=\"2016-02-18T17:12:28+02:00\" data-name=\"Visite d\u2019une commune bio\u00e9nerg\u00e9tique en For\u00eat-Noire\">\n\t<article class=\"post post-2780 type-post status-publish format-standard has-post-thumbnail hentry category-foret-noire-scolaires-energie category-156 description-off\">\n\n\t\t\n\t\t\t<div class=\"blog-media wf-td\">\n\n\t\t\t\t<p><a href=\"https:\/\/www.innovation-academy.de\/fr\/commune-exportatrice-energie-verte-en-foret-noire\/\" class=\"alignnone rollover layzr-bg\" ><img decoding=\"async\" class=\"preload-me iso-lazy-load aspect\" src=\"data:image\/svg+xml,%3Csvg%20xmlns%3D&#39;http%3A%2F%2Fwww.w3.org%2F2000%2Fsvg&#39;%20viewBox%3D&#39;0%200%20400%20300&#39;%2F%3E\" data-src=\"https:\/\/www.innovation-academy.de\/wp-content\/uploads\/Schwarzwald_Schulen_Freiamt.jpg\" data-srcset=\"https:\/\/www.innovation-academy.de\/wp-content\/uploads\/Schwarzwald_Schulen_Freiamt.jpg 400w\" loading=\"eager\" style=\"--ratio: 400 \/ 300\" sizes=\"(max-width: 400px) 100vw, 400px\" alt=\"\" title=\"Schwarzwald_Schulen_Freiamt\" width=\"400\" height=\"300\"  \/><\/a><\/p>\n\t\t\t<\/div>\n\n\t\t\n\t\t<div class=\"blog-content wf-td\">\n\t\t\t<h3 class=\"entry-title\"><a href=\"https:\/\/www.innovation-academy.de\/fr\/commune-exportatrice-energie-verte-en-foret-noire\/\" title=\"Visite d\u2019une commune bio\u00e9nerg\u00e9tique en For\u00eat-Noire\" rel=\"bookmark\">Visite d\u2019une commune bio\u00e9nerg\u00e9tique en For\u00eat-Noire<\/a><\/h3>\n\n\t\t\t\n\t\t<\/div>\n\n\t<\/article>\n\n<\/div><\/div><\/div><div class=\"ult-spacer spacer-69e20e5529a1b\" data-id=\"69e20e5529a1b\" data-height=\"30\" data-height-mobile=\"30\" data-height-tab=\"30\" data-height-tab-portrait=\"\" data-height-mobile-landscape=\"\" style=\"clear:both;display:block;\"><\/div>[\/vc_column][\/vc_row]<\/p>\n<\/div>","protected":false},"excerpt":{"rendered":"<p>[vc_row][vc_column][vc_column_text] La For\u00eat-Noire [\/vc_column_text][\/vc_column][\/vc_row][vc_row][vc_column width=\u00a0\u00bb1\/3&Prime;][vc_custom_heading text=\u00a0\u00bbVillages bio\u00e9nerg\u00e9tiques Architecture bois Protection de la nature Tourisme durable R\u00e9novation de villages\u00a0\u00bb font_container=\u00a0\u00bbtag:h2|text_align:center|color:%23dd9933|line_height:2.5&Prime; use_theme_fonts=\u00a0\u00bbyes\u00a0\u00bb css=\u00a0\u00bb.vc_custom_1493982610183{background-color: #dddddd !important;}\u00a0\u00bb][\/vc_column][vc_column width=\u00a0\u00bb2\/3&Prime;][layerslider_vc id=\u00a0\u00bb11&Prime;][\/vc_column][\/vc_row][vc_row][vc_column][vc_column_text]La tradition rencontre l\u2019innovation! La For\u00eat-Noire est une des principales r\u00e9gions touristiques allemandes et on l&rsquo;associe souvent aux fameux coucous de l\u2019horlogerie, au g\u00e2teau For\u00eat Noire et \u00e0 la montagne idylique.&hellip;<\/p>\n","protected":false},"author":1,"featured_media":0,"parent":0,"menu_order":0,"comment_status":"closed","ping_status":"closed","template":"","meta":{"footnotes":""},"class_list":["post-3074","page","type-page","status-publish","hentry","description-off"],"yoast_head":"<!-- This site is optimized with the Yoast SEO plugin v26.2 - https:\/\/yoast.com\/wordpress\/plugins\/seo\/ -->\n<title>La For\u00eat-Noire - Innovation Academy<\/title>\n<meta name=\"robots\" content=\"index, follow, max-snippet:-1, max-image-preview:large, max-video-preview:-1\" \/>\n<link rel=\"canonical\" href=\"https:\/\/www.innovation-academy.de\/fr\/foret-noire\/\" \/>\n<meta property=\"og:locale\" content=\"fr_FR\" \/>\n<meta property=\"og:type\" content=\"article\" \/>\n<meta property=\"og:title\" content=\"La For\u00eat-Noire - Innovation Academy\" \/>\n<meta property=\"og:description\" content=\"[vc_row][vc_column][vc_column_text] La For\u00eat-Noire [\/vc_column_text][\/vc_column][\/vc_row][vc_row][vc_column width=\u00a0\u00bb1\/3&Prime;][vc_custom_heading text=\u00a0\u00bbVillages bio\u00e9nerg\u00e9tiques Architecture bois Protection de la nature Tourisme durable R\u00e9novation de villages\u00a0\u00bb font_container=\u00a0\u00bbtag:h2|text_align:center|color:%23dd9933|line_height:2.5&Prime; use_theme_fonts=\u00a0\u00bbyes\u00a0\u00bb css=\u00a0\u00bb.vc_custom_1493982610183{background-color: #dddddd !important;}\u00a0\u00bb][\/vc_column][vc_column width=\u00a0\u00bb2\/3&Prime;][layerslider_vc id=\u00a0\u00bb11&Prime;][\/vc_column][\/vc_row][vc_row][vc_column][vc_column_text]La tradition rencontre l\u2019innovation! La For\u00eat-Noire est une des principales r\u00e9gions touristiques allemandes et on l&rsquo;associe souvent aux fameux coucous de l\u2019horlogerie, au g\u00e2teau For\u00eat Noire et \u00e0 la montagne idylique.&hellip;\" \/>\n<meta property=\"og:url\" content=\"https:\/\/www.innovation-academy.de\/fr\/foret-noire\/\" \/>\n<meta property=\"og:site_name\" content=\"Innovation Academy\" \/>\n<meta property=\"article:modified_time\" content=\"2022-11-21T11:03:59+00:00\" \/>\n<meta name=\"twitter:card\" content=\"summary_large_image\" \/>\n<meta name=\"twitter:label1\" content=\"Dur\u00e9e de lecture estim\u00e9e\" \/>\n\t<meta name=\"twitter:data1\" content=\"2 minutes\" \/>\n<script type=\"application\/ld+json\" class=\"yoast-schema-graph\">{\"@context\":\"https:\/\/schema.org\",\"@graph\":[{\"@type\":\"WebPage\",\"@id\":\"https:\/\/www.innovation-academy.de\/fr\/foret-noire\/\",\"url\":\"https:\/\/www.innovation-academy.de\/fr\/foret-noire\/\",\"name\":\"La For\u00eat-Noire - Innovation Academy\",\"isPartOf\":{\"@id\":\"https:\/\/www.innovation-academy.de\/fr\/#website\"},\"datePublished\":\"2015-11-06T17:37:43+00:00\",\"dateModified\":\"2022-11-21T11:03:59+00:00\",\"breadcrumb\":{\"@id\":\"https:\/\/www.innovation-academy.de\/fr\/foret-noire\/#breadcrumb\"},\"inLanguage\":\"fr-FR\",\"potentialAction\":[{\"@type\":\"ReadAction\",\"target\":[\"https:\/\/www.innovation-academy.de\/fr\/foret-noire\/\"]}]},{\"@type\":\"BreadcrumbList\",\"@id\":\"https:\/\/www.innovation-academy.de\/fr\/foret-noire\/#breadcrumb\",\"itemListElement\":[{\"@type\":\"ListItem\",\"position\":1,\"name\":\"Home\",\"item\":\"https:\/\/www.innovation-academy.de\/fr\/\"},{\"@type\":\"ListItem\",\"position\":2,\"name\":\"La For\u00eat-Noire\"}]},{\"@type\":\"WebSite\",\"@id\":\"https:\/\/www.innovation-academy.de\/fr\/#website\",\"url\":\"https:\/\/www.innovation-academy.de\/fr\/\",\"name\":\"Innovation Academy\",\"description\":\"Innovation Academy\",\"potentialAction\":[{\"@type\":\"SearchAction\",\"target\":{\"@type\":\"EntryPoint\",\"urlTemplate\":\"https:\/\/www.innovation-academy.de\/fr\/?s={search_term_string}\"},\"query-input\":{\"@type\":\"PropertyValueSpecification\",\"valueRequired\":true,\"valueName\":\"search_term_string\"}}],\"inLanguage\":\"fr-FR\"}]}<\/script>\n<!-- \/ Yoast SEO plugin. -->","yoast_head_json":{"title":"La For\u00eat-Noire - Innovation Academy","robots":{"index":"index","follow":"follow","max-snippet":"max-snippet:-1","max-image-preview":"max-image-preview:large","max-video-preview":"max-video-preview:-1"},"canonical":"https:\/\/www.innovation-academy.de\/fr\/foret-noire\/","og_locale":"fr_FR","og_type":"article","og_title":"La For\u00eat-Noire - Innovation Academy","og_description":"[vc_row][vc_column][vc_column_text] La For\u00eat-Noire [\/vc_column_text][\/vc_column][\/vc_row][vc_row][vc_column width=\u00a0\u00bb1\/3&Prime;][vc_custom_heading text=\u00a0\u00bbVillages bio\u00e9nerg\u00e9tiques Architecture bois Protection de la nature Tourisme durable R\u00e9novation de villages\u00a0\u00bb font_container=\u00a0\u00bbtag:h2|text_align:center|color:%23dd9933|line_height:2.5&Prime; use_theme_fonts=\u00a0\u00bbyes\u00a0\u00bb css=\u00a0\u00bb.vc_custom_1493982610183{background-color: #dddddd !important;}\u00a0\u00bb][\/vc_column][vc_column width=\u00a0\u00bb2\/3&Prime;][layerslider_vc id=\u00a0\u00bb11&Prime;][\/vc_column][\/vc_row][vc_row][vc_column][vc_column_text]La tradition rencontre l\u2019innovation! La For\u00eat-Noire est une des principales r\u00e9gions touristiques allemandes et on l&rsquo;associe souvent aux fameux coucous de l\u2019horlogerie, au g\u00e2teau For\u00eat Noire et \u00e0 la montagne idylique.&hellip;","og_url":"https:\/\/www.innovation-academy.de\/fr\/foret-noire\/","og_site_name":"Innovation Academy","article_modified_time":"2022-11-21T11:03:59+00:00","twitter_card":"summary_large_image","twitter_misc":{"Dur\u00e9e de lecture estim\u00e9e":"2 minutes"},"schema":{"@context":"https:\/\/schema.org","@graph":[{"@type":"WebPage","@id":"https:\/\/www.innovation-academy.de\/fr\/foret-noire\/","url":"https:\/\/www.innovation-academy.de\/fr\/foret-noire\/","name":"La For\u00eat-Noire - Innovation Academy","isPartOf":{"@id":"https:\/\/www.innovation-academy.de\/fr\/#website"},"datePublished":"2015-11-06T17:37:43+00:00","dateModified":"2022-11-21T11:03:59+00:00","breadcrumb":{"@id":"https:\/\/www.innovation-academy.de\/fr\/foret-noire\/#breadcrumb"},"inLanguage":"fr-FR","potentialAction":[{"@type":"ReadAction","target":["https:\/\/www.innovation-academy.de\/fr\/foret-noire\/"]}]},{"@type":"BreadcrumbList","@id":"https:\/\/www.innovation-academy.de\/fr\/foret-noire\/#breadcrumb","itemListElement":[{"@type":"ListItem","position":1,"name":"Home","item":"https:\/\/www.innovation-academy.de\/fr\/"},{"@type":"ListItem","position":2,"name":"La For\u00eat-Noire"}]},{"@type":"WebSite","@id":"https:\/\/www.innovation-academy.de\/fr\/#website","url":"https:\/\/www.innovation-academy.de\/fr\/","name":"Innovation Academy","description":"Innovation Academy","potentialAction":[{"@type":"SearchAction","target":{"@type":"EntryPoint","urlTemplate":"https:\/\/www.innovation-academy.de\/fr\/?s={search_term_string}"},"query-input":{"@type":"PropertyValueSpecification","valueRequired":true,"valueName":"search_term_string"}}],"inLanguage":"fr-FR"}]}},"_links":{"self":[{"href":"https:\/\/www.innovation-academy.de\/fr\/wp-json\/wp\/v2\/pages\/3074","targetHints":{"allow":["GET"]}}],"collection":[{"href":"https:\/\/www.innovation-academy.de\/fr\/wp-json\/wp\/v2\/pages"}],"about":[{"href":"https:\/\/www.innovation-academy.de\/fr\/wp-json\/wp\/v2\/types\/page"}],"author":[{"embeddable":true,"href":"https:\/\/www.innovation-academy.de\/fr\/wp-json\/wp\/v2\/users\/1"}],"replies":[{"embeddable":true,"href":"https:\/\/www.innovation-academy.de\/fr\/wp-json\/wp\/v2\/comments?post=3074"}],"version-history":[{"count":9,"href":"https:\/\/www.innovation-academy.de\/fr\/wp-json\/wp\/v2\/pages\/3074\/revisions"}],"predecessor-version":[{"id":9284,"href":"https:\/\/www.innovation-academy.de\/fr\/wp-json\/wp\/v2\/pages\/3074\/revisions\/9284"}],"wp:attachment":[{"href":"https:\/\/www.innovation-academy.de\/fr\/wp-json\/wp\/v2\/media?parent=3074"}],"curies":[{"name":"wp","href":"https:\/\/api.w.org\/{rel}","templated":true}]}}