{"id":3064,"date":"2015-11-06T00:17:32","date_gmt":"2015-11-05T22:17:32","guid":{"rendered":"http:\/\/www.innovation-academy.de\/destinationen\/"},"modified":"2025-02-20T18:06:02","modified_gmt":"2025-02-20T16:06:02","slug":"destinations","status":"publish","type":"page","link":"https:\/\/www.innovation-academy.de\/fr\/destinations\/","title":{"rendered":"Destinations"},"content":{"rendered":"<div class=\"wpb-content-wrapper\"><p>[vc_row][vc_column][vc_column_text css=\u00a0\u00bb\u00a0\u00bb]<\/p>\n<h1>Nos destinations en Allemagne et en Europe<\/h1>\n<p>[\/vc_column_text][\/vc_column][\/vc_row][vc_row][vc_column]<div class=\"ult-spacer spacer-69e20833bda59\" data-id=\"69e20833bda59\" data-height=\"30\" data-height-mobile=\"30\" data-height-tab=\"30\" data-height-tab-portrait=\"\" data-height-mobile-landscape=\"\" style=\"clear:both;display:block;\"><\/div>[\/vc_column][\/vc_row][vc_row][vc_column][vc_column_text css=\u00a0\u00bb\u00a0\u00bb]<strong>Nos activit\u00e9s se concentrent sur Fribourg, la Greencity, et la r\u00e9gion transfrontali\u00e8re avec l&rsquo;Allemagne, la France et la Suisse. Nous y sommes particuli\u00e8rement bien implant\u00e9s et couvrons un large \u00e9ventail de th\u00e8mes gr\u00e2ce \u00e0 notre vaste r\u00e9seau. M\u00eame en cas de demandes de derni\u00e8re minute, nous pouvons vous proposer des visites guid\u00e9es et des s\u00e9minaires.<\/strong><\/p>\n<p><strong>En outre, nous coop\u00e9rons avec des partenaires locaux dans de nombreuses autres villes innovantes europ\u00e9ennes, qui s\u2019engagent en faveur du d\u00e9veloppement durable et de la protection du climat. Pour des demandes de visite \u00e0 Munich, Hambourg, Barcelone, Copenhague, Vienne, Paris ou aux Pays-Bas, nous n\u00e9cessitions un certain d\u00e9lai.\u00a0 Nous nous ferons un plaisir d&rsquo;\u00e9laborer un programme sur mesure pour votre visite.<\/strong>[\/vc_column_text][\/vc_column][\/vc_row][vc_row][vc_column width=\u00a0\u00bb1\/3&Prime;][vc_single_image image=\u00a0\u00bb9781&Prime; img_size=\u00a0\u00bbfull\u00a0\u00bb add_caption=\u00a0\u00bbyes\u00a0\u00bb onclick=\u00a0\u00bbcustom_link\u00a0\u00bb css=\u00a0\u00bb\u00a0\u00bb link=\u00a0\u00bbhttps:\/\/www.innovation-academy.de\/fr\/greencity-fribourg\/\u00a0\u00bb][\/vc_column][vc_column width=\u00a0\u00bb1\/3&Prime;][vc_single_image image=\u00a0\u00bb9793&Prime; img_size=\u00a0\u00bbfull\u00a0\u00bb add_caption=\u00a0\u00bbyes\u00a0\u00bb onclick=\u00a0\u00bbcustom_link\u00a0\u00bb css=\u00a0\u00bb\u00a0\u00bb link=\u00a0\u00bbhttps:\/\/www.innovation-academy.de\/fr\/foret-noire-et-valle-du-rhine\/\u00a0\u00bb][\/vc_column][vc_column width=\u00a0\u00bb1\/3&Prime;][vc_single_image image=\u00a0\u00bb9787&Prime; img_size=\u00a0\u00bbfull\u00a0\u00bb add_caption=\u00a0\u00bbyes\u00a0\u00bb onclick=\u00a0\u00bbcustom_link\u00a0\u00bb css=\u00a0\u00bb\u00a0\u00bb link=\u00a0\u00bbhttps:\/\/www.innovation-academy.de\/fr\/bale-et-zurich\/\u00a0\u00bb][\/vc_column][\/vc_row][vc_row][vc_column width=\u00a0\u00bb1\/3&Prime;][vc_single_image image=\u00a0\u00bb9799&Prime; img_size=\u00a0\u00bbfull\u00a0\u00bb add_caption=\u00a0\u00bbyes\u00a0\u00bb onclick=\u00a0\u00bbcustom_link\u00a0\u00bb css=\u00a0\u00bb\u00a0\u00bb link=\u00a0\u00bbhttps:\/\/www.innovation-academy.de\/fr\/visites-guidees-hambourg\/\u00a0\u00bb][\/vc_column][vc_column width=\u00a0\u00bb1\/3&Prime;][vc_single_image image=\u00a0\u00bb9805&Prime; img_size=\u00a0\u00bbfull\u00a0\u00bb add_caption=\u00a0\u00bbyes\u00a0\u00bb onclick=\u00a0\u00bbcustom_link\u00a0\u00bb css=\u00a0\u00bb\u00a0\u00bb link=\u00a0\u00bbhttps:\/\/www.innovation-academy.de\/fr\/visites-guidees-munich\/\u00a0\u00bb][\/vc_column][vc_column width=\u00a0\u00bb1\/3&Prime;][vc_single_image image=\u00a0\u00bb9823&Prime; img_size=\u00a0\u00bbfull\u00a0\u00bb add_caption=\u00a0\u00bbyes\u00a0\u00bb onclick=\u00a0\u00bbcustom_link\u00a0\u00bb css=\u00a0\u00bb\u00a0\u00bb link=\u00a0\u00bbhttps:\/\/www.innovation-academy.de\/fr\/vienne\/\u00a0\u00bb][\/vc_column][\/vc_row][vc_row][vc_column width=\u00a0\u00bb1\/3&Prime;][vc_single_image image=\u00a0\u00bb9829&Prime; img_size=\u00a0\u00bbfull\u00a0\u00bb add_caption=\u00a0\u00bbyes\u00a0\u00bb onclick=\u00a0\u00bbcustom_link\u00a0\u00bb css=\u00a0\u00bb\u00a0\u00bb link=\u00a0\u00bbhttps:\/\/www.innovation-academy.de\/fr\/barcelone\/\u00a0\u00bb][\/vc_column][vc_column width=\u00a0\u00bb1\/3&Prime;][vc_single_image image=\u00a0\u00bb9835&Prime; img_size=\u00a0\u00bbfull\u00a0\u00bb add_caption=\u00a0\u00bbyes\u00a0\u00bb onclick=\u00a0\u00bbcustom_link\u00a0\u00bb css=\u00a0\u00bb\u00a0\u00bb link=\u00a0\u00bbhttps:\/\/www.innovation-academy.de\/fr\/copenhague\u00a0\u00bb][\/vc_column][vc_column width=\u00a0\u00bb1\/3&Prime;][vc_single_image image=\u00a0\u00bb9811&Prime; img_size=\u00a0\u00bbfull\u00a0\u00bb add_caption=\u00a0\u00bbyes\u00a0\u00bb onclick=\u00a0\u00bbcustom_link\u00a0\u00bb css=\u00a0\u00bb\u00a0\u00bb link=\u00a0\u00bbhttps:\/\/www.innovation-academy.de\/paris\/\u00a0\u00bb][\/vc_column][\/vc_row][vc_row][vc_column width=\u00a0\u00bb1\/3&Prime;][vc_single_image image=\u00a0\u00bb9817&Prime; img_size=\u00a0\u00bbfull\u00a0\u00bb add_caption=\u00a0\u00bbyes\u00a0\u00bb css=\u00a0\u00bb\u00a0\u00bb][\/vc_column][\/vc_row]<\/p>\n<\/div>","protected":false},"excerpt":{"rendered":"<p>[vc_row][vc_column][vc_column_text css=\u00a0\u00bb\u00a0\u00bb] Nos destinations en Allemagne et en Europe [\/vc_column_text][\/vc_column][\/vc_row][vc_row][vc_column][\/vc_column][\/vc_row][vc_row][vc_column][vc_column_text css=\u00a0\u00bb\u00a0\u00bb]Nos activit\u00e9s se concentrent sur Fribourg, la Greencity, et la r\u00e9gion transfrontali\u00e8re avec l&rsquo;Allemagne, la France et la Suisse. Nous y sommes particuli\u00e8rement bien implant\u00e9s et couvrons un large \u00e9ventail de th\u00e8mes gr\u00e2ce \u00e0 notre vaste r\u00e9seau. M\u00eame en cas de demandes de derni\u00e8re minute,&hellip;<\/p>\n","protected":false},"author":1,"featured_media":0,"parent":0,"menu_order":0,"comment_status":"closed","ping_status":"closed","template":"","meta":{"footnotes":""},"class_list":["post-3064","page","type-page","status-publish","hentry","description-off"],"yoast_head":"<!-- This site is optimized with the Yoast SEO plugin v26.2 - https:\/\/yoast.com\/wordpress\/plugins\/seo\/ -->\n<title>Destinations - Innovation Academy<\/title>\n<meta name=\"description\" content=\"Entdecken Sie F\u00fchrungen und Seminare zu Nachhaltigkeit und Klimaschutz in der Greencity Freiburg und der umliegenden Dreil\u00e4nderregion sowie in europ\u00e4ischen Hotspots f\u00fcr nachhaltige Entwicklung wie M\u00fcnchen, Hamburg, Barcelona, Kopenhagen, Paris &amp; mehr. Jetzt ma\u00dfgeschneidertes Angebot anfragen!\" \/>\n<meta name=\"robots\" content=\"index, follow, max-snippet:-1, max-image-preview:large, max-video-preview:-1\" \/>\n<link rel=\"canonical\" href=\"https:\/\/www.innovation-academy.de\/fr\/destinations\/\" \/>\n<meta property=\"og:locale\" content=\"fr_FR\" \/>\n<meta property=\"og:type\" content=\"article\" \/>\n<meta property=\"og:title\" content=\"Destinations - Innovation Academy\" \/>\n<meta property=\"og:description\" content=\"Entdecken Sie F\u00fchrungen und Seminare zu Nachhaltigkeit und Klimaschutz in der Greencity Freiburg und der umliegenden Dreil\u00e4nderregion sowie in europ\u00e4ischen Hotspots f\u00fcr nachhaltige Entwicklung wie M\u00fcnchen, Hamburg, Barcelona, Kopenhagen, Paris &amp; mehr. Jetzt ma\u00dfgeschneidertes Angebot anfragen!\" \/>\n<meta property=\"og:url\" content=\"https:\/\/www.innovation-academy.de\/fr\/destinations\/\" \/>\n<meta property=\"og:site_name\" content=\"Innovation Academy\" \/>\n<meta property=\"article:modified_time\" content=\"2025-02-20T16:06:02+00:00\" \/>\n<meta name=\"twitter:card\" content=\"summary_large_image\" \/>\n<meta name=\"twitter:label1\" content=\"Dur\u00e9e de lecture estim\u00e9e\" \/>\n\t<meta name=\"twitter:data1\" content=\"2 minutes\" \/>\n<script type=\"application\/ld+json\" class=\"yoast-schema-graph\">{\"@context\":\"https:\/\/schema.org\",\"@graph\":[{\"@type\":\"WebPage\",\"@id\":\"https:\/\/www.innovation-academy.de\/fr\/destinations\/\",\"url\":\"https:\/\/www.innovation-academy.de\/fr\/destinations\/\",\"name\":\"Destinations - Innovation Academy\",\"isPartOf\":{\"@id\":\"https:\/\/www.innovation-academy.de\/fr\/#website\"},\"datePublished\":\"2015-11-05T22:17:32+00:00\",\"dateModified\":\"2025-02-20T16:06:02+00:00\",\"description\":\"Entdecken Sie F\u00fchrungen und Seminare zu Nachhaltigkeit und Klimaschutz in der Greencity Freiburg und der umliegenden Dreil\u00e4nderregion sowie in europ\u00e4ischen Hotspots f\u00fcr nachhaltige Entwicklung wie M\u00fcnchen, Hamburg, Barcelona, Kopenhagen, Paris & mehr. Jetzt ma\u00dfgeschneidertes Angebot anfragen!\",\"breadcrumb\":{\"@id\":\"https:\/\/www.innovation-academy.de\/fr\/destinations\/#breadcrumb\"},\"inLanguage\":\"fr-FR\",\"potentialAction\":[{\"@type\":\"ReadAction\",\"target\":[\"https:\/\/www.innovation-academy.de\/fr\/destinations\/\"]}]},{\"@type\":\"BreadcrumbList\",\"@id\":\"https:\/\/www.innovation-academy.de\/fr\/destinations\/#breadcrumb\",\"itemListElement\":[{\"@type\":\"ListItem\",\"position\":1,\"name\":\"Home\",\"item\":\"https:\/\/www.innovation-academy.de\/fr\/\"},{\"@type\":\"ListItem\",\"position\":2,\"name\":\"Destinations\"}]},{\"@type\":\"WebSite\",\"@id\":\"https:\/\/www.innovation-academy.de\/fr\/#website\",\"url\":\"https:\/\/www.innovation-academy.de\/fr\/\",\"name\":\"Innovation Academy\",\"description\":\"Innovation Academy\",\"potentialAction\":[{\"@type\":\"SearchAction\",\"target\":{\"@type\":\"EntryPoint\",\"urlTemplate\":\"https:\/\/www.innovation-academy.de\/fr\/?s={search_term_string}\"},\"query-input\":{\"@type\":\"PropertyValueSpecification\",\"valueRequired\":true,\"valueName\":\"search_term_string\"}}],\"inLanguage\":\"fr-FR\"}]}<\/script>\n<!-- \/ Yoast SEO plugin. -->","yoast_head_json":{"title":"Destinations - Innovation Academy","description":"Entdecken Sie F\u00fchrungen und Seminare zu Nachhaltigkeit und Klimaschutz in der Greencity Freiburg und der umliegenden Dreil\u00e4nderregion sowie in europ\u00e4ischen Hotspots f\u00fcr nachhaltige Entwicklung wie M\u00fcnchen, Hamburg, Barcelona, Kopenhagen, Paris & mehr. Jetzt ma\u00dfgeschneidertes Angebot anfragen!","robots":{"index":"index","follow":"follow","max-snippet":"max-snippet:-1","max-image-preview":"max-image-preview:large","max-video-preview":"max-video-preview:-1"},"canonical":"https:\/\/www.innovation-academy.de\/fr\/destinations\/","og_locale":"fr_FR","og_type":"article","og_title":"Destinations - Innovation Academy","og_description":"Entdecken Sie F\u00fchrungen und Seminare zu Nachhaltigkeit und Klimaschutz in der Greencity Freiburg und der umliegenden Dreil\u00e4nderregion sowie in europ\u00e4ischen Hotspots f\u00fcr nachhaltige Entwicklung wie M\u00fcnchen, Hamburg, Barcelona, Kopenhagen, Paris & mehr. Jetzt ma\u00dfgeschneidertes Angebot anfragen!","og_url":"https:\/\/www.innovation-academy.de\/fr\/destinations\/","og_site_name":"Innovation Academy","article_modified_time":"2025-02-20T16:06:02+00:00","twitter_card":"summary_large_image","twitter_misc":{"Dur\u00e9e de lecture estim\u00e9e":"2 minutes"},"schema":{"@context":"https:\/\/schema.org","@graph":[{"@type":"WebPage","@id":"https:\/\/www.innovation-academy.de\/fr\/destinations\/","url":"https:\/\/www.innovation-academy.de\/fr\/destinations\/","name":"Destinations - Innovation Academy","isPartOf":{"@id":"https:\/\/www.innovation-academy.de\/fr\/#website"},"datePublished":"2015-11-05T22:17:32+00:00","dateModified":"2025-02-20T16:06:02+00:00","description":"Entdecken Sie F\u00fchrungen und Seminare zu Nachhaltigkeit und Klimaschutz in der Greencity Freiburg und der umliegenden Dreil\u00e4nderregion sowie in europ\u00e4ischen Hotspots f\u00fcr nachhaltige Entwicklung wie M\u00fcnchen, Hamburg, Barcelona, Kopenhagen, Paris & mehr. Jetzt ma\u00dfgeschneidertes Angebot anfragen!","breadcrumb":{"@id":"https:\/\/www.innovation-academy.de\/fr\/destinations\/#breadcrumb"},"inLanguage":"fr-FR","potentialAction":[{"@type":"ReadAction","target":["https:\/\/www.innovation-academy.de\/fr\/destinations\/"]}]},{"@type":"BreadcrumbList","@id":"https:\/\/www.innovation-academy.de\/fr\/destinations\/#breadcrumb","itemListElement":[{"@type":"ListItem","position":1,"name":"Home","item":"https:\/\/www.innovation-academy.de\/fr\/"},{"@type":"ListItem","position":2,"name":"Destinations"}]},{"@type":"WebSite","@id":"https:\/\/www.innovation-academy.de\/fr\/#website","url":"https:\/\/www.innovation-academy.de\/fr\/","name":"Innovation Academy","description":"Innovation Academy","potentialAction":[{"@type":"SearchAction","target":{"@type":"EntryPoint","urlTemplate":"https:\/\/www.innovation-academy.de\/fr\/?s={search_term_string}"},"query-input":{"@type":"PropertyValueSpecification","valueRequired":true,"valueName":"search_term_string"}}],"inLanguage":"fr-FR"}]}},"_links":{"self":[{"href":"https:\/\/www.innovation-academy.de\/fr\/wp-json\/wp\/v2\/pages\/3064","targetHints":{"allow":["GET"]}}],"collection":[{"href":"https:\/\/www.innovation-academy.de\/fr\/wp-json\/wp\/v2\/pages"}],"about":[{"href":"https:\/\/www.innovation-academy.de\/fr\/wp-json\/wp\/v2\/types\/page"}],"author":[{"embeddable":true,"href":"https:\/\/www.innovation-academy.de\/fr\/wp-json\/wp\/v2\/users\/1"}],"replies":[{"embeddable":true,"href":"https:\/\/www.innovation-academy.de\/fr\/wp-json\/wp\/v2\/comments?post=3064"}],"version-history":[{"count":11,"href":"https:\/\/www.innovation-academy.de\/fr\/wp-json\/wp\/v2\/pages\/3064\/revisions"}],"predecessor-version":[{"id":10153,"href":"https:\/\/www.innovation-academy.de\/fr\/wp-json\/wp\/v2\/pages\/3064\/revisions\/10153"}],"wp:attachment":[{"href":"https:\/\/www.innovation-academy.de\/fr\/wp-json\/wp\/v2\/media?parent=3064"}],"curies":[{"name":"wp","href":"https:\/\/api.w.org\/{rel}","templated":true}]}}