{"id":3056,"date":"2015-11-05T23:22:28","date_gmt":"2015-11-05T21:22:28","guid":{"rendered":"http:\/\/www.innovation-academy.de\/vortraege\/"},"modified":"2017-08-24T15:47:33","modified_gmt":"2017-08-24T13:47:33","slug":"conferences","status":"publish","type":"page","link":"https:\/\/www.innovation-academy.de\/fr\/conferences\/","title":{"rendered":"Conf\u00e9rences"},"content":{"rendered":"<div class=\"wpb-content-wrapper\"><p>[vc_row][vc_column][vc_column_text]<\/p>\n<h1 style=\"text-align: center;\"><strong>Conf\u00e9rences<\/strong><\/h1>\n<p>[\/vc_column_text]<div class=\"ult-spacer spacer-69d9a5f1c3cc7\" data-id=\"69d9a5f1c3cc7\" data-height=\"30\" data-height-mobile=\"30\" data-height-tab=\"30\" data-height-tab-portrait=\"\" data-height-mobile-landscape=\"\" style=\"clear:both;display:block;\"><\/div>[\/vc_column][\/vc_row][vc_row][vc_column width=\u00a0\u00bb1\/3&Prime;][vc_column_text css=\u00a0\u00bb.vc_custom_1500363230835{background-color: #dddddd !important;}\u00a0\u00bb]<\/p>\n<h2 style=\"text-align: center;\"><span style=\"color: #dd9933;\">Nous proposons des conf\u00e9rences<\/span><\/h2>\n<h3 style=\"text-align: center;\"><span style=\"color: #dd9933;\">autour des th\u00e8mes suivants:<\/span><\/h3>\n<h3 style=\"text-align: center;\"><span style=\"color: #dd9933;\">Urbanisme durable<\/span><\/h3>\n<h3 style=\"text-align: center;\"><span style=\"color: #dd9933;\">Mobilit\u00e9<\/span><\/h3>\n<h3 style=\"text-align: center;\"><span style=\"color: #dd9933;\">\u00c9nergies renouvelables<br \/>\n<\/span><\/h3>\n<h3 style=\"text-align: center;\"><span style=\"color: #dd9933;\">Gestion des d\u00e9chets<\/span><\/h3>\n<h3 style=\"text-align: center;\"><span style=\"color: #dd9933;\">D\u00e9mocratie participative<\/span><\/h3>\n<h3 style=\"text-align: center;\"><span style=\"color: #dd9933;\">et autres th\u00e8mes<\/span><\/h3>\n<p>[\/vc_column_text][\/vc_column][vc_column width=\u00a0\u00bb2\/3&Prime;][layerslider_vc id=\u00a0\u00bb4&Prime;][\/vc_column][\/vc_row][vc_row][vc_column]<div class=\"ult-spacer spacer-69d9a5f1c3d18\" data-id=\"69d9a5f1c3d18\" data-height=\"30\" data-height-mobile=\"30\" data-height-tab=\"30\" data-height-tab-portrait=\"\" data-height-mobile-landscape=\"\" style=\"clear:both;display:block;\"><\/div>[\/vc_column][\/vc_row][vc_row][vc_column][vc_column_text]<span style=\"font-family: 'Verdana','sans-serif';\"><span style=\"color: #000000; font-size: medium;\">Nos intervenants techniques tiennent des conf\u00e9rences lors de congr\u00e8s internationaux sur les diff\u00e9rents th\u00e8mes du d\u00e9veloppement durable tels le concept des transports, l&rsquo;urbanisme durable, les \u00e9nergies renouvelables, la mobilit\u00e9 \u00e0 v\u00e9lo, les d\u00e9chets, la politique environnementale de la GreenCity Freiburg, l&rsquo;implication citoyenne, les concepts de mobilit\u00e9 dans la r\u00e9gion des trois pays. <\/span><\/span><\/p>\n<p><span style=\"font-family: 'Verdana','sans-serif';\"><span style=\"color: #000000; font-size: medium;\">N&rsquo;h\u00e9sitez-pas \u00e0 nous contacter!<br \/>\n<\/span><\/span><\/p>\n<p>[\/vc_column_text][\/vc_column][\/vc_row]<\/p>\n<\/div>","protected":false},"excerpt":{"rendered":"<p>[vc_row][vc_column][vc_column_text] Conf\u00e9rences [\/vc_column_text][\/vc_column][\/vc_row][vc_row][vc_column width=\u00a0\u00bb1\/3&Prime;][vc_column_text css=\u00a0\u00bb.vc_custom_1500363230835{background-color: #dddddd !important;}\u00a0\u00bb] Nous proposons des conf\u00e9rences autour des th\u00e8mes suivants: Urbanisme durable Mobilit\u00e9 \u00c9nergies renouvelables Gestion des d\u00e9chets D\u00e9mocratie participative et autres th\u00e8mes [\/vc_column_text][\/vc_column][vc_column width=\u00a0\u00bb2\/3&Prime;][layerslider_vc id=\u00a0\u00bb4&Prime;][\/vc_column][\/vc_row][vc_row][vc_column][\/vc_column][\/vc_row][vc_row][vc_column][vc_column_text]Nos intervenants techniques tiennent des conf\u00e9rences lors de congr\u00e8s internationaux sur les diff\u00e9rents th\u00e8mes du d\u00e9veloppement durable tels le concept des transports, l&rsquo;urbanisme durable, les&hellip;<\/p>\n","protected":false},"author":1,"featured_media":0,"parent":0,"menu_order":0,"comment_status":"closed","ping_status":"closed","template":"","meta":{"footnotes":""},"class_list":["post-3056","page","type-page","status-publish","hentry","description-off"],"yoast_head":"<!-- This site is optimized with the Yoast SEO plugin v26.2 - https:\/\/yoast.com\/wordpress\/plugins\/seo\/ -->\n<title>Conf\u00e9rences - Innovation Academy<\/title>\n<meta name=\"robots\" content=\"index, follow, max-snippet:-1, max-image-preview:large, max-video-preview:-1\" \/>\n<link rel=\"canonical\" href=\"https:\/\/www.innovation-academy.de\/fr\/conferences\/\" \/>\n<meta property=\"og:locale\" content=\"fr_FR\" \/>\n<meta property=\"og:type\" content=\"article\" \/>\n<meta property=\"og:title\" content=\"Conf\u00e9rences - Innovation Academy\" \/>\n<meta property=\"og:description\" content=\"[vc_row][vc_column][vc_column_text] Conf\u00e9rences [\/vc_column_text][\/vc_column][\/vc_row][vc_row][vc_column width=\u00a0\u00bb1\/3&Prime;][vc_column_text css=\u00a0\u00bb.vc_custom_1500363230835{background-color: #dddddd !important;}\u00a0\u00bb] Nous proposons des conf\u00e9rences autour des th\u00e8mes suivants: Urbanisme durable Mobilit\u00e9 \u00c9nergies renouvelables Gestion des d\u00e9chets D\u00e9mocratie participative et autres th\u00e8mes [\/vc_column_text][\/vc_column][vc_column width=\u00a0\u00bb2\/3&Prime;][layerslider_vc id=\u00a0\u00bb4&Prime;][\/vc_column][\/vc_row][vc_row][vc_column][\/vc_column][\/vc_row][vc_row][vc_column][vc_column_text]Nos intervenants techniques tiennent des conf\u00e9rences lors de congr\u00e8s internationaux sur les diff\u00e9rents th\u00e8mes du d\u00e9veloppement durable tels le concept des transports, l&rsquo;urbanisme durable, les&hellip;\" \/>\n<meta property=\"og:url\" content=\"https:\/\/www.innovation-academy.de\/fr\/conferences\/\" \/>\n<meta property=\"og:site_name\" content=\"Innovation Academy\" \/>\n<meta property=\"article:modified_time\" content=\"2017-08-24T13:47:33+00:00\" \/>\n<meta name=\"twitter:card\" content=\"summary_large_image\" \/>\n<meta name=\"twitter:label1\" content=\"Dur\u00e9e de lecture estim\u00e9e\" \/>\n\t<meta name=\"twitter:data1\" content=\"1 minute\" \/>\n<script type=\"application\/ld+json\" class=\"yoast-schema-graph\">{\"@context\":\"https:\/\/schema.org\",\"@graph\":[{\"@type\":\"WebPage\",\"@id\":\"https:\/\/www.innovation-academy.de\/fr\/conferences\/\",\"url\":\"https:\/\/www.innovation-academy.de\/fr\/conferences\/\",\"name\":\"Conf\u00e9rences - Innovation Academy\",\"isPartOf\":{\"@id\":\"https:\/\/www.innovation-academy.de\/fr\/#website\"},\"datePublished\":\"2015-11-05T21:22:28+00:00\",\"dateModified\":\"2017-08-24T13:47:33+00:00\",\"breadcrumb\":{\"@id\":\"https:\/\/www.innovation-academy.de\/fr\/conferences\/#breadcrumb\"},\"inLanguage\":\"fr-FR\",\"potentialAction\":[{\"@type\":\"ReadAction\",\"target\":[\"https:\/\/www.innovation-academy.de\/fr\/conferences\/\"]}]},{\"@type\":\"BreadcrumbList\",\"@id\":\"https:\/\/www.innovation-academy.de\/fr\/conferences\/#breadcrumb\",\"itemListElement\":[{\"@type\":\"ListItem\",\"position\":1,\"name\":\"Home\",\"item\":\"https:\/\/www.innovation-academy.de\/fr\/\"},{\"@type\":\"ListItem\",\"position\":2,\"name\":\"Conf\u00e9rences\"}]},{\"@type\":\"WebSite\",\"@id\":\"https:\/\/www.innovation-academy.de\/fr\/#website\",\"url\":\"https:\/\/www.innovation-academy.de\/fr\/\",\"name\":\"Innovation Academy\",\"description\":\"Innovation Academy\",\"potentialAction\":[{\"@type\":\"SearchAction\",\"target\":{\"@type\":\"EntryPoint\",\"urlTemplate\":\"https:\/\/www.innovation-academy.de\/fr\/?s={search_term_string}\"},\"query-input\":{\"@type\":\"PropertyValueSpecification\",\"valueRequired\":true,\"valueName\":\"search_term_string\"}}],\"inLanguage\":\"fr-FR\"}]}<\/script>\n<!-- \/ Yoast SEO plugin. -->","yoast_head_json":{"title":"Conf\u00e9rences - Innovation Academy","robots":{"index":"index","follow":"follow","max-snippet":"max-snippet:-1","max-image-preview":"max-image-preview:large","max-video-preview":"max-video-preview:-1"},"canonical":"https:\/\/www.innovation-academy.de\/fr\/conferences\/","og_locale":"fr_FR","og_type":"article","og_title":"Conf\u00e9rences - Innovation Academy","og_description":"[vc_row][vc_column][vc_column_text] Conf\u00e9rences [\/vc_column_text][\/vc_column][\/vc_row][vc_row][vc_column width=\u00a0\u00bb1\/3&Prime;][vc_column_text css=\u00a0\u00bb.vc_custom_1500363230835{background-color: #dddddd !important;}\u00a0\u00bb] Nous proposons des conf\u00e9rences autour des th\u00e8mes suivants: Urbanisme durable Mobilit\u00e9 \u00c9nergies renouvelables Gestion des d\u00e9chets D\u00e9mocratie participative et autres th\u00e8mes [\/vc_column_text][\/vc_column][vc_column width=\u00a0\u00bb2\/3&Prime;][layerslider_vc id=\u00a0\u00bb4&Prime;][\/vc_column][\/vc_row][vc_row][vc_column][\/vc_column][\/vc_row][vc_row][vc_column][vc_column_text]Nos intervenants techniques tiennent des conf\u00e9rences lors de congr\u00e8s internationaux sur les diff\u00e9rents th\u00e8mes du d\u00e9veloppement durable tels le concept des transports, l&rsquo;urbanisme durable, les&hellip;","og_url":"https:\/\/www.innovation-academy.de\/fr\/conferences\/","og_site_name":"Innovation Academy","article_modified_time":"2017-08-24T13:47:33+00:00","twitter_card":"summary_large_image","twitter_misc":{"Dur\u00e9e de lecture estim\u00e9e":"1 minute"},"schema":{"@context":"https:\/\/schema.org","@graph":[{"@type":"WebPage","@id":"https:\/\/www.innovation-academy.de\/fr\/conferences\/","url":"https:\/\/www.innovation-academy.de\/fr\/conferences\/","name":"Conf\u00e9rences - Innovation Academy","isPartOf":{"@id":"https:\/\/www.innovation-academy.de\/fr\/#website"},"datePublished":"2015-11-05T21:22:28+00:00","dateModified":"2017-08-24T13:47:33+00:00","breadcrumb":{"@id":"https:\/\/www.innovation-academy.de\/fr\/conferences\/#breadcrumb"},"inLanguage":"fr-FR","potentialAction":[{"@type":"ReadAction","target":["https:\/\/www.innovation-academy.de\/fr\/conferences\/"]}]},{"@type":"BreadcrumbList","@id":"https:\/\/www.innovation-academy.de\/fr\/conferences\/#breadcrumb","itemListElement":[{"@type":"ListItem","position":1,"name":"Home","item":"https:\/\/www.innovation-academy.de\/fr\/"},{"@type":"ListItem","position":2,"name":"Conf\u00e9rences"}]},{"@type":"WebSite","@id":"https:\/\/www.innovation-academy.de\/fr\/#website","url":"https:\/\/www.innovation-academy.de\/fr\/","name":"Innovation Academy","description":"Innovation Academy","potentialAction":[{"@type":"SearchAction","target":{"@type":"EntryPoint","urlTemplate":"https:\/\/www.innovation-academy.de\/fr\/?s={search_term_string}"},"query-input":{"@type":"PropertyValueSpecification","valueRequired":true,"valueName":"search_term_string"}}],"inLanguage":"fr-FR"}]}},"_links":{"self":[{"href":"https:\/\/www.innovation-academy.de\/fr\/wp-json\/wp\/v2\/pages\/3056","targetHints":{"allow":["GET"]}}],"collection":[{"href":"https:\/\/www.innovation-academy.de\/fr\/wp-json\/wp\/v2\/pages"}],"about":[{"href":"https:\/\/www.innovation-academy.de\/fr\/wp-json\/wp\/v2\/types\/page"}],"author":[{"embeddable":true,"href":"https:\/\/www.innovation-academy.de\/fr\/wp-json\/wp\/v2\/users\/1"}],"replies":[{"embeddable":true,"href":"https:\/\/www.innovation-academy.de\/fr\/wp-json\/wp\/v2\/comments?post=3056"}],"version-history":[{"count":10,"href":"https:\/\/www.innovation-academy.de\/fr\/wp-json\/wp\/v2\/pages\/3056\/revisions"}],"predecessor-version":[{"id":3482,"href":"https:\/\/www.innovation-academy.de\/fr\/wp-json\/wp\/v2\/pages\/3056\/revisions\/3482"}],"wp:attachment":[{"href":"https:\/\/www.innovation-academy.de\/fr\/wp-json\/wp\/v2\/media?parent=3056"}],"curies":[{"name":"wp","href":"https:\/\/api.w.org\/{rel}","templated":true}]}}