{"id":2985,"date":"2015-11-05T23:19:30","date_gmt":"2015-11-05T21:19:30","guid":{"rendered":"http:\/\/www.innovation-academy.de\/freizeit-kultur\/"},"modified":"2022-12-26T15:04:07","modified_gmt":"2022-12-26T13:04:07","slug":"loisirs-culture","status":"publish","type":"page","link":"https:\/\/www.innovation-academy.de\/fr\/loisirs-culture\/","title":{"rendered":"Loisirs et Culture"},"content":{"rendered":"<div class=\"wpb-content-wrapper\"><p>[vc_row][vc_column][vc_column_text]<\/p>\n<h1 style=\"text-align: center;\"><strong>Loisirs et Culture <\/strong><\/h1>\n<p>[\/vc_column_text]<div class=\"ult-spacer spacer-69e359189e8d3\" data-id=\"69e359189e8d3\" data-height=\"30\" data-height-mobile=\"30\" data-height-tab=\"30\" data-height-tab-portrait=\"\" data-height-mobile-landscape=\"\" style=\"clear:both;display:block;\"><\/div>[\/vc_column][\/vc_row][vc_row][vc_column width=\u00a0\u00bb1\/3&Prime;][vc_column_text css=\u00a0\u00bb.vc_custom_1499253534181{background-color: #dddddd !important;}\u00a0\u00bb]<\/p>\n<h3 style=\"text-align: center;\"><span style=\"color: #dd9933;\">For\u00eat-Noire<\/span><\/h3>\n<h3 style=\"text-align: center;\"><span style=\"color: #dd9933;\">Randonn\u00e9es p\u00e9destres <\/span><\/h3>\n<h3 style=\"text-align: center;\"><span style=\"color: #dd9933;\">D\u00e9gustations de vin bio<\/span><\/h3>\n<h3 style=\"text-align: center;\"><span style=\"color: #dd9933;\">Sites du Moyen-\u00e2ge<br \/>\n<\/span><\/h3>\n<h3 style=\"text-align: center;\"><span style=\"color: #dd9933;\">R\u00e9serves naturelles<br \/>\n<\/span><\/h3>\n<h3 style=\"text-align: center;\"><span style=\"color: #dd9933;\">Visites de march\u00e9s<\/span><\/h3>\n<h3 style=\"text-align: center;\"><span style=\"color: #dd9933;\">Sp\u00e9cialit\u00e9s r\u00e9gionales<\/span><\/h3>\n<h3 style=\"text-align: center;\"><span style=\"color: #dd9933;\">Randonn\u00e9es \u00e0 v\u00e9lo<\/span><\/h3>\n<h3 style=\"text-align: center;\"><span style=\"color: #dd9933;\">Alsace<\/span><\/h3>\n<h3 style=\"text-align: center;\"><span style=\"color: #dd9933;\">Excursions<\/span><\/h3>\n<h3 style=\"text-align: center;\"><span style=\"color: #dd9933;\">Ch\u00e2teaux<br \/>\n<\/span><\/h3>\n<p>[\/vc_column_text][\/vc_column][vc_column width=\u00a0\u00bb2\/3&Prime;][layerslider_vc id=\u00a0\u00bb20&Prime;][\/vc_column][\/vc_row][vc_row][vc_column]<div class=\"ult-spacer spacer-69e359189e8fb\" data-id=\"69e359189e8fb\" data-height=\"30\" data-height-mobile=\"30\" data-height-tab=\"30\" data-height-tab-portrait=\"\" data-height-mobile-landscape=\"\" style=\"clear:both;display:block;\"><\/div>[\/vc_column][\/vc_row][vc_row][vc_column][vc_column_text]Le concept de d\u00e9veloppement durable doit pouvoir rimer avec joie de vivre.<\/p>\n<p>Apr\u00e8s les visites techniques, nous prendrons soin de votre bien-\u00eatre culinaire. Vous pourrez vous restaurer dans un restaurant gastronomique ou bien choisir une formule moins on\u00e9reuse. Comme id\u00e9e originale, vous pourrez prendre une collation typique de la For\u00eat-Noire dans un moulin historique ou encore faire une d\u00e9gustation de vin bio chez le viticulteur.<\/p>\n<p>&nbsp;<\/p>\n<p>A l\u2019occasion de randonn\u00e9es p\u00e9destres, vous d\u00e9couvrirez le particularisme des paysages de la For\u00eat-Noire ainsi que le tr\u00e8s bon r\u00e9seau de transports en commun en zone rurale \u2013 et tout cela en l\u2019espace d\u2019un apr\u00e8s-midi.<\/p>\n<p>Un tour en v\u00e9lo, ou si vous pr\u00e9f\u00e9rez en v\u00e9lo \u00e9lectrique, dans les vignobles sera une partie de plaisir![\/vc_column_text][\/vc_column][\/vc_row][vc_row][vc_column]<div class=\"ult-spacer spacer-69e359189e913\" data-id=\"69e359189e913\" data-height=\"30\" data-height-mobile=\"30\" data-height-tab=\"30\" data-height-tab-portrait=\"\" data-height-mobile-landscape=\"\" style=\"clear:both;display:block;\"><\/div>[\/vc_column][\/vc_row][vc_row][vc_column]<div class=\"ult-spacer spacer-69e359189e928\" data-id=\"69e359189e928\" data-height=\"30\" data-height-mobile=\"30\" data-height-tab=\"30\" data-height-tab-portrait=\"\" data-height-mobile-landscape=\"\" style=\"clear:both;display:block;\"><\/div><div class=\"dt-fancy-separator title-left h1-size\" style=\"width: 100%;\"><div class=\"dt-fancy-title\"><span class=\"separator-holder separator-left\"><\/span>Unsere Angebote<span class=\"separator-holder separator-right\"><\/span><\/div><\/div><div class=\"ult-spacer spacer-69e359189e966\" data-id=\"69e359189e966\" data-height=\"30\" data-height-mobile=\"30\" data-height-tab=\"30\" data-height-tab-portrait=\"\" data-height-mobile-landscape=\"\" style=\"clear:both;display:block;\"><\/div><div class=\"dt-shortcode with-isotope\"><div class=\"wf-container dt-blog-shortcode loading-effect-none iso-grid description-under-image content-align-left\" data-padding=\"20px\" data-cur-page=\"1\" data-posts-per-page=\"-1\" data-width=\"370px\" data-columns=\"3\">\n<div class=\"wf-cell\" data-post-id=\"6694\" data-date=\"2019-01-23T14:13:22+02:00\" data-name=\"L\u2019espace d\u2019exposition Alexander B\u00fcrkle\">\n\t<article class=\"post post-6694 type-post status-publish format-standard has-post-thumbnail hentry category-fribourg-loisirs category-134 description-off\">\n\n\t\t\n\t\t\t<div class=\"blog-media wf-td\">\n\n\t\t\t\t<p><a href=\"https:\/\/www.innovation-academy.de\/fr\/kunstraum-alexander-buerkle\/\" class=\"alignnone rollover layzr-bg\" ><img fetchpriority=\"high\" decoding=\"async\" class=\"preload-me iso-lazy-load aspect\" src=\"data:image\/svg+xml,%3Csvg%20xmlns%3D&#39;http%3A%2F%2Fwww.w3.org%2F2000%2Fsvg&#39;%20viewBox%3D&#39;0%200%20400%20299&#39;%2F%3E\" data-src=\"https:\/\/www.innovation-academy.de\/wp-content\/uploads\/Freiburg_Kunsthalle.jpg\" data-srcset=\"https:\/\/www.innovation-academy.de\/wp-content\/uploads\/Freiburg_Kunsthalle.jpg 400w\" loading=\"eager\" style=\"--ratio: 400 \/ 299\" sizes=\"(max-width: 400px) 100vw, 400px\" alt=\"\" title=\"Freiburg_Kunsthalle\" width=\"400\" height=\"299\"  \/><\/a><\/p>\n\t\t\t<\/div>\n\n\t\t\n\t\t<div class=\"blog-content wf-td\">\n\t\t\t<h3 class=\"entry-title\"><a href=\"https:\/\/www.innovation-academy.de\/fr\/kunstraum-alexander-buerkle\/\" title=\"L\u2019espace d\u2019exposition Alexander B\u00fcrkle\" rel=\"bookmark\">L\u2019espace d\u2019exposition Alexander B\u00fcrkle<\/a><\/h3>\n\n\t\t\t\n\t\t<\/div>\n\n\t<\/article>\n\n<\/div>\n<div class=\"wf-cell\" data-post-id=\"2830\" data-date=\"2017-02-08T21:56:38+02:00\" data-name=\"Le ch\u00e2teau-fort du Hochburg et le clo\u00eetre en ruine de Tennenbach\">\n\t<article class=\"post post-2830 type-post status-publish format-standard has-post-thumbnail hentry category-upper-rhine-valley-loisirs category-169 description-off\">\n\n\t\t\n\t\t\t<div class=\"blog-media wf-td\">\n\n\t\t\t\t<p><a href=\"https:\/\/www.innovation-academy.de\/fr\/chateau-fort-hochburg-et-cloitre-ruine-tennenbach\/\" class=\"alignnone rollover layzr-bg\" ><img decoding=\"async\" class=\"preload-me iso-lazy-load aspect\" src=\"data:image\/svg+xml,%3Csvg%20xmlns%3D&#39;http%3A%2F%2Fwww.w3.org%2F2000%2Fsvg&#39;%20viewBox%3D&#39;0%200%20400%20299&#39;%2F%3E\" data-src=\"https:\/\/www.innovation-academy.de\/wp-content\/uploads\/URV_Hochburg.jpg\" data-srcset=\"https:\/\/www.innovation-academy.de\/wp-content\/uploads\/URV_Hochburg.jpg 400w\" loading=\"eager\" style=\"--ratio: 400 \/ 299\" sizes=\"(max-width: 400px) 100vw, 400px\" alt=\"Burgruine und Kloster\" title=\"URV_Hochburg\" width=\"400\" height=\"299\"  \/><\/a><\/p>\n\t\t\t<\/div>\n\n\t\t\n\t\t<div class=\"blog-content wf-td\">\n\t\t\t<h3 class=\"entry-title\"><a href=\"https:\/\/www.innovation-academy.de\/fr\/chateau-fort-hochburg-et-cloitre-ruine-tennenbach\/\" title=\"Le ch\u00e2teau-fort du Hochburg et le clo\u00eetre en ruine de Tennenbach\" rel=\"bookmark\">Le ch\u00e2teau-fort du Hochburg et le clo\u00eetre en ruine de Tennenbach<\/a><\/h3>\n\n\t\t\t\n\t\t<\/div>\n\n\t<\/article>\n\n<\/div>\n<div class=\"wf-cell\" data-post-id=\"2834\" data-date=\"2017-02-08T20:53:02+02:00\" data-name=\"Fribourg de l&#039;an 1120 \u00e0 2020 avec quizz\">\n\t<article class=\"post post-2834 type-post status-publish format-standard has-post-thumbnail hentry category-fribourg-loisirs category-134 description-off\">\n\n\t\t\n\t\t\t<div class=\"blog-media wf-td\">\n\n\t\t\t\t<p><a href=\"https:\/\/www.innovation-academy.de\/fr\/visite-guidee-centre-historique-quizz\/\" class=\"alignnone rollover layzr-bg\" ><img decoding=\"async\" class=\"preload-me iso-lazy-load aspect\" src=\"data:image\/svg+xml,%3Csvg%20xmlns%3D&#39;http%3A%2F%2Fwww.w3.org%2F2000%2Fsvg&#39;%20viewBox%3D&#39;0%200%20400%20299&#39;%2F%3E\" data-src=\"https:\/\/www.innovation-academy.de\/wp-content\/uploads\/Freiburg_Altstadtquizz.jpg\" data-srcset=\"https:\/\/www.innovation-academy.de\/wp-content\/uploads\/Freiburg_Altstadtquizz.jpg 400w\" loading=\"eager\" style=\"--ratio: 400 \/ 299\" sizes=\"(max-width: 400px) 100vw, 400px\" alt=\"\" title=\"Freiburg_Altstadtquizz\" width=\"400\" height=\"299\"  \/><\/a><\/p>\n\t\t\t<\/div>\n\n\t\t\n\t\t<div class=\"blog-content wf-td\">\n\t\t\t<h3 class=\"entry-title\"><a href=\"https:\/\/www.innovation-academy.de\/fr\/visite-guidee-centre-historique-quizz\/\" title=\"Fribourg de l&rsquo;an 1120 \u00e0 2020 avec quizz\" rel=\"bookmark\">Fribourg de l&rsquo;an 1120 \u00e0 2020 avec quizz<\/a><\/h3>\n\n\t\t\t\n\t\t<\/div>\n\n\t<\/article>\n\n<\/div>\n<div class=\"wf-cell\" data-post-id=\"2844\" data-date=\"2017-02-02T23:20:31+02:00\" data-name=\"Collation dans un moulin historique de For\u00eat-Noire\">\n\t<article class=\"post post-2844 type-post status-publish format-standard has-post-thumbnail hentry category-foret-noire-loisirs category-155 description-off\">\n\n\t\t\n\t\t\t<div class=\"blog-media wf-td\">\n\n\t\t\t\t<p><a href=\"https:\/\/www.innovation-academy.de\/fr\/repas-froid-moulin-foret-noire\/\" class=\"alignnone rollover layzr-bg\" ><img decoding=\"async\" class=\"preload-me iso-lazy-load aspect\" src=\"data:image\/svg+xml,%3Csvg%20xmlns%3D&#39;http%3A%2F%2Fwww.w3.org%2F2000%2Fsvg&#39;%20viewBox%3D&#39;0%200%20400%20299&#39;%2F%3E\" data-src=\"https:\/\/www.innovation-academy.de\/wp-content\/uploads\/Schwarzwald_Vesper.jpg\" data-srcset=\"https:\/\/www.innovation-academy.de\/wp-content\/uploads\/Schwarzwald_Vesper.jpg 400w\" loading=\"eager\" style=\"--ratio: 400 \/ 299\" sizes=\"(max-width: 400px) 100vw, 400px\" alt=\"\" title=\"Schwarzwald_Vesper\" width=\"400\" height=\"299\"  \/><\/a><\/p>\n\t\t\t<\/div>\n\n\t\t\n\t\t<div class=\"blog-content wf-td\">\n\t\t\t<h3 class=\"entry-title\"><a href=\"https:\/\/www.innovation-academy.de\/fr\/repas-froid-moulin-foret-noire\/\" title=\"Collation dans un moulin historique de For\u00eat-Noire\" rel=\"bookmark\">Collation dans un moulin historique de For\u00eat-Noire<\/a><\/h3>\n\n\t\t\t\n\t\t<\/div>\n\n\t<\/article>\n\n<\/div>\n<div class=\"wf-cell\" data-post-id=\"2870\" data-date=\"2017-01-30T15:41:07+02:00\" data-name=\"Visite du port en bateau priv\u00e9\">\n\t<article class=\"post post-2870 type-post status-publish format-standard has-post-thumbnail hentry category-hambourg-scolaires-loisirs category-143 description-off\">\n\n\t\t\n\t\t\t<div class=\"blog-media wf-td\">\n\n\t\t\t\t<p><a href=\"https:\/\/www.innovation-academy.de\/fr\/visite-port-en-bateau-prive-architecture-et-urbanisme\/\" class=\"alignnone rollover layzr-bg\" ><img decoding=\"async\" class=\"preload-me iso-lazy-load aspect\" src=\"data:image\/svg+xml,%3Csvg%20xmlns%3D&#39;http%3A%2F%2Fwww.w3.org%2F2000%2Fsvg&#39;%20viewBox%3D&#39;0%200%20400%20299&#39;%2F%3E\" data-src=\"https:\/\/www.innovation-academy.de\/wp-content\/uploads\/Hamburg-Barkasse-Schueler.jpg\" data-srcset=\"https:\/\/www.innovation-academy.de\/wp-content\/uploads\/Hamburg-Barkasse-Schueler.jpg 400w\" loading=\"eager\" style=\"--ratio: 400 \/ 299\" sizes=\"(max-width: 400px) 100vw, 400px\" alt=\"\" title=\"Hamburg-Barkasse-Schueler\" width=\"400\" height=\"299\"  \/><\/a><\/p>\n\t\t\t<\/div>\n\n\t\t\n\t\t<div class=\"blog-content wf-td\">\n\t\t\t<h3 class=\"entry-title\"><a href=\"https:\/\/www.innovation-academy.de\/fr\/visite-port-en-bateau-prive-architecture-et-urbanisme\/\" title=\"Visite du port en bateau priv\u00e9\" rel=\"bookmark\">Visite du port en bateau priv\u00e9<\/a><\/h3>\n\n\t\t\t\n\t\t<\/div>\n\n\t<\/article>\n\n<\/div>\n<div class=\"wf-cell\" data-post-id=\"2876\" data-date=\"2017-01-30T12:17:04+02:00\" data-name=\"Randonn\u00e9e en For\u00eat Noire\">\n\t<article class=\"post post-2876 type-post status-publish format-standard has-post-thumbnail hentry category-foret-noire-loisirs category-155 description-off\">\n\n\t\t\n\t\t\t<div class=\"blog-media wf-td\">\n\n\t\t\t\t<p><a href=\"https:\/\/www.innovation-academy.de\/fr\/randonnee-foret-noire\/\" class=\"alignnone rollover layzr-bg\" ><img decoding=\"async\" class=\"preload-me iso-lazy-load aspect\" src=\"data:image\/svg+xml,%3Csvg%20xmlns%3D&#39;http%3A%2F%2Fwww.w3.org%2F2000%2Fsvg&#39;%20viewBox%3D&#39;0%200%20400%20299&#39;%2F%3E\" data-src=\"https:\/\/www.innovation-academy.de\/wp-content\/uploads\/Schwarzwald_Wanderung.jpg\" data-srcset=\"https:\/\/www.innovation-academy.de\/wp-content\/uploads\/Schwarzwald_Wanderung.jpg 400w\" loading=\"eager\" style=\"--ratio: 400 \/ 299\" sizes=\"(max-width: 400px) 100vw, 400px\" alt=\"\" title=\"Schwarzwald_Wanderung\" width=\"400\" height=\"299\"  \/><\/a><\/p>\n\t\t\t<\/div>\n\n\t\t\n\t\t<div class=\"blog-content wf-td\">\n\t\t\t<h3 class=\"entry-title\"><a href=\"https:\/\/www.innovation-academy.de\/fr\/randonnee-foret-noire\/\" title=\"Randonn\u00e9e en For\u00eat Noire\" rel=\"bookmark\">Randonn\u00e9e en For\u00eat Noire<\/a><\/h3>\n\n\t\t\t\n\t\t<\/div>\n\n\t<\/article>\n\n<\/div>\n<div class=\"wf-cell\" data-post-id=\"2897\" data-date=\"2017-01-17T15:54:23+02:00\" data-name=\"Villages du Moyen \u00c2ge, ch\u00e2teaux et clo\u00eetres\">\n\t<article class=\"post post-2897 type-post status-publish format-standard has-post-thumbnail hentry category-upper-rhine-valley-loisirs category-169 description-off\">\n\n\t\t\n\t\t\t<div class=\"blog-media wf-td\">\n\n\t\t\t\t<p><a href=\"https:\/\/www.innovation-academy.de\/fr\/villages-moyen-age-chateaux-forts-et-cloitres\/\" class=\"alignnone rollover layzr-bg\" ><img decoding=\"async\" class=\"preload-me iso-lazy-load aspect\" src=\"data:image\/svg+xml,%3Csvg%20xmlns%3D&#39;http%3A%2F%2Fwww.w3.org%2F2000%2Fsvg&#39;%20viewBox%3D&#39;0%200%20400%20299&#39;%2F%3E\" data-src=\"https:\/\/www.innovation-academy.de\/wp-content\/uploads\/URV_Burgen.jpg\" data-srcset=\"https:\/\/www.innovation-academy.de\/wp-content\/uploads\/URV_Burgen.jpg 400w\" loading=\"eager\" style=\"--ratio: 400 \/ 299\" sizes=\"(max-width: 400px) 100vw, 400px\" alt=\"\" title=\"URV_Burgen\" width=\"400\" height=\"299\"  \/><\/a><\/p>\n\t\t\t<\/div>\n\n\t\t\n\t\t<div class=\"blog-content wf-td\">\n\t\t\t<h3 class=\"entry-title\"><a href=\"https:\/\/www.innovation-academy.de\/fr\/villages-moyen-age-chateaux-forts-et-cloitres\/\" title=\"Villages du Moyen \u00c2ge, ch\u00e2teaux et clo\u00eetres\" rel=\"bookmark\">Villages du Moyen \u00c2ge, ch\u00e2teaux et clo\u00eetres<\/a><\/h3>\n\n\t\t\t\n\t\t<\/div>\n\n\t<\/article>\n\n<\/div><\/div><\/div><div class=\"ult-spacer spacer-69e35918a6653\" data-id=\"69e35918a6653\" data-height=\"30\" data-height-mobile=\"30\" data-height-tab=\"30\" data-height-tab-portrait=\"\" data-height-mobile-landscape=\"\" style=\"clear:both;display:block;\"><\/div>[\/vc_column][\/vc_row]<\/p>\n<\/div>","protected":false},"excerpt":{"rendered":"<p>[vc_row][vc_column][vc_column_text] Loisirs et Culture [\/vc_column_text][\/vc_column][\/vc_row][vc_row][vc_column width=\u00a0\u00bb1\/3&Prime;][vc_column_text css=\u00a0\u00bb.vc_custom_1499253534181{background-color: #dddddd !important;}\u00a0\u00bb] For\u00eat-Noire Randonn\u00e9es p\u00e9destres D\u00e9gustations de vin bio Sites du Moyen-\u00e2ge R\u00e9serves naturelles Visites de march\u00e9s Sp\u00e9cialit\u00e9s r\u00e9gionales Randonn\u00e9es \u00e0 v\u00e9lo Alsace Excursions Ch\u00e2teaux [\/vc_column_text][\/vc_column][vc_column width=\u00a0\u00bb2\/3&Prime;][layerslider_vc id=\u00a0\u00bb20&Prime;][\/vc_column][\/vc_row][vc_row][vc_column][\/vc_column][\/vc_row][vc_row][vc_column][vc_column_text]Le concept de d\u00e9veloppement durable doit pouvoir rimer avec joie de vivre. Apr\u00e8s les visites techniques, nous prendrons soin de votre&hellip;<\/p>\n","protected":false},"author":1,"featured_media":0,"parent":0,"menu_order":0,"comment_status":"closed","ping_status":"closed","template":"","meta":{"footnotes":""},"class_list":["post-2985","page","type-page","status-publish","hentry","description-off"],"yoast_head":"<!-- This site is optimized with the Yoast SEO plugin v26.2 - https:\/\/yoast.com\/wordpress\/plugins\/seo\/ -->\n<title>Loisirs et Culture - Innovation Academy<\/title>\n<meta name=\"robots\" content=\"index, follow, max-snippet:-1, max-image-preview:large, max-video-preview:-1\" \/>\n<link rel=\"canonical\" href=\"https:\/\/www.innovation-academy.de\/fr\/loisirs-culture\/\" \/>\n<meta property=\"og:locale\" content=\"fr_FR\" \/>\n<meta property=\"og:type\" content=\"article\" \/>\n<meta property=\"og:title\" content=\"Loisirs et Culture - Innovation Academy\" \/>\n<meta property=\"og:description\" content=\"[vc_row][vc_column][vc_column_text] Loisirs et Culture [\/vc_column_text][\/vc_column][\/vc_row][vc_row][vc_column width=\u00a0\u00bb1\/3&Prime;][vc_column_text css=\u00a0\u00bb.vc_custom_1499253534181{background-color: #dddddd !important;}\u00a0\u00bb] For\u00eat-Noire Randonn\u00e9es p\u00e9destres D\u00e9gustations de vin bio Sites du Moyen-\u00e2ge R\u00e9serves naturelles Visites de march\u00e9s Sp\u00e9cialit\u00e9s r\u00e9gionales Randonn\u00e9es \u00e0 v\u00e9lo Alsace Excursions Ch\u00e2teaux [\/vc_column_text][\/vc_column][vc_column width=\u00a0\u00bb2\/3&Prime;][layerslider_vc id=\u00a0\u00bb20&Prime;][\/vc_column][\/vc_row][vc_row][vc_column][\/vc_column][\/vc_row][vc_row][vc_column][vc_column_text]Le concept de d\u00e9veloppement durable doit pouvoir rimer avec joie de vivre. Apr\u00e8s les visites techniques, nous prendrons soin de votre&hellip;\" \/>\n<meta property=\"og:url\" content=\"https:\/\/www.innovation-academy.de\/fr\/loisirs-culture\/\" \/>\n<meta property=\"og:site_name\" content=\"Innovation Academy\" \/>\n<meta property=\"article:modified_time\" content=\"2022-12-26T13:04:07+00:00\" \/>\n<meta name=\"twitter:card\" content=\"summary_large_image\" \/>\n<meta name=\"twitter:label1\" content=\"Dur\u00e9e de lecture estim\u00e9e\" \/>\n\t<meta name=\"twitter:data1\" content=\"1 minute\" \/>\n<script type=\"application\/ld+json\" class=\"yoast-schema-graph\">{\"@context\":\"https:\/\/schema.org\",\"@graph\":[{\"@type\":\"WebPage\",\"@id\":\"https:\/\/www.innovation-academy.de\/fr\/loisirs-culture\/\",\"url\":\"https:\/\/www.innovation-academy.de\/fr\/loisirs-culture\/\",\"name\":\"Loisirs et Culture - Innovation Academy\",\"isPartOf\":{\"@id\":\"https:\/\/www.innovation-academy.de\/fr\/#website\"},\"datePublished\":\"2015-11-05T21:19:30+00:00\",\"dateModified\":\"2022-12-26T13:04:07+00:00\",\"breadcrumb\":{\"@id\":\"https:\/\/www.innovation-academy.de\/fr\/loisirs-culture\/#breadcrumb\"},\"inLanguage\":\"fr-FR\",\"potentialAction\":[{\"@type\":\"ReadAction\",\"target\":[\"https:\/\/www.innovation-academy.de\/fr\/loisirs-culture\/\"]}]},{\"@type\":\"BreadcrumbList\",\"@id\":\"https:\/\/www.innovation-academy.de\/fr\/loisirs-culture\/#breadcrumb\",\"itemListElement\":[{\"@type\":\"ListItem\",\"position\":1,\"name\":\"Home\",\"item\":\"https:\/\/www.innovation-academy.de\/fr\/\"},{\"@type\":\"ListItem\",\"position\":2,\"name\":\"Loisirs et Culture\"}]},{\"@type\":\"WebSite\",\"@id\":\"https:\/\/www.innovation-academy.de\/fr\/#website\",\"url\":\"https:\/\/www.innovation-academy.de\/fr\/\",\"name\":\"Innovation Academy\",\"description\":\"Innovation Academy\",\"potentialAction\":[{\"@type\":\"SearchAction\",\"target\":{\"@type\":\"EntryPoint\",\"urlTemplate\":\"https:\/\/www.innovation-academy.de\/fr\/?s={search_term_string}\"},\"query-input\":{\"@type\":\"PropertyValueSpecification\",\"valueRequired\":true,\"valueName\":\"search_term_string\"}}],\"inLanguage\":\"fr-FR\"}]}<\/script>\n<!-- \/ Yoast SEO plugin. -->","yoast_head_json":{"title":"Loisirs et Culture - Innovation Academy","robots":{"index":"index","follow":"follow","max-snippet":"max-snippet:-1","max-image-preview":"max-image-preview:large","max-video-preview":"max-video-preview:-1"},"canonical":"https:\/\/www.innovation-academy.de\/fr\/loisirs-culture\/","og_locale":"fr_FR","og_type":"article","og_title":"Loisirs et Culture - Innovation Academy","og_description":"[vc_row][vc_column][vc_column_text] Loisirs et Culture [\/vc_column_text][\/vc_column][\/vc_row][vc_row][vc_column width=\u00a0\u00bb1\/3&Prime;][vc_column_text css=\u00a0\u00bb.vc_custom_1499253534181{background-color: #dddddd !important;}\u00a0\u00bb] For\u00eat-Noire Randonn\u00e9es p\u00e9destres D\u00e9gustations de vin bio Sites du Moyen-\u00e2ge R\u00e9serves naturelles Visites de march\u00e9s Sp\u00e9cialit\u00e9s r\u00e9gionales Randonn\u00e9es \u00e0 v\u00e9lo Alsace Excursions Ch\u00e2teaux [\/vc_column_text][\/vc_column][vc_column width=\u00a0\u00bb2\/3&Prime;][layerslider_vc id=\u00a0\u00bb20&Prime;][\/vc_column][\/vc_row][vc_row][vc_column][\/vc_column][\/vc_row][vc_row][vc_column][vc_column_text]Le concept de d\u00e9veloppement durable doit pouvoir rimer avec joie de vivre. Apr\u00e8s les visites techniques, nous prendrons soin de votre&hellip;","og_url":"https:\/\/www.innovation-academy.de\/fr\/loisirs-culture\/","og_site_name":"Innovation Academy","article_modified_time":"2022-12-26T13:04:07+00:00","twitter_card":"summary_large_image","twitter_misc":{"Dur\u00e9e de lecture estim\u00e9e":"1 minute"},"schema":{"@context":"https:\/\/schema.org","@graph":[{"@type":"WebPage","@id":"https:\/\/www.innovation-academy.de\/fr\/loisirs-culture\/","url":"https:\/\/www.innovation-academy.de\/fr\/loisirs-culture\/","name":"Loisirs et Culture - Innovation Academy","isPartOf":{"@id":"https:\/\/www.innovation-academy.de\/fr\/#website"},"datePublished":"2015-11-05T21:19:30+00:00","dateModified":"2022-12-26T13:04:07+00:00","breadcrumb":{"@id":"https:\/\/www.innovation-academy.de\/fr\/loisirs-culture\/#breadcrumb"},"inLanguage":"fr-FR","potentialAction":[{"@type":"ReadAction","target":["https:\/\/www.innovation-academy.de\/fr\/loisirs-culture\/"]}]},{"@type":"BreadcrumbList","@id":"https:\/\/www.innovation-academy.de\/fr\/loisirs-culture\/#breadcrumb","itemListElement":[{"@type":"ListItem","position":1,"name":"Home","item":"https:\/\/www.innovation-academy.de\/fr\/"},{"@type":"ListItem","position":2,"name":"Loisirs et Culture"}]},{"@type":"WebSite","@id":"https:\/\/www.innovation-academy.de\/fr\/#website","url":"https:\/\/www.innovation-academy.de\/fr\/","name":"Innovation Academy","description":"Innovation Academy","potentialAction":[{"@type":"SearchAction","target":{"@type":"EntryPoint","urlTemplate":"https:\/\/www.innovation-academy.de\/fr\/?s={search_term_string}"},"query-input":{"@type":"PropertyValueSpecification","valueRequired":true,"valueName":"search_term_string"}}],"inLanguage":"fr-FR"}]}},"_links":{"self":[{"href":"https:\/\/www.innovation-academy.de\/fr\/wp-json\/wp\/v2\/pages\/2985","targetHints":{"allow":["GET"]}}],"collection":[{"href":"https:\/\/www.innovation-academy.de\/fr\/wp-json\/wp\/v2\/pages"}],"about":[{"href":"https:\/\/www.innovation-academy.de\/fr\/wp-json\/wp\/v2\/types\/page"}],"author":[{"embeddable":true,"href":"https:\/\/www.innovation-academy.de\/fr\/wp-json\/wp\/v2\/users\/1"}],"replies":[{"embeddable":true,"href":"https:\/\/www.innovation-academy.de\/fr\/wp-json\/wp\/v2\/comments?post=2985"}],"version-history":[{"count":11,"href":"https:\/\/www.innovation-academy.de\/fr\/wp-json\/wp\/v2\/pages\/2985\/revisions"}],"predecessor-version":[{"id":9334,"href":"https:\/\/www.innovation-academy.de\/fr\/wp-json\/wp\/v2\/pages\/2985\/revisions\/9334"}],"wp:attachment":[{"href":"https:\/\/www.innovation-academy.de\/fr\/wp-json\/wp\/v2\/media?parent=2985"}],"curies":[{"name":"wp","href":"https:\/\/api.w.org\/{rel}","templated":true}]}}