{"id":2971,"date":"2015-11-06T20:31:49","date_gmt":"2015-11-06T18:31:49","guid":{"rendered":"http:\/\/www.innovation-academy.de\/abfallwirtschaft\/"},"modified":"2017-09-14T15:43:28","modified_gmt":"2017-09-14T13:43:28","slug":"gestion_dechets_eau","status":"publish","type":"page","link":"https:\/\/www.innovation-academy.de\/fr\/gestion_dechets_eau\/","title":{"rendered":"Gestion des d\u00e9chets et de l\u2019eau"},"content":{"rendered":"<div class=\"wpb-content-wrapper\"><p>[vc_row][vc_column]<div class=\"ult-spacer spacer-69d9a5e776500\" data-id=\"69d9a5e776500\" data-height=\"30\" data-height-mobile=\"30\" data-height-tab=\"30\" data-height-tab-portrait=\"\" data-height-mobile-landscape=\"\" style=\"clear:both;display:block;\"><\/div>[vc_column_text]<\/p>\n<h1 style=\"text-align: center;\"><strong>Gestion des d\u00e9chets et de l\u2019eau<\/strong><\/h1>\n<p>[\/vc_column_text]<div class=\"ult-spacer spacer-69d9a5e77656e\" data-id=\"69d9a5e77656e\" data-height=\"15\" data-height-mobile=\"15\" data-height-tab=\"15\" data-height-tab-portrait=\"\" data-height-mobile-landscape=\"\" style=\"clear:both;display:block;\"><\/div>[\/vc_column][\/vc_row][vc_row][vc_column width=\u00a0\u00bb1\/3&Prime;][vc_column_text css=\u00a0\u00bb.vc_custom_1504790122260{background-color: #eaeaea !important;}\u00a0\u00bb]<\/p>\n<h2 style=\"text-align: center;\"><span style=\"color: #dd9933;\">Recyclage<\/span><\/h2>\n<h2 style=\"text-align: center;\"><span style=\"color: #dd9933;\">Hi\u00e9rarchie des d\u00e9chets<\/span><\/h2>\n<h2 style=\"text-align: center;\"><span style=\"color: #dd9933;\">Traitement des eaux us\u00e9es<\/span><\/h2>\n<h2 style=\"text-align: center;\"><span style=\"color: #dd9933;\">Valorisation des d\u00e9chets<\/span><\/h2>\n<h2 style=\"text-align: center;\"><span style=\"color: #dd9933;\">Eviter les d\u00e9chets <\/span><\/h2>\n<h2 style=\"text-align: center;\"><span style=\"color: #dd9933;\">Captage d\u2019eau potable<\/span><\/h2>\n<p>[\/vc_column_text][\/vc_column][vc_column width=\u00a0\u00bb2\/3&Prime;][layerslider_vc id=\u00a0\u00bb5&Prime;][\/vc_column][\/vc_row][vc_row][vc_column][vc_column_text]Au cours des derni\u00e8res d\u00e9cennies, la quantit\u00e9 de d\u00e9chets par habitant a consid\u00e9rablement augment\u00e9 dans tous les pays en raison de la croissance \u00e9conomique, de la consommation plus intense et de l\u2019utilisation accrue de mat\u00e9riaux d\u2019emballage. Le potentiel d\u2019\u00e9conomies d\u2019\u00e9nergie et de ressources est \u00e9norme et les technologies mises en place multiples. Nous parlons aujourd\u2019hui d\u2019\u00e9conomie circulaire durable aussi bien dans le domaine de la gestion des d\u00e9chets que dans celui de la gestion de l\u2019eau. La production d\u2019eau potable propre suppose un traitement responsable des eaux us\u00e9es.<\/p>\n<p>Nous vous pr\u00e9senterons les technologies actuelles et innovantes dans les domaines de la gestion des d\u00e9chets et de l\u2019eau.[\/vc_column_text][\/vc_column][\/vc_row][vc_row][vc_column]<div class=\"ult-spacer spacer-69d9a5e77659d\" data-id=\"69d9a5e77659d\" data-height=\"30\" data-height-mobile=\"30\" data-height-tab=\"30\" data-height-tab-portrait=\"\" data-height-mobile-landscape=\"\" style=\"clear:both;display:block;\"><\/div>[\/vc_column][\/vc_row][vc_row][vc_column width=\u00a0\u00bb1\/2&Prime;]<div class=\" ubtn-ctn-center \"><a class=\"ubtn-link ult-adjust-bottom-margin ubtn-center ubtn-large \" href=\"#fachbesucher\" title=\"Abfall- und Wassermanagement f\u00fcr Fachbesucher und Universit\u00e4ten\" ><button type=\"button\" id=\"ubtn-5688\"  class=\"ubtn ult-adjust-bottom-margin ult-responsive ubtn-large ubtn-no-hover-bg  none  ubtn-center   tooltip-69d9a5e776620\"  data-hover=\"#ffffff\" data-border-color=\"#ffbf00\" data-bg=\"#ffffff\" data-hover-bg=\"#ffbf00\" data-border-hover=\"#ffffff\" data-shadow-hover=\"\" data-shadow-click=\"none\" data-shadow=\"\" data-shd-shadow=\"\"  data-ultimate-target='#ubtn-5688'  data-responsive-json-new='{\"font-size\":\"desktop:20px;\",\"line-height\":\"\"}'  style=\"font-weight:bold;border-radius:6px;border-width:3px;border-color:#ffbf00;border-style:solid;background: #ffffff;color: #ffbf00;\"><span class=\"ubtn-hover\" style=\"background-color:#ffbf00\"><\/span><span class=\"ubtn-data ubtn-text \" >D\u00e9l\u00e9gations professionnelles et universit\u00e9s<\/span><\/button><\/a><\/div><div class=\"ult-spacer spacer-69d9a5e77673f\" data-id=\"69d9a5e77673f\" data-height=\"30\" data-height-mobile=\"30\" data-height-tab=\"30\" data-height-tab-portrait=\"\" data-height-mobile-landscape=\"\" style=\"clear:both;display:block;\"><\/div>[\/vc_column][vc_column width=\u00a0\u00bb1\/2&Prime;]<div class=\" ubtn-ctn-center \"><a class=\"ubtn-link ult-adjust-bottom-margin ubtn-center ubtn-large \" href=\"#schulen\" title=\"Abfall- und Wassermanagement f\u00fcr Schulen und Jugendgruppen\" ><button type=\"button\" id=\"ubtn-7437\"  class=\"ubtn ult-adjust-bottom-margin ult-responsive ubtn-large ubtn-no-hover-bg  none  ubtn-center   tooltip-69d9a5e776784\"  data-hover=\"#ffffff\" data-border-color=\"#ffbf00\" data-bg=\"#ffffff\" data-hover-bg=\"#ffbf00\" data-border-hover=\"#ffffff\" data-shadow-hover=\"\" data-shadow-click=\"none\" data-shadow=\"\" data-shd-shadow=\"\"  data-ultimate-target='#ubtn-7437'  data-responsive-json-new='{\"font-size\":\"desktop:20px;\",\"line-height\":\"\"}'  style=\"font-weight:bold;border-radius:6px;border-width:3px;border-color:#ffbf00;border-style:solid;background: #ffffff;color: #ffbf00;\"><span class=\"ubtn-hover\" style=\"background-color:#ffbf00\"><\/span><span class=\"ubtn-data ubtn-text \" >Groupes scolaires et lyc\u00e9es professionnels<\/span><\/button><\/a><\/div><div class=\"ult-spacer spacer-69d9a5e7767f4\" data-id=\"69d9a5e7767f4\" data-height=\"30\" data-height-mobile=\"30\" data-height-tab=\"30\" data-height-tab-portrait=\"\" data-height-mobile-landscape=\"\" style=\"clear:both;display:block;\"><\/div>[\/vc_column][\/vc_row][vc_row anchor=\u00a0\u00bb#fachbesucher\u00a0\u00bb][vc_column]<div class=\"ult-spacer spacer-69d9a5e77681f\" data-id=\"69d9a5e77681f\" data-height=\"30\" data-height-mobile=\"30\" data-height-tab=\"30\" data-height-tab-portrait=\"\" data-height-mobile-landscape=\"\" style=\"clear:both;display:block;\"><\/div><div class=\"dt-fancy-separator title-left h2-size\" style=\"width: 100%;\"><div class=\"dt-fancy-title\"><span class=\"separator-holder separator-left\"><\/span>Gestion des d\u00e9chets et de l\u2019eau pour les d\u00e9l\u00e9gations professionnelles et les universit\u00e9s<span class=\"separator-holder separator-right\"><\/span><\/div><\/div><div class=\"ult-spacer spacer-69d9a5e77689b\" data-id=\"69d9a5e77689b\" data-height=\"30\" data-height-mobile=\"30\" data-height-tab=\"30\" data-height-tab-portrait=\"\" data-height-mobile-landscape=\"\" style=\"clear:both;display:block;\"><\/div><div class=\"dt-shortcode with-isotope\"><div class=\"wf-container dt-blog-shortcode loading-effect-none iso-container description-under-image content-align-left\" data-padding=\"20px\" data-cur-page=\"1\" data-posts-per-page=\"-1\" data-width=\"370px\" data-columns=\"3\">\n<div class=\"wf-cell iso-item\" data-post-id=\"2964\" data-date=\"2022-02-14T14:06:30+02:00\" data-name=\"La gestion des d\u00e9chets \u00e0 Fribourg\">\n\t<article class=\"post post-2964 type-post status-publish format-standard has-post-thumbnail hentry category-fribourg-delegations-professionnelles-eaux-et-dechets category-133 description-off\">\n\n\t\t\n\t\t\t<div class=\"blog-media wf-td\">\n\n\t\t\t\t<p><a href=\"https:\/\/www.innovation-academy.de\/fr\/gestion-dechets-fribourg\/\" class=\"alignnone rollover layzr-bg\" ><img fetchpriority=\"high\" decoding=\"async\" class=\"preload-me iso-lazy-load aspect\" src=\"data:image\/svg+xml,%3Csvg%20xmlns%3D&#39;http%3A%2F%2Fwww.w3.org%2F2000%2Fsvg&#39;%20viewBox%3D&#39;0%200%20400%20300&#39;%2F%3E\" data-src=\"https:\/\/www.innovation-academy.de\/wp-content\/uploads\/Freiburg_Abfall.jpg\" data-srcset=\"https:\/\/www.innovation-academy.de\/wp-content\/uploads\/Freiburg_Abfall.jpg 400w\" loading=\"eager\" style=\"--ratio: 400 \/ 300\" sizes=\"(max-width: 400px) 100vw, 400px\" alt=\"\" title=\"Freiburg_Abfall\" width=\"400\" height=\"300\"  \/><\/a><\/p>\n\t\t\t<\/div>\n\n\t\t\n\t\t<div class=\"blog-content wf-td\">\n\t\t\t<h3 class=\"entry-title\"><a href=\"https:\/\/www.innovation-academy.de\/fr\/gestion-dechets-fribourg\/\" title=\"La gestion des d\u00e9chets \u00e0 Fribourg\" rel=\"bookmark\">La gestion des d\u00e9chets \u00e0 Fribourg<\/a><\/h3>\n\n\t\t\t\n\t\t<\/div>\n\n\t<\/article>\n\n<\/div>\n<div class=\"wf-cell iso-item\" data-post-id=\"2931\" data-date=\"2017-01-03T23:11:12+02:00\" data-name=\"Trois Pays, trois Solutions pour les d\u00e9chets\">\n\t<article class=\"post post-2931 type-post status-publish format-standard has-post-thumbnail hentry category-upper-rhine-valley-delegations-professionnelles-eaux-et-dechets category-168 description-off\">\n\n\t\t\n\t\t\t<div class=\"blog-media wf-td\">\n\n\t\t\t\t<p><a href=\"https:\/\/www.innovation-academy.de\/fr\/trois-pays-trois-solutions-pour-dechets\/\" class=\"alignnone rollover layzr-bg\" ><img decoding=\"async\" class=\"preload-me iso-lazy-load aspect\" src=\"data:image\/svg+xml,%3Csvg%20xmlns%3D&#39;http%3A%2F%2Fwww.w3.org%2F2000%2Fsvg&#39;%20viewBox%3D&#39;0%200%20400%20300&#39;%2F%3E\" data-src=\"https:\/\/www.innovation-academy.de\/wp-content\/uploads\/URV_Abfallmanagement.jpg\" data-srcset=\"https:\/\/www.innovation-academy.de\/wp-content\/uploads\/URV_Abfallmanagement.jpg 400w\" loading=\"eager\" style=\"--ratio: 400 \/ 300\" sizes=\"(max-width: 400px) 100vw, 400px\" alt=\"\" title=\"URV_Abfallmanagement\" width=\"400\" height=\"300\"  \/><\/a><\/p>\n\t\t\t<\/div>\n\n\t\t\n\t\t<div class=\"blog-content wf-td\">\n\t\t\t<h3 class=\"entry-title\"><a href=\"https:\/\/www.innovation-academy.de\/fr\/trois-pays-trois-solutions-pour-dechets\/\" title=\"Trois Pays, trois Solutions pour les d\u00e9chets\" rel=\"bookmark\">Trois Pays, trois Solutions pour les d\u00e9chets<\/a><\/h3>\n\n\t\t\t\n\t\t<\/div>\n\n\t<\/article>\n\n<\/div><\/div><\/div><div class=\"ult-spacer spacer-69d9a5e77d4fb\" data-id=\"69d9a5e77d4fb\" data-height=\"30\" data-height-mobile=\"30\" data-height-tab=\"30\" data-height-tab-portrait=\"\" data-height-mobile-landscape=\"\" style=\"clear:both;display:block;\"><\/div>[\/vc_column][\/vc_row][vc_row][vc_column]<div class=\"ult-spacer spacer-69d9a5e77d51e\" data-id=\"69d9a5e77d51e\" data-height=\"50\" data-height-mobile=\"50\" data-height-tab=\"50\" data-height-tab-portrait=\"\" data-height-mobile-landscape=\"\" style=\"clear:both;display:block;\"><\/div>[\/vc_column][\/vc_row][vc_row anchor=\u00a0\u00bb#schulen\u00a0\u00bb][vc_column]<div class=\"ult-spacer spacer-69d9a5e77d535\" data-id=\"69d9a5e77d535\" data-height=\"30\" data-height-mobile=\"30\" data-height-tab=\"30\" data-height-tab-portrait=\"\" data-height-mobile-landscape=\"\" style=\"clear:both;display:block;\"><\/div><div class=\"dt-fancy-separator title-left h2-size\" style=\"width: 100%;\"><div class=\"dt-fancy-title\"><span class=\"separator-holder separator-left\"><\/span>Gestion des d\u00e9chets et de l\u2019eau pour les groupes scolaires et les lyc\u00e9es professionnels<span class=\"separator-holder separator-right\"><\/span><\/div><\/div><div class=\"ult-spacer spacer-69d9a5e77d593\" data-id=\"69d9a5e77d593\" data-height=\"30\" data-height-mobile=\"30\" data-height-tab=\"30\" data-height-tab-portrait=\"\" data-height-mobile-landscape=\"\" style=\"clear:both;display:block;\"><\/div><div class=\"dt-shortcode with-isotope\"><div class=\"wf-container dt-blog-shortcode loading-effect-none iso-container description-under-image content-align-left\" data-padding=\"20px\" data-cur-page=\"1\" data-posts-per-page=\"-1\" data-width=\"370px\" data-columns=\"3\">\n<div class=\"wf-cell iso-item\" data-post-id=\"6942\" data-date=\"2020-02-06T18:37:31+02:00\" data-name=\"La consommation \u00e9thique et durable et la probl\u00e9matique des d\u00e9chets\">\n\t<article class=\"post post-6942 type-post status-publish format-standard has-post-thumbnail hentry category-fribourg-scolaires-eaux-et-dechets category-139 description-off\">\n\n\t\t\n\t\t\t<div class=\"blog-media wf-td\">\n\n\t\t\t\t<p><a href=\"https:\/\/www.innovation-academy.de\/fr\/la-consommation-ethique-et-durable-et-la-problematique-des-dechets\/\" class=\"alignnone rollover layzr-bg\" ><img decoding=\"async\" class=\"preload-me iso-lazy-load aspect\" src=\"data:image\/svg+xml,%3Csvg%20xmlns%3D&#39;http%3A%2F%2Fwww.w3.org%2F2000%2Fsvg&#39;%20viewBox%3D&#39;0%200%20400%20300&#39;%2F%3E\" data-src=\"https:\/\/www.innovation-academy.de\/wp-content\/uploads\/Greencity_FairKonsum.jpg\" data-srcset=\"https:\/\/www.innovation-academy.de\/wp-content\/uploads\/Greencity_FairKonsum.jpg 400w\" loading=\"eager\" style=\"--ratio: 400 \/ 300\" sizes=\"(max-width: 400px) 100vw, 400px\" alt=\"\" title=\"Greencity_FairKonsum\" width=\"400\" height=\"300\"  \/><\/a><\/p>\n\t\t\t<\/div>\n\n\t\t\n\t\t<div class=\"blog-content wf-td\">\n\t\t\t<h3 class=\"entry-title\"><a href=\"https:\/\/www.innovation-academy.de\/fr\/la-consommation-ethique-et-durable-et-la-problematique-des-dechets\/\" title=\"La consommation \u00e9thique et durable et la probl\u00e9matique des d\u00e9chets\" rel=\"bookmark\">La consommation \u00e9thique et durable et la probl\u00e9matique des d\u00e9chets<\/a><\/h3>\n\n\t\t\t\n\t\t<\/div>\n\n\t<\/article>\n\n<\/div><\/div><\/div><div class=\"ult-spacer spacer-69d9a5e7809c7\" data-id=\"69d9a5e7809c7\" data-height=\"30\" data-height-mobile=\"30\" data-height-tab=\"30\" data-height-tab-portrait=\"\" data-height-mobile-landscape=\"\" style=\"clear:both;display:block;\"><\/div>[\/vc_column][\/vc_row]<\/p>\n<\/div>","protected":false},"excerpt":{"rendered":"<p>[vc_row][vc_column][vc_column_text] Gestion des d\u00e9chets et de l\u2019eau [\/vc_column_text][\/vc_column][\/vc_row][vc_row][vc_column width=\u00a0\u00bb1\/3&Prime;][vc_column_text css=\u00a0\u00bb.vc_custom_1504790122260{background-color: #eaeaea !important;}\u00a0\u00bb] Recyclage Hi\u00e9rarchie des d\u00e9chets Traitement des eaux us\u00e9es Valorisation des d\u00e9chets Eviter les d\u00e9chets Captage d\u2019eau potable [\/vc_column_text][\/vc_column][vc_column width=\u00a0\u00bb2\/3&Prime;][layerslider_vc id=\u00a0\u00bb5&Prime;][\/vc_column][\/vc_row][vc_row][vc_column][vc_column_text]Au cours des derni\u00e8res d\u00e9cennies, la quantit\u00e9 de d\u00e9chets par habitant a consid\u00e9rablement augment\u00e9 dans tous les pays en raison de la croissance \u00e9conomique,&hellip;<\/p>\n","protected":false},"author":1,"featured_media":0,"parent":0,"menu_order":0,"comment_status":"closed","ping_status":"closed","template":"","meta":{"footnotes":""},"class_list":["post-2971","page","type-page","status-publish","hentry","description-off"],"yoast_head":"<!-- This site is optimized with the Yoast SEO plugin v26.2 - https:\/\/yoast.com\/wordpress\/plugins\/seo\/ -->\n<title>Gestion des d\u00e9chets et de l\u2019eau - Innovation Academy<\/title>\n<meta name=\"robots\" content=\"index, follow, max-snippet:-1, max-image-preview:large, max-video-preview:-1\" \/>\n<link rel=\"canonical\" href=\"https:\/\/www.innovation-academy.de\/fr\/gestion_dechets_eau\/\" \/>\n<meta property=\"og:locale\" content=\"fr_FR\" \/>\n<meta property=\"og:type\" content=\"article\" \/>\n<meta property=\"og:title\" content=\"Gestion des d\u00e9chets et de l\u2019eau - Innovation Academy\" \/>\n<meta property=\"og:description\" content=\"[vc_row][vc_column][vc_column_text] Gestion des d\u00e9chets et de l\u2019eau [\/vc_column_text][\/vc_column][\/vc_row][vc_row][vc_column width=\u00a0\u00bb1\/3&Prime;][vc_column_text css=\u00a0\u00bb.vc_custom_1504790122260{background-color: #eaeaea !important;}\u00a0\u00bb] Recyclage Hi\u00e9rarchie des d\u00e9chets Traitement des eaux us\u00e9es Valorisation des d\u00e9chets Eviter les d\u00e9chets Captage d\u2019eau potable [\/vc_column_text][\/vc_column][vc_column width=\u00a0\u00bb2\/3&Prime;][layerslider_vc id=\u00a0\u00bb5&Prime;][\/vc_column][\/vc_row][vc_row][vc_column][vc_column_text]Au cours des derni\u00e8res d\u00e9cennies, la quantit\u00e9 de d\u00e9chets par habitant a consid\u00e9rablement augment\u00e9 dans tous les pays en raison de la croissance \u00e9conomique,&hellip;\" \/>\n<meta property=\"og:url\" content=\"https:\/\/www.innovation-academy.de\/fr\/gestion_dechets_eau\/\" \/>\n<meta property=\"og:site_name\" content=\"Innovation Academy\" \/>\n<meta property=\"article:modified_time\" content=\"2017-09-14T13:43:28+00:00\" \/>\n<meta name=\"twitter:card\" content=\"summary_large_image\" \/>\n<meta name=\"twitter:label1\" content=\"Dur\u00e9e de lecture estim\u00e9e\" \/>\n\t<meta name=\"twitter:data1\" content=\"2 minutes\" \/>\n<script type=\"application\/ld+json\" class=\"yoast-schema-graph\">{\"@context\":\"https:\/\/schema.org\",\"@graph\":[{\"@type\":\"WebPage\",\"@id\":\"https:\/\/www.innovation-academy.de\/fr\/gestion_dechets_eau\/\",\"url\":\"https:\/\/www.innovation-academy.de\/fr\/gestion_dechets_eau\/\",\"name\":\"Gestion des d\u00e9chets et de l\u2019eau - Innovation Academy\",\"isPartOf\":{\"@id\":\"https:\/\/www.innovation-academy.de\/fr\/#website\"},\"datePublished\":\"2015-11-06T18:31:49+00:00\",\"dateModified\":\"2017-09-14T13:43:28+00:00\",\"breadcrumb\":{\"@id\":\"https:\/\/www.innovation-academy.de\/fr\/gestion_dechets_eau\/#breadcrumb\"},\"inLanguage\":\"fr-FR\",\"potentialAction\":[{\"@type\":\"ReadAction\",\"target\":[\"https:\/\/www.innovation-academy.de\/fr\/gestion_dechets_eau\/\"]}]},{\"@type\":\"BreadcrumbList\",\"@id\":\"https:\/\/www.innovation-academy.de\/fr\/gestion_dechets_eau\/#breadcrumb\",\"itemListElement\":[{\"@type\":\"ListItem\",\"position\":1,\"name\":\"Home\",\"item\":\"https:\/\/www.innovation-academy.de\/fr\/\"},{\"@type\":\"ListItem\",\"position\":2,\"name\":\"Gestion des d\u00e9chets et de l\u2019eau\"}]},{\"@type\":\"WebSite\",\"@id\":\"https:\/\/www.innovation-academy.de\/fr\/#website\",\"url\":\"https:\/\/www.innovation-academy.de\/fr\/\",\"name\":\"Innovation Academy\",\"description\":\"Innovation Academy\",\"potentialAction\":[{\"@type\":\"SearchAction\",\"target\":{\"@type\":\"EntryPoint\",\"urlTemplate\":\"https:\/\/www.innovation-academy.de\/fr\/?s={search_term_string}\"},\"query-input\":{\"@type\":\"PropertyValueSpecification\",\"valueRequired\":true,\"valueName\":\"search_term_string\"}}],\"inLanguage\":\"fr-FR\"}]}<\/script>\n<!-- \/ Yoast SEO plugin. -->","yoast_head_json":{"title":"Gestion des d\u00e9chets et de l\u2019eau - Innovation Academy","robots":{"index":"index","follow":"follow","max-snippet":"max-snippet:-1","max-image-preview":"max-image-preview:large","max-video-preview":"max-video-preview:-1"},"canonical":"https:\/\/www.innovation-academy.de\/fr\/gestion_dechets_eau\/","og_locale":"fr_FR","og_type":"article","og_title":"Gestion des d\u00e9chets et de l\u2019eau - Innovation Academy","og_description":"[vc_row][vc_column][vc_column_text] Gestion des d\u00e9chets et de l\u2019eau [\/vc_column_text][\/vc_column][\/vc_row][vc_row][vc_column width=\u00a0\u00bb1\/3&Prime;][vc_column_text css=\u00a0\u00bb.vc_custom_1504790122260{background-color: #eaeaea !important;}\u00a0\u00bb] Recyclage Hi\u00e9rarchie des d\u00e9chets Traitement des eaux us\u00e9es Valorisation des d\u00e9chets Eviter les d\u00e9chets Captage d\u2019eau potable [\/vc_column_text][\/vc_column][vc_column width=\u00a0\u00bb2\/3&Prime;][layerslider_vc id=\u00a0\u00bb5&Prime;][\/vc_column][\/vc_row][vc_row][vc_column][vc_column_text]Au cours des derni\u00e8res d\u00e9cennies, la quantit\u00e9 de d\u00e9chets par habitant a consid\u00e9rablement augment\u00e9 dans tous les pays en raison de la croissance \u00e9conomique,&hellip;","og_url":"https:\/\/www.innovation-academy.de\/fr\/gestion_dechets_eau\/","og_site_name":"Innovation Academy","article_modified_time":"2017-09-14T13:43:28+00:00","twitter_card":"summary_large_image","twitter_misc":{"Dur\u00e9e de lecture estim\u00e9e":"2 minutes"},"schema":{"@context":"https:\/\/schema.org","@graph":[{"@type":"WebPage","@id":"https:\/\/www.innovation-academy.de\/fr\/gestion_dechets_eau\/","url":"https:\/\/www.innovation-academy.de\/fr\/gestion_dechets_eau\/","name":"Gestion des d\u00e9chets et de l\u2019eau - Innovation Academy","isPartOf":{"@id":"https:\/\/www.innovation-academy.de\/fr\/#website"},"datePublished":"2015-11-06T18:31:49+00:00","dateModified":"2017-09-14T13:43:28+00:00","breadcrumb":{"@id":"https:\/\/www.innovation-academy.de\/fr\/gestion_dechets_eau\/#breadcrumb"},"inLanguage":"fr-FR","potentialAction":[{"@type":"ReadAction","target":["https:\/\/www.innovation-academy.de\/fr\/gestion_dechets_eau\/"]}]},{"@type":"BreadcrumbList","@id":"https:\/\/www.innovation-academy.de\/fr\/gestion_dechets_eau\/#breadcrumb","itemListElement":[{"@type":"ListItem","position":1,"name":"Home","item":"https:\/\/www.innovation-academy.de\/fr\/"},{"@type":"ListItem","position":2,"name":"Gestion des d\u00e9chets et de l\u2019eau"}]},{"@type":"WebSite","@id":"https:\/\/www.innovation-academy.de\/fr\/#website","url":"https:\/\/www.innovation-academy.de\/fr\/","name":"Innovation Academy","description":"Innovation Academy","potentialAction":[{"@type":"SearchAction","target":{"@type":"EntryPoint","urlTemplate":"https:\/\/www.innovation-academy.de\/fr\/?s={search_term_string}"},"query-input":{"@type":"PropertyValueSpecification","valueRequired":true,"valueName":"search_term_string"}}],"inLanguage":"fr-FR"}]}},"_links":{"self":[{"href":"https:\/\/www.innovation-academy.de\/fr\/wp-json\/wp\/v2\/pages\/2971","targetHints":{"allow":["GET"]}}],"collection":[{"href":"https:\/\/www.innovation-academy.de\/fr\/wp-json\/wp\/v2\/pages"}],"about":[{"href":"https:\/\/www.innovation-academy.de\/fr\/wp-json\/wp\/v2\/types\/page"}],"author":[{"embeddable":true,"href":"https:\/\/www.innovation-academy.de\/fr\/wp-json\/wp\/v2\/users\/1"}],"replies":[{"embeddable":true,"href":"https:\/\/www.innovation-academy.de\/fr\/wp-json\/wp\/v2\/comments?post=2971"}],"version-history":[{"count":10,"href":"https:\/\/www.innovation-academy.de\/fr\/wp-json\/wp\/v2\/pages\/2971\/revisions"}],"predecessor-version":[{"id":2972,"href":"https:\/\/www.innovation-academy.de\/fr\/wp-json\/wp\/v2\/pages\/2971\/revisions\/2972"}],"wp:attachment":[{"href":"https:\/\/www.innovation-academy.de\/fr\/wp-json\/wp\/v2\/media?parent=2971"}],"curies":[{"name":"wp","href":"https:\/\/api.w.org\/{rel}","templated":true}]}}