{"id":2735,"date":"2015-11-06T20:22:26","date_gmt":"2015-11-06T18:22:26","guid":{"rendered":"http:\/\/www.innovation-academy.de\/architektur-altbaumodernisierung\/"},"modified":"2022-12-26T17:56:12","modified_gmt":"2022-12-26T15:56:12","slug":"architecture-renovation-energetique","status":"publish","type":"page","link":"https:\/\/www.innovation-academy.de\/fr\/architecture-renovation-energetique\/","title":{"rendered":"Architecture et r\u00e9novation \u00e9nerg\u00e9tique"},"content":{"rendered":"<div class=\"wpb-content-wrapper\"><p>[vc_row][vc_column]<div class=\"ult-spacer spacer-69e8a4c8902ae\" data-id=\"69e8a4c8902ae\" data-height=\"30\" data-height-mobile=\"30\" data-height-tab=\"30\" data-height-tab-portrait=\"\" data-height-mobile-landscape=\"\" style=\"clear:both;display:block;\"><\/div>[vc_column_text]<\/p>\n<h1 style=\"text-align: center;\"><strong>Architecture et r\u00e9novation \u00e9nerg\u00e9tique<\/strong><\/h1>\n<p>[\/vc_column_text]<div class=\"ult-spacer spacer-69e8a4c8902dc\" data-id=\"69e8a4c8902dc\" data-height=\"15\" data-height-mobile=\"15\" data-height-tab=\"15\" data-height-tab-portrait=\"\" data-height-mobile-landscape=\"\" style=\"clear:both;display:block;\"><\/div>[\/vc_column][\/vc_row][vc_row][vc_column width=\u00a0\u00bb1\/3&Prime;][vc_column_text css=\u00a0\u00bb.vc_custom_1504789321693{background-color: #eaeaea !important;}\u00a0\u00bb]<\/p>\n<h2 style=\"text-align: center;\"><span style=\"color: #dd9933;\">B\u00e2timent responsable<\/span><\/h2>\n<h2 style=\"text-align: center;\"><span style=\"color: #dd9933;\">Efficacit\u00e9 \u00e9nerg\u00e9tique<\/span><\/h2>\n<h2 style=\"text-align: center;\"><span style=\"color: #dd9933;\">Maison passive<\/span><\/h2>\n<h2 style=\"text-align: center;\"><span style=\"color: #dd9933;\">Construction bois<\/span><\/h2>\n<h2 style=\"text-align: center;\"><span style=\"color: #dd9933;\">R\u00e9novation \u00e9nerg\u00e9tique<\/span><\/h2>\n<h2 style=\"text-align: center;\"><span style=\"color: #dd9933;\">Eco-construction<\/span><\/h2>\n<p>[\/vc_column_text][\/vc_column][vc_column width=\u00a0\u00bb2\/3&Prime;][layerslider_vc id=\u00a0\u00bb6&Prime;][\/vc_column][\/vc_row][vc_row][vc_column][vc_column_text]Le mot \u00ab architecture \u00bb est issu du terme grec \u00ab l\u2019art de b\u00e2tir \u00bb. Il s\u2019agit de prendre en compte les aspects techniques\u00a0 lors de la construction ainsi que les concepts esth\u00e9tiques. Depuis que les d\u00e9bats autour du r\u00e9chauffement climatique ont pris de l\u2019importance, les aspects d\u2019efficacit\u00e9 \u00e9nerg\u00e9tique et de durabilit\u00e9 jouent \u00e9galement un r\u00f4le important dans l\u2019architecture d\u2019aujourd\u2019hui. Gr\u00e2ce \u00e0 des b\u00e2timents basse consommation, ou \u00e0 \u00e9nergie passive ou \u00e9nergie z\u00e9ro, voire avec un bilan \u00e9nerg\u00e9tique positif, nous avons \u00e0 notre disposition des instruments pour r\u00e9guler et baisser la consommation d\u2019\u00e9nergie des b\u00e2timents neufs mais aussi des b\u00e2timents anciens. Nous vous pr\u00e9senterons un design architectural contemporain et des concepts \u00e9nerg\u00e9tiques innovants de nouveaux \u00e9difices et d\u2019anciens b\u00e2timents modernis\u00e9s.[\/vc_column_text][\/vc_column][\/vc_row][vc_row][vc_column]<div class=\"ult-spacer spacer-69e8a4c8902f8\" data-id=\"69e8a4c8902f8\" data-height=\"15\" data-height-mobile=\"15\" data-height-tab=\"15\" data-height-tab-portrait=\"\" data-height-mobile-landscape=\"\" style=\"clear:both;display:block;\"><\/div>[\/vc_column][\/vc_row][vc_row][vc_column]<div class=\"ult-spacer spacer-69e8a4c890313\" data-id=\"69e8a4c890313\" data-height=\"30\" data-height-mobile=\"30\" data-height-tab=\"30\" data-height-tab-portrait=\"\" data-height-mobile-landscape=\"\" style=\"clear:both;display:block;\"><\/div><div class=\"dt-fancy-separator title-left h1-size\" style=\"width: 100%;\"><div class=\"dt-fancy-title\"><span class=\"separator-holder separator-left\"><\/span>Architecture pour les d\u00e9l\u00e9gations professionnelles et les universit\u00e9s<span class=\"separator-holder separator-right\"><\/span><\/div><\/div><div class=\"ult-spacer spacer-69e8a4c890372\" data-id=\"69e8a4c890372\" data-height=\"30\" data-height-mobile=\"30\" data-height-tab=\"30\" data-height-tab-portrait=\"\" data-height-mobile-landscape=\"\" style=\"clear:both;display:block;\"><\/div><div class=\"dt-shortcode with-isotope\"><div class=\"wf-container dt-blog-shortcode loading-effect-none iso-grid description-under-image content-align-left\" data-padding=\"20px\" data-cur-page=\"1\" data-posts-per-page=\"-1\" data-width=\"370px\" data-columns=\"3\">\n<div class=\"wf-cell\" data-post-id=\"2848\" data-date=\"2022-06-01T12:40:42+02:00\" data-name=\"Architecture contemporaine \u00e0 Fribourg\">\n\t<article class=\"post post-2848 type-post status-publish format-standard has-post-thumbnail hentry category-fribourg-delegations-professionnelles-architecture category-129 description-off\">\n\n\t\t\n\t\t\t<div class=\"blog-media wf-td\">\n\n\t\t\t\t<p><a href=\"https:\/\/www.innovation-academy.de\/fr\/architecture-contemporaine-fribourg\/\" class=\"alignnone rollover layzr-bg\" ><img fetchpriority=\"high\" decoding=\"async\" class=\"preload-me iso-lazy-load aspect\" src=\"data:image\/svg+xml,%3Csvg%20xmlns%3D&#39;http%3A%2F%2Fwww.w3.org%2F2000%2Fsvg&#39;%20viewBox%3D&#39;0%200%20400%20299&#39;%2F%3E\" data-src=\"https:\/\/www.innovation-academy.de\/wp-content\/uploads\/Freiburg_Architektur.jpg\" data-srcset=\"https:\/\/www.innovation-academy.de\/wp-content\/uploads\/Freiburg_Architektur.jpg 400w\" loading=\"eager\" style=\"--ratio: 400 \/ 299\" sizes=\"(max-width: 400px) 100vw, 400px\" alt=\"\" title=\"Freiburg_Architektur\" width=\"400\" height=\"299\"  \/><\/a><\/p>\n\t\t\t<\/div>\n\n\t\t\n\t\t<div class=\"blog-content wf-td\">\n\t\t\t<h3 class=\"entry-title\"><a href=\"https:\/\/www.innovation-academy.de\/fr\/architecture-contemporaine-fribourg\/\" title=\"Architecture contemporaine \u00e0 Fribourg\" rel=\"bookmark\">Architecture contemporaine \u00e0 Fribourg<\/a><\/h3>\n\n\t\t\t\n\t\t<\/div>\n\n\t<\/article>\n\n<\/div>\n<div class=\"wf-cell\" data-post-id=\"2944\" data-date=\"2022-05-01T14:13:51+02:00\" data-name=\"R\u00e9novation \u00e9nerg\u00e9tique de l\u2019habitat ancien\">\n\t<article class=\"post post-2944 type-post status-publish format-standard has-post-thumbnail hentry category-fribourg-delegations-professionnelles-architecture category-129 description-off\">\n\n\t\t\n\t\t\t<div class=\"blog-media wf-td\">\n\n\t\t\t\t<p><a href=\"https:\/\/www.innovation-academy.de\/fr\/renovation-energetique_fribourg\/\" class=\"alignnone rollover layzr-bg\" ><img decoding=\"async\" class=\"preload-me iso-lazy-load aspect\" src=\"data:image\/svg+xml,%3Csvg%20xmlns%3D&#39;http%3A%2F%2Fwww.w3.org%2F2000%2Fsvg&#39;%20viewBox%3D&#39;0%200%20400%20299&#39;%2F%3E\" data-src=\"https:\/\/www.innovation-academy.de\/wp-content\/uploads\/Freiburg_Altbau.jpg\" data-srcset=\"https:\/\/www.innovation-academy.de\/wp-content\/uploads\/Freiburg_Altbau.jpg 400w\" loading=\"eager\" style=\"--ratio: 400 \/ 299\" sizes=\"(max-width: 400px) 100vw, 400px\" alt=\"\" title=\"Freiburg_Altbau\" width=\"400\" height=\"299\"  \/><\/a><\/p>\n\t\t\t<\/div>\n\n\t\t\n\t\t<div class=\"blog-content wf-td\">\n\t\t\t<h3 class=\"entry-title\"><a href=\"https:\/\/www.innovation-academy.de\/fr\/renovation-energetique_fribourg\/\" title=\"R\u00e9novation \u00e9nerg\u00e9tique de l\u2019habitat ancien\" rel=\"bookmark\">R\u00e9novation \u00e9nerg\u00e9tique de l\u2019habitat ancien<\/a><\/h3>\n\n\t\t\t\n\t\t<\/div>\n\n\t<\/article>\n\n<\/div>\n<div class=\"wf-cell\" data-post-id=\"2941\" data-date=\"2022-04-01T15:59:18+02:00\" data-name=\"Concepts d\u2019habitat innovants\">\n\t<article class=\"post post-2941 type-post status-publish format-standard has-post-thumbnail hentry category-fribourg-delegations-professionnelles-architecture category-129 description-off\">\n\n\t\t\n\t\t\t<div class=\"blog-media wf-td\">\n\n\t\t\t\t<p><a href=\"https:\/\/www.innovation-academy.de\/fr\/habitat-innovant\/\" class=\"alignnone rollover layzr-bg\" ><img decoding=\"async\" class=\"preload-me iso-lazy-load aspect\" src=\"data:image\/svg+xml,%3Csvg%20xmlns%3D&#39;http%3A%2F%2Fwww.w3.org%2F2000%2Fsvg&#39;%20viewBox%3D&#39;0%200%20400%20299&#39;%2F%3E\" data-src=\"https:\/\/www.innovation-academy.de\/wp-content\/uploads\/Freiburg_Baugemeinschaft.jpg\" data-srcset=\"https:\/\/www.innovation-academy.de\/wp-content\/uploads\/Freiburg_Baugemeinschaft.jpg 400w\" loading=\"eager\" style=\"--ratio: 400 \/ 299\" sizes=\"(max-width: 400px) 100vw, 400px\" alt=\"\" title=\"Freiburg_Baugemeinschaft\" width=\"400\" height=\"299\"  \/><\/a><\/p>\n\t\t\t<\/div>\n\n\t\t\n\t\t<div class=\"blog-content wf-td\">\n\t\t\t<h3 class=\"entry-title\"><a href=\"https:\/\/www.innovation-academy.de\/fr\/habitat-innovant\/\" title=\"Concepts d\u2019habitat innovants\" rel=\"bookmark\">Concepts d\u2019habitat innovants<\/a><\/h3>\n\n\t\t\t\n\t\t<\/div>\n\n\t<\/article>\n\n<\/div>\n<div class=\"wf-cell\" data-post-id=\"3777\" data-date=\"2017-08-23T10:20:57+02:00\" data-name=\"Visite du port en bateau priv\u00e9\">\n\t<article class=\"post post-3777 type-post status-publish format-standard has-post-thumbnail hentry category-hambourg-delegations-professionnelles-architecture category-140 description-off\">\n\n\t\t\n\t\t\t<div class=\"blog-media wf-td\">\n\n\t\t\t\t<p><a href=\"https:\/\/www.innovation-academy.de\/fr\/visite-du-port-en-bateau-prive\/\" class=\"alignnone rollover layzr-bg\" ><img decoding=\"async\" class=\"preload-me iso-lazy-load aspect\" src=\"data:image\/svg+xml,%3Csvg%20xmlns%3D&#39;http%3A%2F%2Fwww.w3.org%2F2000%2Fsvg&#39;%20viewBox%3D&#39;0%200%20400%20299&#39;%2F%3E\" data-src=\"https:\/\/www.innovation-academy.de\/wp-content\/uploads\/Hamburg-Barkassenfahrt.jpg\" data-srcset=\"https:\/\/www.innovation-academy.de\/wp-content\/uploads\/Hamburg-Barkassenfahrt.jpg 400w\" loading=\"eager\" style=\"--ratio: 400 \/ 299\" sizes=\"(max-width: 400px) 100vw, 400px\" alt=\"\" title=\"Hamburg-Barkassenfahrt\" width=\"400\" height=\"299\"  \/><\/a><\/p>\n\t\t\t<\/div>\n\n\t\t\n\t\t<div class=\"blog-content wf-td\">\n\t\t\t<h3 class=\"entry-title\"><a href=\"https:\/\/www.innovation-academy.de\/fr\/visite-du-port-en-bateau-prive\/\" title=\"Visite du port en bateau priv\u00e9\" rel=\"bookmark\">Visite du port en bateau priv\u00e9<\/a><\/h3>\n\n\t\t\t\n\t\t<\/div>\n\n\t<\/article>\n\n<\/div>\n<div class=\"wf-cell\" data-post-id=\"2938\" data-date=\"2016-12-29T11:44:37+02:00\" data-name=\"L&#039;architecture bois en For\u00eat-Noire\">\n\t<article class=\"post post-2938 type-post status-publish format-standard has-post-thumbnail hentry category-foret-noire-delegations-professionnelles-architecture category-151 description-off\">\n\n\t\t\n\t\t\t<div class=\"blog-media wf-td\">\n\n\t\t\t\t<p><a href=\"https:\/\/www.innovation-academy.de\/fr\/architecture-bois-foret-noire\/\" class=\"alignnone rollover layzr-bg\" ><img decoding=\"async\" class=\"preload-me iso-lazy-load aspect\" src=\"data:image\/svg+xml,%3Csvg%20xmlns%3D&#39;http%3A%2F%2Fwww.w3.org%2F2000%2Fsvg&#39;%20viewBox%3D&#39;0%200%20400%20299&#39;%2F%3E\" data-src=\"https:\/\/www.innovation-academy.de\/wp-content\/uploads\/Schwarzwald_Holzarchitektur.jpg\" data-srcset=\"https:\/\/www.innovation-academy.de\/wp-content\/uploads\/Schwarzwald_Holzarchitektur.jpg 400w\" loading=\"eager\" style=\"--ratio: 400 \/ 299\" sizes=\"(max-width: 400px) 100vw, 400px\" alt=\"\" title=\"Schwarzwald_Holzarchitektur\" width=\"400\" height=\"299\"  \/><\/a><\/p>\n\t\t\t<\/div>\n\n\t\t\n\t\t<div class=\"blog-content wf-td\">\n\t\t\t<h3 class=\"entry-title\"><a href=\"https:\/\/www.innovation-academy.de\/fr\/architecture-bois-foret-noire\/\" title=\"L&rsquo;architecture bois en For\u00eat-Noire\" rel=\"bookmark\">L&rsquo;architecture bois en For\u00eat-Noire<\/a><\/h3>\n\n\t\t\t\n\t\t<\/div>\n\n\t<\/article>\n\n<\/div><\/div><\/div><div class=\"ult-spacer spacer-69e8a4c8974ae\" data-id=\"69e8a4c8974ae\" data-height=\"30\" data-height-mobile=\"30\" data-height-tab=\"30\" data-height-tab-portrait=\"\" data-height-mobile-landscape=\"\" style=\"clear:both;display:block;\"><\/div>[\/vc_column][\/vc_row][vc_row][vc_column]<div class=\"ult-spacer spacer-69e8a4c8974c9\" data-id=\"69e8a4c8974c9\" data-height=\"30\" data-height-mobile=\"30\" data-height-tab=\"30\" data-height-tab-portrait=\"\" data-height-mobile-landscape=\"\" style=\"clear:both;display:block;\"><\/div>[\/vc_column][\/vc_row]<\/p>\n<\/div>","protected":false},"excerpt":{"rendered":"<p>[vc_row][vc_column][vc_column_text] Architecture et r\u00e9novation \u00e9nerg\u00e9tique [\/vc_column_text][\/vc_column][\/vc_row][vc_row][vc_column width=\u00a0\u00bb1\/3&Prime;][vc_column_text css=\u00a0\u00bb.vc_custom_1504789321693{background-color: #eaeaea !important;}\u00a0\u00bb] B\u00e2timent responsable Efficacit\u00e9 \u00e9nerg\u00e9tique Maison passive Construction bois R\u00e9novation \u00e9nerg\u00e9tique Eco-construction [\/vc_column_text][\/vc_column][vc_column width=\u00a0\u00bb2\/3&Prime;][layerslider_vc id=\u00a0\u00bb6&Prime;][\/vc_column][\/vc_row][vc_row][vc_column][vc_column_text]Le mot \u00ab architecture \u00bb est issu du terme grec \u00ab l\u2019art de b\u00e2tir \u00bb. Il s\u2019agit de prendre en compte les aspects techniques\u00a0 lors de la construction ainsi que les concepts&hellip;<\/p>\n","protected":false},"author":1,"featured_media":0,"parent":0,"menu_order":0,"comment_status":"closed","ping_status":"closed","template":"","meta":{"footnotes":""},"class_list":["post-2735","page","type-page","status-publish","hentry","description-off"],"yoast_head":"<!-- This site is optimized with the Yoast SEO plugin v26.2 - https:\/\/yoast.com\/wordpress\/plugins\/seo\/ -->\n<title>Architecture et r\u00e9novation \u00e9nerg\u00e9tique - Innovation Academy<\/title>\n<meta name=\"description\" content=\"Architecture et r\u00e9novation \u00e9nerg\u00e9tique: Efficacit\u00e9 \u00e9nerg\u00e9tique, Maison passive, Construction bois, R\u00e9habilitation de b\u00e2timents anciennes, Eco-construction.\" \/>\n<meta name=\"robots\" content=\"index, follow, max-snippet:-1, max-image-preview:large, max-video-preview:-1\" \/>\n<link rel=\"canonical\" href=\"https:\/\/www.innovation-academy.de\/fr\/architecture-renovation-energetique\/\" \/>\n<meta property=\"og:locale\" content=\"fr_FR\" \/>\n<meta property=\"og:type\" content=\"article\" \/>\n<meta property=\"og:title\" content=\"Architecture et r\u00e9novation \u00e9nerg\u00e9tique - Innovation Academy\" \/>\n<meta property=\"og:description\" content=\"Architecture et r\u00e9novation \u00e9nerg\u00e9tique: Efficacit\u00e9 \u00e9nerg\u00e9tique, Maison passive, Construction bois, R\u00e9habilitation de b\u00e2timents anciennes, Eco-construction.\" \/>\n<meta property=\"og:url\" content=\"https:\/\/www.innovation-academy.de\/fr\/architecture-renovation-energetique\/\" \/>\n<meta property=\"og:site_name\" content=\"Innovation Academy\" \/>\n<meta property=\"article:modified_time\" content=\"2022-12-26T15:56:12+00:00\" \/>\n<meta name=\"twitter:card\" content=\"summary_large_image\" \/>\n<meta name=\"twitter:label1\" content=\"Dur\u00e9e de lecture estim\u00e9e\" \/>\n\t<meta name=\"twitter:data1\" content=\"1 minute\" \/>\n<script type=\"application\/ld+json\" class=\"yoast-schema-graph\">{\"@context\":\"https:\/\/schema.org\",\"@graph\":[{\"@type\":\"WebPage\",\"@id\":\"https:\/\/www.innovation-academy.de\/fr\/architecture-renovation-energetique\/\",\"url\":\"https:\/\/www.innovation-academy.de\/fr\/architecture-renovation-energetique\/\",\"name\":\"Architecture et r\u00e9novation \u00e9nerg\u00e9tique - Innovation Academy\",\"isPartOf\":{\"@id\":\"https:\/\/www.innovation-academy.de\/fr\/#website\"},\"datePublished\":\"2015-11-06T18:22:26+00:00\",\"dateModified\":\"2022-12-26T15:56:12+00:00\",\"description\":\"Architecture et r\u00e9novation \u00e9nerg\u00e9tique: Efficacit\u00e9 \u00e9nerg\u00e9tique, Maison passive, Construction bois, R\u00e9habilitation de b\u00e2timents anciennes, Eco-construction.\",\"breadcrumb\":{\"@id\":\"https:\/\/www.innovation-academy.de\/fr\/architecture-renovation-energetique\/#breadcrumb\"},\"inLanguage\":\"fr-FR\",\"potentialAction\":[{\"@type\":\"ReadAction\",\"target\":[\"https:\/\/www.innovation-academy.de\/fr\/architecture-renovation-energetique\/\"]}]},{\"@type\":\"BreadcrumbList\",\"@id\":\"https:\/\/www.innovation-academy.de\/fr\/architecture-renovation-energetique\/#breadcrumb\",\"itemListElement\":[{\"@type\":\"ListItem\",\"position\":1,\"name\":\"Home\",\"item\":\"https:\/\/www.innovation-academy.de\/fr\/\"},{\"@type\":\"ListItem\",\"position\":2,\"name\":\"Architecture et r\u00e9novation \u00e9nerg\u00e9tique\"}]},{\"@type\":\"WebSite\",\"@id\":\"https:\/\/www.innovation-academy.de\/fr\/#website\",\"url\":\"https:\/\/www.innovation-academy.de\/fr\/\",\"name\":\"Innovation Academy\",\"description\":\"Innovation Academy\",\"potentialAction\":[{\"@type\":\"SearchAction\",\"target\":{\"@type\":\"EntryPoint\",\"urlTemplate\":\"https:\/\/www.innovation-academy.de\/fr\/?s={search_term_string}\"},\"query-input\":{\"@type\":\"PropertyValueSpecification\",\"valueRequired\":true,\"valueName\":\"search_term_string\"}}],\"inLanguage\":\"fr-FR\"}]}<\/script>\n<!-- \/ Yoast SEO plugin. -->","yoast_head_json":{"title":"Architecture et r\u00e9novation \u00e9nerg\u00e9tique - Innovation Academy","description":"Architecture et r\u00e9novation \u00e9nerg\u00e9tique: Efficacit\u00e9 \u00e9nerg\u00e9tique, Maison passive, Construction bois, R\u00e9habilitation de b\u00e2timents anciennes, Eco-construction.","robots":{"index":"index","follow":"follow","max-snippet":"max-snippet:-1","max-image-preview":"max-image-preview:large","max-video-preview":"max-video-preview:-1"},"canonical":"https:\/\/www.innovation-academy.de\/fr\/architecture-renovation-energetique\/","og_locale":"fr_FR","og_type":"article","og_title":"Architecture et r\u00e9novation \u00e9nerg\u00e9tique - Innovation Academy","og_description":"Architecture et r\u00e9novation \u00e9nerg\u00e9tique: Efficacit\u00e9 \u00e9nerg\u00e9tique, Maison passive, Construction bois, R\u00e9habilitation de b\u00e2timents anciennes, Eco-construction.","og_url":"https:\/\/www.innovation-academy.de\/fr\/architecture-renovation-energetique\/","og_site_name":"Innovation Academy","article_modified_time":"2022-12-26T15:56:12+00:00","twitter_card":"summary_large_image","twitter_misc":{"Dur\u00e9e de lecture estim\u00e9e":"1 minute"},"schema":{"@context":"https:\/\/schema.org","@graph":[{"@type":"WebPage","@id":"https:\/\/www.innovation-academy.de\/fr\/architecture-renovation-energetique\/","url":"https:\/\/www.innovation-academy.de\/fr\/architecture-renovation-energetique\/","name":"Architecture et r\u00e9novation \u00e9nerg\u00e9tique - Innovation Academy","isPartOf":{"@id":"https:\/\/www.innovation-academy.de\/fr\/#website"},"datePublished":"2015-11-06T18:22:26+00:00","dateModified":"2022-12-26T15:56:12+00:00","description":"Architecture et r\u00e9novation \u00e9nerg\u00e9tique: Efficacit\u00e9 \u00e9nerg\u00e9tique, Maison passive, Construction bois, R\u00e9habilitation de b\u00e2timents anciennes, Eco-construction.","breadcrumb":{"@id":"https:\/\/www.innovation-academy.de\/fr\/architecture-renovation-energetique\/#breadcrumb"},"inLanguage":"fr-FR","potentialAction":[{"@type":"ReadAction","target":["https:\/\/www.innovation-academy.de\/fr\/architecture-renovation-energetique\/"]}]},{"@type":"BreadcrumbList","@id":"https:\/\/www.innovation-academy.de\/fr\/architecture-renovation-energetique\/#breadcrumb","itemListElement":[{"@type":"ListItem","position":1,"name":"Home","item":"https:\/\/www.innovation-academy.de\/fr\/"},{"@type":"ListItem","position":2,"name":"Architecture et r\u00e9novation \u00e9nerg\u00e9tique"}]},{"@type":"WebSite","@id":"https:\/\/www.innovation-academy.de\/fr\/#website","url":"https:\/\/www.innovation-academy.de\/fr\/","name":"Innovation Academy","description":"Innovation Academy","potentialAction":[{"@type":"SearchAction","target":{"@type":"EntryPoint","urlTemplate":"https:\/\/www.innovation-academy.de\/fr\/?s={search_term_string}"},"query-input":{"@type":"PropertyValueSpecification","valueRequired":true,"valueName":"search_term_string"}}],"inLanguage":"fr-FR"}]}},"_links":{"self":[{"href":"https:\/\/www.innovation-academy.de\/fr\/wp-json\/wp\/v2\/pages\/2735","targetHints":{"allow":["GET"]}}],"collection":[{"href":"https:\/\/www.innovation-academy.de\/fr\/wp-json\/wp\/v2\/pages"}],"about":[{"href":"https:\/\/www.innovation-academy.de\/fr\/wp-json\/wp\/v2\/types\/page"}],"author":[{"embeddable":true,"href":"https:\/\/www.innovation-academy.de\/fr\/wp-json\/wp\/v2\/users\/1"}],"replies":[{"embeddable":true,"href":"https:\/\/www.innovation-academy.de\/fr\/wp-json\/wp\/v2\/comments?post=2735"}],"version-history":[{"count":8,"href":"https:\/\/www.innovation-academy.de\/fr\/wp-json\/wp\/v2\/pages\/2735\/revisions"}],"predecessor-version":[{"id":9359,"href":"https:\/\/www.innovation-academy.de\/fr\/wp-json\/wp\/v2\/pages\/2735\/revisions\/9359"}],"wp:attachment":[{"href":"https:\/\/www.innovation-academy.de\/fr\/wp-json\/wp\/v2\/media?parent=2735"}],"curies":[{"name":"wp","href":"https:\/\/api.w.org\/{rel}","templated":true}]}}