{"id":2610,"date":"2017-02-08T15:01:05","date_gmt":"2017-02-08T13:01:05","guid":{"rendered":"http:\/\/www.innovation-academy.de\/?page_id=2610\/"},"modified":"2025-01-17T19:59:24","modified_gmt":"2025-01-17T17:59:24","slug":"home","status":"publish","type":"page","link":"https:\/\/www.innovation-academy.de\/fr\/home\/","title":{"rendered":"Home"},"content":{"rendered":"<div class=\"wpb-content-wrapper\"><p>[vc_row][vc_column][vc_row_inner][vc_column_inner width=\u00a0\u00bb1\/12&Prime;][vc_single_image image=\u00a0\u00bb1174&Prime;][\/vc_column_inner][vc_column_inner width=\u00a0\u00bb11\/12&Prime;][vc_column_text]<\/p>\n<h1 style=\"text-align: center;\">Innovation Academy &#8211; Visiter aujourd&rsquo;hui<br \/>\nle monde de demain!<\/h1>\n<p>[\/vc_column_text][\/vc_column_inner][\/vc_row_inner][vc_row_inner][vc_column_inner]<div class=\"ult-spacer spacer-69e290e7240ea\" data-id=\"69e290e7240ea\" data-height=\"15\" data-height-mobile=\"15\" data-height-tab=\"15\" data-height-tab-portrait=\"\" data-height-mobile-landscape=\"\" style=\"clear:both;display:block;\"><\/div>[\/vc_column_inner][\/vc_row_inner][vc_row_inner][vc_column_inner width=\u00a0\u00bb1\/3&Prime;][vc_column_text css=\u00a0\u00bb.vc_custom_1606832844537{background-color: #eaeaea !important;}\u00a0\u00bb]<\/p>\n<h2 style=\"text-align: center;\"><span style=\"color: #dd9933;\">Visites virtuelles<br \/>\n<\/span><\/h2>\n<h4 style=\"text-align: center;\"><span style=\"color: #dd9933;\">Ville durable \u2013 \u00e9coquartier Vauban\u00a0 architecture<\/span><\/h4>\n<h2 style=\"text-align: center;\"><span style=\"color: #dd9933;\">Transition \u00e9nerg\u00e9tique<\/span><\/h2>\n<h4 style=\"text-align: center;\"><span style=\"color: #dd9933;\">Offres p\u00e9dagogiques interactives<\/span><\/h4>\n<h3 style=\"text-align: center;\"><span style=\"color: #dd9933;\">Mobilit\u00e9 douce<\/span><\/h3>\n<h2 style=\"text-align: center;\"><span style=\"color: #dd9933;\">S\u00e9minaires<\/span><\/h2>\n<h4 style=\"text-align: center;\"><span style=\"color: #dd9933;\">Protection de la nature \u2013 agriculture bio<\/span><\/h4>\n<h5 style=\"text-align: center;\"><span style=\"color: #dd9933;\">Conf\u00e9rences<\/span><\/h5>\n<h3 style=\"text-align: center;\"><span style=\"color: #dd9933;\">Gestion de l\u2019eau et des d\u00e9chets<\/span><\/h3>\n<h4 style=\"text-align: center;\"><span style=\"color: #dd9933;\">Education \u00e0 l&rsquo;environnement<\/span><\/h4>\n<h2 style=\"text-align: center;\"><span style=\"color: #dd9933;\">Protection du climat<\/span><\/h2>\n<p>[\/vc_column_text][\/vc_column_inner][vc_column_inner width=\u00a0\u00bb1\/3&Prime;][layerslider_vc id=\u00a0\u00bb14&Prime;][\/vc_column_inner][vc_column_inner width=\u00a0\u00bb1\/3&Prime;][vc_single_image image=\u00a0\u00bb5379&Prime; img_size=\u00a0\u00bbfull\u00a0\u00bb onclick=\u00a0\u00bbcustom_link\u00a0\u00bb css=\u00a0\u00bb\u00a0\u00bb link=\u00a0\u00bbhttps:\/\/www.innovation-academy.de\/fr\/visites-virtuelles\/\u00a0\u00bb][\/vc_column_inner][\/vc_row_inner][vc_row_inner][vc_column_inner]<div class=\"ult-spacer spacer-69e290e724120\" data-id=\"69e290e724120\" data-height=\"30\" data-height-mobile=\"30\" data-height-tab=\"30\" data-height-tab-portrait=\"\" data-height-mobile-landscape=\"\" style=\"clear:both;display:block;\"><\/div>[\/vc_column_inner][\/vc_row_inner][vc_row_inner][vc_column_inner][vc_column_text]Innovation Academy e.V. est une association reconnue d\u2019utilit\u00e9 publique qui organise des visites guid\u00e9es, des voyages d&rsquo;\u00e9tude, des excursions et des s\u00e9minaires sur le th\u00e8me du d\u00e9veloppement durable. Nos offres s\u2019adressent \u00e0 tout type de groupes tels les d\u00e9l\u00e9gations professionnelles, les universit\u00e9s, les \u00e9coles, les centres de formation d&rsquo;apprentis, mais aussi les clubs de loisir et les associations.<\/p>\n<p><span style=\"color: #ff9900;\"><a style=\"color: #ff9900;\" href=\"https:\/\/www.innovation-academy.de\/fr\/referenzen\/\" target=\"_blank\" rel=\"noopener noreferrer\">D\u00e9couvrez ici ce que ce que nos visiteur.euse.s disent de nous.<\/a><\/span><\/p>\n<p>Nos th\u00e8mes sont\u00a0l\u2019urbanisme, la mobilit\u00e9, l\u2019architecture, la transition \u00e9nerg\u00e9tique et \u00e9cologique, la protection du climat et de la nature, l\u2019agriculture biologique, la gestion de l\u2019eau et des d\u00e9chets.<\/p>\n<p>C&rsquo;est avec plaisir que nous vous adresserons une proposition de programme.[\/vc_column_text][\/vc_column_inner][\/vc_row_inner][\/vc_column][\/vc_row][vc_row][vc_column]<div class=\"ult-spacer spacer-69e290e724142\" data-id=\"69e290e724142\" data-height=\"30\" data-height-mobile=\"30\" data-height-tab=\"30\" data-height-tab-portrait=\"\" data-height-mobile-landscape=\"\" style=\"clear:both;display:block;\"><\/div>[\/vc_column][\/vc_row][vc_row][vc_column]<div class=\"ult-spacer spacer-69e290e724158\" data-id=\"69e290e724158\" data-height=\"30\" data-height-mobile=\"30\" data-height-tab=\"30\" data-height-tab-portrait=\"\" data-height-mobile-landscape=\"\" style=\"clear:both;display:block;\"><\/div>[\/vc_column][\/vc_row][vc_row][vc_column width=\u00a0\u00bb1\/3&Prime;][vc_column_text]Partenaire officiel de :[\/vc_column_text][vc_single_image image=\u00a0\u00bb899&Prime; img_size=\u00a0\u00bbfull\u00a0\u00bb][vc_single_image image=\u00a0\u00bb901&Prime; img_size=\u00a0\u00bbfull\u00a0\u00bb][\/vc_column][vc_column width=\u00a0\u00bb1\/3&Prime;][vc_column_text]Membre adh\u00e9rent de :[\/vc_column_text][vc_single_image image=\u00a0\u00bb2043&Prime;][\/vc_column][vc_column width=\u00a0\u00bb1\/3&Prime;][vc_column_text]Membre adh\u00e9rent de :[\/vc_column_text][vc_single_image image=\u00a0\u00bb7323&Prime;][\/vc_column][\/vc_row][vc_row][vc_column][\/vc_column][\/vc_row]<\/p>\n<\/div>","protected":false},"excerpt":{"rendered":"<p>[vc_row][vc_column][vc_row_inner][vc_column_inner width=\u00a0\u00bb1\/12&Prime;][vc_single_image image=\u00a0\u00bb1174&Prime;][\/vc_column_inner][vc_column_inner width=\u00a0\u00bb11\/12&Prime;][vc_column_text] Innovation Academy &#8211; Visiter aujourd&rsquo;hui le monde de demain! [\/vc_column_text][\/vc_column_inner][\/vc_row_inner][vc_row_inner][vc_column_inner][\/vc_column_inner][\/vc_row_inner][vc_row_inner][vc_column_inner width=\u00a0\u00bb1\/3&Prime;][vc_column_text css=\u00a0\u00bb.vc_custom_1606832844537{background-color: #eaeaea !important;}\u00a0\u00bb] Visites virtuelles Ville durable \u2013 \u00e9coquartier Vauban\u00a0 architecture Transition \u00e9nerg\u00e9tique Offres p\u00e9dagogiques interactives Mobilit\u00e9 douce S\u00e9minaires Protection de la nature \u2013 agriculture bio Conf\u00e9rences Gestion de l\u2019eau et des d\u00e9chets Education \u00e0 l&rsquo;environnement Protection du climat [\/vc_column_text][\/vc_column_inner][vc_column_inner&hellip;<\/p>\n","protected":false},"author":1,"featured_media":0,"parent":0,"menu_order":0,"comment_status":"closed","ping_status":"closed","template":"","meta":{"footnotes":""},"class_list":["post-2610","page","type-page","status-publish","hentry","description-off"],"yoast_head":"<!-- This site is optimized with the Yoast SEO plugin v26.2 - https:\/\/yoast.com\/wordpress\/plugins\/seo\/ -->\n<title>Home - Innovation Academy<\/title>\n<meta name=\"robots\" content=\"index, follow, max-snippet:-1, max-image-preview:large, max-video-preview:-1\" \/>\n<link rel=\"canonical\" href=\"https:\/\/www.innovation-academy.de\/fr\/home\/\" \/>\n<meta property=\"og:locale\" content=\"fr_FR\" \/>\n<meta property=\"og:type\" content=\"article\" \/>\n<meta property=\"og:title\" content=\"Home - Innovation Academy\" \/>\n<meta property=\"og:description\" content=\"[vc_row][vc_column][vc_row_inner][vc_column_inner width=\u00a0\u00bb1\/12&Prime;][vc_single_image image=\u00a0\u00bb1174&Prime;][\/vc_column_inner][vc_column_inner width=\u00a0\u00bb11\/12&Prime;][vc_column_text] Innovation Academy &#8211; Visiter aujourd&rsquo;hui le monde de demain! [\/vc_column_text][\/vc_column_inner][\/vc_row_inner][vc_row_inner][vc_column_inner][\/vc_column_inner][\/vc_row_inner][vc_row_inner][vc_column_inner width=\u00a0\u00bb1\/3&Prime;][vc_column_text css=\u00a0\u00bb.vc_custom_1606832844537{background-color: #eaeaea !important;}\u00a0\u00bb] Visites virtuelles Ville durable \u2013 \u00e9coquartier Vauban\u00a0 architecture Transition \u00e9nerg\u00e9tique Offres p\u00e9dagogiques interactives Mobilit\u00e9 douce S\u00e9minaires Protection de la nature \u2013 agriculture bio Conf\u00e9rences Gestion de l\u2019eau et des d\u00e9chets Education \u00e0 l&rsquo;environnement Protection du climat [\/vc_column_text][\/vc_column_inner][vc_column_inner&hellip;\" \/>\n<meta property=\"og:url\" content=\"https:\/\/www.innovation-academy.de\/fr\/home\/\" \/>\n<meta property=\"og:site_name\" content=\"Innovation Academy\" \/>\n<meta property=\"article:modified_time\" content=\"2025-01-17T17:59:24+00:00\" \/>\n<meta name=\"twitter:card\" content=\"summary_large_image\" \/>\n<meta name=\"twitter:label1\" content=\"Dur\u00e9e de lecture estim\u00e9e\" \/>\n\t<meta name=\"twitter:data1\" content=\"2 minutes\" \/>\n<script type=\"application\/ld+json\" class=\"yoast-schema-graph\">{\"@context\":\"https:\/\/schema.org\",\"@graph\":[{\"@type\":\"WebPage\",\"@id\":\"https:\/\/www.innovation-academy.de\/fr\/home\/\",\"url\":\"https:\/\/www.innovation-academy.de\/fr\/home\/\",\"name\":\"Home - Innovation Academy\",\"isPartOf\":{\"@id\":\"https:\/\/www.innovation-academy.de\/fr\/#website\"},\"datePublished\":\"2017-02-08T13:01:05+00:00\",\"dateModified\":\"2025-01-17T17:59:24+00:00\",\"breadcrumb\":{\"@id\":\"https:\/\/www.innovation-academy.de\/fr\/home\/#breadcrumb\"},\"inLanguage\":\"fr-FR\",\"potentialAction\":[{\"@type\":\"ReadAction\",\"target\":[\"https:\/\/www.innovation-academy.de\/fr\/home\/\"]}]},{\"@type\":\"BreadcrumbList\",\"@id\":\"https:\/\/www.innovation-academy.de\/fr\/home\/#breadcrumb\",\"itemListElement\":[{\"@type\":\"ListItem\",\"position\":1,\"name\":\"Home\",\"item\":\"https:\/\/www.innovation-academy.de\/fr\/\"},{\"@type\":\"ListItem\",\"position\":2,\"name\":\"Home\"}]},{\"@type\":\"WebSite\",\"@id\":\"https:\/\/www.innovation-academy.de\/fr\/#website\",\"url\":\"https:\/\/www.innovation-academy.de\/fr\/\",\"name\":\"Innovation Academy\",\"description\":\"Innovation Academy\",\"potentialAction\":[{\"@type\":\"SearchAction\",\"target\":{\"@type\":\"EntryPoint\",\"urlTemplate\":\"https:\/\/www.innovation-academy.de\/fr\/?s={search_term_string}\"},\"query-input\":{\"@type\":\"PropertyValueSpecification\",\"valueRequired\":true,\"valueName\":\"search_term_string\"}}],\"inLanguage\":\"fr-FR\"}]}<\/script>\n<!-- \/ Yoast SEO plugin. -->","yoast_head_json":{"title":"Home - Innovation Academy","robots":{"index":"index","follow":"follow","max-snippet":"max-snippet:-1","max-image-preview":"max-image-preview:large","max-video-preview":"max-video-preview:-1"},"canonical":"https:\/\/www.innovation-academy.de\/fr\/home\/","og_locale":"fr_FR","og_type":"article","og_title":"Home - Innovation Academy","og_description":"[vc_row][vc_column][vc_row_inner][vc_column_inner width=\u00a0\u00bb1\/12&Prime;][vc_single_image image=\u00a0\u00bb1174&Prime;][\/vc_column_inner][vc_column_inner width=\u00a0\u00bb11\/12&Prime;][vc_column_text] Innovation Academy &#8211; Visiter aujourd&rsquo;hui le monde de demain! [\/vc_column_text][\/vc_column_inner][\/vc_row_inner][vc_row_inner][vc_column_inner][\/vc_column_inner][\/vc_row_inner][vc_row_inner][vc_column_inner width=\u00a0\u00bb1\/3&Prime;][vc_column_text css=\u00a0\u00bb.vc_custom_1606832844537{background-color: #eaeaea !important;}\u00a0\u00bb] Visites virtuelles Ville durable \u2013 \u00e9coquartier Vauban\u00a0 architecture Transition \u00e9nerg\u00e9tique Offres p\u00e9dagogiques interactives Mobilit\u00e9 douce S\u00e9minaires Protection de la nature \u2013 agriculture bio Conf\u00e9rences Gestion de l\u2019eau et des d\u00e9chets Education \u00e0 l&rsquo;environnement Protection du climat [\/vc_column_text][\/vc_column_inner][vc_column_inner&hellip;","og_url":"https:\/\/www.innovation-academy.de\/fr\/home\/","og_site_name":"Innovation Academy","article_modified_time":"2025-01-17T17:59:24+00:00","twitter_card":"summary_large_image","twitter_misc":{"Dur\u00e9e de lecture estim\u00e9e":"2 minutes"},"schema":{"@context":"https:\/\/schema.org","@graph":[{"@type":"WebPage","@id":"https:\/\/www.innovation-academy.de\/fr\/home\/","url":"https:\/\/www.innovation-academy.de\/fr\/home\/","name":"Home - Innovation Academy","isPartOf":{"@id":"https:\/\/www.innovation-academy.de\/fr\/#website"},"datePublished":"2017-02-08T13:01:05+00:00","dateModified":"2025-01-17T17:59:24+00:00","breadcrumb":{"@id":"https:\/\/www.innovation-academy.de\/fr\/home\/#breadcrumb"},"inLanguage":"fr-FR","potentialAction":[{"@type":"ReadAction","target":["https:\/\/www.innovation-academy.de\/fr\/home\/"]}]},{"@type":"BreadcrumbList","@id":"https:\/\/www.innovation-academy.de\/fr\/home\/#breadcrumb","itemListElement":[{"@type":"ListItem","position":1,"name":"Home","item":"https:\/\/www.innovation-academy.de\/fr\/"},{"@type":"ListItem","position":2,"name":"Home"}]},{"@type":"WebSite","@id":"https:\/\/www.innovation-academy.de\/fr\/#website","url":"https:\/\/www.innovation-academy.de\/fr\/","name":"Innovation Academy","description":"Innovation Academy","potentialAction":[{"@type":"SearchAction","target":{"@type":"EntryPoint","urlTemplate":"https:\/\/www.innovation-academy.de\/fr\/?s={search_term_string}"},"query-input":{"@type":"PropertyValueSpecification","valueRequired":true,"valueName":"search_term_string"}}],"inLanguage":"fr-FR"}]}},"_links":{"self":[{"href":"https:\/\/www.innovation-academy.de\/fr\/wp-json\/wp\/v2\/pages\/2610","targetHints":{"allow":["GET"]}}],"collection":[{"href":"https:\/\/www.innovation-academy.de\/fr\/wp-json\/wp\/v2\/pages"}],"about":[{"href":"https:\/\/www.innovation-academy.de\/fr\/wp-json\/wp\/v2\/types\/page"}],"author":[{"embeddable":true,"href":"https:\/\/www.innovation-academy.de\/fr\/wp-json\/wp\/v2\/users\/1"}],"replies":[{"embeddable":true,"href":"https:\/\/www.innovation-academy.de\/fr\/wp-json\/wp\/v2\/comments?post=2610"}],"version-history":[{"count":24,"href":"https:\/\/www.innovation-academy.de\/fr\/wp-json\/wp\/v2\/pages\/2610\/revisions"}],"predecessor-version":[{"id":10019,"href":"https:\/\/www.innovation-academy.de\/fr\/wp-json\/wp\/v2\/pages\/2610\/revisions\/10019"}],"wp:attachment":[{"href":"https:\/\/www.innovation-academy.de\/fr\/wp-json\/wp\/v2\/media?parent=2610"}],"curies":[{"name":"wp","href":"https:\/\/api.w.org\/{rel}","templated":true}]}}