{"id":10401,"date":"2025-01-06T20:36:16","date_gmt":"2025-01-06T18:36:16","guid":{"rendered":"https:\/\/www.innovation-academy.de\/paris\/"},"modified":"2025-02-28T19:59:04","modified_gmt":"2025-02-28T17:59:04","slug":"paris","status":"publish","type":"page","link":"https:\/\/www.innovation-academy.de\/fr\/paris\/","title":{"rendered":"Paris"},"content":{"rendered":"<div class=\"wpb-content-wrapper\"><p>[vc_row][vc_column]<div class=\"ult-spacer spacer-69de190e1c8f8\" data-id=\"69de190e1c8f8\" data-height=\"30\" data-height-mobile=\"30\" data-height-tab=\"30\" data-height-tab-portrait=\"\" data-height-mobile-landscape=\"\" style=\"clear:both;display:block;\"><\/div>[vc_column_text css=\u00a0\u00bb\u00a0\u00bb]<\/p>\n<h1 style=\"text-align: center;\"><strong>Paris<br \/>\n<\/strong><\/h1>\n<p>[\/vc_column_text]<div class=\"ult-spacer spacer-69de190e1c993\" data-id=\"69de190e1c993\" data-height=\"15\" data-height-mobile=\"15\" data-height-tab=\"15\" data-height-tab-portrait=\"\" data-height-mobile-landscape=\"\" style=\"clear:both;display:block;\"><\/div>[\/vc_column][\/vc_row][vc_row][vc_column width=\u00a0\u00bb2\/3&Prime;][vc_single_image image=\u00a0\u00bb9942&Prime; img_size=\u00a0\u00bbfull\u00a0\u00bb css=\u00a0\u00bb\u00a0\u00bb][\/vc_column][vc_column width=\u00a0\u00bb1\/3&Prime;][vc_custom_heading text=\u00a0\u00bbR\u00e9volution du v\u00e9lo<\/p>\n<p>&#8211;<\/p>\n<p>R\u00e9seau de froid urbain<\/p>\n<p>&#8211;<\/p>\n<p>Transition vers une mobilit\u00e9 durable<\/p>\n<p>&#8211;<\/p>\n<p>Adaptation au climat<\/p>\n<p>&#8211;<\/p>\n<p>Ville des 15 minutes\u00a0\u00bb font_container=\u00a0\u00bbtag:h2|text_align:center|color:%23dd9933|line_height:1%2C1&Prime; use_theme_fonts=\u00a0\u00bbyes\u00a0\u00bb css=\u00a0\u00bb.vc_custom_1740765496193{background-color: #dddddd !important;}\u00a0\u00bb][\/vc_column][\/vc_row][vc_row][vc_column][vc_column_text css=\u00a0\u00bb\u00a0\u00bb]<strong>Paris &#8211; La r\u00e9volution fran\u00e7aise contemporaine<\/strong><strong> &#8211; <\/strong>Ces derni\u00e8res ann\u00e9es, la ville de Paris s\u2019est progressivement transform\u00e9e en une m\u00e9tropole durable gr\u00e2ce \u00e0 un programme ambitieux. Sous l&rsquo;impulsion de la maire Anne Hidalgo, de nombreuses mesures ont \u00e9t\u00e9 mises en place pour promouvoir la protection du climat et de l&rsquo;environnement ainsi que la qualit\u00e9 de vie. L&rsquo;un des aspects centraux de cette transformation est la transition vers une mobilit\u00e9 durable : La ville a cr\u00e9\u00e9 un vaste r\u00e9seau de pistes cyclables, augmentant ainsi consid\u00e9rablement la part modale du v\u00e9lo. Parall\u00e8lement, la r\u00e9duction de la circulation automobile dans le centre-ville a \u00e9t\u00e9 poursuivie et le d\u00e9veloppement de zones pi\u00e9tonnes ainsi que la cr\u00e9ation de \u00ab poumons verts \u00bb dans l&rsquo;espace urbain ont \u00e9t\u00e9 promus.<\/p>\n<p>En outre, Paris mise sur le d\u00e9veloppement de quartiers verts et de projets de construction durables. De nouveaux \u00e9co-quartiers comme celui de \u00ab Clichy-Batignolles \u00bb int\u00e8grent dans leur planification une architecture respectueuse de l&rsquo;environnement, l&rsquo;efficacit\u00e9 \u00e9nerg\u00e9tique et la v\u00e9g\u00e9talisation. Ces d\u00e9veloppements ne contribuent pas seulement \u00e0 la r\u00e9duction de l\u2019empreinte carbone, mais am\u00e9liorent \u00e9galement le climat urbain et cr\u00e9ent des espaces de haute qualit\u00e9 pour les habitants. Globalement, Paris poursuit l&rsquo;objectif de devenir une m\u00e9tropole verte et neutre pour le climat d\u2019ici \u00e0 2030.[\/vc_column_text][\/vc_column][\/vc_row][vc_row][vc_column][vc_column_text css=\u00a0\u00bb\u00a0\u00bb]<strong>Venez d\u00e9couvrir le c\u00f4t\u00e9 durable de la capitale fran\u00e7aise. Nous nous r\u00e9jouissons d\u2019organiser votre voyage d\u2019\u00e9tudes. Merci d\u2019adresser votre demande \u00e0 :<\/strong> <a href=\"mailto:info@innovation-academy.de\"><strong>info@innovation-academy.de<\/strong><\/a><\/p>\n<p>[\/vc_column_text][\/vc_column][\/vc_row]<\/p>\n<\/div>","protected":false},"excerpt":{"rendered":"<p>[vc_row][vc_column][vc_column_text css=\u00a0\u00bb\u00a0\u00bb] Paris [\/vc_column_text][\/vc_column][\/vc_row][vc_row][vc_column width=\u00a0\u00bb2\/3&Prime;][vc_single_image image=\u00a0\u00bb9942&Prime; img_size=\u00a0\u00bbfull\u00a0\u00bb css=\u00a0\u00bb\u00a0\u00bb][\/vc_column][vc_column width=\u00a0\u00bb1\/3&Prime;][vc_custom_heading text=\u00a0\u00bbR\u00e9volution du v\u00e9lo &#8211; R\u00e9seau de froid urbain &#8211; Transition vers une mobilit\u00e9 durable &#8211; Adaptation au climat &#8211; Ville des 15 minutes\u00a0\u00bb font_container=\u00a0\u00bbtag:h2|text_align:center|color:%23dd9933|line_height:1%2C1&Prime; use_theme_fonts=\u00a0\u00bbyes\u00a0\u00bb css=\u00a0\u00bb.vc_custom_1740765496193{background-color: #dddddd !important;}\u00a0\u00bb][\/vc_column][\/vc_row][vc_row][vc_column][vc_column_text css=\u00a0\u00bb\u00a0\u00bb]Paris &#8211; La r\u00e9volution fran\u00e7aise contemporaine &#8211; Ces derni\u00e8res ann\u00e9es, la ville de Paris s\u2019est progressivement transform\u00e9e en&hellip;<\/p>\n","protected":false},"author":1,"featured_media":9810,"parent":0,"menu_order":0,"comment_status":"closed","ping_status":"closed","template":"","meta":{"footnotes":""},"class_list":["post-10401","page","type-page","status-publish","has-post-thumbnail","hentry","description-off"],"yoast_head":"<!-- This site is optimized with the Yoast SEO plugin v26.2 - https:\/\/yoast.com\/wordpress\/plugins\/seo\/ -->\n<title>Paris - Innovation Academy<\/title>\n<meta name=\"description\" content=\"D\u00e9couvrez comment Paris se transforme en une m\u00e9tropole durable gr\u00e2ce \u00e0 des initiatives \u00e9cologiques ambitieuses : mobilit\u00e9 verte, \u00e9co-quartiers et espaces verts pour une ville plus agr\u00e9able et neutre en carbone d&#039;ici 2030.&quot;\" \/>\n<meta name=\"robots\" content=\"index, follow, max-snippet:-1, max-image-preview:large, max-video-preview:-1\" \/>\n<link rel=\"canonical\" href=\"https:\/\/www.innovation-academy.de\/fr\/paris\/\" \/>\n<meta property=\"og:locale\" content=\"fr_FR\" \/>\n<meta property=\"og:type\" content=\"article\" \/>\n<meta property=\"og:title\" content=\"Paris - Innovation Academy\" \/>\n<meta property=\"og:description\" content=\"D\u00e9couvrez comment Paris se transforme en une m\u00e9tropole durable gr\u00e2ce \u00e0 des initiatives \u00e9cologiques ambitieuses : mobilit\u00e9 verte, \u00e9co-quartiers et espaces verts pour une ville plus agr\u00e9able et neutre en carbone d&#039;ici 2030.&quot;\" \/>\n<meta property=\"og:url\" content=\"https:\/\/www.innovation-academy.de\/fr\/paris\/\" \/>\n<meta property=\"og:site_name\" content=\"Innovation Academy\" \/>\n<meta property=\"article:modified_time\" content=\"2025-02-28T17:59:04+00:00\" \/>\n<meta property=\"og:image\" content=\"https:\/\/www.innovation-academy.de\/wp-content\/uploads\/Paris.jpg\" \/>\n\t<meta property=\"og:image:width\" content=\"600\" \/>\n\t<meta property=\"og:image:height\" content=\"400\" \/>\n\t<meta property=\"og:image:type\" content=\"image\/jpeg\" \/>\n<meta name=\"twitter:card\" content=\"summary_large_image\" \/>\n<meta name=\"twitter:label1\" content=\"Dur\u00e9e de lecture estim\u00e9e\" \/>\n\t<meta name=\"twitter:data1\" content=\"2 minutes\" \/>\n<script type=\"application\/ld+json\" class=\"yoast-schema-graph\">{\"@context\":\"https:\/\/schema.org\",\"@graph\":[{\"@type\":\"WebPage\",\"@id\":\"https:\/\/www.innovation-academy.de\/fr\/paris\/\",\"url\":\"https:\/\/www.innovation-academy.de\/fr\/paris\/\",\"name\":\"Paris - Innovation Academy\",\"isPartOf\":{\"@id\":\"https:\/\/www.innovation-academy.de\/fr\/#website\"},\"primaryImageOfPage\":{\"@id\":\"https:\/\/www.innovation-academy.de\/fr\/paris\/#primaryimage\"},\"image\":{\"@id\":\"https:\/\/www.innovation-academy.de\/fr\/paris\/#primaryimage\"},\"thumbnailUrl\":\"https:\/\/www.innovation-academy.de\/wp-content\/uploads\/Paris.jpg\",\"datePublished\":\"2025-01-06T18:36:16+00:00\",\"dateModified\":\"2025-02-28T17:59:04+00:00\",\"description\":\"D\u00e9couvrez comment Paris se transforme en une m\u00e9tropole durable gr\u00e2ce \u00e0 des initiatives \u00e9cologiques ambitieuses : mobilit\u00e9 verte, \u00e9co-quartiers et espaces verts pour une ville plus agr\u00e9able et neutre en carbone d'ici 2030.\\\"\",\"breadcrumb\":{\"@id\":\"https:\/\/www.innovation-academy.de\/fr\/paris\/#breadcrumb\"},\"inLanguage\":\"fr-FR\",\"potentialAction\":[{\"@type\":\"ReadAction\",\"target\":[\"https:\/\/www.innovation-academy.de\/fr\/paris\/\"]}]},{\"@type\":\"ImageObject\",\"inLanguage\":\"fr-FR\",\"@id\":\"https:\/\/www.innovation-academy.de\/fr\/paris\/#primaryimage\",\"url\":\"https:\/\/www.innovation-academy.de\/wp-content\/uploads\/Paris.jpg\",\"contentUrl\":\"https:\/\/www.innovation-academy.de\/wp-content\/uploads\/Paris.jpg\",\"width\":600,\"height\":400,\"caption\":\"Paris\"},{\"@type\":\"BreadcrumbList\",\"@id\":\"https:\/\/www.innovation-academy.de\/fr\/paris\/#breadcrumb\",\"itemListElement\":[{\"@type\":\"ListItem\",\"position\":1,\"name\":\"Home\",\"item\":\"https:\/\/www.innovation-academy.de\/fr\/\"},{\"@type\":\"ListItem\",\"position\":2,\"name\":\"Paris\"}]},{\"@type\":\"WebSite\",\"@id\":\"https:\/\/www.innovation-academy.de\/fr\/#website\",\"url\":\"https:\/\/www.innovation-academy.de\/fr\/\",\"name\":\"Innovation Academy\",\"description\":\"Innovation Academy\",\"potentialAction\":[{\"@type\":\"SearchAction\",\"target\":{\"@type\":\"EntryPoint\",\"urlTemplate\":\"https:\/\/www.innovation-academy.de\/fr\/?s={search_term_string}\"},\"query-input\":{\"@type\":\"PropertyValueSpecification\",\"valueRequired\":true,\"valueName\":\"search_term_string\"}}],\"inLanguage\":\"fr-FR\"}]}<\/script>\n<!-- \/ Yoast SEO plugin. -->","yoast_head_json":{"title":"Paris - Innovation Academy","description":"D\u00e9couvrez comment Paris se transforme en une m\u00e9tropole durable gr\u00e2ce \u00e0 des initiatives \u00e9cologiques ambitieuses : mobilit\u00e9 verte, \u00e9co-quartiers et espaces verts pour une ville plus agr\u00e9able et neutre en carbone d'ici 2030.\"","robots":{"index":"index","follow":"follow","max-snippet":"max-snippet:-1","max-image-preview":"max-image-preview:large","max-video-preview":"max-video-preview:-1"},"canonical":"https:\/\/www.innovation-academy.de\/fr\/paris\/","og_locale":"fr_FR","og_type":"article","og_title":"Paris - Innovation Academy","og_description":"D\u00e9couvrez comment Paris se transforme en une m\u00e9tropole durable gr\u00e2ce \u00e0 des initiatives \u00e9cologiques ambitieuses : mobilit\u00e9 verte, \u00e9co-quartiers et espaces verts pour une ville plus agr\u00e9able et neutre en carbone d'ici 2030.\"","og_url":"https:\/\/www.innovation-academy.de\/fr\/paris\/","og_site_name":"Innovation Academy","article_modified_time":"2025-02-28T17:59:04+00:00","og_image":[{"width":600,"height":400,"url":"https:\/\/www.innovation-academy.de\/wp-content\/uploads\/Paris.jpg","type":"image\/jpeg"}],"twitter_card":"summary_large_image","twitter_misc":{"Dur\u00e9e de lecture estim\u00e9e":"2 minutes"},"schema":{"@context":"https:\/\/schema.org","@graph":[{"@type":"WebPage","@id":"https:\/\/www.innovation-academy.de\/fr\/paris\/","url":"https:\/\/www.innovation-academy.de\/fr\/paris\/","name":"Paris - Innovation Academy","isPartOf":{"@id":"https:\/\/www.innovation-academy.de\/fr\/#website"},"primaryImageOfPage":{"@id":"https:\/\/www.innovation-academy.de\/fr\/paris\/#primaryimage"},"image":{"@id":"https:\/\/www.innovation-academy.de\/fr\/paris\/#primaryimage"},"thumbnailUrl":"https:\/\/www.innovation-academy.de\/wp-content\/uploads\/Paris.jpg","datePublished":"2025-01-06T18:36:16+00:00","dateModified":"2025-02-28T17:59:04+00:00","description":"D\u00e9couvrez comment Paris se transforme en une m\u00e9tropole durable gr\u00e2ce \u00e0 des initiatives \u00e9cologiques ambitieuses : mobilit\u00e9 verte, \u00e9co-quartiers et espaces verts pour une ville plus agr\u00e9able et neutre en carbone d'ici 2030.\"","breadcrumb":{"@id":"https:\/\/www.innovation-academy.de\/fr\/paris\/#breadcrumb"},"inLanguage":"fr-FR","potentialAction":[{"@type":"ReadAction","target":["https:\/\/www.innovation-academy.de\/fr\/paris\/"]}]},{"@type":"ImageObject","inLanguage":"fr-FR","@id":"https:\/\/www.innovation-academy.de\/fr\/paris\/#primaryimage","url":"https:\/\/www.innovation-academy.de\/wp-content\/uploads\/Paris.jpg","contentUrl":"https:\/\/www.innovation-academy.de\/wp-content\/uploads\/Paris.jpg","width":600,"height":400,"caption":"Paris"},{"@type":"BreadcrumbList","@id":"https:\/\/www.innovation-academy.de\/fr\/paris\/#breadcrumb","itemListElement":[{"@type":"ListItem","position":1,"name":"Home","item":"https:\/\/www.innovation-academy.de\/fr\/"},{"@type":"ListItem","position":2,"name":"Paris"}]},{"@type":"WebSite","@id":"https:\/\/www.innovation-academy.de\/fr\/#website","url":"https:\/\/www.innovation-academy.de\/fr\/","name":"Innovation Academy","description":"Innovation Academy","potentialAction":[{"@type":"SearchAction","target":{"@type":"EntryPoint","urlTemplate":"https:\/\/www.innovation-academy.de\/fr\/?s={search_term_string}"},"query-input":{"@type":"PropertyValueSpecification","valueRequired":true,"valueName":"search_term_string"}}],"inLanguage":"fr-FR"}]}},"_links":{"self":[{"href":"https:\/\/www.innovation-academy.de\/fr\/wp-json\/wp\/v2\/pages\/10401","targetHints":{"allow":["GET"]}}],"collection":[{"href":"https:\/\/www.innovation-academy.de\/fr\/wp-json\/wp\/v2\/pages"}],"about":[{"href":"https:\/\/www.innovation-academy.de\/fr\/wp-json\/wp\/v2\/types\/page"}],"author":[{"embeddable":true,"href":"https:\/\/www.innovation-academy.de\/fr\/wp-json\/wp\/v2\/users\/1"}],"replies":[{"embeddable":true,"href":"https:\/\/www.innovation-academy.de\/fr\/wp-json\/wp\/v2\/comments?post=10401"}],"version-history":[{"count":5,"href":"https:\/\/www.innovation-academy.de\/fr\/wp-json\/wp\/v2\/pages\/10401\/revisions"}],"predecessor-version":[{"id":10406,"href":"https:\/\/www.innovation-academy.de\/fr\/wp-json\/wp\/v2\/pages\/10401\/revisions\/10406"}],"wp:featuredmedia":[{"embeddable":true,"href":"https:\/\/www.innovation-academy.de\/fr\/wp-json\/wp\/v2\/media\/9810"}],"wp:attachment":[{"href":"https:\/\/www.innovation-academy.de\/fr\/wp-json\/wp\/v2\/media?parent=10401"}],"curies":[{"name":"wp","href":"https:\/\/api.w.org\/{rel}","templated":true}]}}