{"id":10389,"date":"2025-01-06T21:31:56","date_gmt":"2025-01-06T19:31:56","guid":{"rendered":"https:\/\/www.innovation-academy.de\/kopenhagen\/"},"modified":"2025-02-20T18:12:57","modified_gmt":"2025-02-20T16:12:57","slug":"copenhague","status":"publish","type":"page","link":"https:\/\/www.innovation-academy.de\/fr\/copenhague\/","title":{"rendered":"Copenhague"},"content":{"rendered":"<div class=\"wpb-content-wrapper\"><p>[vc_row][vc_column]<div class=\"ult-spacer spacer-69e183f4a520d\" data-id=\"69e183f4a520d\" data-height=\"30\" data-height-mobile=\"30\" data-height-tab=\"30\" data-height-tab-portrait=\"\" data-height-mobile-landscape=\"\" style=\"clear:both;display:block;\"><\/div>[vc_column_text css=\u00a0\u00bb\u00a0\u00bb]<\/p>\n<h1 style=\"text-align: center;\"><strong>Copenhague<\/strong><\/h1>\n<p>[\/vc_column_text]<div class=\"ult-spacer spacer-69e183f4a523a\" data-id=\"69e183f4a523a\" data-height=\"15\" data-height-mobile=\"15\" data-height-tab=\"15\" data-height-tab-portrait=\"\" data-height-mobile-landscape=\"\" style=\"clear:both;display:block;\"><\/div>[\/vc_column][\/vc_row][vc_row][vc_column width=\u00a0\u00bb2\/3&Prime;][vc_single_image image=\u00a0\u00bb9963&Prime; img_size=\u00a0\u00bbfull\u00a0\u00bb add_caption=\u00a0\u00bbyes\u00a0\u00bb css=\u00a0\u00bb\u00a0\u00bb][\/vc_column][vc_column width=\u00a0\u00bb1\/3&Prime;][vc_custom_heading text=\u00a0\u00bbCopenhill<\/p>\n<p>&#8211;<\/p>\n<p>Capitale du v\u00e9lo<\/p>\n<p>&#8211;<\/p>\n<p>Jan Gehl<\/p>\n<p>&#8211;<\/p>\n<p>Adaptation au changement climatique<\/p>\n<p>&#8211;<\/p>\n<p>Mecque de l&rsquo;architecture<\/p>\n<p>&#8211;<\/p>\n<p>Transition des modes de transport\u00a0\u00bb font_container=\u00a0\u00bbtag:h2|text_align:center|color:%23dd9933|line_height:1&Prime; use_theme_fonts=\u00a0\u00bbyes\u00a0\u00bb css=\u00a0\u00bb.vc_custom_1740067960125{background-color: #dddddd !important;}\u00a0\u00bb][\/vc_column][\/vc_row][vc_row][vc_column][vc_column_text css=\u00a0\u00bb\u00a0\u00bb]<strong>Copenhagen \u2013 m\u00e9tropole de l\u2019architecture et capitale du v\u00e9lo<\/strong><strong> &#8211; <\/strong>Aucune autre ville n&rsquo;est aussi repr\u00e9sentative, au niveau international, des th\u00e8mes de la protection du climat et de l\u2019urbanisme durable. La capitale danoise est une v\u00e9ritable m\u00e9tropole du v\u00e9lo : plus de la moiti\u00e9 des habitants utilise quotidiennement leur v\u00e9lo et cela gr\u00e2ce \u00e0 un vaste r\u00e9seau de pistes cyclables, de ponts cyclables comme le Cykelslangen et \u00e0 une infrastructure bien pens\u00e9e qui donne la priorit\u00e9 aux cyclistes.<\/p>\n<p>L&rsquo;adaptation au changement climatique fait \u00e9galement l&rsquo;objet d&rsquo;une attention particuli\u00e8re de la part des services de l\u2019urbanisme. Les toits v\u00e9g\u00e9talis\u00e9s, les syst\u00e8mes d&rsquo;infiltration des eaux de ruiss\u00e8lement et les cours d&rsquo;eau urbains permettent de faire face aux fortes pluies et \u00e0 la mont\u00e9e du niveau de la mer. L&rsquo;espace urbain est de plus en plus con\u00e7u pour ses habitants et s\u2019agence autour de zones pi\u00e9tonnes et de places vertes organiques. L\u2019esth\u00e9tique et le respect de l&rsquo;environnement n\u2019y font qu\u2019un.<\/p>\n<p>L&rsquo;architecture et l&rsquo;urbanisme de Copenhague refl\u00e8tent cette approche. La m\u00e9tropole danoise est depuis longtemps consid\u00e9r\u00e9e comme la Mecque de l&rsquo;architecture moderne, si bien qu&rsquo;il \u00e9tait logique qu&rsquo;elle soit d\u00e9sign\u00e9e capitale mondiale de l&rsquo;architecture en 2023. Un projet embl\u00e9matique est <em>CopenHill<\/em>, une centrale \u00e9lectrique moderne qui transforme les d\u00e9chets en \u00e9nergie tout en offrant une piste de ski et des espaces de loisirs sur son toit &#8211; une combinaison symbolique de la fonctionnalit\u00e9 et de la durabilit\u00e9.[\/vc_column_text][\/vc_column][\/vc_row][vc_row][vc_column][vc_column_text css=\u00a0\u00bb\u00a0\u00bb]<strong>Venez d\u00e9couvrir la m\u00e9tropole de l\u2019architecture et la capitale du v\u00e9lo. Nous nous r\u00e9jouissons d\u2019organiser votre voyage d\u2019\u00e9tudes. Merci d\u2019adresser votre demande \u00e0 : <\/strong><a href=\"mailto:info@innovation-academy.de\"><strong>info@innovation-academy.de<\/strong><\/a><\/p>\n<p>[\/vc_column_text][\/vc_column][\/vc_row]<\/p>\n<\/div>","protected":false},"excerpt":{"rendered":"<p>[vc_row][vc_column][vc_column_text css=\u00a0\u00bb\u00a0\u00bb] Copenhague [\/vc_column_text][\/vc_column][\/vc_row][vc_row][vc_column width=\u00a0\u00bb2\/3&Prime;][vc_single_image image=\u00a0\u00bb9963&Prime; img_size=\u00a0\u00bbfull\u00a0\u00bb add_caption=\u00a0\u00bbyes\u00a0\u00bb css=\u00a0\u00bb\u00a0\u00bb][\/vc_column][vc_column width=\u00a0\u00bb1\/3&Prime;][vc_custom_heading text=\u00a0\u00bbCopenhill &#8211; Capitale du v\u00e9lo &#8211; Jan Gehl &#8211; Adaptation au changement climatique &#8211; Mecque de l&rsquo;architecture &#8211; Transition des modes de transport\u00a0\u00bb font_container=\u00a0\u00bbtag:h2|text_align:center|color:%23dd9933|line_height:1&Prime; use_theme_fonts=\u00a0\u00bbyes\u00a0\u00bb css=\u00a0\u00bb.vc_custom_1740067960125{background-color: #dddddd !important;}\u00a0\u00bb][\/vc_column][\/vc_row][vc_row][vc_column][vc_column_text css=\u00a0\u00bb\u00a0\u00bb]Copenhagen \u2013 m\u00e9tropole de l\u2019architecture et capitale du v\u00e9lo &#8211; Aucune autre ville n&rsquo;est aussi repr\u00e9sentative, au&hellip;<\/p>\n","protected":false},"author":1,"featured_media":9834,"parent":0,"menu_order":0,"comment_status":"closed","ping_status":"closed","template":"","meta":{"footnotes":""},"class_list":["post-10389","page","type-page","status-publish","has-post-thumbnail","hentry","description-off"],"yoast_head":"<!-- This site is optimized with the Yoast SEO plugin v26.2 - https:\/\/yoast.com\/wordpress\/plugins\/seo\/ -->\n<title>Copenhague - Innovation Academy<\/title>\n<meta name=\"description\" content=\"Entdecke Kopenhagen, die d\u00e4nische Architekturmetropole und Fahrradhauptstadt\u00a0-\u00a0\u00a0Wohl keine andere Stadt steht international so sehr f\u00fcr die Themen Klimaschutz und nachhaltige Stadtentwicklung.\" \/>\n<meta name=\"robots\" content=\"index, follow, max-snippet:-1, max-image-preview:large, max-video-preview:-1\" \/>\n<link rel=\"canonical\" href=\"https:\/\/www.innovation-academy.de\/fr\/copenhague\/\" \/>\n<meta property=\"og:locale\" content=\"fr_FR\" \/>\n<meta property=\"og:type\" content=\"article\" \/>\n<meta property=\"og:title\" content=\"Copenhague - Innovation Academy\" \/>\n<meta property=\"og:description\" content=\"Entdecke Kopenhagen, die d\u00e4nische Architekturmetropole und Fahrradhauptstadt\u00a0-\u00a0\u00a0Wohl keine andere Stadt steht international so sehr f\u00fcr die Themen Klimaschutz und nachhaltige Stadtentwicklung.\" \/>\n<meta property=\"og:url\" content=\"https:\/\/www.innovation-academy.de\/fr\/copenhague\/\" \/>\n<meta property=\"og:site_name\" content=\"Innovation Academy\" \/>\n<meta property=\"article:modified_time\" content=\"2025-02-20T16:12:57+00:00\" \/>\n<meta property=\"og:image\" content=\"https:\/\/www.innovation-academy.de\/wp-content\/uploads\/Copenhagen.jpg\" \/>\n\t<meta property=\"og:image:width\" content=\"600\" \/>\n\t<meta property=\"og:image:height\" content=\"400\" \/>\n\t<meta property=\"og:image:type\" content=\"image\/jpeg\" \/>\n<meta name=\"twitter:card\" content=\"summary_large_image\" \/>\n<meta name=\"twitter:label1\" content=\"Dur\u00e9e de lecture estim\u00e9e\" \/>\n\t<meta name=\"twitter:data1\" content=\"3 minutes\" \/>\n<script type=\"application\/ld+json\" class=\"yoast-schema-graph\">{\"@context\":\"https:\/\/schema.org\",\"@graph\":[{\"@type\":\"WebPage\",\"@id\":\"https:\/\/www.innovation-academy.de\/fr\/copenhague\/\",\"url\":\"https:\/\/www.innovation-academy.de\/fr\/copenhague\/\",\"name\":\"Copenhague - Innovation Academy\",\"isPartOf\":{\"@id\":\"https:\/\/www.innovation-academy.de\/fr\/#website\"},\"primaryImageOfPage\":{\"@id\":\"https:\/\/www.innovation-academy.de\/fr\/copenhague\/#primaryimage\"},\"image\":{\"@id\":\"https:\/\/www.innovation-academy.de\/fr\/copenhague\/#primaryimage\"},\"thumbnailUrl\":\"https:\/\/www.innovation-academy.de\/wp-content\/uploads\/Copenhagen.jpg\",\"datePublished\":\"2025-01-06T19:31:56+00:00\",\"dateModified\":\"2025-02-20T16:12:57+00:00\",\"description\":\"Entdecke Kopenhagen, die d\u00e4nische Architekturmetropole und Fahrradhauptstadt\u00a0-\u00a0\u00a0Wohl keine andere Stadt steht international so sehr f\u00fcr die Themen Klimaschutz und nachhaltige Stadtentwicklung.\",\"breadcrumb\":{\"@id\":\"https:\/\/www.innovation-academy.de\/fr\/copenhague\/#breadcrumb\"},\"inLanguage\":\"fr-FR\",\"potentialAction\":[{\"@type\":\"ReadAction\",\"target\":[\"https:\/\/www.innovation-academy.de\/fr\/copenhague\/\"]}]},{\"@type\":\"ImageObject\",\"inLanguage\":\"fr-FR\",\"@id\":\"https:\/\/www.innovation-academy.de\/fr\/copenhague\/#primaryimage\",\"url\":\"https:\/\/www.innovation-academy.de\/wp-content\/uploads\/Copenhagen.jpg\",\"contentUrl\":\"https:\/\/www.innovation-academy.de\/wp-content\/uploads\/Copenhagen.jpg\",\"width\":600,\"height\":400,\"caption\":\"Kopenhagen\"},{\"@type\":\"BreadcrumbList\",\"@id\":\"https:\/\/www.innovation-academy.de\/fr\/copenhague\/#breadcrumb\",\"itemListElement\":[{\"@type\":\"ListItem\",\"position\":1,\"name\":\"Home\",\"item\":\"https:\/\/www.innovation-academy.de\/fr\/\"},{\"@type\":\"ListItem\",\"position\":2,\"name\":\"Copenhague\"}]},{\"@type\":\"WebSite\",\"@id\":\"https:\/\/www.innovation-academy.de\/fr\/#website\",\"url\":\"https:\/\/www.innovation-academy.de\/fr\/\",\"name\":\"Innovation Academy\",\"description\":\"Innovation Academy\",\"potentialAction\":[{\"@type\":\"SearchAction\",\"target\":{\"@type\":\"EntryPoint\",\"urlTemplate\":\"https:\/\/www.innovation-academy.de\/fr\/?s={search_term_string}\"},\"query-input\":{\"@type\":\"PropertyValueSpecification\",\"valueRequired\":true,\"valueName\":\"search_term_string\"}}],\"inLanguage\":\"fr-FR\"}]}<\/script>\n<!-- \/ Yoast SEO plugin. -->","yoast_head_json":{"title":"Copenhague - Innovation Academy","description":"Entdecke Kopenhagen, die d\u00e4nische Architekturmetropole und Fahrradhauptstadt\u00a0-\u00a0\u00a0Wohl keine andere Stadt steht international so sehr f\u00fcr die Themen Klimaschutz und nachhaltige Stadtentwicklung.","robots":{"index":"index","follow":"follow","max-snippet":"max-snippet:-1","max-image-preview":"max-image-preview:large","max-video-preview":"max-video-preview:-1"},"canonical":"https:\/\/www.innovation-academy.de\/fr\/copenhague\/","og_locale":"fr_FR","og_type":"article","og_title":"Copenhague - Innovation Academy","og_description":"Entdecke Kopenhagen, die d\u00e4nische Architekturmetropole und Fahrradhauptstadt\u00a0-\u00a0\u00a0Wohl keine andere Stadt steht international so sehr f\u00fcr die Themen Klimaschutz und nachhaltige Stadtentwicklung.","og_url":"https:\/\/www.innovation-academy.de\/fr\/copenhague\/","og_site_name":"Innovation Academy","article_modified_time":"2025-02-20T16:12:57+00:00","og_image":[{"width":600,"height":400,"url":"https:\/\/www.innovation-academy.de\/wp-content\/uploads\/Copenhagen.jpg","type":"image\/jpeg"}],"twitter_card":"summary_large_image","twitter_misc":{"Dur\u00e9e de lecture estim\u00e9e":"3 minutes"},"schema":{"@context":"https:\/\/schema.org","@graph":[{"@type":"WebPage","@id":"https:\/\/www.innovation-academy.de\/fr\/copenhague\/","url":"https:\/\/www.innovation-academy.de\/fr\/copenhague\/","name":"Copenhague - Innovation Academy","isPartOf":{"@id":"https:\/\/www.innovation-academy.de\/fr\/#website"},"primaryImageOfPage":{"@id":"https:\/\/www.innovation-academy.de\/fr\/copenhague\/#primaryimage"},"image":{"@id":"https:\/\/www.innovation-academy.de\/fr\/copenhague\/#primaryimage"},"thumbnailUrl":"https:\/\/www.innovation-academy.de\/wp-content\/uploads\/Copenhagen.jpg","datePublished":"2025-01-06T19:31:56+00:00","dateModified":"2025-02-20T16:12:57+00:00","description":"Entdecke Kopenhagen, die d\u00e4nische Architekturmetropole und Fahrradhauptstadt\u00a0-\u00a0\u00a0Wohl keine andere Stadt steht international so sehr f\u00fcr die Themen Klimaschutz und nachhaltige Stadtentwicklung.","breadcrumb":{"@id":"https:\/\/www.innovation-academy.de\/fr\/copenhague\/#breadcrumb"},"inLanguage":"fr-FR","potentialAction":[{"@type":"ReadAction","target":["https:\/\/www.innovation-academy.de\/fr\/copenhague\/"]}]},{"@type":"ImageObject","inLanguage":"fr-FR","@id":"https:\/\/www.innovation-academy.de\/fr\/copenhague\/#primaryimage","url":"https:\/\/www.innovation-academy.de\/wp-content\/uploads\/Copenhagen.jpg","contentUrl":"https:\/\/www.innovation-academy.de\/wp-content\/uploads\/Copenhagen.jpg","width":600,"height":400,"caption":"Kopenhagen"},{"@type":"BreadcrumbList","@id":"https:\/\/www.innovation-academy.de\/fr\/copenhague\/#breadcrumb","itemListElement":[{"@type":"ListItem","position":1,"name":"Home","item":"https:\/\/www.innovation-academy.de\/fr\/"},{"@type":"ListItem","position":2,"name":"Copenhague"}]},{"@type":"WebSite","@id":"https:\/\/www.innovation-academy.de\/fr\/#website","url":"https:\/\/www.innovation-academy.de\/fr\/","name":"Innovation Academy","description":"Innovation Academy","potentialAction":[{"@type":"SearchAction","target":{"@type":"EntryPoint","urlTemplate":"https:\/\/www.innovation-academy.de\/fr\/?s={search_term_string}"},"query-input":{"@type":"PropertyValueSpecification","valueRequired":true,"valueName":"search_term_string"}}],"inLanguage":"fr-FR"}]}},"_links":{"self":[{"href":"https:\/\/www.innovation-academy.de\/fr\/wp-json\/wp\/v2\/pages\/10389","targetHints":{"allow":["GET"]}}],"collection":[{"href":"https:\/\/www.innovation-academy.de\/fr\/wp-json\/wp\/v2\/pages"}],"about":[{"href":"https:\/\/www.innovation-academy.de\/fr\/wp-json\/wp\/v2\/types\/page"}],"author":[{"embeddable":true,"href":"https:\/\/www.innovation-academy.de\/fr\/wp-json\/wp\/v2\/users\/1"}],"replies":[{"embeddable":true,"href":"https:\/\/www.innovation-academy.de\/fr\/wp-json\/wp\/v2\/comments?post=10389"}],"version-history":[{"count":3,"href":"https:\/\/www.innovation-academy.de\/fr\/wp-json\/wp\/v2\/pages\/10389\/revisions"}],"predecessor-version":[{"id":10395,"href":"https:\/\/www.innovation-academy.de\/fr\/wp-json\/wp\/v2\/pages\/10389\/revisions\/10395"}],"wp:featuredmedia":[{"embeddable":true,"href":"https:\/\/www.innovation-academy.de\/fr\/wp-json\/wp\/v2\/media\/9834"}],"wp:attachment":[{"href":"https:\/\/www.innovation-academy.de\/fr\/wp-json\/wp\/v2\/media?parent=10389"}],"curies":[{"name":"wp","href":"https:\/\/api.w.org\/{rel}","templated":true}]}}