{"id":10380,"date":"2025-01-05T18:59:46","date_gmt":"2025-01-05T16:59:46","guid":{"rendered":"https:\/\/www.innovation-academy.de\/basel-und-zuerich\/"},"modified":"2025-02-18T17:55:01","modified_gmt":"2025-02-18T15:55:01","slug":"bale-et-zurich","status":"publish","type":"page","link":"https:\/\/www.innovation-academy.de\/fr\/bale-et-zurich\/","title":{"rendered":"B\u00e2le et Zurich"},"content":{"rendered":"<div class=\"wpb-content-wrapper\"><p>[vc_row][vc_column]<div class=\"ult-spacer spacer-69dfec20db2f4\" data-id=\"69dfec20db2f4\" data-height=\"30\" data-height-mobile=\"30\" data-height-tab=\"30\" data-height-tab-portrait=\"\" data-height-mobile-landscape=\"\" style=\"clear:both;display:block;\"><\/div>[vc_column_text css=\u00a0\u00bb\u00a0\u00bb]<\/p>\n<h1 style=\"text-align: center;\"><strong>B\u00e2le et Zurich<\/strong><\/h1>\n<p>[\/vc_column_text]<div class=\"ult-spacer spacer-69dfec20db39b\" data-id=\"69dfec20db39b\" data-height=\"15\" data-height-mobile=\"15\" data-height-tab=\"15\" data-height-tab-portrait=\"\" data-height-mobile-landscape=\"\" style=\"clear:both;display:block;\"><\/div>[\/vc_column][\/vc_row][vc_row][vc_column width=\u00a0\u00bb2\/3&Prime;][layerslider_vc id=\u00a0\u00bb44&Prime;][\/vc_column][vc_column width=\u00a0\u00bb1\/3&Prime;][vc_custom_heading text=\u00a0\u00bbArchitecture<\/p>\n<p>Coop\u00e9ratives d\u2019habitation<\/p>\n<p>Nature en ville<\/p>\n<p>Transports en commun<\/p>\n<p>Urbanisme innovant<\/p>\n<p>R\u00e9gion des trois pays\u00a0\u00bb font_container=\u00a0\u00bbtag:h2|text_align:center|color:%23dd9933|line_height:2.42&Prime; use_theme_fonts=\u00a0\u00bbyes\u00a0\u00bb css=\u00a0\u00bb.vc_custom_1739894094366{background-color: #dddddd !important;}\u00a0\u00bb][\/vc_column][\/vc_row][vc_row][vc_column][vc_column_text css=\u00a0\u00bb\u00a0\u00bb]<strong>B\u00e2le et Zurich &#8211; des m\u00e9tropoles \u00e9conomiques suisses innovantes <\/strong><strong> &#8211;\u00a0<\/strong>Les villes suisses de B\u00e2le et de Zurich sont consid\u00e9r\u00e9es comme des mod\u00e8les en mati\u00e8re de d\u00e9veloppement urbain durable et de solutions innovantes dans l&rsquo;espace urbain.<\/p>\n<p>B\u00e2le impressionne avec son tramway transfrontalier qui relie la Suisse, l&rsquo;Allemagne et la France et favorise une mobilit\u00e9 douce dans la r\u00e9gion des trois pays. La reconversion d&rsquo;anciennes friches industrielles et ferroviaires, transform\u00e9es en quartiers vivants avec des logements, des espaces de travail et des offres culturelles, est un autre point fort. La ville est \u00e9galement connue pour son architecture contemporaine.<\/p>\n<p>Zurich est consid\u00e9r\u00e9e comme l&rsquo;une des villes les plus ch\u00e8res du monde, mais aussi comme un centre de coop\u00e9ratives d&rsquo;habitation, qui cr\u00e9e de l\u2019habitat abordable ax\u00e9 sur la communaut\u00e9. Les espaces verts urbains jouent un r\u00f4le fondamental dans la ville : les parcs, les fa\u00e7ades v\u00e9g\u00e9talis\u00e9es et les jardins sur les toits favorisent la biodiversit\u00e9 et contribuent \u00e0 l&rsquo;adaptation au changement climatique.[\/vc_column_text][\/vc_column][\/vc_row][vc_row][vc_column][vc_column_text css=\u00a0\u00bb\u00a0\u00bb]<strong>Venez d\u00e9couvrir les points forts de l\u2019urbanisme durable en Suisse. Nous nous r\u00e9jouissons d\u2019organiser votre voyage d\u2019\u00e9tudes. Merci d\u2019adresser votre demande \u00e0 : <\/strong><a href=\"mailto:info@innovation-academy.de\"><strong>info@innovation-academy.de<\/strong><\/a><\/p>\n<p>[\/vc_column_text][\/vc_column][\/vc_row]<\/p>\n<\/div>","protected":false},"excerpt":{"rendered":"<p>[vc_row][vc_column][vc_column_text css=\u00a0\u00bb\u00a0\u00bb] B\u00e2le et Zurich [\/vc_column_text][\/vc_column][\/vc_row][vc_row][vc_column width=\u00a0\u00bb2\/3&Prime;][layerslider_vc id=\u00a0\u00bb44&Prime;][\/vc_column][vc_column width=\u00a0\u00bb1\/3&Prime;][vc_custom_heading text=\u00a0\u00bbArchitecture Coop\u00e9ratives d\u2019habitation Nature en ville Transports en commun Urbanisme innovant R\u00e9gion des trois pays\u00a0\u00bb font_container=\u00a0\u00bbtag:h2|text_align:center|color:%23dd9933|line_height:2.42&Prime; use_theme_fonts=\u00a0\u00bbyes\u00a0\u00bb css=\u00a0\u00bb.vc_custom_1739894094366{background-color: #dddddd !important;}\u00a0\u00bb][\/vc_column][\/vc_row][vc_row][vc_column][vc_column_text css=\u00a0\u00bb\u00a0\u00bb]B\u00e2le et Zurich &#8211; des m\u00e9tropoles \u00e9conomiques suisses innovantes &#8211;\u00a0Les villes suisses de B\u00e2le et de Zurich sont consid\u00e9r\u00e9es comme des mod\u00e8les en mati\u00e8re de d\u00e9veloppement&hellip;<\/p>\n","protected":false},"author":1,"featured_media":9786,"parent":0,"menu_order":0,"comment_status":"closed","ping_status":"closed","template":"","meta":{"footnotes":""},"class_list":["post-10380","page","type-page","status-publish","has-post-thumbnail","hentry","description-off"],"yoast_head":"<!-- This site is optimized with the Yoast SEO plugin v26.2 - https:\/\/yoast.com\/wordpress\/plugins\/seo\/ -->\n<title>B\u00e2le et Zurich - Innovation Academy<\/title>\n<meta name=\"description\" content=\"D\u00e9couvrez le d\u00e9veloppement urbain durable \u00e0 B\u00e2le et \u00e0 Zurich - des solutions innovantes pour la mobilit\u00e9, l&#039;architecture et la vie urbaine. Des exemples inspirants pour la protection du climat et la durabilit\u00e9 !\" \/>\n<meta name=\"robots\" content=\"index, follow, max-snippet:-1, max-image-preview:large, max-video-preview:-1\" \/>\n<link rel=\"canonical\" href=\"https:\/\/www.innovation-academy.de\/fr\/bale-et-zurich\/\" \/>\n<meta property=\"og:locale\" content=\"fr_FR\" \/>\n<meta property=\"og:type\" content=\"article\" \/>\n<meta property=\"og:title\" content=\"B\u00e2le et Zurich - Innovation Academy\" \/>\n<meta property=\"og:description\" content=\"D\u00e9couvrez le d\u00e9veloppement urbain durable \u00e0 B\u00e2le et \u00e0 Zurich - des solutions innovantes pour la mobilit\u00e9, l&#039;architecture et la vie urbaine. Des exemples inspirants pour la protection du climat et la durabilit\u00e9 !\" \/>\n<meta property=\"og:url\" content=\"https:\/\/www.innovation-academy.de\/fr\/bale-et-zurich\/\" \/>\n<meta property=\"og:site_name\" content=\"Innovation Academy\" \/>\n<meta property=\"article:modified_time\" content=\"2025-02-18T15:55:01+00:00\" \/>\n<meta property=\"og:image\" content=\"https:\/\/www.innovation-academy.de\/wp-content\/uploads\/Basel-Zuerich.jpg\" \/>\n\t<meta property=\"og:image:width\" content=\"600\" \/>\n\t<meta property=\"og:image:height\" content=\"400\" \/>\n\t<meta property=\"og:image:type\" content=\"image\/jpeg\" \/>\n<meta name=\"twitter:card\" content=\"summary_large_image\" \/>\n<meta name=\"twitter:label1\" content=\"Dur\u00e9e de lecture estim\u00e9e\" \/>\n\t<meta name=\"twitter:data1\" content=\"2 minutes\" \/>\n<script type=\"application\/ld+json\" class=\"yoast-schema-graph\">{\"@context\":\"https:\/\/schema.org\",\"@graph\":[{\"@type\":\"WebPage\",\"@id\":\"https:\/\/www.innovation-academy.de\/fr\/bale-et-zurich\/\",\"url\":\"https:\/\/www.innovation-academy.de\/fr\/bale-et-zurich\/\",\"name\":\"B\u00e2le et Zurich - Innovation Academy\",\"isPartOf\":{\"@id\":\"https:\/\/www.innovation-academy.de\/fr\/#website\"},\"primaryImageOfPage\":{\"@id\":\"https:\/\/www.innovation-academy.de\/fr\/bale-et-zurich\/#primaryimage\"},\"image\":{\"@id\":\"https:\/\/www.innovation-academy.de\/fr\/bale-et-zurich\/#primaryimage\"},\"thumbnailUrl\":\"https:\/\/www.innovation-academy.de\/wp-content\/uploads\/Basel-Zuerich.jpg\",\"datePublished\":\"2025-01-05T16:59:46+00:00\",\"dateModified\":\"2025-02-18T15:55:01+00:00\",\"description\":\"D\u00e9couvrez le d\u00e9veloppement urbain durable \u00e0 B\u00e2le et \u00e0 Zurich - des solutions innovantes pour la mobilit\u00e9, l'architecture et la vie urbaine. Des exemples inspirants pour la protection du climat et la durabilit\u00e9 !\",\"breadcrumb\":{\"@id\":\"https:\/\/www.innovation-academy.de\/fr\/bale-et-zurich\/#breadcrumb\"},\"inLanguage\":\"fr-FR\",\"potentialAction\":[{\"@type\":\"ReadAction\",\"target\":[\"https:\/\/www.innovation-academy.de\/fr\/bale-et-zurich\/\"]}]},{\"@type\":\"ImageObject\",\"inLanguage\":\"fr-FR\",\"@id\":\"https:\/\/www.innovation-academy.de\/fr\/bale-et-zurich\/#primaryimage\",\"url\":\"https:\/\/www.innovation-academy.de\/wp-content\/uploads\/Basel-Zuerich.jpg\",\"contentUrl\":\"https:\/\/www.innovation-academy.de\/wp-content\/uploads\/Basel-Zuerich.jpg\",\"width\":600,\"height\":400,\"caption\":\"Basel & Z\u00fcrich\"},{\"@type\":\"BreadcrumbList\",\"@id\":\"https:\/\/www.innovation-academy.de\/fr\/bale-et-zurich\/#breadcrumb\",\"itemListElement\":[{\"@type\":\"ListItem\",\"position\":1,\"name\":\"Home\",\"item\":\"https:\/\/www.innovation-academy.de\/fr\/\"},{\"@type\":\"ListItem\",\"position\":2,\"name\":\"B\u00e2le et Zurich\"}]},{\"@type\":\"WebSite\",\"@id\":\"https:\/\/www.innovation-academy.de\/fr\/#website\",\"url\":\"https:\/\/www.innovation-academy.de\/fr\/\",\"name\":\"Innovation Academy\",\"description\":\"Innovation Academy\",\"potentialAction\":[{\"@type\":\"SearchAction\",\"target\":{\"@type\":\"EntryPoint\",\"urlTemplate\":\"https:\/\/www.innovation-academy.de\/fr\/?s={search_term_string}\"},\"query-input\":{\"@type\":\"PropertyValueSpecification\",\"valueRequired\":true,\"valueName\":\"search_term_string\"}}],\"inLanguage\":\"fr-FR\"}]}<\/script>\n<!-- \/ Yoast SEO plugin. -->","yoast_head_json":{"title":"B\u00e2le et Zurich - Innovation Academy","description":"D\u00e9couvrez le d\u00e9veloppement urbain durable \u00e0 B\u00e2le et \u00e0 Zurich - des solutions innovantes pour la mobilit\u00e9, l'architecture et la vie urbaine. Des exemples inspirants pour la protection du climat et la durabilit\u00e9 !","robots":{"index":"index","follow":"follow","max-snippet":"max-snippet:-1","max-image-preview":"max-image-preview:large","max-video-preview":"max-video-preview:-1"},"canonical":"https:\/\/www.innovation-academy.de\/fr\/bale-et-zurich\/","og_locale":"fr_FR","og_type":"article","og_title":"B\u00e2le et Zurich - Innovation Academy","og_description":"D\u00e9couvrez le d\u00e9veloppement urbain durable \u00e0 B\u00e2le et \u00e0 Zurich - des solutions innovantes pour la mobilit\u00e9, l'architecture et la vie urbaine. Des exemples inspirants pour la protection du climat et la durabilit\u00e9 !","og_url":"https:\/\/www.innovation-academy.de\/fr\/bale-et-zurich\/","og_site_name":"Innovation Academy","article_modified_time":"2025-02-18T15:55:01+00:00","og_image":[{"width":600,"height":400,"url":"https:\/\/www.innovation-academy.de\/wp-content\/uploads\/Basel-Zuerich.jpg","type":"image\/jpeg"}],"twitter_card":"summary_large_image","twitter_misc":{"Dur\u00e9e de lecture estim\u00e9e":"2 minutes"},"schema":{"@context":"https:\/\/schema.org","@graph":[{"@type":"WebPage","@id":"https:\/\/www.innovation-academy.de\/fr\/bale-et-zurich\/","url":"https:\/\/www.innovation-academy.de\/fr\/bale-et-zurich\/","name":"B\u00e2le et Zurich - Innovation Academy","isPartOf":{"@id":"https:\/\/www.innovation-academy.de\/fr\/#website"},"primaryImageOfPage":{"@id":"https:\/\/www.innovation-academy.de\/fr\/bale-et-zurich\/#primaryimage"},"image":{"@id":"https:\/\/www.innovation-academy.de\/fr\/bale-et-zurich\/#primaryimage"},"thumbnailUrl":"https:\/\/www.innovation-academy.de\/wp-content\/uploads\/Basel-Zuerich.jpg","datePublished":"2025-01-05T16:59:46+00:00","dateModified":"2025-02-18T15:55:01+00:00","description":"D\u00e9couvrez le d\u00e9veloppement urbain durable \u00e0 B\u00e2le et \u00e0 Zurich - des solutions innovantes pour la mobilit\u00e9, l'architecture et la vie urbaine. Des exemples inspirants pour la protection du climat et la durabilit\u00e9 !","breadcrumb":{"@id":"https:\/\/www.innovation-academy.de\/fr\/bale-et-zurich\/#breadcrumb"},"inLanguage":"fr-FR","potentialAction":[{"@type":"ReadAction","target":["https:\/\/www.innovation-academy.de\/fr\/bale-et-zurich\/"]}]},{"@type":"ImageObject","inLanguage":"fr-FR","@id":"https:\/\/www.innovation-academy.de\/fr\/bale-et-zurich\/#primaryimage","url":"https:\/\/www.innovation-academy.de\/wp-content\/uploads\/Basel-Zuerich.jpg","contentUrl":"https:\/\/www.innovation-academy.de\/wp-content\/uploads\/Basel-Zuerich.jpg","width":600,"height":400,"caption":"Basel & Z\u00fcrich"},{"@type":"BreadcrumbList","@id":"https:\/\/www.innovation-academy.de\/fr\/bale-et-zurich\/#breadcrumb","itemListElement":[{"@type":"ListItem","position":1,"name":"Home","item":"https:\/\/www.innovation-academy.de\/fr\/"},{"@type":"ListItem","position":2,"name":"B\u00e2le et Zurich"}]},{"@type":"WebSite","@id":"https:\/\/www.innovation-academy.de\/fr\/#website","url":"https:\/\/www.innovation-academy.de\/fr\/","name":"Innovation Academy","description":"Innovation Academy","potentialAction":[{"@type":"SearchAction","target":{"@type":"EntryPoint","urlTemplate":"https:\/\/www.innovation-academy.de\/fr\/?s={search_term_string}"},"query-input":{"@type":"PropertyValueSpecification","valueRequired":true,"valueName":"search_term_string"}}],"inLanguage":"fr-FR"}]}},"_links":{"self":[{"href":"https:\/\/www.innovation-academy.de\/fr\/wp-json\/wp\/v2\/pages\/10380","targetHints":{"allow":["GET"]}}],"collection":[{"href":"https:\/\/www.innovation-academy.de\/fr\/wp-json\/wp\/v2\/pages"}],"about":[{"href":"https:\/\/www.innovation-academy.de\/fr\/wp-json\/wp\/v2\/types\/page"}],"author":[{"embeddable":true,"href":"https:\/\/www.innovation-academy.de\/fr\/wp-json\/wp\/v2\/users\/1"}],"replies":[{"embeddable":true,"href":"https:\/\/www.innovation-academy.de\/fr\/wp-json\/wp\/v2\/comments?post=10380"}],"version-history":[{"count":3,"href":"https:\/\/www.innovation-academy.de\/fr\/wp-json\/wp\/v2\/pages\/10380\/revisions"}],"predecessor-version":[{"id":10385,"href":"https:\/\/www.innovation-academy.de\/fr\/wp-json\/wp\/v2\/pages\/10380\/revisions\/10385"}],"wp:featuredmedia":[{"embeddable":true,"href":"https:\/\/www.innovation-academy.de\/fr\/wp-json\/wp\/v2\/media\/9786"}],"wp:attachment":[{"href":"https:\/\/www.innovation-academy.de\/fr\/wp-json\/wp\/v2\/media?parent=10380"}],"curies":[{"name":"wp","href":"https:\/\/api.w.org\/{rel}","templated":true}]}}