{"id":10201,"date":"2020-02-04T21:57:44","date_gmt":"2020-02-04T19:57:44","guid":{"rendered":"https:\/\/www.innovation-academy.de\/barcelona-stadt-im-wandel\/"},"modified":"2025-02-18T17:30:23","modified_gmt":"2025-02-18T15:30:23","slug":"barcelone","status":"publish","type":"page","link":"https:\/\/www.innovation-academy.de\/fr\/barcelone\/","title":{"rendered":"Barcelone"},"content":{"rendered":"<div class=\"wpb-content-wrapper\"><p>[vc_row][vc_column]<div class=\"ult-spacer spacer-69e3415b24686\" data-id=\"69e3415b24686\" data-height=\"30\" data-height-mobile=\"30\" data-height-tab=\"30\" data-height-tab-portrait=\"\" data-height-mobile-landscape=\"\" style=\"clear:both;display:block;\"><\/div>[vc_column_text css=\u00a0\u00bb\u00a0\u00bb]<\/p>\n<h1 style=\"text-align: center;\"><strong>Barcelone<\/strong><\/h1>\n<p>[\/vc_column_text]<div class=\"ult-spacer spacer-69e3415b246b7\" data-id=\"69e3415b246b7\" data-height=\"15\" data-height-mobile=\"15\" data-height-tab=\"15\" data-height-tab-portrait=\"\" data-height-mobile-landscape=\"\" style=\"clear:both;display:block;\"><\/div>[\/vc_column][\/vc_row][vc_row][vc_column width=\u00a0\u00bb2\/3&Prime;][layerslider_vc id=\u00a0\u00bb27&Prime;][\/vc_column][vc_column width=\u00a0\u00bb1\/3&Prime;][vc_custom_heading text=\u00a0\u00bbSuperblocks<\/p>\n<p>Gaudi<\/p>\n<p>22@Barcelona<\/p>\n<p>Architecture<\/p>\n<p>Beachfront<\/p>\n<p>Sagrada Familia\u00a0\u00bb font_container=\u00a0\u00bbtag:h2|text_align:center|color:%23dd9933|line_height:2.42&Prime; use_theme_fonts=\u00a0\u00bbyes\u00a0\u00bb css=\u00a0\u00bb.vc_custom_1739473089423{background-color: #dddddd !important;}\u00a0\u00bb][\/vc_column][\/vc_row][vc_row][vc_column][vc_column_text css=\u00a0\u00bb\u00a0\u00bb]<strong>Barcelone &#8211; une ville qui se r\u00e9invente<\/strong><strong> &#8211;\u00a0<\/strong>Barcelone est une m\u00e9tropole vibrante qui allie ses racines historiques \u00e0 des approches innovantes pour un avenir durable. La ville s&rsquo;est consid\u00e9rablement transform\u00e9e au cours des derni\u00e8res d\u00e9cennies. L&rsquo;attention internationale s&rsquo;est notamment port\u00e9e sur le concept des superblocks, qui limite la circulation automobile et redistribue les espaces publics aux pi\u00e9tons et aux cyclistes.<\/p>\n<p>Cette \u00e9volution s&rsquo;inscrit dans la modernisation de la ville, qui a d\u00e9but\u00e9 lors des Jeux olympiques de 1992. \u00c0 cette \u00e9poque, Barcelone a connu un essor urbanistique qui a rendu la r\u00e9gion c\u00f4ti\u00e8re accessible aux habitants et aux visiteurs. L&rsquo;architecture de Barcelone refl\u00e8te \u00e9galement cette symbiose entre tradition et modernit\u00e9 : des \u0153uvres embl\u00e9matiques de Gaud\u00ed comme la Sagrada Fam\u00edlia aux projets de construction modernes et durables, elle marque le paysage urbain. Barcelone reste ainsi un mod\u00e8le mondial de qualit\u00e9 de vie urbaine et d&rsquo;innovation.<\/p>\n<p>[\/vc_column_text][\/vc_column][\/vc_row][vc_row][vc_column][vc_column_text css=\u00a0\u00bb\u00a0\u00bb]<strong>Venez d\u00e9couvrir la ville natale catalane des superblocs. <\/strong><strong>Nous nous r\u00e9jouissons d\u2019organiser votre voyage d\u2019\u00e9tudes.\u00a0<\/strong><strong>Merci d\u2019adresser votre demande \u00e0:<\/strong><strong>\u00a0<\/strong><a href=\"mailto:info@innovation-academy.de\"><strong>info@innovation-academy.de<\/strong><\/a>[\/vc_column_text][\/vc_column][\/vc_row]<\/p>\n<\/div>","protected":false},"excerpt":{"rendered":"<p>[vc_row][vc_column][vc_column_text css=\u00a0\u00bb\u00a0\u00bb] Barcelone [\/vc_column_text][\/vc_column][\/vc_row][vc_row][vc_column width=\u00a0\u00bb2\/3&Prime;][layerslider_vc id=\u00a0\u00bb27&Prime;][\/vc_column][vc_column width=\u00a0\u00bb1\/3&Prime;][vc_custom_heading text=\u00a0\u00bbSuperblocks Gaudi 22@Barcelona Architecture Beachfront Sagrada Familia\u00a0\u00bb font_container=\u00a0\u00bbtag:h2|text_align:center|color:%23dd9933|line_height:2.42&Prime; use_theme_fonts=\u00a0\u00bbyes\u00a0\u00bb css=\u00a0\u00bb.vc_custom_1739473089423{background-color: #dddddd !important;}\u00a0\u00bb][\/vc_column][\/vc_row][vc_row][vc_column][vc_column_text css=\u00a0\u00bb\u00a0\u00bb]Barcelone &#8211; une ville qui se r\u00e9invente &#8211;\u00a0Barcelone est une m\u00e9tropole vibrante qui allie ses racines historiques \u00e0 des approches innovantes pour un avenir durable. La ville s&rsquo;est consid\u00e9rablement transform\u00e9e au cours des derni\u00e8res d\u00e9cennies. L&rsquo;attention&hellip;<\/p>\n","protected":false},"author":1,"featured_media":9828,"parent":0,"menu_order":0,"comment_status":"closed","ping_status":"closed","template":"","meta":{"footnotes":""},"class_list":["post-10201","page","type-page","status-publish","has-post-thumbnail","hentry","description-off"],"yoast_head":"<!-- This site is optimized with the Yoast SEO plugin v26.2 - https:\/\/yoast.com\/wordpress\/plugins\/seo\/ -->\n<title>Barcelone - Innovation Academy<\/title>\n<meta name=\"description\" content=\"Barcelona: Tradition trifft Innovation. Mit Superblocks, nachhaltiger Architektur und urbaner Transformation seit den Olympischen Spielen 1992 setzt die Metropole neue Ma\u00dfst\u00e4be f\u00fcr Lebensqualit\u00e4t. Entdecken Sie eine Stadt im Wandel!\" \/>\n<meta name=\"robots\" content=\"index, follow, max-snippet:-1, max-image-preview:large, max-video-preview:-1\" \/>\n<link rel=\"canonical\" href=\"https:\/\/www.innovation-academy.de\/fr\/barcelone\/\" \/>\n<meta property=\"og:locale\" content=\"fr_FR\" \/>\n<meta property=\"og:type\" content=\"article\" \/>\n<meta property=\"og:title\" content=\"Barcelone - Innovation Academy\" \/>\n<meta property=\"og:description\" content=\"Barcelona: Tradition trifft Innovation. Mit Superblocks, nachhaltiger Architektur und urbaner Transformation seit den Olympischen Spielen 1992 setzt die Metropole neue Ma\u00dfst\u00e4be f\u00fcr Lebensqualit\u00e4t. Entdecken Sie eine Stadt im Wandel!\" \/>\n<meta property=\"og:url\" content=\"https:\/\/www.innovation-academy.de\/fr\/barcelone\/\" \/>\n<meta property=\"og:site_name\" content=\"Innovation Academy\" \/>\n<meta property=\"article:modified_time\" content=\"2025-02-18T15:30:23+00:00\" \/>\n<meta property=\"og:image\" content=\"https:\/\/www.innovation-academy.de\/wp-content\/uploads\/Barcelona.jpg\" \/>\n\t<meta property=\"og:image:width\" content=\"600\" \/>\n\t<meta property=\"og:image:height\" content=\"400\" \/>\n\t<meta property=\"og:image:type\" content=\"image\/jpeg\" \/>\n<meta name=\"twitter:card\" content=\"summary_large_image\" \/>\n<meta name=\"twitter:label1\" content=\"Dur\u00e9e de lecture estim\u00e9e\" \/>\n\t<meta name=\"twitter:data1\" content=\"2 minutes\" \/>\n<script type=\"application\/ld+json\" class=\"yoast-schema-graph\">{\"@context\":\"https:\/\/schema.org\",\"@graph\":[{\"@type\":\"WebPage\",\"@id\":\"https:\/\/www.innovation-academy.de\/fr\/barcelone\/\",\"url\":\"https:\/\/www.innovation-academy.de\/fr\/barcelone\/\",\"name\":\"Barcelone - Innovation Academy\",\"isPartOf\":{\"@id\":\"https:\/\/www.innovation-academy.de\/fr\/#website\"},\"primaryImageOfPage\":{\"@id\":\"https:\/\/www.innovation-academy.de\/fr\/barcelone\/#primaryimage\"},\"image\":{\"@id\":\"https:\/\/www.innovation-academy.de\/fr\/barcelone\/#primaryimage\"},\"thumbnailUrl\":\"https:\/\/www.innovation-academy.de\/wp-content\/uploads\/Barcelona.jpg\",\"datePublished\":\"2020-02-04T19:57:44+00:00\",\"dateModified\":\"2025-02-18T15:30:23+00:00\",\"description\":\"Barcelona: Tradition trifft Innovation. Mit Superblocks, nachhaltiger Architektur und urbaner Transformation seit den Olympischen Spielen 1992 setzt die Metropole neue Ma\u00dfst\u00e4be f\u00fcr Lebensqualit\u00e4t. Entdecken Sie eine Stadt im Wandel!\",\"breadcrumb\":{\"@id\":\"https:\/\/www.innovation-academy.de\/fr\/barcelone\/#breadcrumb\"},\"inLanguage\":\"fr-FR\",\"potentialAction\":[{\"@type\":\"ReadAction\",\"target\":[\"https:\/\/www.innovation-academy.de\/fr\/barcelone\/\"]}]},{\"@type\":\"ImageObject\",\"inLanguage\":\"fr-FR\",\"@id\":\"https:\/\/www.innovation-academy.de\/fr\/barcelone\/#primaryimage\",\"url\":\"https:\/\/www.innovation-academy.de\/wp-content\/uploads\/Barcelona.jpg\",\"contentUrl\":\"https:\/\/www.innovation-academy.de\/wp-content\/uploads\/Barcelona.jpg\",\"width\":600,\"height\":400,\"caption\":\"Barcelona\"},{\"@type\":\"BreadcrumbList\",\"@id\":\"https:\/\/www.innovation-academy.de\/fr\/barcelone\/#breadcrumb\",\"itemListElement\":[{\"@type\":\"ListItem\",\"position\":1,\"name\":\"Home\",\"item\":\"https:\/\/www.innovation-academy.de\/fr\/\"},{\"@type\":\"ListItem\",\"position\":2,\"name\":\"Barcelone\"}]},{\"@type\":\"WebSite\",\"@id\":\"https:\/\/www.innovation-academy.de\/fr\/#website\",\"url\":\"https:\/\/www.innovation-academy.de\/fr\/\",\"name\":\"Innovation Academy\",\"description\":\"Innovation Academy\",\"potentialAction\":[{\"@type\":\"SearchAction\",\"target\":{\"@type\":\"EntryPoint\",\"urlTemplate\":\"https:\/\/www.innovation-academy.de\/fr\/?s={search_term_string}\"},\"query-input\":{\"@type\":\"PropertyValueSpecification\",\"valueRequired\":true,\"valueName\":\"search_term_string\"}}],\"inLanguage\":\"fr-FR\"}]}<\/script>\n<!-- \/ Yoast SEO plugin. -->","yoast_head_json":{"title":"Barcelone - Innovation Academy","description":"Barcelona: Tradition trifft Innovation. Mit Superblocks, nachhaltiger Architektur und urbaner Transformation seit den Olympischen Spielen 1992 setzt die Metropole neue Ma\u00dfst\u00e4be f\u00fcr Lebensqualit\u00e4t. Entdecken Sie eine Stadt im Wandel!","robots":{"index":"index","follow":"follow","max-snippet":"max-snippet:-1","max-image-preview":"max-image-preview:large","max-video-preview":"max-video-preview:-1"},"canonical":"https:\/\/www.innovation-academy.de\/fr\/barcelone\/","og_locale":"fr_FR","og_type":"article","og_title":"Barcelone - Innovation Academy","og_description":"Barcelona: Tradition trifft Innovation. Mit Superblocks, nachhaltiger Architektur und urbaner Transformation seit den Olympischen Spielen 1992 setzt die Metropole neue Ma\u00dfst\u00e4be f\u00fcr Lebensqualit\u00e4t. Entdecken Sie eine Stadt im Wandel!","og_url":"https:\/\/www.innovation-academy.de\/fr\/barcelone\/","og_site_name":"Innovation Academy","article_modified_time":"2025-02-18T15:30:23+00:00","og_image":[{"width":600,"height":400,"url":"https:\/\/www.innovation-academy.de\/wp-content\/uploads\/Barcelona.jpg","type":"image\/jpeg"}],"twitter_card":"summary_large_image","twitter_misc":{"Dur\u00e9e de lecture estim\u00e9e":"2 minutes"},"schema":{"@context":"https:\/\/schema.org","@graph":[{"@type":"WebPage","@id":"https:\/\/www.innovation-academy.de\/fr\/barcelone\/","url":"https:\/\/www.innovation-academy.de\/fr\/barcelone\/","name":"Barcelone - Innovation Academy","isPartOf":{"@id":"https:\/\/www.innovation-academy.de\/fr\/#website"},"primaryImageOfPage":{"@id":"https:\/\/www.innovation-academy.de\/fr\/barcelone\/#primaryimage"},"image":{"@id":"https:\/\/www.innovation-academy.de\/fr\/barcelone\/#primaryimage"},"thumbnailUrl":"https:\/\/www.innovation-academy.de\/wp-content\/uploads\/Barcelona.jpg","datePublished":"2020-02-04T19:57:44+00:00","dateModified":"2025-02-18T15:30:23+00:00","description":"Barcelona: Tradition trifft Innovation. Mit Superblocks, nachhaltiger Architektur und urbaner Transformation seit den Olympischen Spielen 1992 setzt die Metropole neue Ma\u00dfst\u00e4be f\u00fcr Lebensqualit\u00e4t. Entdecken Sie eine Stadt im Wandel!","breadcrumb":{"@id":"https:\/\/www.innovation-academy.de\/fr\/barcelone\/#breadcrumb"},"inLanguage":"fr-FR","potentialAction":[{"@type":"ReadAction","target":["https:\/\/www.innovation-academy.de\/fr\/barcelone\/"]}]},{"@type":"ImageObject","inLanguage":"fr-FR","@id":"https:\/\/www.innovation-academy.de\/fr\/barcelone\/#primaryimage","url":"https:\/\/www.innovation-academy.de\/wp-content\/uploads\/Barcelona.jpg","contentUrl":"https:\/\/www.innovation-academy.de\/wp-content\/uploads\/Barcelona.jpg","width":600,"height":400,"caption":"Barcelona"},{"@type":"BreadcrumbList","@id":"https:\/\/www.innovation-academy.de\/fr\/barcelone\/#breadcrumb","itemListElement":[{"@type":"ListItem","position":1,"name":"Home","item":"https:\/\/www.innovation-academy.de\/fr\/"},{"@type":"ListItem","position":2,"name":"Barcelone"}]},{"@type":"WebSite","@id":"https:\/\/www.innovation-academy.de\/fr\/#website","url":"https:\/\/www.innovation-academy.de\/fr\/","name":"Innovation Academy","description":"Innovation Academy","potentialAction":[{"@type":"SearchAction","target":{"@type":"EntryPoint","urlTemplate":"https:\/\/www.innovation-academy.de\/fr\/?s={search_term_string}"},"query-input":{"@type":"PropertyValueSpecification","valueRequired":true,"valueName":"search_term_string"}}],"inLanguage":"fr-FR"}]}},"_links":{"self":[{"href":"https:\/\/www.innovation-academy.de\/fr\/wp-json\/wp\/v2\/pages\/10201","targetHints":{"allow":["GET"]}}],"collection":[{"href":"https:\/\/www.innovation-academy.de\/fr\/wp-json\/wp\/v2\/pages"}],"about":[{"href":"https:\/\/www.innovation-academy.de\/fr\/wp-json\/wp\/v2\/types\/page"}],"author":[{"embeddable":true,"href":"https:\/\/www.innovation-academy.de\/fr\/wp-json\/wp\/v2\/users\/1"}],"replies":[{"embeddable":true,"href":"https:\/\/www.innovation-academy.de\/fr\/wp-json\/wp\/v2\/comments?post=10201"}],"version-history":[{"count":5,"href":"https:\/\/www.innovation-academy.de\/fr\/wp-json\/wp\/v2\/pages\/10201\/revisions"}],"predecessor-version":[{"id":10376,"href":"https:\/\/www.innovation-academy.de\/fr\/wp-json\/wp\/v2\/pages\/10201\/revisions\/10376"}],"wp:featuredmedia":[{"embeddable":true,"href":"https:\/\/www.innovation-academy.de\/fr\/wp-json\/wp\/v2\/media\/9828"}],"wp:attachment":[{"href":"https:\/\/www.innovation-academy.de\/fr\/wp-json\/wp\/v2\/media?parent=10201"}],"curies":[{"name":"wp","href":"https:\/\/api.w.org\/{rel}","templated":true}]}}