{"id":10197,"date":"2025-01-06T17:34:05","date_gmt":"2025-01-06T15:34:05","guid":{"rendered":"https:\/\/www.innovation-academy.de\/wien\/"},"modified":"2025-02-15T13:23:54","modified_gmt":"2025-02-15T11:23:54","slug":"vienne","status":"publish","type":"page","link":"https:\/\/www.innovation-academy.de\/fr\/vienne\/","title":{"rendered":"Vienne"},"content":{"rendered":"<div class=\"wpb-content-wrapper\"><p>[vc_row][vc_column]<div class=\"ult-spacer spacer-69d04880c301c\" data-id=\"69d04880c301c\" data-height=\"30\" data-height-mobile=\"30\" data-height-tab=\"30\" data-height-tab-portrait=\"\" data-height-mobile-landscape=\"\" style=\"clear:both;display:block;\"><\/div>[vc_column_text css=\u00a0\u00bb\u00a0\u00bb]<\/p>\n<h1 style=\"text-align: center;\"><strong>Vienne<\/strong><\/h1>\n<p>[\/vc_column_text]<div class=\"ult-spacer spacer-69d04880c3055\" data-id=\"69d04880c3055\" data-height=\"15\" data-height-mobile=\"15\" data-height-tab=\"15\" data-height-tab-portrait=\"\" data-height-mobile-landscape=\"\" style=\"clear:both;display:block;\"><\/div>[\/vc_column][\/vc_row][vc_row][vc_column width=\u00a0\u00bb2\/3&Prime;][layerslider_vc id=\u00a0\u00bb45&Prime;][\/vc_column][vc_column width=\u00a0\u00bb1\/3&Prime;][vc_custom_heading text=\u00a0\u00bbSeestadt Aspern<\/p>\n<p>Wien Klimafit<\/p>\n<p>Qualit\u00e9 de vie<\/p>\n<p>Coop\u00e9rative d&rsquo;habitation<br \/>\nImmeuble structure bois<\/p>\n<p>Transports en commun\u00a0\u00bb font_container=\u00a0\u00bbtag:h2|text_align:center|color:%23dd9933|line_height:2.42&Prime; use_theme_fonts=\u00a0\u00bbyes\u00a0\u00bb css=\u00a0\u00bb.vc_custom_1739472833984{background-color: #dddddd !important;}\u00a0\u00bb][\/vc_column][\/vc_row][vc_row][vc_column][vc_column_text css=\u00a0\u00bb\u00a0\u00bb]<strong>Vienne &#8211; La m\u00e9tropole danubienne o\u00f9 il fait bon vivre<\/strong><strong> &#8211; <\/strong>Depuis des ann\u00e9es, Vienne est consid\u00e9r\u00e9e comme l&rsquo;une des villes les plus attrayantes o\u00f9 il fait le meilleur vivre au monde. Le concept de coop\u00e9rative largement r\u00e9pandu, les vastes projets de construction de logements communaux et la sur\u00e9l\u00e9vation de b\u00e2timents existants contribuent \u00e0 faire de Vienne un pionnier mondial en mati\u00e8re de logements abordables.<\/p>\n<p>Mais aussi \u00e0 d&rsquo;autres \u00e9gards, la ville se d\u00e9veloppe rapidement pour devenir une m\u00e9tropole durable. Vienne construit des quartiers verts innovants, comme le quartier de Seestadt Aspern qui mise sur des technologies \u00e9cologiques et une architecture \u00e0 haute efficacit\u00e9 \u00e9nerg\u00e9tique. Le b\u00e2timent \u00ab HoHo \u00bb, l&rsquo;un des plus hauts b\u00e2timents en bois du monde, suscite une grande attention.\u00a0 Avec l&rsquo;un des r\u00e9seaux de tramway et de m\u00e9tro les plus denses d&rsquo;Europe, les transports en commun favorisent la mobilit\u00e9 douce et r\u00e9duisent le trafic automobile. Des espaces publics attrayants avec beaucoup de verdure pour les pi\u00e9tons et les cyclistes contribuent \u00e0 ce que Vienne puisse se positionner \u00e0 long terme comme l&rsquo;une des villes les plus agr\u00e9ables \u00e0 vivre au monde.<\/p>\n<p>[\/vc_column_text][\/vc_column][\/vc_row][vc_row][vc_column][vc_column_text css=\u00a0\u00bb\u00a0\u00bb]<strong>Venez d\u00e9couvrir la m\u00e9tropole danubienne o\u00f9 il fait bon vivre. Nous nous r\u00e9jouissons d&rsquo;organiser votre voyage d&rsquo;\u00e9tudes.\u00a0<\/strong><strong>Merci d\u2019adresser votre demande \u00e0 : <\/strong><a href=\"mailto:info@innovation-academy.de\"><strong>info@innovation-academy.de<\/strong><\/a>[\/vc_column_text][\/vc_column][\/vc_row]<\/p>\n<\/div>","protected":false},"excerpt":{"rendered":"<p>[vc_row][vc_column][vc_column_text css=\u00a0\u00bb\u00a0\u00bb] Vienne [\/vc_column_text][\/vc_column][\/vc_row][vc_row][vc_column width=\u00a0\u00bb2\/3&Prime;][layerslider_vc id=\u00a0\u00bb45&Prime;][\/vc_column][vc_column width=\u00a0\u00bb1\/3&Prime;][vc_custom_heading text=\u00a0\u00bbSeestadt Aspern Wien Klimafit Qualit\u00e9 de vie Coop\u00e9rative d&rsquo;habitation Immeuble structure bois Transports en commun\u00a0\u00bb font_container=\u00a0\u00bbtag:h2|text_align:center|color:%23dd9933|line_height:2.42&Prime; use_theme_fonts=\u00a0\u00bbyes\u00a0\u00bb css=\u00a0\u00bb.vc_custom_1739472833984{background-color: #dddddd !important;}\u00a0\u00bb][\/vc_column][\/vc_row][vc_row][vc_column][vc_column_text css=\u00a0\u00bb\u00a0\u00bb]Vienne &#8211; La m\u00e9tropole danubienne o\u00f9 il fait bon vivre &#8211; Depuis des ann\u00e9es, Vienne est consid\u00e9r\u00e9e comme l&rsquo;une des villes les plus attrayantes o\u00f9 il fait le&hellip;<\/p>\n","protected":false},"author":1,"featured_media":9822,"parent":0,"menu_order":0,"comment_status":"closed","ping_status":"closed","template":"","meta":{"footnotes":""},"class_list":["post-10197","page","type-page","status-publish","has-post-thumbnail","hentry","description-off"],"yoast_head":"<!-- This site is optimized with the Yoast SEO plugin v26.2 - https:\/\/yoast.com\/wordpress\/plugins\/seo\/ -->\n<title>Vienne - Innovation Academy<\/title>\n<meta name=\"description\" content=\"Wien: Erleben Sie gr\u00fcne Stadtteile wie die Seestadt Aspern, innovative Holzarchitektur wie das HoHo, und ein dichtes \u00f6ffentliches Verkehrsnetz.\" \/>\n<meta name=\"robots\" content=\"index, follow, max-snippet:-1, max-image-preview:large, max-video-preview:-1\" \/>\n<link rel=\"canonical\" href=\"https:\/\/www.innovation-academy.de\/fr\/vienne\/\" \/>\n<meta property=\"og:locale\" content=\"fr_FR\" \/>\n<meta property=\"og:type\" content=\"article\" \/>\n<meta property=\"og:title\" content=\"Vienne - Innovation Academy\" \/>\n<meta property=\"og:description\" content=\"Wien: Erleben Sie gr\u00fcne Stadtteile wie die Seestadt Aspern, innovative Holzarchitektur wie das HoHo, und ein dichtes \u00f6ffentliches Verkehrsnetz.\" \/>\n<meta property=\"og:url\" content=\"https:\/\/www.innovation-academy.de\/fr\/vienne\/\" \/>\n<meta property=\"og:site_name\" content=\"Innovation Academy\" \/>\n<meta property=\"article:modified_time\" content=\"2025-02-15T11:23:54+00:00\" \/>\n<meta property=\"og:image\" content=\"https:\/\/www.innovation-academy.de\/wp-content\/uploads\/Vienna.jpg\" \/>\n\t<meta property=\"og:image:width\" content=\"600\" \/>\n\t<meta property=\"og:image:height\" content=\"400\" \/>\n\t<meta property=\"og:image:type\" content=\"image\/jpeg\" \/>\n<meta name=\"twitter:card\" content=\"summary_large_image\" \/>\n<meta name=\"twitter:label1\" content=\"Dur\u00e9e de lecture estim\u00e9e\" \/>\n\t<meta name=\"twitter:data1\" content=\"2 minutes\" \/>\n<script type=\"application\/ld+json\" class=\"yoast-schema-graph\">{\"@context\":\"https:\/\/schema.org\",\"@graph\":[{\"@type\":\"WebPage\",\"@id\":\"https:\/\/www.innovation-academy.de\/fr\/vienne\/\",\"url\":\"https:\/\/www.innovation-academy.de\/fr\/vienne\/\",\"name\":\"Vienne - Innovation Academy\",\"isPartOf\":{\"@id\":\"https:\/\/www.innovation-academy.de\/fr\/#website\"},\"primaryImageOfPage\":{\"@id\":\"https:\/\/www.innovation-academy.de\/fr\/vienne\/#primaryimage\"},\"image\":{\"@id\":\"https:\/\/www.innovation-academy.de\/fr\/vienne\/#primaryimage\"},\"thumbnailUrl\":\"https:\/\/www.innovation-academy.de\/wp-content\/uploads\/Vienna.jpg\",\"datePublished\":\"2025-01-06T15:34:05+00:00\",\"dateModified\":\"2025-02-15T11:23:54+00:00\",\"description\":\"Wien: Erleben Sie gr\u00fcne Stadtteile wie die Seestadt Aspern, innovative Holzarchitektur wie das HoHo, und ein dichtes \u00f6ffentliches Verkehrsnetz.\",\"breadcrumb\":{\"@id\":\"https:\/\/www.innovation-academy.de\/fr\/vienne\/#breadcrumb\"},\"inLanguage\":\"fr-FR\",\"potentialAction\":[{\"@type\":\"ReadAction\",\"target\":[\"https:\/\/www.innovation-academy.de\/fr\/vienne\/\"]}]},{\"@type\":\"ImageObject\",\"inLanguage\":\"fr-FR\",\"@id\":\"https:\/\/www.innovation-academy.de\/fr\/vienne\/#primaryimage\",\"url\":\"https:\/\/www.innovation-academy.de\/wp-content\/uploads\/Vienna.jpg\",\"contentUrl\":\"https:\/\/www.innovation-academy.de\/wp-content\/uploads\/Vienna.jpg\",\"width\":600,\"height\":400,\"caption\":\"Wien\"},{\"@type\":\"BreadcrumbList\",\"@id\":\"https:\/\/www.innovation-academy.de\/fr\/vienne\/#breadcrumb\",\"itemListElement\":[{\"@type\":\"ListItem\",\"position\":1,\"name\":\"Home\",\"item\":\"https:\/\/www.innovation-academy.de\/fr\/\"},{\"@type\":\"ListItem\",\"position\":2,\"name\":\"Vienne\"}]},{\"@type\":\"WebSite\",\"@id\":\"https:\/\/www.innovation-academy.de\/fr\/#website\",\"url\":\"https:\/\/www.innovation-academy.de\/fr\/\",\"name\":\"Innovation Academy\",\"description\":\"Innovation Academy\",\"potentialAction\":[{\"@type\":\"SearchAction\",\"target\":{\"@type\":\"EntryPoint\",\"urlTemplate\":\"https:\/\/www.innovation-academy.de\/fr\/?s={search_term_string}\"},\"query-input\":{\"@type\":\"PropertyValueSpecification\",\"valueRequired\":true,\"valueName\":\"search_term_string\"}}],\"inLanguage\":\"fr-FR\"}]}<\/script>\n<!-- \/ Yoast SEO plugin. -->","yoast_head_json":{"title":"Vienne - Innovation Academy","description":"Wien: Erleben Sie gr\u00fcne Stadtteile wie die Seestadt Aspern, innovative Holzarchitektur wie das HoHo, und ein dichtes \u00f6ffentliches Verkehrsnetz.","robots":{"index":"index","follow":"follow","max-snippet":"max-snippet:-1","max-image-preview":"max-image-preview:large","max-video-preview":"max-video-preview:-1"},"canonical":"https:\/\/www.innovation-academy.de\/fr\/vienne\/","og_locale":"fr_FR","og_type":"article","og_title":"Vienne - Innovation Academy","og_description":"Wien: Erleben Sie gr\u00fcne Stadtteile wie die Seestadt Aspern, innovative Holzarchitektur wie das HoHo, und ein dichtes \u00f6ffentliches Verkehrsnetz.","og_url":"https:\/\/www.innovation-academy.de\/fr\/vienne\/","og_site_name":"Innovation Academy","article_modified_time":"2025-02-15T11:23:54+00:00","og_image":[{"width":600,"height":400,"url":"https:\/\/www.innovation-academy.de\/wp-content\/uploads\/Vienna.jpg","type":"image\/jpeg"}],"twitter_card":"summary_large_image","twitter_misc":{"Dur\u00e9e de lecture estim\u00e9e":"2 minutes"},"schema":{"@context":"https:\/\/schema.org","@graph":[{"@type":"WebPage","@id":"https:\/\/www.innovation-academy.de\/fr\/vienne\/","url":"https:\/\/www.innovation-academy.de\/fr\/vienne\/","name":"Vienne - Innovation Academy","isPartOf":{"@id":"https:\/\/www.innovation-academy.de\/fr\/#website"},"primaryImageOfPage":{"@id":"https:\/\/www.innovation-academy.de\/fr\/vienne\/#primaryimage"},"image":{"@id":"https:\/\/www.innovation-academy.de\/fr\/vienne\/#primaryimage"},"thumbnailUrl":"https:\/\/www.innovation-academy.de\/wp-content\/uploads\/Vienna.jpg","datePublished":"2025-01-06T15:34:05+00:00","dateModified":"2025-02-15T11:23:54+00:00","description":"Wien: Erleben Sie gr\u00fcne Stadtteile wie die Seestadt Aspern, innovative Holzarchitektur wie das HoHo, und ein dichtes \u00f6ffentliches Verkehrsnetz.","breadcrumb":{"@id":"https:\/\/www.innovation-academy.de\/fr\/vienne\/#breadcrumb"},"inLanguage":"fr-FR","potentialAction":[{"@type":"ReadAction","target":["https:\/\/www.innovation-academy.de\/fr\/vienne\/"]}]},{"@type":"ImageObject","inLanguage":"fr-FR","@id":"https:\/\/www.innovation-academy.de\/fr\/vienne\/#primaryimage","url":"https:\/\/www.innovation-academy.de\/wp-content\/uploads\/Vienna.jpg","contentUrl":"https:\/\/www.innovation-academy.de\/wp-content\/uploads\/Vienna.jpg","width":600,"height":400,"caption":"Wien"},{"@type":"BreadcrumbList","@id":"https:\/\/www.innovation-academy.de\/fr\/vienne\/#breadcrumb","itemListElement":[{"@type":"ListItem","position":1,"name":"Home","item":"https:\/\/www.innovation-academy.de\/fr\/"},{"@type":"ListItem","position":2,"name":"Vienne"}]},{"@type":"WebSite","@id":"https:\/\/www.innovation-academy.de\/fr\/#website","url":"https:\/\/www.innovation-academy.de\/fr\/","name":"Innovation Academy","description":"Innovation Academy","potentialAction":[{"@type":"SearchAction","target":{"@type":"EntryPoint","urlTemplate":"https:\/\/www.innovation-academy.de\/fr\/?s={search_term_string}"},"query-input":{"@type":"PropertyValueSpecification","valueRequired":true,"valueName":"search_term_string"}}],"inLanguage":"fr-FR"}]}},"_links":{"self":[{"href":"https:\/\/www.innovation-academy.de\/fr\/wp-json\/wp\/v2\/pages\/10197","targetHints":{"allow":["GET"]}}],"collection":[{"href":"https:\/\/www.innovation-academy.de\/fr\/wp-json\/wp\/v2\/pages"}],"about":[{"href":"https:\/\/www.innovation-academy.de\/fr\/wp-json\/wp\/v2\/types\/page"}],"author":[{"embeddable":true,"href":"https:\/\/www.innovation-academy.de\/fr\/wp-json\/wp\/v2\/users\/1"}],"replies":[{"embeddable":true,"href":"https:\/\/www.innovation-academy.de\/fr\/wp-json\/wp\/v2\/comments?post=10197"}],"version-history":[{"count":7,"href":"https:\/\/www.innovation-academy.de\/fr\/wp-json\/wp\/v2\/pages\/10197\/revisions"}],"predecessor-version":[{"id":10336,"href":"https:\/\/www.innovation-academy.de\/fr\/wp-json\/wp\/v2\/pages\/10197\/revisions\/10336"}],"wp:featuredmedia":[{"embeddable":true,"href":"https:\/\/www.innovation-academy.de\/fr\/wp-json\/wp\/v2\/media\/9822"}],"wp:attachment":[{"href":"https:\/\/www.innovation-academy.de\/fr\/wp-json\/wp\/v2\/media?parent=10197"}],"curies":[{"name":"wp","href":"https:\/\/api.w.org\/{rel}","templated":true}]}}