{"id":9058,"date":"2015-11-09T18:44:58","date_gmt":"2015-11-09T16:44:58","guid":{"rendered":"https:\/\/www.innovation-academy.de\/presseecho\/"},"modified":"2025-03-10T17:45:03","modified_gmt":"2025-03-10T15:45:03","slug":"presseecho","status":"publish","type":"page","link":"https:\/\/www.innovation-academy.de\/en\/presseecho\/","title":{"rendered":"Presseecho"},"content":{"rendered":"<div class=\"wpb-content-wrapper\"><p>[vc_row][vc_column][vc_column_text]<\/p>\n<h1 style=\"text-align: center;\">Presseecho &#8211; Media echo &#8211; Echo m\u00e9diatique<\/h1>\n<p>[\/vc_column_text]<div class=\"ult-spacer spacer-69e208d3d24d5\" data-id=\"69e208d3d24d5\" data-height=\"30\" data-height-mobile=\"30\" data-height-tab=\"30\" data-height-tab-portrait=\"\" data-height-mobile-landscape=\"\" style=\"clear:both;display:block;\"><\/div><div class=\"hr-thin style-line\" style=\"width: 100%;border-top-width: 1px;\"><\/div><div class=\"ult-spacer spacer-69e208d3d253a\" data-id=\"69e208d3d253a\" data-height=\"30\" data-height-mobile=\"30\" data-height-tab=\"30\" data-height-tab-portrait=\"\" data-height-mobile-landscape=\"\" style=\"clear:both;display:block;\"><\/div>[\/vc_column][\/vc_row][vc_row][vc_column][vc_column_text css=&#8221;&#8221;]<strong>22.02.2025 &#8211; Reportage sur Fribourg sur France 3 Grand Est avec le soutien de l&#8217;Innovation Academy<\/strong><\/p>\n<p><iframe loading=\"lazy\" title=\"Fribourg, Green city \u00e0 la veille des \u00e9lections l\u00e9gislatives allemandes\" width=\"1200\" height=\"675\" src=\"https:\/\/www.youtube.com\/embed\/Buc3Zj7qkX0?feature=oembed\" frameborder=\"0\" allow=\"accelerometer; autoplay; clipboard-write; encrypted-media; gyroscope; picture-in-picture; web-share\" referrerpolicy=\"strict-origin-when-cross-origin\" allowfullscreen><\/iframe><\/p>\n<p>&nbsp;<\/p>\n<p>&nbsp;<\/p>\n<p>&nbsp;<\/p>\n<p><strong>01.11.2022 &#8211; Reportage radio sur France Inter<\/strong><\/p>\n<p><a href=\"https:\/\/www.radiofrance.fr\/franceinter\/podcasts\/le-zoom-de-la-redaction\/le-zoom-de-la-redaction-du-mardi-01-novembre-2022-3384579\">https:\/\/www.radiofrance.fr\/franceinter\/podcasts\/le-zoom-de-la-redaction\/le-zoom-de-la-redaction-du-mardi-01-novembre-2022-3384579<\/a><\/p>\n<p>&nbsp;<\/p>\n<p class=\"title style-scope ytd-video-primary-info-renderer\" style=\"text-align: left;\"><strong>26.10.2021<\/strong><\/p>\n<p><strong><a href=\"https:\/\/www.innovation-academy.de\/wp-content\/uploads\/Fribourg-2021-CR-visite-Commune-de-Lescar.pdf\" target=\"_blank\" rel=\"noopener noreferrer\">https:\/\/www.innovation-academy.de\/wp-content\/uploads\/Fribourg-2021-CR-visite-Commune-de-Lescar.pdf<\/a><\/strong><\/p>\n<p class=\"title style-scope ytd-video-primary-info-renderer\" style=\"text-align: left;\"><a href=\"https:\/\/www.innovation-academy.de\/wp-content\/uploads\/Fribourg-2021-CR-visite-Commune-de-Lescar.pdf\"><img loading=\"lazy\" decoding=\"async\" class=\"alignnone wp-image-9104 size-full\" src=\"https:\/\/www.innovation-academy.de\/wp-content\/uploads\/lescar.png\" alt=\"\" width=\"911\" height=\"300\" srcset=\"https:\/\/www.innovation-academy.de\/wp-content\/uploads\/lescar.png 911w, https:\/\/www.innovation-academy.de\/wp-content\/uploads\/lescar-300x99.png 300w, https:\/\/www.innovation-academy.de\/wp-content\/uploads\/lescar-768x253.png 768w\" sizes=\"auto, (max-width: 911px) 100vw, 911px\" \/><\/a><\/p>\n<p class=\"title style-scope ytd-video-primary-info-renderer\" style=\"text-align: left;\">\u25ca<\/p>\n<p class=\"title style-scope ytd-video-primary-info-renderer\" style=\"text-align: left;\"><strong>22.09.2021<\/strong><\/p>\n<p style=\"text-align: left;\"><strong><a href=\"https:\/\/expmag.com\/2021\/09\/this-german-neighborhood-has-everything-except-cars\/\" target=\"_blank\" rel=\"noopener noreferrer\">https:\/\/expmag.com\/2021\/09\/this-german-neighborhood-has-everything-except-cars\/<\/a><\/strong><\/p>\n<p class=\"title style-scope ytd-video-primary-info-renderer\" style=\"text-align: left;\"><strong><a href=\"https:\/\/expmag.com\/2021\/09\/this-german-neighborhood-has-everything-except-cars\/\"><img loading=\"lazy\" decoding=\"async\" class=\"alignnone wp-image-8991 size-full\" src=\"https:\/\/www.innovation-academy.de\/wp-content\/uploads\/expce2-1.png\" alt=\"\" width=\"721\" height=\"329\" srcset=\"https:\/\/www.innovation-academy.de\/wp-content\/uploads\/expce2-1.png 721w, https:\/\/www.innovation-academy.de\/wp-content\/uploads\/expce2-1-300x137.png 300w\" sizes=\"auto, (max-width: 721px) 100vw, 721px\" \/><\/a><\/strong><\/p>\n<p class=\"title style-scope ytd-video-primary-info-renderer\" style=\"text-align: left;\">\u25ca<\/p>\n<p class=\"title style-scope ytd-video-primary-info-renderer\" style=\"text-align: left;\"><strong>29.12.2019<\/strong><\/p>\n<p class=\"title style-scope ytd-video-primary-info-renderer\" style=\"text-align: left;\"><strong>Thai TV-Team visiting the Vauban district with Innovation Academy<\/strong><\/p>\n<p><iframe loading=\"lazy\" title=\"[\u0e04\u0e19\u0e1a\u0e31\u0e19\u0e14\u0e32\u0e25\u0e44\u0e1f] EP.14 \u0e40\u0e22\u0e2d\u0e23\u0e21\u0e19\u0e35 \u0e14\u0e34\u0e19\u0e41\u0e14\u0e19\u0e15\u0e49\u0e19\u0e41\u0e1a\u0e1a\u0e1e\u0e25\u0e31\u0e07\u0e07\u0e32\u0e19\u0e2a\u0e30\u0e2d\u0e32\u0e14 \u0e15\u0e2d\u0e19\u0e17\u0e35\u0e48 2 | \u0e04\u0e19\u0e1a\u0e31\u0e19\u0e14\u0e32\u0e25\u0e44\u0e1f\" width=\"1200\" height=\"675\" src=\"https:\/\/www.youtube.com\/embed\/fsa9FGeahxI?feature=oembed\" frameborder=\"0\" allow=\"accelerometer; autoplay; clipboard-write; encrypted-media; gyroscope; picture-in-picture; web-share\" referrerpolicy=\"strict-origin-when-cross-origin\" allowfullscreen><\/iframe><\/p>\n<p class=\"title style-scope ytd-video-primary-info-renderer\" style=\"text-align: left;\">\u25ca<\/p>\n<p class=\"title style-scope ytd-video-primary-info-renderer\" style=\"text-align: left;\"><strong>09.11.2018<\/strong><\/p>\n<p class=\"title style-scope ytd-video-primary-info-renderer\" style=\"text-align: left;\"><strong>France 3 Grand Est: Fribourg-en-Brisgau donne l&#8217;exemple avec ses \u00e9co-quartiers<\/strong><\/p>\n<p><iframe loading=\"lazy\" title=\"Fribourg-en-Brisgau donne l&#039;exemple avec ses \u00e9co-quartiers\" width=\"1200\" height=\"675\" src=\"https:\/\/www.youtube.com\/embed\/Iezl29Hn2C4?feature=oembed\" frameborder=\"0\" allow=\"accelerometer; autoplay; clipboard-write; encrypted-media; gyroscope; picture-in-picture; web-share\" referrerpolicy=\"strict-origin-when-cross-origin\" allowfullscreen><\/iframe><\/p>\n<p class=\"title style-scope ytd-video-primary-info-renderer\" style=\"text-align: left;\">\u25ca<\/p>\n<p class=\"title style-scope ytd-video-primary-info-renderer\" style=\"text-align: left;\"><strong>17.10.2018<\/strong><\/p>\n<p class=\"title style-scope ytd-video-primary-info-renderer\" style=\"text-align: left;\"><strong>France 3 Grand Est: Comment la caserne Vauban est devenue \u00e9coquartier<\/strong><\/p>\n<p><iframe loading=\"lazy\" title=\"Comment la caserne Vauban est devenue \u00e9coquartier\" width=\"1200\" height=\"675\" src=\"https:\/\/www.youtube.com\/embed\/A4w8jp9Nf_I?feature=oembed\" frameborder=\"0\" allow=\"accelerometer; autoplay; clipboard-write; encrypted-media; gyroscope; picture-in-picture; web-share\" referrerpolicy=\"strict-origin-when-cross-origin\" allowfullscreen><\/iframe><\/p>\n<p class=\"article-title\" style=\"text-align: left;\">\u25ca<\/p>\n<p class=\"article-title\" style=\"text-align: left;\"><strong>05.02.2017<\/strong><br \/>\n<a href=\"https:\/\/www.linkedin.com\/pulse\/alemanha-um-pa%C3%ADs-que-aprendi-admirar-e-respeitar-simone-h-?trk=pulse_spock-articles\" target=\"_blank\" rel=\"noopener noreferrer\"><strong>Alemanha: um pa\u00eds que aprendi a admirar e respeitar!<\/strong><\/a><\/p>\n<p style=\"text-align: left;\"><strong><a href=\"https:\/\/www.linkedin.com\/pulse\/alemanha-um-pa%C3%ADs-que-aprendi-admirar-e-respeitar-simone-h-?trk=pulse_spock-articles\"><img loading=\"lazy\" decoding=\"async\" class=\"alignnone wp-image-9016 size-full\" src=\"https:\/\/www.innovation-academy.de\/wp-content\/uploads\/portu.png\" alt=\"\" width=\"853\" height=\"366\" srcset=\"https:\/\/www.innovation-academy.de\/wp-content\/uploads\/portu.png 853w, https:\/\/www.innovation-academy.de\/wp-content\/uploads\/portu-300x129.png 300w, https:\/\/www.innovation-academy.de\/wp-content\/uploads\/portu-768x330.png 768w\" sizes=\"auto, (max-width: 853px) 100vw, 853px\" \/><\/a><\/strong><\/p>\n<p style=\"text-align: left;\">\u25ca<\/p>\n<p style=\"text-align: left;\"><strong>19.12.2014<\/strong><br \/>\n<strong><a href=\"http:\/\/www.blogenergiasostenible.com\/friburgo-ciudad-para-ir-bicicleta-todas-partes\/\" target=\"_blank\" rel=\"noopener noreferrer\">El Blog de la Energ\u00eda Sostenible: Friburgo, la ciudad para ir en bicicleta a todas partes<\/a><\/strong><\/p>\n<p style=\"text-align: left;\"><strong><a href=\"http:\/\/www.blogenergiasostenible.com\/friburgo-ciudad-para-ir-bicicleta-todas-partes\/\"><img loading=\"lazy\" decoding=\"async\" class=\"alignnone wp-image-9022 size-full\" src=\"https:\/\/www.innovation-academy.de\/wp-content\/uploads\/esp.png\" alt=\"\" width=\"1216\" height=\"394\" srcset=\"https:\/\/www.innovation-academy.de\/wp-content\/uploads\/esp.png 1216w, https:\/\/www.innovation-academy.de\/wp-content\/uploads\/esp-300x97.png 300w, https:\/\/www.innovation-academy.de\/wp-content\/uploads\/esp-768x249.png 768w, https:\/\/www.innovation-academy.de\/wp-content\/uploads\/esp-1024x332.png 1024w\" sizes=\"auto, (max-width: 1216px) 100vw, 1216px\" \/><\/a><\/strong><\/p>\n<p style=\"text-align: left;\">\u25ca<\/p>\n<p style=\"text-align: left;\"><strong>01.11.2014<\/strong><br \/>\n<strong><a href=\"http:\/\/genteyhogaressostenibles.info\/post\/103714676249\/friburgo-la-ciudad-sostenible\">Blog Gente y Hogares Sostenibles: Friburgo, la ciudad sostenible<\/a><\/strong><br \/>\n<strong><a href=\"https:\/\/blogsostenible.wordpress.com\/2014\/12\/17\/friburgo-una-ciudad-en-base-a-la-sostenibilidad\/\">BlogSOStenible: Friburgo, una ciudad en base a la sostenibilidad<\/a><\/strong><\/p>\n<p style=\"text-align: left;\"><a href=\"https:\/\/blogsostenible.wordpress.com\/2014\/12\/17\/friburgo-una-ciudad-en-base-a-la-sostenibilidad\/\"><img loading=\"lazy\" decoding=\"async\" class=\"alignnone wp-image-9030 size-full\" src=\"https:\/\/www.innovation-academy.de\/wp-content\/uploads\/blogo.png\" alt=\"\" width=\"693\" height=\"310\" srcset=\"https:\/\/www.innovation-academy.de\/wp-content\/uploads\/blogo.png 693w, https:\/\/www.innovation-academy.de\/wp-content\/uploads\/blogo-300x134.png 300w\" sizes=\"auto, (max-width: 693px) 100vw, 693px\" \/><\/a>\u25ca<\/p>\n<p style=\"text-align: left;\"><strong>\u25ca<\/strong><\/p>\n<p style=\"text-align: left;\"><strong>20.05.2009<\/strong> Eastern Mennonite University<br \/>\n<a href=\"\/wp-content\/uploads\/EMU.pdf\"><strong>Seminar in Sustainable Urban Development<\/strong><\/a><\/p>\n<p style=\"text-align: left;\"><a href=\"https:\/\/www.innovation-academy.de\/wp-content\/uploads\/EMU.pdf\"><img loading=\"lazy\" decoding=\"async\" class=\"alignnone wp-image-9036 size-full\" src=\"https:\/\/www.innovation-academy.de\/wp-content\/uploads\/stef.png\" alt=\"\" width=\"847\" height=\"324\" srcset=\"https:\/\/www.innovation-academy.de\/wp-content\/uploads\/stef.png 847w, https:\/\/www.innovation-academy.de\/wp-content\/uploads\/stef-300x115.png 300w, https:\/\/www.innovation-academy.de\/wp-content\/uploads\/stef-768x294.png 768w\" sizes=\"auto, (max-width: 847px) 100vw, 847px\" \/><\/a><\/p>\n<p>&nbsp;<\/p>\n<p>&nbsp;<\/p>\n<p>[\/vc_column_text][\/vc_column][\/vc_row]<\/p>\n<\/div>","protected":false},"excerpt":{"rendered":"<p>[vc_row][vc_column][vc_column_text] Presseecho &#8211; Media echo &#8211; Echo m\u00e9diatique [\/vc_column_text][\/vc_column][\/vc_row][vc_row][vc_column][vc_column_text css=&#8221;&#8221;]22.02.2025 &#8211; Reportage sur Fribourg sur France 3 Grand Est avec le soutien de l&#8217;Innovation Academy &nbsp; &nbsp; &nbsp; 01.11.2022 &#8211; Reportage radio sur France Inter https:\/\/www.radiofrance.fr\/franceinter\/podcasts\/le-zoom-de-la-redaction\/le-zoom-de-la-redaction-du-mardi-01-novembre-2022-3384579 &nbsp; 26.10.2021 https:\/\/www.innovation-academy.de\/wp-content\/uploads\/Fribourg-2021-CR-visite-Commune-de-Lescar.pdf \u25ca 22.09.2021 https:\/\/expmag.com\/2021\/09\/this-german-neighborhood-has-everything-except-cars\/ \u25ca 29.12.2019 Thai TV-Team visiting the Vauban district with Innovation Academy \u25ca 09.11.2018&hellip;<\/p>\n","protected":false},"author":1,"featured_media":0,"parent":0,"menu_order":0,"comment_status":"closed","ping_status":"closed","template":"","meta":{"footnotes":""},"class_list":["post-9058","page","type-page","status-publish","hentry","description-off"],"yoast_head":"<!-- This site is optimized with the Yoast SEO plugin v26.2 - https:\/\/yoast.com\/wordpress\/plugins\/seo\/ -->\n<title>Presseecho - Innovation Academy<\/title>\n<meta name=\"robots\" content=\"index, follow, max-snippet:-1, max-image-preview:large, max-video-preview:-1\" \/>\n<link rel=\"canonical\" href=\"https:\/\/www.innovation-academy.de\/en\/presseecho\/\" \/>\n<meta property=\"og:locale\" content=\"en_US\" \/>\n<meta property=\"og:type\" content=\"article\" \/>\n<meta property=\"og:title\" content=\"Presseecho - Innovation Academy\" \/>\n<meta property=\"og:description\" content=\"[vc_row][vc_column][vc_column_text] Presseecho &#8211; Media echo &#8211; Echo m\u00e9diatique [\/vc_column_text][\/vc_column][\/vc_row][vc_row][vc_column][vc_column_text css=&#8221;&#8221;]22.02.2025 &#8211; Reportage sur Fribourg sur France 3 Grand Est avec le soutien de l&#8217;Innovation Academy &nbsp; &nbsp; &nbsp; 01.11.2022 &#8211; Reportage radio sur France Inter https:\/\/www.radiofrance.fr\/franceinter\/podcasts\/le-zoom-de-la-redaction\/le-zoom-de-la-redaction-du-mardi-01-novembre-2022-3384579 &nbsp; 26.10.2021 https:\/\/www.innovation-academy.de\/wp-content\/uploads\/Fribourg-2021-CR-visite-Commune-de-Lescar.pdf \u25ca 22.09.2021 https:\/\/expmag.com\/2021\/09\/this-german-neighborhood-has-everything-except-cars\/ \u25ca 29.12.2019 Thai TV-Team visiting the Vauban district with Innovation Academy \u25ca 09.11.2018&hellip;\" \/>\n<meta property=\"og:url\" content=\"https:\/\/www.innovation-academy.de\/en\/presseecho\/\" \/>\n<meta property=\"og:site_name\" content=\"Innovation Academy\" \/>\n<meta property=\"article:modified_time\" content=\"2025-03-10T15:45:03+00:00\" \/>\n<meta property=\"og:image\" content=\"https:\/\/www.innovation-academy.de\/wp-content\/uploads\/lescar.png\" \/>\n\t<meta property=\"og:image:width\" content=\"911\" \/>\n\t<meta property=\"og:image:height\" content=\"300\" \/>\n\t<meta property=\"og:image:type\" content=\"image\/png\" \/>\n<meta name=\"twitter:card\" content=\"summary_large_image\" \/>\n<meta name=\"twitter:label1\" content=\"Est. reading time\" \/>\n\t<meta name=\"twitter:data1\" content=\"2 minutes\" \/>\n<script type=\"application\/ld+json\" class=\"yoast-schema-graph\">{\"@context\":\"https:\/\/schema.org\",\"@graph\":[{\"@type\":\"WebPage\",\"@id\":\"https:\/\/www.innovation-academy.de\/en\/presseecho\/\",\"url\":\"https:\/\/www.innovation-academy.de\/en\/presseecho\/\",\"name\":\"Presseecho - Innovation Academy\",\"isPartOf\":{\"@id\":\"https:\/\/www.innovation-academy.de\/en\/#website\"},\"primaryImageOfPage\":{\"@id\":\"https:\/\/www.innovation-academy.de\/en\/presseecho\/#primaryimage\"},\"image\":{\"@id\":\"https:\/\/www.innovation-academy.de\/en\/presseecho\/#primaryimage\"},\"thumbnailUrl\":\"https:\/\/www.innovation-academy.de\/wp-content\/uploads\/lescar.png\",\"datePublished\":\"2015-11-09T16:44:58+00:00\",\"dateModified\":\"2025-03-10T15:45:03+00:00\",\"breadcrumb\":{\"@id\":\"https:\/\/www.innovation-academy.de\/en\/presseecho\/#breadcrumb\"},\"inLanguage\":\"en-US\",\"potentialAction\":[{\"@type\":\"ReadAction\",\"target\":[\"https:\/\/www.innovation-academy.de\/en\/presseecho\/\"]}]},{\"@type\":\"ImageObject\",\"inLanguage\":\"en-US\",\"@id\":\"https:\/\/www.innovation-academy.de\/en\/presseecho\/#primaryimage\",\"url\":\"https:\/\/www.innovation-academy.de\/wp-content\/uploads\/lescar.png\",\"contentUrl\":\"https:\/\/www.innovation-academy.de\/wp-content\/uploads\/lescar.png\"},{\"@type\":\"BreadcrumbList\",\"@id\":\"https:\/\/www.innovation-academy.de\/en\/presseecho\/#breadcrumb\",\"itemListElement\":[{\"@type\":\"ListItem\",\"position\":1,\"name\":\"Home\",\"item\":\"https:\/\/www.innovation-academy.de\/en\/\"},{\"@type\":\"ListItem\",\"position\":2,\"name\":\"Presseecho\"}]},{\"@type\":\"WebSite\",\"@id\":\"https:\/\/www.innovation-academy.de\/en\/#website\",\"url\":\"https:\/\/www.innovation-academy.de\/en\/\",\"name\":\"Innovation Academy\",\"description\":\"Innovation Academy\",\"potentialAction\":[{\"@type\":\"SearchAction\",\"target\":{\"@type\":\"EntryPoint\",\"urlTemplate\":\"https:\/\/www.innovation-academy.de\/en\/?s={search_term_string}\"},\"query-input\":{\"@type\":\"PropertyValueSpecification\",\"valueRequired\":true,\"valueName\":\"search_term_string\"}}],\"inLanguage\":\"en-US\"}]}<\/script>\n<!-- \/ Yoast SEO plugin. -->","yoast_head_json":{"title":"Presseecho - Innovation Academy","robots":{"index":"index","follow":"follow","max-snippet":"max-snippet:-1","max-image-preview":"max-image-preview:large","max-video-preview":"max-video-preview:-1"},"canonical":"https:\/\/www.innovation-academy.de\/en\/presseecho\/","og_locale":"en_US","og_type":"article","og_title":"Presseecho - Innovation Academy","og_description":"[vc_row][vc_column][vc_column_text] Presseecho &#8211; Media echo &#8211; Echo m\u00e9diatique [\/vc_column_text][\/vc_column][\/vc_row][vc_row][vc_column][vc_column_text css=&#8221;&#8221;]22.02.2025 &#8211; Reportage sur Fribourg sur France 3 Grand Est avec le soutien de l&#8217;Innovation Academy &nbsp; &nbsp; &nbsp; 01.11.2022 &#8211; Reportage radio sur France Inter https:\/\/www.radiofrance.fr\/franceinter\/podcasts\/le-zoom-de-la-redaction\/le-zoom-de-la-redaction-du-mardi-01-novembre-2022-3384579 &nbsp; 26.10.2021 https:\/\/www.innovation-academy.de\/wp-content\/uploads\/Fribourg-2021-CR-visite-Commune-de-Lescar.pdf \u25ca 22.09.2021 https:\/\/expmag.com\/2021\/09\/this-german-neighborhood-has-everything-except-cars\/ \u25ca 29.12.2019 Thai TV-Team visiting the Vauban district with Innovation Academy \u25ca 09.11.2018&hellip;","og_url":"https:\/\/www.innovation-academy.de\/en\/presseecho\/","og_site_name":"Innovation Academy","article_modified_time":"2025-03-10T15:45:03+00:00","og_image":[{"width":911,"height":300,"url":"https:\/\/www.innovation-academy.de\/wp-content\/uploads\/lescar.png","type":"image\/png"}],"twitter_card":"summary_large_image","twitter_misc":{"Est. reading time":"2 minutes"},"schema":{"@context":"https:\/\/schema.org","@graph":[{"@type":"WebPage","@id":"https:\/\/www.innovation-academy.de\/en\/presseecho\/","url":"https:\/\/www.innovation-academy.de\/en\/presseecho\/","name":"Presseecho - Innovation Academy","isPartOf":{"@id":"https:\/\/www.innovation-academy.de\/en\/#website"},"primaryImageOfPage":{"@id":"https:\/\/www.innovation-academy.de\/en\/presseecho\/#primaryimage"},"image":{"@id":"https:\/\/www.innovation-academy.de\/en\/presseecho\/#primaryimage"},"thumbnailUrl":"https:\/\/www.innovation-academy.de\/wp-content\/uploads\/lescar.png","datePublished":"2015-11-09T16:44:58+00:00","dateModified":"2025-03-10T15:45:03+00:00","breadcrumb":{"@id":"https:\/\/www.innovation-academy.de\/en\/presseecho\/#breadcrumb"},"inLanguage":"en-US","potentialAction":[{"@type":"ReadAction","target":["https:\/\/www.innovation-academy.de\/en\/presseecho\/"]}]},{"@type":"ImageObject","inLanguage":"en-US","@id":"https:\/\/www.innovation-academy.de\/en\/presseecho\/#primaryimage","url":"https:\/\/www.innovation-academy.de\/wp-content\/uploads\/lescar.png","contentUrl":"https:\/\/www.innovation-academy.de\/wp-content\/uploads\/lescar.png"},{"@type":"BreadcrumbList","@id":"https:\/\/www.innovation-academy.de\/en\/presseecho\/#breadcrumb","itemListElement":[{"@type":"ListItem","position":1,"name":"Home","item":"https:\/\/www.innovation-academy.de\/en\/"},{"@type":"ListItem","position":2,"name":"Presseecho"}]},{"@type":"WebSite","@id":"https:\/\/www.innovation-academy.de\/en\/#website","url":"https:\/\/www.innovation-academy.de\/en\/","name":"Innovation Academy","description":"Innovation Academy","potentialAction":[{"@type":"SearchAction","target":{"@type":"EntryPoint","urlTemplate":"https:\/\/www.innovation-academy.de\/en\/?s={search_term_string}"},"query-input":{"@type":"PropertyValueSpecification","valueRequired":true,"valueName":"search_term_string"}}],"inLanguage":"en-US"}]}},"_links":{"self":[{"href":"https:\/\/www.innovation-academy.de\/en\/wp-json\/wp\/v2\/pages\/9058","targetHints":{"allow":["GET"]}}],"collection":[{"href":"https:\/\/www.innovation-academy.de\/en\/wp-json\/wp\/v2\/pages"}],"about":[{"href":"https:\/\/www.innovation-academy.de\/en\/wp-json\/wp\/v2\/types\/page"}],"author":[{"embeddable":true,"href":"https:\/\/www.innovation-academy.de\/en\/wp-json\/wp\/v2\/users\/1"}],"replies":[{"embeddable":true,"href":"https:\/\/www.innovation-academy.de\/en\/wp-json\/wp\/v2\/comments?post=9058"}],"version-history":[{"count":9,"href":"https:\/\/www.innovation-academy.de\/en\/wp-json\/wp\/v2\/pages\/9058\/revisions"}],"predecessor-version":[{"id":10454,"href":"https:\/\/www.innovation-academy.de\/en\/wp-json\/wp\/v2\/pages\/9058\/revisions\/10454"}],"wp:attachment":[{"href":"https:\/\/www.innovation-academy.de\/en\/wp-json\/wp\/v2\/media?parent=9058"}],"curies":[{"name":"wp","href":"https:\/\/api.w.org\/{rel}","templated":true}]}}